{"id":27487,"date":"2026-01-22T15:13:02","date_gmt":"2026-01-22T15:13:02","guid":{"rendered":"https:\/\/www.coloredcaramel.com\/product\/alla-hjartans-dag-malarbok-mysig-karlek-med-bedarande-handritade-bekvama-illustrationer\/"},"modified":"2026-02-17T07:09:08","modified_gmt":"2026-02-17T07:09:08","slug":"alla-hjartans-dag-malarbok-mysig-karlek-med-bedarande-handritade-bekvama-illustrationer","status":"publish","type":"product","link":"https:\/\/www.coloredcaramel.com\/sv\/produkt\/alla-hjartans-dag-malarbok-mysig-karlek-med-bedarande-handritade-bekvama-illustrationer\/","title":{"rendered":"Alla hj\u00e4rtans dag M\u00e5larbok Mysig k\u00e4rlek med bed\u00e5rande handritade bekv\u00e4ma illustrationer"},"content":{"rendered":"<h3><span style=\"font-family: 'comic sans ms', sans-serif;\"><b>Alla hj\u00e4rtans dag f\u00e4rgl\u00e4ggningssidor du kommer att bli k\u00e4r i! \ud83d\udc95<\/b><\/span><\/h3>\n<p><span style=\"font-family: 'comic sans ms', sans-serif;\"><span style=\"font-weight: 400;\">V\u00e4lkommen till &#8221;Cozy Love&#8221; &#8211; en s\u00f6t v\u00e4rld d\u00e4r bed\u00e5rande sm\u00e5 v\u00e4nner samlas f\u00f6r att fira hj\u00e4rtats \u00e5rstid! Ta fram dina favoritf\u00e4rger, mys ner dig n\u00e5gonstans d\u00e4r det \u00e4r bekv\u00e4mt och sprid k\u00e4rleken med varje slag. \u2728 <\/span><span style=\"font-weight: 400;\"><br \/>\n<\/span><span style=\"font-weight: 400;\"><br \/>\n<\/span><span style=\"font-weight: 400;\">Varje sida \u00e4r fylld med Valentine&#8217;s-magi som v\u00e4ntar p\u00e5 dig! \ud83d\udc97<\/span><\/span><\/p>\n<p><span style=\"font-weight: 400; font-family: 'comic sans ms', sans-serif;\">\ud83e\udde1 Varf\u00f6r vi \u00e4lskar det:<\/span><\/p>\n<ul>\n<li><span style=\"font-weight: 400; font-family: 'comic sans ms', sans-serif;\">  Hj\u00e4rtliga, charmiga m\u00f6nster med s\u00f6ta sm\u00e5 v\u00e4nner som sprider k\u00e4rlek.<\/span><\/li>\n<li><span style=\"font-family: 'comic sans ms', sans-serif;\"><span style=\"font-weight: 400;\">  PDF med 8 unika handritade illustrationer fulla av k\u00e4rlek &#8211; (inga upprepningar eller AI!).<\/span><\/span><\/li>\n<li><span style=\"font-family: 'comic sans ms', sans-serif;\"><span style=\"font-weight: 400;\">Sidstorleken \u00e4r 8,5 x 8,5 tum &#8211; b\u00e4st att skriva ut p\u00e5 8,5 x 11 tum papper.<\/span><\/span><\/li>\n<li><span style=\"font-weight: 400; font-family: 'comic sans ms', sans-serif;\">  Gjord f\u00f6r vuxna och ton\u00e5ringar som \u00e4lskar s\u00f6ta, mysiga och avkopplande m\u00e5larbokssidor.<\/span><\/li>\n<li><span style=\"font-family: 'comic sans ms', sans-serif;\"><span style=\"font-weight: 400;\">  En mysig och k\u00e4rleksfylld paus fr\u00e5n vardagens stress.<\/span><\/span><\/li>\n<li><span style=\"font-family: 'comic sans ms', sans-serif;\"><span style=\"font-weight: 400;\">Det perfekta s\u00e4ttet att unna sig sj\u00e4lv eller \u00f6verraska n\u00e5gon speciell p\u00e5 alla hj\u00e4rtans dag.<\/span><\/span><\/li>\n<\/ul>\n<h3><span style=\"font-family: 'comic sans ms', sans-serif;\"><span style=\"font-weight: 400;\">\u2728 <\/span><b>Viktigt<\/b><span style=\"font-weight: 400;\"> \u2728<\/span><span style=\"font-weight: 400;\"><br \/>\n<\/span><span style=\"font-size: 12pt;\"><span style=\"font-weight: 400;\">\ud83e\udde1 Detta \u00e4r digitala, utskrivbara m\u00e5larblad.<\/span><span style=\"font-weight: 400;\"><br \/>\n<\/span><span style=\"font-weight: 400;\">\ud83d\udeab Inga fysiska kopior kommer att skickas.<\/span><span style=\"font-weight: 400;\"><br \/>\n<\/span><span style=\"font-weight: 400;\">\ud83c\udfe1 Du kan ladda ner och skriva ut dem hemma s\u00e5 m\u00e5nga g\u00e5nger du vill &#8211; endast f\u00f6r personligt bruk.<\/span><span style=\"font-weight: 400;\"><br \/>\n<\/span><span style=\"font-weight: 400;\">\ud83d\udc95 Ingen kommersiell anv\u00e4ndning &#8211; dessa sidor f\u00e5r inte s\u00e4ljas, delas eller distribueras vidare.<\/span><span style=\"font-weight: 400;\"><br \/>\n<\/span><span style=\"font-weight: 400;\">\ud83c\udfa8 Anv\u00e4nd inte designen f\u00f6r att skapa nya produkter (t.ex. klisterm\u00e4rken, b\u00f6cker eller merch).<\/span><span style=\"font-weight: 400;\"><br \/>\n<\/span><span style=\"font-weight: 400;\">\ud83d\udcf8 Du \u00e4r v\u00e4lkommen att dela dina f\u00e4rgade sidor online &#8211; bara kreditera Colored Caramel.<\/span><span style=\"font-weight: 400;\"><br \/>\n<\/span><span style=\"font-weight: 400;\">\ud83d\udd8b\ufe0f Alla m\u00f6nster \u00e4r fullt upphovsr\u00e4ttsskyddade av Colored Caramel. V\u00e4nligen respektera v\u00e5rt arbete och v\u00e5r kreativitet. <\/span><\/span><span style=\"font-weight: 400;\"><br \/>\n<\/span><span style=\"font-weight: 400;\"><br \/>\n<\/span><span style=\"font-size: 12pt;\"><span style=\"font-weight: 400;\">Redo, klar, f\u00e4rgl\u00e4gg! \u2728 Ta din kopia av Cozy Love Valentine&#8217;s f\u00e4rgl\u00e4ggningssidor och dyk in i denna <\/span><b>lilla k\u00e4rleksfulla v\u00e4rld<\/b><span style=\"font-weight: 400;\">!<\/span><\/span><\/span><\/h3>\n<p><span style=\"font-weight: 400; font-family: 'comic sans ms', sans-serif;\">Om du har n\u00e5gra fr\u00e5gor, skicka ett meddelande till oss \ud83e\udde1<\/span><\/p>\n","protected":false},"excerpt":{"rendered":"<p>Alla hj\u00e4rtans dag f\u00e4rgl\u00e4ggningssidor du kommer att bli k\u00e4r i! \ud83d\udc95 V\u00e4lkommen till &#8221;Cozy Love&#8221; &#8211; en s\u00f6t v\u00e4rld d\u00e4r bed\u00e5rande sm\u00e5 v\u00e4nner samlas f\u00f6r att fira hj\u00e4rtats \u00e5rstid! Ta fram dina favoritf\u00e4rger, mys ner dig n\u00e5gonstans d\u00e4r det \u00e4r bekv\u00e4mt och sprid k\u00e4rleken med varje slag. \u2728 Varje sida \u00e4r fylld med Valentine&#8217;s-magi som<\/p>\n<div class=\"klb-readmore button\"><a class=\"btn link\" href=\"https:\/\/www.coloredcaramel.com\/sv\/produkt\/alla-hjartans-dag-malarbok-mysig-karlek-med-bedarande-handritade-bekvama-illustrationer\/\">Read More <i class=\"klbth-icon-right-arrow\"><\/i><\/a><\/div>\n","protected":false},"featured_media":27496,"template":"","meta":{"_acf_changed":false,"_glsr_average":0,"_glsr_ranking":0,"_glsr_reviews":0},"product_brand":[],"product_cat":[1376,829],"product_tag":[1371,371,1372],"class_list":{"0":"post-27487","1":"product","2":"type-product","3":"status-publish","4":"has-post-thumbnail","6":"product_cat-love","7":"product_cat-coloring-books","8":"product_tag-valentines-day-coloring-pages","9":"product_tag-coloring-pages","10":"product_tag-cozy-valentines","12":"first","13":"instock","14":"sold-individually","15":"shipping-taxable","16":"purchasable","17":"product-type-variable"},"bundled_by":[],"bundle_stock_status":"instock","bundle_stock_quantity":null,"bundle_virtual":false,"bundle_layout":"","bundle_add_to_cart_form_location":"","bundle_editable_in_cart":false,"bundle_sold_individually_context":"","bundle_item_grouping":"","bundle_min_size":"","bundle_max_size":"","bundle_price":[],"bundled_items":[],"bundle_sell_ids":[],"acf":[],"_links":{"self":[{"href":"https:\/\/www.coloredcaramel.com\/sv\/wp-json\/wp\/v2\/product\/27487","targetHints":{"allow":["GET"]}}],"collection":[{"href":"https:\/\/www.coloredcaramel.com\/sv\/wp-json\/wp\/v2\/product"}],"about":[{"href":"https:\/\/www.coloredcaramel.com\/sv\/wp-json\/wp\/v2\/types\/product"}],"wp:featuredmedia":[{"embeddable":true,"href":"https:\/\/www.coloredcaramel.com\/sv\/wp-json\/wp\/v2\/media\/27496"}],"wp:attachment":[{"href":"https:\/\/www.coloredcaramel.com\/sv\/wp-json\/wp\/v2\/media?parent=27487"}],"wp:term":[{"taxonomy":"product_brand","embeddable":true,"href":"https:\/\/www.coloredcaramel.com\/sv\/wp-json\/wp\/v2\/product_brand?post=27487"},{"taxonomy":"product_cat","embeddable":true,"href":"https:\/\/www.coloredcaramel.com\/sv\/wp-json\/wp\/v2\/product_cat?post=27487"},{"taxonomy":"product_tag","embeddable":true,"href":"https:\/\/www.coloredcaramel.com\/sv\/wp-json\/wp\/v2\/product_tag?post=27487"}],"curies":[{"name":"wp","href":"https:\/\/api.w.org\/{rel}","templated":true}]}}