{"id":26874,"date":"2025-04-12T11:13:46","date_gmt":"2025-04-12T11:13:46","guid":{"rendered":"https:\/\/www.coloredcaramel.com\/product\/mysigt-kok-sot-djarv-och-enkel-malarbok\/"},"modified":"2026-02-17T07:10:03","modified_gmt":"2026-02-17T07:10:03","slug":"mysigt-kok-sot-djarv-och-enkel-malarbok","status":"publish","type":"product","link":"https:\/\/www.coloredcaramel.com\/sv\/product\/mysigt-kok-sot-djarv-och-enkel-malarbok\/","title":{"rendered":"Mysigt k\u00f6k: S\u00f6t, dj\u00e4rv och enkel m\u00e5larbok"},"content":{"rendered":"<p><span style=\"font-family: 'comic sans ms', sans-serif;\">Supers\u00f6t m\u00e5larbok med bed\u00e5rande k\u00f6ksmaskiner, mat och saker som du hittar i ditt skafferi. Den \u00e4r full av enkla, roliga, avslappnande illustrationer som \u00e4r l\u00e4tta att f\u00e4rgl\u00e4gga. <\/span><\/p>\n<p><span style=\"font-family: 'comic sans ms', sans-serif;\">\u2728Varf\u00f6r vi \u00e4lskar det:<\/span><br \/>\n<span style=\"font-family: 'comic sans ms', sans-serif;\">&#8211; En komplett PDF med 50 unika m\u00f6nster &#8211; ingen upprepning!<\/span><br \/>\n<span style=\"font-family: 'comic sans ms', sans-serif;\">&#8211; Bed\u00e5rande handritade illustrationer med k\u00f6ksmaskiner och mat.<\/span><br \/>\n<span style=\"font-family: 'comic sans ms', sans-serif;\">&#8211; Supers\u00f6ta, dj\u00e4rva och enkla f\u00e4rgl\u00e4ggningssidor.<\/span><br \/>\n<span style=\"font-family: 'comic sans ms', sans-serif;\">&#8211; Sidstorleken \u00e4r 8,5 x 8,5 tum &#8211; b\u00e4st att skriva ut p\u00e5 8,5 x 11 eller A4-tums papper.<\/span><br \/>\n<span style=\"font-family: 'comic sans ms', sans-serif;\">&#8211; Perfekt f\u00f6r vuxna och ton\u00e5ringar.<\/span><br \/>\n<span style=\"font-family: 'comic sans ms', sans-serif;\">&#8211; Avslappnande!<\/span><br \/>\n<span style=\"font-family: 'comic sans ms', sans-serif;\">&#8211; Vacker present.<\/span><\/p>\n<p><span style=\"font-family: 'comic sans ms', sans-serif;\">** VIKTIGT**<\/span><br \/>\n<span style=\"font-family: 'comic sans ms', sans-serif;\">&#8211; Detta \u00e4r en nedladdningsbar e-bok som du skriver ut hemma &#8211; inga fysiska kopior kommer att skickas ut.<\/span><br \/>\n<span style=\"font-family: 'comic sans ms', sans-serif;\">&#8211; Det finns inga vattenst\u00e4mplar p\u00e5 de nedladdningsbara filerna.<\/span><br \/>\n<span style=\"font-family: 'comic sans ms', sans-serif;\">&#8211; ENBART PERSONLIG\/PRIVAT anv\u00e4ndning! Ingen kommersiell anv\u00e4ndning \u00e4r till\u00e5ten. <\/span><br \/>\n<span style=\"font-family: 'comic sans ms', sans-serif;\">&#8211; Boken \u00e4r upphovsr\u00e4ttsskyddad och INGEN MASSPRODUKTION eller \u00c5TERF\u00d6RS\u00c4LJNING \u00e4r till\u00e5ten.<\/span><\/p>\n<p><span style=\"font-family: 'comic sans ms', sans-serif;\">Best\u00e4ll denna s\u00f6ta m\u00e5larbok f\u00f6r att ha roligt och minska stressen!<\/span><\/p>\n<p><span style=\"font-family: 'comic sans ms', sans-serif;\">Om du har n\u00e5gra fr\u00e5gor, skicka ett meddelande till oss \ud83d\ude42<\/span><\/p>\n","protected":false},"excerpt":{"rendered":"<p>Supers\u00f6t m\u00e5larbok med bed\u00e5rande k\u00f6ksmaskiner, mat och saker som du hittar i ditt skafferi. Den \u00e4r full av enkla, roliga, avslappnande illustrationer som \u00e4r l\u00e4tta att f\u00e4rgl\u00e4gga. \u2728Varf\u00f6r vi \u00e4lskar det: &#8211; En komplett PDF med 50 unika m\u00f6nster &#8211; ingen upprepning! &#8211; Bed\u00e5rande handritade illustrationer med k\u00f6ksmaskiner och mat. &#8211; Supers\u00f6ta, dj\u00e4rva och enkla<\/p>\n<div class=\"klb-readmore button\"><a class=\"btn link\" href=\"https:\/\/www.coloredcaramel.com\/sv\/product\/mysigt-kok-sot-djarv-och-enkel-malarbok\/\">Read More <i class=\"klbth-icon-right-arrow\"><\/i><\/a><\/div>\n","protected":false},"featured_media":26883,"template":"","meta":{"_acf_changed":false,"_glsr_average":0,"_glsr_ranking":0,"_glsr_reviews":0},"product_brand":[],"product_cat":[1383,1548],"product_tag":[],"class_list":{"0":"post-26874","1":"product","2":"type-product","3":"status-publish","4":"has-post-thumbnail","6":"product_cat-malarbocker","7":"product_cat-mat","9":"first","10":"instock","11":"featured","12":"sold-individually","13":"shipping-taxable","14":"purchasable","15":"product-type-variable"},"bundled_by":[],"bundle_stock_status":"instock","bundle_stock_quantity":null,"bundle_virtual":false,"bundle_layout":"","bundle_add_to_cart_form_location":"","bundle_editable_in_cart":false,"bundle_sold_individually_context":"","bundle_item_grouping":"","bundle_min_size":"","bundle_max_size":"","bundle_price":[],"bundled_items":[],"bundle_sell_ids":[],"acf":[],"_links":{"self":[{"href":"https:\/\/www.coloredcaramel.com\/sv\/wp-json\/wp\/v2\/product\/26874","targetHints":{"allow":["GET"]}}],"collection":[{"href":"https:\/\/www.coloredcaramel.com\/sv\/wp-json\/wp\/v2\/product"}],"about":[{"href":"https:\/\/www.coloredcaramel.com\/sv\/wp-json\/wp\/v2\/types\/product"}],"wp:featuredmedia":[{"embeddable":true,"href":"https:\/\/www.coloredcaramel.com\/sv\/wp-json\/wp\/v2\/media\/26883"}],"wp:attachment":[{"href":"https:\/\/www.coloredcaramel.com\/sv\/wp-json\/wp\/v2\/media?parent=26874"}],"wp:term":[{"taxonomy":"product_brand","embeddable":true,"href":"https:\/\/www.coloredcaramel.com\/sv\/wp-json\/wp\/v2\/product_brand?post=26874"},{"taxonomy":"product_cat","embeddable":true,"href":"https:\/\/www.coloredcaramel.com\/sv\/wp-json\/wp\/v2\/product_cat?post=26874"},{"taxonomy":"product_tag","embeddable":true,"href":"https:\/\/www.coloredcaramel.com\/sv\/wp-json\/wp\/v2\/product_tag?post=26874"}],"curies":[{"name":"wp","href":"https:\/\/api.w.org\/{rel}","templated":true}]}}