{"id":25990,"date":"2025-04-12T11:14:24","date_gmt":"2025-04-12T11:14:24","guid":{"rendered":"https:\/\/www.coloredcaramel.com\/product\/blommande-horn-mysig-sot-malarbok\/"},"modified":"2026-02-17T07:09:52","modified_gmt":"2026-02-17T07:09:52","slug":"blommande-horn-mysig-sot-malarbok","status":"publish","type":"product","link":"https:\/\/www.coloredcaramel.com\/sv\/produkt\/blommande-horn-mysig-sot-malarbok\/","title":{"rendered":"Blommande h\u00f6rn: Mysig &amp; s\u00f6t m\u00e5larbok"},"content":{"rendered":"<p><span style=\"font-family: 'comic sans ms', sans-serif;\">L\u00e5t din fantasi fl\u00f6da!<\/span><\/p>\n<p><span style=\"font-family: 'comic sans ms', sans-serif;\">Varf\u00f6r du kommer att \u00e4lska det:<\/span><br \/>\n<span style=\"font-family: 'comic sans ms', sans-serif;\">&#8211; Dj\u00e4rva illustrationer i l\u00e4ttl\u00e4sta f\u00e4rger som \u00e4r perfekta f\u00f6r avkopplande stunder.<\/span><br \/>\n<span style=\"font-family: 'comic sans ms', sans-serif;\">&#8211; En komplett PDF med 40 unika m\u00f6nster &#8211; inga upprepningar!<\/span><br \/>\n<span style=\"font-family: 'comic sans ms', sans-serif;\">&#8211; Sidstorleken \u00e4r 8,5 x 8,5 tum &#8211; b\u00e4st att skriva ut p\u00e5 8,5 x 11 tum papper.<\/span><br \/>\n<span style=\"font-family: 'comic sans ms', sans-serif;\">&#8211; Perfekt f\u00f6r vuxna och ton\u00e5ringar som \u00e4lskar att f\u00e4rgl\u00e4gga.<\/span><br \/>\n<span style=\"font-family: 'comic sans ms', sans-serif;\">&#8211; Ta vara p\u00e5 din tysta tid med lugnande och kreativa stunder.<\/span><br \/>\n<span style=\"font-family: 'comic sans ms', sans-serif;\">&#8211; Vacker present.<\/span><\/p>\n<p><span style=\"font-family: 'comic sans ms', sans-serif;\">** VIKTIGT**<\/span><br \/>\n<span style=\"font-family: 'comic sans ms', sans-serif;\">&#8211; Detta \u00e4r en nedladdningsbar e-bok som du skriver ut hemma &#8211; inga fysiska kopior kommer att skickas ut.<\/span><br \/>\n<span style=\"font-family: 'comic sans ms', sans-serif;\">&#8211; Det finns inga vattenst\u00e4mplar p\u00e5 de nedladdningsbara filerna.<\/span><br \/>\n<span style=\"font-family: 'comic sans ms', sans-serif;\">&#8211; ENBART PERSONLIG\/PRIVAT anv\u00e4ndning! Ingen kommersiell anv\u00e4ndning \u00e4r till\u00e5ten. <\/span><br \/>\n<span style=\"font-family: 'comic sans ms', sans-serif;\">&#8211; Boken \u00e4r upphovsr\u00e4ttsskyddad och INGEN MASSPRODUKTION eller \u00c5TERF\u00d6RS\u00c4LJNING \u00e4r till\u00e5ten.<\/span><\/p>\n<p><span style=\"font-family: 'comic sans ms', sans-serif;\">F\u00e5 din kopia idag och f\u00e5 dessa s\u00f6ta, mysiga och blommande utrymmen till liv!<\/span><\/p>\n<p><span style=\"font-family: 'comic sans ms', sans-serif;\">Om du har n\u00e5gra fr\u00e5gor, skicka ett meddelande till oss \ud83d\ude42<\/span><\/p>\n","protected":false},"excerpt":{"rendered":"<p>L\u00e5t din fantasi fl\u00f6da! Varf\u00f6r du kommer att \u00e4lska det: &#8211; Dj\u00e4rva illustrationer i l\u00e4ttl\u00e4sta f\u00e4rger som \u00e4r perfekta f\u00f6r avkopplande stunder. &#8211; En komplett PDF med 40 unika m\u00f6nster &#8211; inga upprepningar! &#8211; Sidstorleken \u00e4r 8,5 x 8,5 tum &#8211; b\u00e4st att skriva ut p\u00e5 8,5 x 11 tum papper. &#8211; Perfekt f\u00f6r vuxna<\/p>\n<div class=\"klb-readmore button\"><a class=\"btn link\" href=\"https:\/\/www.coloredcaramel.com\/sv\/produkt\/blommande-horn-mysig-sot-malarbok\/\">Read More <i class=\"klbth-icon-right-arrow\"><\/i><\/a><\/div>\n","protected":false},"featured_media":25999,"template":"","meta":{"_acf_changed":false,"_glsr_average":0,"_glsr_ranking":0,"_glsr_reviews":0},"product_brand":[],"product_cat":[1393,1383,1395],"product_tag":[],"class_list":{"0":"post-25990","1":"product","2":"type-product","3":"status-publish","4":"has-post-thumbnail","6":"product_cat-kawaii","7":"product_cat-malarbocker","8":"product_cat-pask","10":"first","11":"instock","12":"sale","13":"featured","14":"sold-individually","15":"shipping-taxable","16":"purchasable","17":"product-type-variable"},"bundled_by":[],"bundle_stock_status":"instock","bundle_stock_quantity":null,"bundle_virtual":false,"bundle_layout":"","bundle_add_to_cart_form_location":"","bundle_editable_in_cart":false,"bundle_sold_individually_context":"","bundle_item_grouping":"","bundle_min_size":"","bundle_max_size":"","bundle_price":[],"bundled_items":[],"bundle_sell_ids":[],"acf":[],"_links":{"self":[{"href":"https:\/\/www.coloredcaramel.com\/sv\/wp-json\/wp\/v2\/product\/25990","targetHints":{"allow":["GET"]}}],"collection":[{"href":"https:\/\/www.coloredcaramel.com\/sv\/wp-json\/wp\/v2\/product"}],"about":[{"href":"https:\/\/www.coloredcaramel.com\/sv\/wp-json\/wp\/v2\/types\/product"}],"wp:featuredmedia":[{"embeddable":true,"href":"https:\/\/www.coloredcaramel.com\/sv\/wp-json\/wp\/v2\/media\/25999"}],"wp:attachment":[{"href":"https:\/\/www.coloredcaramel.com\/sv\/wp-json\/wp\/v2\/media?parent=25990"}],"wp:term":[{"taxonomy":"product_brand","embeddable":true,"href":"https:\/\/www.coloredcaramel.com\/sv\/wp-json\/wp\/v2\/product_brand?post=25990"},{"taxonomy":"product_cat","embeddable":true,"href":"https:\/\/www.coloredcaramel.com\/sv\/wp-json\/wp\/v2\/product_cat?post=25990"},{"taxonomy":"product_tag","embeddable":true,"href":"https:\/\/www.coloredcaramel.com\/sv\/wp-json\/wp\/v2\/product_tag?post=25990"}],"curies":[{"name":"wp","href":"https:\/\/api.w.org\/{rel}","templated":true}]}}