{"id":25677,"date":"2025-04-19T13:32:21","date_gmt":"2025-04-19T13:32:21","guid":{"rendered":"https:\/\/www.coloredcaramel.com\/product\/spoklikt-paket\/"},"modified":"2025-04-19T13:32:21","modified_gmt":"2025-04-19T13:32:21","slug":"spoklikt-paket","status":"publish","type":"product","link":"https:\/\/www.coloredcaramel.com\/sv\/produkt\/spoklikt-paket\/","title":{"rendered":"Sp\u00f6klikt paket"},"content":{"rendered":"<p><span style=\"font-family: 'comic sans ms', sans-serif;\">\ud83c\udf83 Spooky &amp; Sweet Halloween Coloring Bundle \ud83c\udf83<\/span><\/p>\n<p><span style=\"font-family: 'comic sans ms', sans-serif;\">G\u00f6r dig redo f\u00f6r det ultimata mysiga och l\u00e4skiga f\u00e4rg\u00e4ventyret!<\/span><br \/>\n<span style=\"font-family: 'comic sans ms', sans-serif;\">Vi har samlat tre av v\u00e5ra b\u00e4sts\u00e4ljande digitala m\u00e5larb\u00f6cker i ett oemotst\u00e5ndligt erbjudande &#8211; alla till ett specialrabatterat pris!<\/span><\/p>\n<p><span style=\"font-family: 'comic sans ms', sans-serif;\">\ud83d\udc7b Spooky Corner: 40 s\u00f6ta och mysiga Halloween-illustrationer som \u00e4r perfekta f\u00f6r ren avkoppling.<\/span><br \/>\n<span style=\"font-family: 'comic sans ms', sans-serif;\">\ud83e\udd87 Halloween Vibes: 50 dj\u00e4rva och l\u00e4ttf\u00e4rgade l\u00e4skiga m\u00f6nster som v\u00e4cker alla dina Halloween-dr\u00f6mmar till liv.<\/span><br \/>\n<span style=\"font-family: 'comic sans ms', sans-serif;\">\ud83c\udf84 Sp\u00f6klikt s\u00f6t jul: En magisk blandning av festlig och sp\u00f6klik charm &#8211; f\u00f6r den kusliga s\u00e4songen f\u00f6rtj\u00e4nar att h\u00e5lla i sig \u00e4nda in i julhelgen!<\/span><\/p>\n<p><span style=\"font-family: 'comic sans ms', sans-serif;\">Varje bok \u00e4r fylld med upprepningsfria, dj\u00e4rva sidor som \u00e4r l\u00e4tta att f\u00e4rgl\u00e4gga, perfekt f\u00f6r vuxna och ton\u00e5ringar som \u00e4lskar lite nyckfullhet i sina h\u00e4xvibbar.<\/span><\/p>\n<p><span style=\"font-family: 'comic sans ms', sans-serif;\">\u2728 Ta det h\u00e4r paketet nu och dyk in i timmar av sp\u00f6klikt, mysigt och kreativt skoj &#8211; med en fang-tastisk rabatt!<\/span><\/p>\n","protected":false},"excerpt":{"rendered":"<p>\ud83c\udf83 Spooky &amp; Sweet Halloween Coloring Bundle \ud83c\udf83 G\u00f6r dig redo f\u00f6r det ultimata mysiga och l\u00e4skiga f\u00e4rg\u00e4ventyret! Vi har samlat tre av v\u00e5ra b\u00e4sts\u00e4ljande digitala m\u00e5larb\u00f6cker i ett oemotst\u00e5ndligt erbjudande &#8211; alla till ett specialrabatterat pris! \ud83d\udc7b Spooky Corner: 40 s\u00f6ta och mysiga Halloween-illustrationer som \u00e4r perfekta f\u00f6r ren avkoppling. \ud83e\udd87 Halloween Vibes: 50<\/p>\n<div class=\"klb-readmore button\"><a class=\"btn link\" href=\"https:\/\/www.coloredcaramel.com\/sv\/produkt\/spoklikt-paket\/\">Read More <i class=\"klbth-icon-right-arrow\"><\/i><\/a><\/div>\n","protected":false},"featured_media":16071,"template":"","meta":{"_acf_changed":false,"_glsr_average":0,"_glsr_ranking":0,"_glsr_reviews":0},"product_brand":[],"product_cat":[1383,1443,1473],"product_tag":[],"class_list":{"0":"post-25677","1":"product","2":"type-product","3":"status-publish","4":"has-post-thumbnail","6":"product_cat-malarbocker","7":"product_cat-buntar","8":"product_cat-halloween","10":"first","11":"instock","12":"sale","13":"virtual","14":"sold-individually","15":"purchasable","16":"product-type-bundle"},"bundled_by":[],"bundle_stock_status":"instock","bundle_stock_quantity":"","bundle_virtual":false,"bundle_layout":"default","bundle_add_to_cart_form_location":"after_summary","bundle_editable_in_cart":true,"bundle_sold_individually_context":"product","bundle_item_grouping":"parent","bundle_min_size":"","bundle_max_size":"","bundle_price":{"price":{"min":{"incl_tax":"23.75","excl_tax":"23.75"},"max":{"incl_tax":"23.75","excl_tax":"23.75"}},"regular_price":{"min":{"incl_tax":"47.94","excl_tax":"47.94"},"max":{"incl_tax":"47.94","excl_tax":"47.94"}}},"bundled_items":[{"bundled_item_id":123,"product_id":24861,"menu_order":3,"quantity_min":1,"quantity_max":1,"quantity_default":1,"priced_individually":false,"shipped_individually":true,"override_title":false,"title":null,"override_description":false,"description":null,"optional":false,"hide_thumbnail":false,"discount":"","override_variations":true,"allowed_variations":[24874],"override_default_variation_attributes":true,"default_variation_attributes":[{"id":0,"name":"Format","option":"Digital"}],"single_product_visibility":"visible","cart_visibility":"visible","order_visibility":"visible","single_product_price_visibility":"visible","cart_price_visibility":"visible","order_price_visibility":"visible","stock_status":"in_stock"},{"bundled_item_id":124,"product_id":24013,"menu_order":4,"quantity_min":1,"quantity_max":1,"quantity_default":1,"priced_individually":false,"shipped_individually":true,"override_title":false,"title":null,"override_description":false,"description":null,"optional":false,"hide_thumbnail":false,"discount":"","override_variations":true,"allowed_variations":[24038],"override_default_variation_attributes":true,"default_variation_attributes":[{"id":0,"name":"Format","option":"Digital"}],"single_product_visibility":"visible","cart_visibility":"visible","order_visibility":"visible","single_product_price_visibility":"visible","cart_price_visibility":"visible","order_price_visibility":"visible","stock_status":"in_stock"},{"bundled_item_id":125,"product_id":23613,"menu_order":5,"quantity_min":1,"quantity_max":1,"quantity_default":1,"priced_individually":false,"shipped_individually":false,"override_title":false,"title":null,"override_description":false,"description":null,"optional":false,"hide_thumbnail":false,"discount":"","override_variations":true,"allowed_variations":[23633],"override_default_variation_attributes":true,"default_variation_attributes":[{"id":0,"name":"Format","option":"Digital"}],"single_product_visibility":"visible","cart_visibility":"visible","order_visibility":"visible","single_product_price_visibility":"visible","cart_price_visibility":"visible","order_price_visibility":"visible","stock_status":"in_stock"}],"bundle_sell_ids":[],"acf":[],"_links":{"self":[{"href":"https:\/\/www.coloredcaramel.com\/sv\/wp-json\/wp\/v2\/product\/25677","targetHints":{"allow":["GET"]}}],"collection":[{"href":"https:\/\/www.coloredcaramel.com\/sv\/wp-json\/wp\/v2\/product"}],"about":[{"href":"https:\/\/www.coloredcaramel.com\/sv\/wp-json\/wp\/v2\/types\/product"}],"wp:featuredmedia":[{"embeddable":true,"href":"https:\/\/www.coloredcaramel.com\/sv\/wp-json\/wp\/v2\/media\/16071"}],"wp:attachment":[{"href":"https:\/\/www.coloredcaramel.com\/sv\/wp-json\/wp\/v2\/media?parent=25677"}],"wp:term":[{"taxonomy":"product_brand","embeddable":true,"href":"https:\/\/www.coloredcaramel.com\/sv\/wp-json\/wp\/v2\/product_brand?post=25677"},{"taxonomy":"product_cat","embeddable":true,"href":"https:\/\/www.coloredcaramel.com\/sv\/wp-json\/wp\/v2\/product_cat?post=25677"},{"taxonomy":"product_tag","embeddable":true,"href":"https:\/\/www.coloredcaramel.com\/sv\/wp-json\/wp\/v2\/product_tag?post=25677"}],"curies":[{"name":"wp","href":"https:\/\/api.w.org\/{rel}","templated":true}]}}