{"id":24861,"date":"2025-06-12T06:13:41","date_gmt":"2025-06-12T06:13:41","guid":{"rendered":"https:\/\/www.coloredcaramel.com\/product\/spoklika-drommar-sot-malarbok\/"},"modified":"2026-04-06T08:29:35","modified_gmt":"2026-04-06T08:29:35","slug":"spoklika-drommar-sot-malarbok","status":"publish","type":"product","link":"https:\/\/www.coloredcaramel.com\/sv\/product\/spoklika-drommar-sot-malarbok\/","title":{"rendered":"Sp\u00f6klika dr\u00f6mmar: S\u00f6t m\u00e5larbok"},"content":{"rendered":"<p><span style=\"font-family: 'comic sans ms', sans-serif;\">\ud83e\udde1 Varf\u00f6r vi \u00e4lskar det:<\/span><br \/>\n<span style=\"font-family: 'comic sans ms', sans-serif;\">&#8211; Dj\u00e4rva illustrationer i l\u00e4ttl\u00e4sta f\u00e4rger som \u00e4r perfekta f\u00f6r avkopplande stunder.<\/span><br \/>\n<span style=\"font-family: 'comic sans ms', sans-serif;\">&#8211; En komplett PDF med 40 unika, bed\u00e5rande och kusliga illustrationer &#8211; ingen upprepning!<\/span><br \/>\n<span style=\"font-family: 'comic sans ms', sans-serif;\">&#8211; Inneh\u00e5ller f\u00e4rgprover och utrymme f\u00f6r att prova ut f\u00e4rger och kombinationer.<\/span><br \/>\n<span style=\"font-family: 'comic sans ms', sans-serif;\">&#8211; Sidstorleken \u00e4r 8,5 x 8,5 tum &#8211; b\u00e4st att skriva ut p\u00e5 8,5 x 11 tum papper.<\/span><br \/>\n<span style=\"font-family: 'comic sans ms', sans-serif;\">&#8211; Perfekt f\u00f6r vuxna och ton\u00e5ringar som \u00e4lskar att f\u00e4rgl\u00e4gga och gillar l\u00e4skiga saker.<\/span><br \/>\n<span style=\"font-family: 'comic sans ms', sans-serif;\">&#8211; Perfekt f\u00f6r Halloween eller andra tillf\u00e4llen.<\/span><br \/>\n<span style=\"font-family: 'comic sans ms', sans-serif;\">&#8211; Ta vara p\u00e5 din tysta tid med lugnande och kreativa stunder.<\/span><br \/>\n<span style=\"font-family: 'comic sans ms', sans-serif;\">&#8211; Vacker present.<\/span><\/p>\n<p><span style=\"font-family: 'comic sans ms', sans-serif;\">** VIKTIGT**<\/span><br \/>\n<span style=\"font-family: 'comic sans ms', sans-serif;\">&#8211; Detta \u00e4r en nedladdningsbar e-bok som du skriver ut hemma &#8211; inga fysiska kopior kommer att skickas ut.<\/span><br \/>\n<span style=\"font-family: 'comic sans ms', sans-serif;\">&#8211; Det finns inga vattenst\u00e4mplar p\u00e5 de nedladdningsbara filerna.<\/span><br \/>\n<span style=\"font-family: 'comic sans ms', sans-serif;\">&#8211; ENBART PERSONLIG\/PRIVAT anv\u00e4ndning! Ingen kommersiell anv\u00e4ndning \u00e4r till\u00e5ten. <\/span><br \/>\n<span style=\"font-family: 'comic sans ms', sans-serif;\">&#8211; Boken \u00e4r upphovsr\u00e4ttsskyddad och INGEN MASSPRODUKTION eller \u00c5TERF\u00d6RS\u00c4LJNING \u00e4r till\u00e5ten.<\/span><\/p>\n<p><span style=\"font-family: 'comic sans ms', sans-serif;\">Skaffa ditt exemplar idag och f\u00f6rsvinn in i de s\u00f6taste sp\u00f6klika dr\u00f6mmarna!<\/span><\/p>\n<p><span style=\"font-family: 'comic sans ms', sans-serif;\">Om du har n\u00e5gra fr\u00e5gor, skicka ett meddelande till oss \ud83d\ude42<\/span><\/p>\n","protected":false},"excerpt":{"rendered":"<p>V\u00e4lkommen till Spooky Dreams! V\u00e5ra s\u00f6ta sm\u00e5 v\u00e4nner och kusliga sp\u00f6ken v\u00e4ntar p\u00e5 att f\u00e5 ta med dig p\u00e5 ett magiskt \u00e4ventyr. \u2728<\/p>\n","protected":false},"featured_media":24865,"template":"","meta":{"_acf_changed":false,"_glsr_average":0,"_glsr_ranking":0,"_glsr_reviews":0},"product_brand":[],"product_cat":[1473,1466,1383],"product_tag":[],"class_list":{"0":"post-24861","1":"product","2":"type-product","3":"status-publish","4":"has-post-thumbnail","6":"product_cat-halloween","7":"product_cat-avslappning","8":"product_cat-malarbocker","10":"first","11":"instock","12":"sale","13":"sold-individually","14":"shipping-taxable","15":"purchasable","16":"product-type-variable"},"bundled_by":["25077","25677"],"bundle_stock_status":"instock","bundle_stock_quantity":null,"bundle_virtual":false,"bundle_layout":"","bundle_add_to_cart_form_location":"","bundle_editable_in_cart":false,"bundle_sold_individually_context":"","bundle_item_grouping":"","bundle_min_size":"","bundle_max_size":"","bundle_price":[],"bundled_items":[],"bundle_sell_ids":[],"acf":[],"_links":{"self":[{"href":"https:\/\/www.coloredcaramel.com\/sv\/wp-json\/wp\/v2\/product\/24861","targetHints":{"allow":["GET"]}}],"collection":[{"href":"https:\/\/www.coloredcaramel.com\/sv\/wp-json\/wp\/v2\/product"}],"about":[{"href":"https:\/\/www.coloredcaramel.com\/sv\/wp-json\/wp\/v2\/types\/product"}],"wp:featuredmedia":[{"embeddable":true,"href":"https:\/\/www.coloredcaramel.com\/sv\/wp-json\/wp\/v2\/media\/24865"}],"wp:attachment":[{"href":"https:\/\/www.coloredcaramel.com\/sv\/wp-json\/wp\/v2\/media?parent=24861"}],"wp:term":[{"taxonomy":"product_brand","embeddable":true,"href":"https:\/\/www.coloredcaramel.com\/sv\/wp-json\/wp\/v2\/product_brand?post=24861"},{"taxonomy":"product_cat","embeddable":true,"href":"https:\/\/www.coloredcaramel.com\/sv\/wp-json\/wp\/v2\/product_cat?post=24861"},{"taxonomy":"product_tag","embeddable":true,"href":"https:\/\/www.coloredcaramel.com\/sv\/wp-json\/wp\/v2\/product_tag?post=24861"}],"curies":[{"name":"wp","href":"https:\/\/api.w.org\/{rel}","templated":true}]}}