{"id":24013,"date":"2025-08-09T14:01:32","date_gmt":"2025-08-09T14:01:32","guid":{"rendered":"https:\/\/www.coloredcaramel.com\/product\/sota-spookies-mysig-halloween-malarbok\/"},"modified":"2026-04-06T08:28:58","modified_gmt":"2026-04-06T08:28:58","slug":"sota-spookies-mysig-halloween-malarbok","status":"publish","type":"product","link":"https:\/\/www.coloredcaramel.com\/sv\/product\/sota-spookies-mysig-halloween-malarbok\/","title":{"rendered":"S\u00f6ta Spookies: Mysig Halloween m\u00e5larbok"},"content":{"rendered":"<p><span style=\"font-family: 'comic sans ms', sans-serif;\">F\u00e5 mysiga vibbar till din spooky-cute s\u00e4song med denna nyckfulla m\u00e5larbok! Cute Spookies \u00e4r perfekt f\u00f6r alla som \u00e4lskar s\u00f6ta sp\u00f6ken, magiska varelser och en gnutta hems\u00f6kt charm, och den kommer att g\u00f6ra din m\u00e5larstund extra magisk. <\/span><\/p>\n<p><span style=\"font-family: 'comic sans ms', sans-serif;\">Fr\u00e5n bed\u00e5rande pumpaflickor och lekfulla svarta katter till v\u00e4nliga sm\u00e5 sp\u00f6ken och charmigt hems\u00f6kta h\u00f6rn &#8211; de h\u00e4r sidorna \u00e4r gjorda f\u00f6r att ge dig leenden, avkoppling och en gnutta &#8221;oooh&#8221; i vardagen.<\/span><\/p>\n<p><span style=\"font-family: 'comic sans ms', sans-serif;\">Vad finns inuti:<\/span><br \/>\n<span style=\"font-family: 'comic sans ms', sans-serif;\">&#8211; 40 originella, kusligt s\u00f6ta illustrationer &#8211; mysiga, magiska och fulla av charm<\/span><br \/>\n<span style=\"font-family: 'comic sans ms', sans-serif;\">&#8211; En blandning av bed\u00e5rande sp\u00f6ken, pumpafigurer, katter, sm\u00e5kryp och mycket mer<\/span><br \/>\n<span style=\"font-family: 'comic sans ms', sans-serif;\">&#8211; Sidor av h\u00f6g kvalitet (8,5 x 11 tum)<\/span><br \/>\n<span style=\"font-family: 'comic sans ms', sans-serif;\">&#8211; Inneh\u00e5ller en &#8221;Den h\u00e4r m\u00e5larboken tillh\u00f6r&#8221;-sida<\/span><br \/>\n<span style=\"font-family: 'comic sans ms', sans-serif;\">&#8211; Bonusf\u00e4rgtestsidor s\u00e5 att du kan prova dina nyanser innan du b\u00f6rjar<\/span><\/p>\n<p><span style=\"font-family: 'comic sans ms', sans-serif;\">Perfekt f\u00f6r:<\/span><br \/>\n<span style=\"font-family: 'comic sans ms', sans-serif;\">&#8211; Alla som \u00e4lskar mysigt och gulligt med en sp\u00f6klik twist<\/span><br \/>\n<span style=\"font-family: 'comic sans ms', sans-serif;\">&#8211; Kreativ stresslindring och medveten avslappning<\/span><br \/>\n<span style=\"font-family: 'comic sans ms', sans-serif;\">&#8211; Halloween-fans som vill att s\u00e4songen ska p\u00e5g\u00e5 hela \u00e5ret<\/span><br \/>\n<span style=\"font-family: 'comic sans ms', sans-serif;\">&#8211; G\u00e5va till v\u00e4nner som \u00e4lskar nyckfull konst<\/span><\/p>\n<p><span style=\"font-family: 'comic sans ms', sans-serif;\">Viktiga anm\u00e4rkningar:<\/span><br \/>\n<span style=\"font-family: 'comic sans ms', sans-serif;\">&#8211; Finns som pocketbok och i digitalt PDF-format<\/span><br \/>\n<span style=\"font-family: 'comic sans ms', sans-serif;\">&#8211; Endast f\u00f6r personligt bruk &#8211; ingen \u00e5terf\u00f6rs\u00e4ljning eller kommersiell anv\u00e4ndning<\/span><\/p>\n<p><span style=\"font-family: 'comic sans ms', sans-serif;\">Best\u00e4ll nu och njut av en v\u00e4rld av mysiga, s\u00f6ta och sp\u00f6klika roligheter \u00e5ret runt! \ud83d\udc7b\ud83e\udde1 <\/span><\/p>\n","protected":false},"excerpt":{"rendered":"<p>Sk\u00f6n avslappning f\u00f6r vuxna och ton\u00e5ringar<\/p>\n","protected":false},"featured_media":24021,"template":"","meta":{"_acf_changed":false,"_glsr_average":0,"_glsr_ranking":0,"_glsr_reviews":0},"product_brand":[],"product_cat":[1473,1393,1383],"product_tag":[],"class_list":{"0":"post-24013","1":"product","2":"type-product","3":"status-publish","4":"has-post-thumbnail","6":"product_cat-halloween","7":"product_cat-kawaii","8":"product_cat-malarbocker","10":"first","11":"instock","12":"sold-individually","13":"shipping-taxable","14":"purchasable","15":"product-type-variable"},"bundled_by":["25077","25677"],"bundle_stock_status":"instock","bundle_stock_quantity":null,"bundle_virtual":false,"bundle_layout":"","bundle_add_to_cart_form_location":"","bundle_editable_in_cart":false,"bundle_sold_individually_context":"","bundle_item_grouping":"","bundle_min_size":"","bundle_max_size":"","bundle_price":[],"bundled_items":[],"bundle_sell_ids":[],"acf":[],"_links":{"self":[{"href":"https:\/\/www.coloredcaramel.com\/sv\/wp-json\/wp\/v2\/product\/24013","targetHints":{"allow":["GET"]}}],"collection":[{"href":"https:\/\/www.coloredcaramel.com\/sv\/wp-json\/wp\/v2\/product"}],"about":[{"href":"https:\/\/www.coloredcaramel.com\/sv\/wp-json\/wp\/v2\/types\/product"}],"wp:featuredmedia":[{"embeddable":true,"href":"https:\/\/www.coloredcaramel.com\/sv\/wp-json\/wp\/v2\/media\/24021"}],"wp:attachment":[{"href":"https:\/\/www.coloredcaramel.com\/sv\/wp-json\/wp\/v2\/media?parent=24013"}],"wp:term":[{"taxonomy":"product_brand","embeddable":true,"href":"https:\/\/www.coloredcaramel.com\/sv\/wp-json\/wp\/v2\/product_brand?post=24013"},{"taxonomy":"product_cat","embeddable":true,"href":"https:\/\/www.coloredcaramel.com\/sv\/wp-json\/wp\/v2\/product_cat?post=24013"},{"taxonomy":"product_tag","embeddable":true,"href":"https:\/\/www.coloredcaramel.com\/sv\/wp-json\/wp\/v2\/product_tag?post=24013"}],"curies":[{"name":"wp","href":"https:\/\/api.w.org\/{rel}","templated":true}]}}