{"id":23613,"date":"2025-09-13T07:25:12","date_gmt":"2025-09-13T07:25:12","guid":{"rendered":"https:\/\/www.coloredcaramel.com\/product\/spoklika-katter-sot-mysig-malarbok\/"},"modified":"2026-04-06T08:28:39","modified_gmt":"2026-04-06T08:28:39","slug":"spoklika-katter-sot-mysig-malarbok","status":"publish","type":"product","link":"https:\/\/www.coloredcaramel.com\/sv\/product\/spoklika-katter-sot-mysig-malarbok\/","title":{"rendered":"Sp\u00f6klika katter: S\u00f6t &amp; mysig m\u00e5larbok"},"content":{"rendered":"<p><span style=\"font-family: 'comic sans ms', sans-serif;\">\u00c4lskar du l\u00e4skiga m\u00e5larbokssidor? D\u00e5 kommer du att \u00e4lska detta nyckfulla universum av katter, magi och mysig sp\u00f6klikhet. <\/span><\/p>\n<p><span style=\"font-family: 'comic sans ms', sans-serif;\">Den h\u00e4r m\u00e5larboken \u00e4r fylld av lekfulla katter, f\u00e5niga spindlar och h\u00e4rliga kamrater omgivna av charmiga kusliga milj\u00f6er. Perfekt f\u00f6r att fira Halloween &#8211; eller n\u00e4r som helst p\u00e5 \u00e5ret n\u00e4r du vill ha mysigt och kreativt n\u00f6je. <\/span><\/p>\n<p><span style=\"font-family: 'comic sans ms', sans-serif;\">Du hittar ocks\u00e5 n\u00e5gra startsidor som \u00e4r perfekta f\u00f6r att prova f\u00e4rger, blandningstekniker och experimentera med \u00f6vertoningar.<\/span><\/p>\n<p><span style=\"font-family: 'comic sans ms', sans-serif;\">Mys in, t\u00e4nd ett ljus och l\u00e5t den mysiga sp\u00f6klika atmosf\u00e4ren leda dig till timmar av avkoppling och gl\u00e4dje.<\/span><\/p>\n<p><span style=\"font-family: 'comic sans ms', sans-serif;\">Vad finns inuti:<\/span><br \/>\n<span style=\"font-family: 'comic sans ms', sans-serif;\">&#8211; 40 supers\u00f6ta handritade illustrationer.<\/span><br \/>\n<span style=\"font-family: 'comic sans ms', sans-serif;\">&#8211; Utskrivbara sidor av h\u00f6g kvalitet (8,5 x 8,5 tum)<\/span><br \/>\n<span style=\"font-family: 'comic sans ms', sans-serif;\">&#8211; Det finns utrymme f\u00f6r att testa dina f\u00e4rgkombinationer.<\/span><br \/>\n<span style=\"font-family: 'comic sans ms', sans-serif;\">&#8211; Djupa, tjocka linjer f\u00f6r enkel f\u00e4rgl\u00e4ggning.<\/span><\/p>\n<p><span style=\"font-family: 'comic sans ms', sans-serif;\">Perfekt f\u00f6r:<\/span><br \/>\n<span style=\"font-family: 'comic sans ms', sans-serif;\">&#8211; Vuxna och ton\u00e5ringar som s\u00f6ker kreativ stresslindring<\/span><br \/>\n<span style=\"font-family: 'comic sans ms', sans-serif;\">&#8211; Alla som \u00e4lskar katter, kusliga vibbar och s\u00f6ta m\u00e5larbilder<\/span><br \/>\n<span style=\"font-family: 'comic sans ms', sans-serif;\">&#8211; Alla som \u00e4lskar udda presenter eller bara vill f\u00e4rgl\u00e4gga f\u00f6r avkopplingens skull<\/span><\/p>\n<p><span style=\"font-family: 'comic sans ms', sans-serif;\">Viktiga anm\u00e4rkningar:<\/span><br \/>\n<span style=\"font-family: 'comic sans ms', sans-serif;\">&#8211; Detta \u00e4r en nedladdningsbar e-bok som du skriver ut hemma &#8211; inga fysiska kopior kommer att skickas ut.<\/span><br \/>\n<span style=\"font-family: 'comic sans ms', sans-serif;\">&#8211; Det finns inga vattenst\u00e4mplar p\u00e5 de nedladdningsbara filerna.<\/span><br \/>\n<span style=\"font-family: 'comic sans ms', sans-serif;\">&#8211; ENBART PERSONLIG\/PRIVAT anv\u00e4ndning! Ingen kommersiell anv\u00e4ndning \u00e4r till\u00e5ten. <\/span><br \/>\n<span style=\"font-family: 'comic sans ms', sans-serif;\">&#8211; Boken \u00e4r upphovsr\u00e4ttsskyddad och INGEN MASSPRODUKTION eller \u00c5TERF\u00d6RS\u00c4LJNING \u00e4r till\u00e5ten.<\/span><\/p>\n<p><span style=\"font-family: 'comic sans ms', sans-serif;\">Best\u00e4ll din nu och l\u00e5t katterna arbeta med sin magi!<\/span><\/p>\n","protected":false},"excerpt":{"rendered":"<p>Sp\u00f6klikt, gulligt och mjau-steri\u00f6st. \ud83d\udda4<\/p>\n","protected":false},"featured_media":23625,"template":"","meta":{"_acf_changed":false,"_glsr_average":0,"_glsr_ranking":0,"_glsr_reviews":0},"product_brand":[],"product_cat":[1473,1383],"product_tag":[1475],"class_list":{"0":"post-23613","1":"product","2":"type-product","3":"status-publish","4":"has-post-thumbnail","6":"product_cat-halloween","7":"product_cat-malarbocker","8":"product_tag-halloween","10":"first","11":"instock","12":"sold-individually","13":"shipping-taxable","14":"purchasable","15":"product-type-variable"},"bundled_by":["25077","25677"],"bundle_stock_status":"instock","bundle_stock_quantity":null,"bundle_virtual":false,"bundle_layout":"","bundle_add_to_cart_form_location":"","bundle_editable_in_cart":false,"bundle_sold_individually_context":"","bundle_item_grouping":"","bundle_min_size":"","bundle_max_size":"","bundle_price":[],"bundled_items":[],"bundle_sell_ids":[],"acf":[],"_links":{"self":[{"href":"https:\/\/www.coloredcaramel.com\/sv\/wp-json\/wp\/v2\/product\/23613","targetHints":{"allow":["GET"]}}],"collection":[{"href":"https:\/\/www.coloredcaramel.com\/sv\/wp-json\/wp\/v2\/product"}],"about":[{"href":"https:\/\/www.coloredcaramel.com\/sv\/wp-json\/wp\/v2\/types\/product"}],"wp:featuredmedia":[{"embeddable":true,"href":"https:\/\/www.coloredcaramel.com\/sv\/wp-json\/wp\/v2\/media\/23625"}],"wp:attachment":[{"href":"https:\/\/www.coloredcaramel.com\/sv\/wp-json\/wp\/v2\/media?parent=23613"}],"wp:term":[{"taxonomy":"product_brand","embeddable":true,"href":"https:\/\/www.coloredcaramel.com\/sv\/wp-json\/wp\/v2\/product_brand?post=23613"},{"taxonomy":"product_cat","embeddable":true,"href":"https:\/\/www.coloredcaramel.com\/sv\/wp-json\/wp\/v2\/product_cat?post=23613"},{"taxonomy":"product_tag","embeddable":true,"href":"https:\/\/www.coloredcaramel.com\/sv\/wp-json\/wp\/v2\/product_tag?post=23613"}],"curies":[{"name":"wp","href":"https:\/\/api.w.org\/{rel}","templated":true}]}}