{"id":20628,"date":"2025-10-09T13:10:12","date_gmt":"2025-10-09T13:10:12","guid":{"rendered":"https:\/\/www.coloredcaramel.com\/product\/hoppy-days-sot-djarv-och-enkel-paskmalarbok\/"},"modified":"2026-04-06T08:28:23","modified_gmt":"2026-04-06T08:28:23","slug":"hoppy-days-sot-djarv-och-enkel-paskmalarbok","status":"publish","type":"product","link":"https:\/\/www.coloredcaramel.com\/sv\/product\/hoppy-days-sot-djarv-och-enkel-paskmalarbok\/","title":{"rendered":"Hoppy Days: S\u00f6t, dj\u00e4rv och enkel p\u00e5skm\u00e5larbok"},"content":{"rendered":"<p><span style=\"font-family: 'comic sans ms', sans-serif;\"><strong data-start=\"178\" data-end=\"198\">Hoppa in i v\u00e5ren!<\/strong><\/span><br data-start=\"198\" data-end=\"201\"><span style=\"font-family: 'comic sans ms', sans-serif;\"><em data-start=\"203\" data-end=\"255\">Hoppy Days: Cute, Bold &amp; Easy Easter Coloring Book<\/em> \u00e4r full av glada kaniner, kikande kycklingar, gosiga lamm, tulpaner, \u00e4gg och mor\u00f6tter &#8211; illustrerade med dj\u00e4rva konturer som \u00e4r l\u00e4tta att f\u00e4rgl\u00e4gga.<\/span><br \/>\n<span style=\"font-family: 'comic sans ms', sans-serif;\">En s\u00f6t, sk\u00e4rmfri aktivitet och perfekt att fylla p\u00e5skkorgen med.<\/span><\/p>\n<p><span style=\"font-family: 'comic sans ms', sans-serif;\">Varf\u00f6r du kommer att \u00e4lska det:<\/span><br \/>\n<span style=\"font-family: 'comic sans ms', sans-serif;\">&#8211; Dj\u00e4rva illustrationer i l\u00e4ttl\u00e4sta f\u00e4rger som \u00e4r perfekta f\u00f6r avkopplande stunder.<\/span><br \/>\n<span style=\"font-family: 'comic sans ms', sans-serif;\">&#8211; En komplett PDF med 40 unika m\u00f6nster &#8211; ingen upprepning!<\/span><br \/>\n<span style=\"font-family: 'comic sans ms', sans-serif;\">&#8211; Sidstorleken \u00e4r 8,5 x 8,5 tum &#8211; b\u00e4st att skriva ut p\u00e5 8,5 x 11 tum papper.<\/span><br \/>\n<span style=\"font-family: 'comic sans ms', sans-serif;\">&#8211; Perfekt f\u00f6r vuxna och ton\u00e5ringar som \u00e4lskar att f\u00e4rgl\u00e4gga.<\/span><br \/>\n<span style=\"font-family: 'comic sans ms', sans-serif;\">&#8211; Omfamna v\u00e5ren med lugnande och kreativa stunder.<\/span><br \/>\n<span style=\"font-family: 'comic sans ms', sans-serif;\">&#8211; Vacker present.<\/span><\/p>\n<p><span style=\"font-family: 'comic sans ms', sans-serif;\">** VIKTIGT**<\/span><br \/>\n<span style=\"font-family: 'comic sans ms', sans-serif;\">&#8211; Detta \u00e4r en nedladdningsbar e-bok som du skriver ut hemma &#8211; inga fysiska kopior kommer att skickas ut.<\/span><br \/>\n<span style=\"font-family: 'comic sans ms', sans-serif;\">&#8211; ENBART PERSONLIG\/PRIVAT anv\u00e4ndning! Ingen kommersiell anv\u00e4ndning \u00e4r till\u00e5ten. <\/span><br \/>\n<span style=\"font-family: 'comic sans ms', sans-serif;\">&#8211; Boken \u00e4r upphovsr\u00e4ttsskyddad och INGEN MASSPRODUKTION eller \u00c5TERF\u00d6RS\u00c4LJNING \u00e4r till\u00e5ten.<\/span><\/p>\n<p><span style=\"font-family: 'comic sans ms', sans-serif;\">Skaffa ditt exemplar idag och f\u00e5 liv i dessa s\u00f6ta p\u00e5sksidor!<\/span><\/p>\n<p><span style=\"font-family: 'comic sans ms', sans-serif;\">Om du har n\u00e5gra fr\u00e5gor, skicka ett meddelande till oss \ud83d\ude42<\/span><\/p>\n","protected":false},"excerpt":{"rendered":"<p>Hoppa in i v\u00e5ren!Hoppy Days: Cute, Bold &amp; Easy Easter Coloring Book \u00e4r full av glada kaniner, kikande kycklingar, gosiga lamm, tulpaner, \u00e4gg och mor\u00f6tter &#8211; illustrerade med dj\u00e4rva konturer som \u00e4r l\u00e4tta att f\u00e4rgl\u00e4gga. En s\u00f6t, sk\u00e4rmfri aktivitet och perfekt att fylla p\u00e5skkorgen med. Varf\u00f6r du kommer att \u00e4lska det: &#8211; Dj\u00e4rva illustrationer i<\/p>\n<div class=\"klb-readmore button\"><a class=\"btn link\" href=\"https:\/\/www.coloredcaramel.com\/sv\/product\/hoppy-days-sot-djarv-och-enkel-paskmalarbok\/\">Read More <i class=\"klbth-icon-right-arrow\"><\/i><\/a><\/div>\n","protected":false},"featured_media":20630,"template":"","meta":{"_acf_changed":false,"_glsr_average":0,"_glsr_ranking":0,"_glsr_reviews":0},"product_brand":[],"product_cat":[1395,1383],"product_tag":[],"class_list":{"0":"post-20628","1":"product","2":"type-product","3":"status-publish","4":"has-post-thumbnail","6":"product_cat-pask","7":"product_cat-malarbocker","9":"first","10":"instock","11":"sold-individually","12":"shipping-taxable","13":"purchasable","14":"product-type-variable"},"bundled_by":[],"bundle_stock_status":"instock","bundle_stock_quantity":null,"bundle_virtual":false,"bundle_layout":"","bundle_add_to_cart_form_location":"","bundle_editable_in_cart":false,"bundle_sold_individually_context":"","bundle_item_grouping":"","bundle_min_size":"","bundle_max_size":"","bundle_price":[],"bundled_items":[],"bundle_sell_ids":[],"acf":[],"_links":{"self":[{"href":"https:\/\/www.coloredcaramel.com\/sv\/wp-json\/wp\/v2\/product\/20628","targetHints":{"allow":["GET"]}}],"collection":[{"href":"https:\/\/www.coloredcaramel.com\/sv\/wp-json\/wp\/v2\/product"}],"about":[{"href":"https:\/\/www.coloredcaramel.com\/sv\/wp-json\/wp\/v2\/types\/product"}],"wp:featuredmedia":[{"embeddable":true,"href":"https:\/\/www.coloredcaramel.com\/sv\/wp-json\/wp\/v2\/media\/20630"}],"wp:attachment":[{"href":"https:\/\/www.coloredcaramel.com\/sv\/wp-json\/wp\/v2\/media?parent=20628"}],"wp:term":[{"taxonomy":"product_brand","embeddable":true,"href":"https:\/\/www.coloredcaramel.com\/sv\/wp-json\/wp\/v2\/product_brand?post=20628"},{"taxonomy":"product_cat","embeddable":true,"href":"https:\/\/www.coloredcaramel.com\/sv\/wp-json\/wp\/v2\/product_cat?post=20628"},{"taxonomy":"product_tag","embeddable":true,"href":"https:\/\/www.coloredcaramel.com\/sv\/wp-json\/wp\/v2\/product_tag?post=20628"}],"curies":[{"name":"wp","href":"https:\/\/api.w.org\/{rel}","templated":true}]}}