{"id":20520,"date":"2025-10-18T11:03:59","date_gmt":"2025-10-18T11:03:59","guid":{"rendered":"https:\/\/www.coloredcaramel.com\/product\/festliga-dagar-mysig-julmalarbok-skon-avslappning-for-vuxna-och-tonaringar\/"},"modified":"2026-04-06T08:28:05","modified_gmt":"2026-04-06T08:28:05","slug":"festliga-dagar-mysig-julmalarbok-skon-avslappning-for-vuxna-och-tonaringar","status":"publish","type":"product","link":"https:\/\/www.coloredcaramel.com\/sv\/produkt\/festliga-dagar-mysig-julmalarbok-skon-avslappning-for-vuxna-och-tonaringar\/","title":{"rendered":"Festliga dagar Mysig julm\u00e5larbok: Sk\u00f6n avslappning f\u00f6r vuxna och ton\u00e5ringar"},"content":{"rendered":"<h4><span style=\"font-family: 'comic sans ms', sans-serif;\"><span style=\"font-size: 14pt;\">Redo f\u00f6r den mest magiska och bed\u00e5rande julen n\u00e5gonsin?\ud83c\udf32<\/span><\/span><\/h4>\n<p><span style=\"font-family: 'comic sans ms', sans-serif; font-size: 12pt;\">V\u00e4lkommen till <i>Festive Days<\/i>, en hj\u00e4rtev\u00e4rmande <strong>julm\u00e5larbok fylld med mysig charm, blinkande ljus och ren julgl\u00e4dje! <\/strong><\/span><span style=\"font-family: 'comic sans ms', sans-serif;\"><span style=\"font-size: 14pt;\">\u2728<\/span><\/span><\/p>\n<p><span style=\"font-size: 12pt; font-family: 'comic sans ms', sans-serif;\">Varje sida \u00e4r full av <strong>s\u00f6ta karakt\u00e4rer, gl\u00f6dande dekorationer och glada vinterscener<\/strong> &#8211; allt v\u00e4ntar p\u00e5 <i>din<\/i> touch av f\u00e4rg och kreativitet.<\/span><\/p>\n<p><span style=\"font-family: 'comic sans ms', sans-serif; font-size: 12pt;\">S\u00e5 mys upp med din favoritfilt, h\u00e4ll upp en varm kopp kakao och <strong>l\u00e5t fantasin gnistra klarare \u00e4n julgransbelysningen<\/strong>.<\/span><\/p>\n<p><span style=\"font-size: 12pt; font-family: 'comic sans ms', sans-serif;\">\ud83e\udde1<strong> Varf\u00f6r vi \u00e4lskar det:<\/strong><br \/>\n&#8211; <strong>S\u00f6ta, dj\u00e4rva m\u00f6nster<\/strong> f\u00f6r mysiga f\u00e4rgl\u00e4ggningsstunder.<br \/>\n&#8211; PDF med <strong>40 unika, festliga illustrationer<\/strong> &#8211; (inga upprepningar!)<br \/>\n&#8211; Inneh\u00e5ller <strong>f\u00e4rgprover<\/strong> och sm\u00e5 <strong>utrymmen f\u00f6r att leka med paletter och m\u00f6nster.<\/strong><br \/>\n&#8211; Sidstorleken \u00e4r <strong>8,5 x 8,5 tum<\/strong> &#8211; b\u00e4st att skriva ut p\u00e5 8,5 x 11 tum papper.<br \/>\n&#8211; Gjord <strong>f\u00f6r vuxna och ton\u00e5ringar<\/strong> som \u00e4lskar <strong>s\u00f6ta, mysiga och avkopplande semesterillustrationer<\/strong>.<br \/>\n&#8211;  <strong>Din lugna tillflyktsort fr\u00e5n semesterrusningen.<\/strong><br \/>\n&#8211; Perfekt som  <strong>en omt\u00e4nksam g\u00e5va!<\/strong><\/span><\/p>\n<p><span style=\"font-size: 12pt; font-family: 'comic sans ms', sans-serif;\">V\u00e4lj din favorit:<strong> Digital eller H\u00e4ftad!<\/strong><br \/>\n\ud83e\udde1 H\u00e4mta din <strong>digitala kopia h\u00e4r,<\/strong> eller<br \/>\n\ud83e\udde1 <strong>V\u00e4lj tryckt<\/strong> <strong>kopia<\/strong> f\u00f6r att best\u00e4lla den <strong>p\u00e5 Amazon<\/strong>!<\/span><\/p>\n<p><span style=\"font-family: 'comic sans ms', sans-serif; font-size: 12pt;\">\u2728 <strong>Viktigt<\/strong> \u2728<br \/>\n\ud83e\udde1 Detta \u00e4r <strong>en digital, utskrivbar m\u00e5larbok<\/strong>. Om du vill ha <strong>en fysisk kopia v\u00e4ljer du &#8221;Tryckt kopia&#8221; och slutf\u00f6r ditt k\u00f6p p\u00e5 Amazon<\/strong>.<br data-start=\"499\" data-end=\"502\">\ud83d\udeab <strong>Inga fysiska kopior skickas om du k\u00f6per den digitala, utskrivbara versionen fr\u00e5n v\u00e5r webbplats.<\/strong><br \/>\n\ud83c\udfe1 Du kan <strong>ladda ner och skriva ut<\/strong> den hemma s\u00e5 m\u00e5nga g\u00e5nger du vill &#8211; <strong>endast f\u00f6r personligt bruk<\/strong>.<br \/>\n\ud83d\udc95 <strong>Ingen kommersiell anv\u00e4ndning<\/strong> &#8211; s\u00e4lj inte, dela eller distribuera inte dessa sidor.<br \/>\n\ud83c\udfa8 <strong>Anv\u00e4nd inte designen f\u00f6r att skapa nya produkter<\/strong> (som klisterm\u00e4rken, b\u00f6cker eller merch).<br \/>\n\ud83d\udcf8 Du \u00e4r v\u00e4lkommen att <strong>dela dina f\u00e4rgade sidor<\/strong> online &#8211; bara <strong>kreditera Colored Caramel<\/strong>.<br \/>\n\ud83d\udd8b\ufe0f Alla m\u00f6nster \u00e4r <strong>helt upphovsr\u00e4ttsskyddade av Colored Caramel<\/strong>. V\u00e4nligen respektera v\u00e5rt arbete och v\u00e5r kreativitet.<\/span><\/p>\n<p><span style=\"font-family: 'comic sans ms', sans-serif;\"><strong>Redo, klar, jingel! \ud83c\udf85\u2728 Ta tag i ditt exemplar och dyk in i festlig s\u00f6tma! <\/strong><\/span><\/p>\n<p><span style=\"font-family: 'comic sans ms', sans-serif; font-size: 12pt;\">Om du har n\u00e5gra fr\u00e5gor, skicka ett meddelande till oss \ud83e\udde1<\/span><\/p>\n","protected":false},"excerpt":{"rendered":"<p>Redo f\u00f6r den mest magiska och bed\u00e5rande julen n\u00e5gonsin?\ud83c\udf32 V\u00e4lkommen till Festive Days, en hj\u00e4rtev\u00e4rmande julm\u00e5larbok fylld med mysig charm, blinkande ljus och ren julgl\u00e4dje! \u2728 Varje sida \u00e4r full av s\u00f6ta karakt\u00e4rer, gl\u00f6dande dekorationer och glada vinterscener &#8211; allt v\u00e4ntar p\u00e5 din touch av f\u00e4rg och kreativitet. S\u00e5 mys upp med din favoritfilt, h\u00e4ll<\/p>\n<div class=\"klb-readmore button\"><a class=\"btn link\" href=\"https:\/\/www.coloredcaramel.com\/sv\/produkt\/festliga-dagar-mysig-julmalarbok-skon-avslappning-for-vuxna-och-tonaringar\/\">Read More <i class=\"klbth-icon-right-arrow\"><\/i><\/a><\/div>\n","protected":false},"featured_media":20523,"template":"","meta":{"_acf_changed":false,"_glsr_average":0,"_glsr_ranking":0,"_glsr_reviews":0},"product_brand":[],"product_cat":[1277,829],"product_tag":[],"class_list":{"0":"post-20520","1":"product","2":"type-product","3":"status-publish","4":"has-post-thumbnail","6":"product_cat-christmas","7":"product_cat-coloring-books","9":"first","10":"instock","11":"sold-individually","12":"shipping-taxable","13":"purchasable","14":"product-type-variable"},"bundled_by":["23246","25077"],"bundle_stock_status":"instock","bundle_stock_quantity":null,"bundle_virtual":false,"bundle_layout":"","bundle_add_to_cart_form_location":"","bundle_editable_in_cart":false,"bundle_sold_individually_context":"","bundle_item_grouping":"","bundle_min_size":"","bundle_max_size":"","bundle_price":[],"bundled_items":[],"bundle_sell_ids":[],"acf":[],"_links":{"self":[{"href":"https:\/\/www.coloredcaramel.com\/sv\/wp-json\/wp\/v2\/product\/20520","targetHints":{"allow":["GET"]}}],"collection":[{"href":"https:\/\/www.coloredcaramel.com\/sv\/wp-json\/wp\/v2\/product"}],"about":[{"href":"https:\/\/www.coloredcaramel.com\/sv\/wp-json\/wp\/v2\/types\/product"}],"wp:featuredmedia":[{"embeddable":true,"href":"https:\/\/www.coloredcaramel.com\/sv\/wp-json\/wp\/v2\/media\/20523"}],"wp:attachment":[{"href":"https:\/\/www.coloredcaramel.com\/sv\/wp-json\/wp\/v2\/media?parent=20520"}],"wp:term":[{"taxonomy":"product_brand","embeddable":true,"href":"https:\/\/www.coloredcaramel.com\/sv\/wp-json\/wp\/v2\/product_brand?post=20520"},{"taxonomy":"product_cat","embeddable":true,"href":"https:\/\/www.coloredcaramel.com\/sv\/wp-json\/wp\/v2\/product_cat?post=20520"},{"taxonomy":"product_tag","embeddable":true,"href":"https:\/\/www.coloredcaramel.com\/sv\/wp-json\/wp\/v2\/product_tag?post=20520"}],"curies":[{"name":"wp","href":"https:\/\/api.w.org\/{rel}","templated":true}]}}