{"id":21417,"date":"2025-10-07T15:55:44","date_gmt":"2025-10-07T15:55:44","guid":{"rendered":"https:\/\/www.coloredcaramel.com\/lat-oss-halla-kontakten\/"},"modified":"2025-10-07T15:55:44","modified_gmt":"2025-10-07T15:55:44","slug":"lat-oss-halla-kontakten","status":"publish","type":"page","link":"https:\/\/www.coloredcaramel.com\/sv\/lat-oss-halla-kontakten\/","title":{"rendered":"L\u00e5t oss h\u00e5lla kontakten"},"content":{"rendered":"<p>Hej  <span id=\"bwfan_contact_name\">John<\/span> <\/p>\n<p>Hj\u00e4lp oss att f\u00f6rb\u00e4ttra din upplevelse med oss genom b\u00e4ttre kommunikation. V\u00e4nligen justera dina preferenser f\u00f6r e-post <span id=\"bwfan_contact_email\">john@example.com<\/span>.   <\/p>\n<p>.<\/p>\n","protected":false},"excerpt":{"rendered":"<p>Hej Hj\u00e4lp oss att f\u00f6rb\u00e4ttra din upplevelse med oss genom b\u00e4ttre kommunikation. V\u00e4nligen justera dina preferenser f\u00f6r e-post . .<\/p>\n","protected":false},"author":2,"featured_media":0,"parent":0,"menu_order":0,"comment_status":"closed","ping_status":"closed","template":"","meta":{"_acf_changed":false,"_glsr_average":0,"_glsr_ranking":0,"_glsr_reviews":0,"footnotes":""},"class_list":["post-21417","page","type-page","status-publish","hentry"],"acf":[],"_links":{"self":[{"href":"https:\/\/www.coloredcaramel.com\/sv\/wp-json\/wp\/v2\/pages\/21417","targetHints":{"allow":["GET"]}}],"collection":[{"href":"https:\/\/www.coloredcaramel.com\/sv\/wp-json\/wp\/v2\/pages"}],"about":[{"href":"https:\/\/www.coloredcaramel.com\/sv\/wp-json\/wp\/v2\/types\/page"}],"author":[{"embeddable":true,"href":"https:\/\/www.coloredcaramel.com\/sv\/wp-json\/wp\/v2\/users\/2"}],"replies":[{"embeddable":true,"href":"https:\/\/www.coloredcaramel.com\/sv\/wp-json\/wp\/v2\/comments?post=21417"}],"version-history":[{"count":0,"href":"https:\/\/www.coloredcaramel.com\/sv\/wp-json\/wp\/v2\/pages\/21417\/revisions"}],"wp:attachment":[{"href":"https:\/\/www.coloredcaramel.com\/sv\/wp-json\/wp\/v2\/media?parent=21417"}],"curies":[{"name":"wp","href":"https:\/\/api.w.org\/{rel}","templated":true}]}}