{"id":20487,"date":"2023-03-13T07:16:00","date_gmt":"2023-03-13T07:16:00","guid":{"rendered":"https:\/\/www.coloredcaramel.com\/policy-for-aterbetalning-och-returer\/"},"modified":"2026-02-04T18:25:36","modified_gmt":"2026-02-04T18:25:36","slug":"policy-for-aterbetalning-och-returer","status":"publish","type":"page","link":"https:\/\/www.coloredcaramel.com\/sv\/policy-for-aterbetalning-och-returer\/","title":{"rendered":"Policy f\u00f6r \u00e5terbetalning och returer"},"content":{"rendered":"\t\t<div data-elementor-type=\"wp-page\" data-elementor-id=\"20487\" class=\"elementor elementor-20487 elementor-8479\" data-elementor-post-type=\"page\">\n\t\t\t\t\t\t<section class=\"elementor-section elementor-top-section elementor-element elementor-element-b101c29 elementor-section-boxed elementor-section-height-default elementor-section-height-default\" data-id=\"b101c29\" data-element_type=\"section\">\n\t\t\t\t\t\t<div class=\"elementor-container elementor-column-gap-default\">\n\t\t\t\t\t<div class=\"elementor-column elementor-col-100 elementor-top-column elementor-element elementor-element-f4af0e6\" data-id=\"f4af0e6\" data-element_type=\"column\">\n\t\t\t<div class=\"elementor-widget-wrap elementor-element-populated\">\n\t\t\t\t\t\t<div class=\"elementor-element elementor-element-3aa9e6a elementor-widget elementor-widget-text-editor\" data-id=\"3aa9e6a\" data-element_type=\"widget\" data-widget_type=\"text-editor.default\">\n\t\t\t\t<div class=\"elementor-widget-container\">\n\t\t\t\t\t\t\t\t\t<h1 data-start=\"175\" data-end=\"208\">\ud83e\uddfe Policy f\u00f6r returer och \u00e5terbetalningar<\/h1>\n<p data-start=\"209\" data-end=\"239\"><strong data-start=\"209\" data-end=\"239\">Senast uppdaterad: 7 juni 2025<\/strong><\/p>\n<p data-start=\"241\" data-end=\"464\">P\u00e5 <strong data-start=\"244\" data-end=\"263\">Colored Caramel<\/strong> \u00e4r vi fast beslutna att tillhandah\u00e5lla en h\u00e4rlig f\u00e4rgupplevelse genom v\u00e5ra digitala och fysiska produkter. V\u00e4nligen l\u00e4s igenom v\u00e5r retur- och \u00e5terbetalningspolicy nedan, baserat p\u00e5 vilken typ av produkt du k\u00f6pte. <\/p>\n<h3 data-start=\"466\" data-end=\"519\">\ud83d\udda5\ufe0f Digitala produkter (k\u00f6pta p\u00e5 v\u00e5r webbplats)<\/h3>\n<p data-start=\"520\" data-end=\"634\">Alla digitala m\u00e5larb\u00f6cker och nedladdningsbara filer som s\u00e4ljs via Colored Caramels webbplats <strong data-start=\"615\" data-end=\"633\">\u00e5terbetalas inte.<\/strong><\/p>\n<p data-start=\"636\" data-end=\"813\">P\u00e5 grund av den omedelbara digitala leveransens natur <strong data-start=\"686\" data-end=\"728\">accepterar<\/strong> vi <strong data-start=\"686\" data-end=\"728\">inte returer eller \u00e5terbetalningar<\/strong> f\u00f6r digitala produkter. N\u00e4r filerna har levererats anses de vara slutgiltiga. <\/p>\n<p data-start=\"815\" data-end=\"984\">\u2757 <strong data-start=\"817\" data-end=\"831\">Viktigt:<\/strong><br data-start=\"831\" data-end=\"834\">L\u00e4s produktbeskrivningarna noggrant innan du g\u00f6r ett k\u00f6p. Om du har n\u00e5gra fr\u00e5gor \u00e4r du v\u00e4lkommen att kontakta oss innan du g\u00f6r din best\u00e4llning. <\/p>\n<h3 data-start=\"986\" data-end=\"1035\">\ud83d\udce6 Fysiska produkter (k\u00f6pta via Amazon)<\/h3>\n<p data-start=\"1036\" data-end=\"1183\">V\u00e5ra fysiska m\u00e5larb\u00f6cker (t.ex. pocketutg\u00e5vor) s\u00e4ljs via <strong data-start=\"1110\" data-end=\"1120\">Amazon<\/strong>, och alla returer eller \u00e5terbetalningar omfattas av <strong data-start=\"1161\" data-end=\"1182\">Amazons policy.<\/strong><\/p>\n<p data-start=\"1185\" data-end=\"1209\">Amazon till\u00e5ter i allm\u00e4nhet:<\/p>\n<ul data-start=\"1210\" data-end=\"1347\">\n<li data-start=\"1210\" data-end=\"1252\">\n<p data-start=\"1212\" data-end=\"1252\">Returer inom <strong data-start=\"1227\" data-end=\"1238\">30 dagar<\/strong> efter leverans<\/p>\n<\/li>\n<li data-start=\"1253\" data-end=\"1298\">\n<p data-start=\"1255\" data-end=\"1298\">\u00c5terbetalningar som behandlas via ditt Amazon-konto<\/p>\n<\/li>\n<li data-start=\"1299\" data-end=\"1347\">\n<p data-start=\"1301\" data-end=\"1347\">F\u00f6rbetalda returfraktetiketter (om ber\u00e4ttigade)<\/p>\n<\/li>\n<\/ul>\n<p data-start=\"1349\" data-end=\"1448\">F\u00f6r att returnera en fysisk produkt, g\u00e5 till din Amazon orderhistorik och f\u00f6lj deras instruktioner.<\/p>\n<h3 data-start=\"1450\" data-end=\"1469\">\ud83d\udcac Beh\u00f6ver du hj\u00e4lp?<\/h3>\n<p data-start=\"1470\" data-end=\"1531\">Om du har fr\u00e5gor eller funderingar \u00e4r vi glada att kunna hj\u00e4lpa dig.<\/p>\n<p data-start=\"1533\" data-end=\"1616\">\ud83d\udce7 <strong data-start=\"1536\" data-end=\"1552\">Skicka e-post till oss p\u00e5:<\/strong> <a class=\"cursor-pointer\" rel=\"noopener\" data-start=\"1553\" data-end=\"1616\">support@coloredcaramel.com<\/a><\/p>\t\t\t\t\t\t\t\t<\/div>\n\t\t\t\t<\/div>\n\t\t\t\t\t<\/div>\n\t\t<\/div>\n\t\t\t\t\t<\/div>\n\t\t<\/section>\n\t\t\t\t<\/div>\n\t\t","protected":false},"excerpt":{"rendered":"<p>\ud83e\uddfe Policy f\u00f6r returer och \u00e5terbetalningar Senast uppdaterad: 7 juni 2025 P\u00e5 Colored Caramel \u00e4r vi fast beslutna att tillhandah\u00e5lla en h\u00e4rlig f\u00e4rgupplevelse genom v\u00e5ra digitala och fysiska produkter. V\u00e4nligen l\u00e4s igenom v\u00e5r retur- och \u00e5terbetalningspolicy nedan, baserat p\u00e5 vilken typ av produkt du k\u00f6pte. \ud83d\udda5\ufe0f Digitala produkter (k\u00f6pta p\u00e5 v\u00e5r webbplats) Alla digitala m\u00e5larb\u00f6cker<\/p>\n<div class=\"klb-readmore button\"><a class=\"btn link\" href=\"https:\/\/www.coloredcaramel.com\/sv\/policy-for-aterbetalning-och-returer\/\">Read More <i class=\"klbth-icon-right-arrow\"><\/i><\/a><\/div>\n","protected":false},"author":2,"featured_media":0,"parent":0,"menu_order":0,"comment_status":"closed","ping_status":"closed","template":"","meta":{"_acf_changed":false,"_glsr_average":0,"_glsr_ranking":0,"_glsr_reviews":0,"footnotes":""},"class_list":["post-20487","page","type-page","status-publish","hentry"],"acf":[],"_links":{"self":[{"href":"https:\/\/www.coloredcaramel.com\/sv\/wp-json\/wp\/v2\/pages\/20487","targetHints":{"allow":["GET"]}}],"collection":[{"href":"https:\/\/www.coloredcaramel.com\/sv\/wp-json\/wp\/v2\/pages"}],"about":[{"href":"https:\/\/www.coloredcaramel.com\/sv\/wp-json\/wp\/v2\/types\/page"}],"author":[{"embeddable":true,"href":"https:\/\/www.coloredcaramel.com\/sv\/wp-json\/wp\/v2\/users\/2"}],"replies":[{"embeddable":true,"href":"https:\/\/www.coloredcaramel.com\/sv\/wp-json\/wp\/v2\/comments?post=20487"}],"version-history":[{"count":1,"href":"https:\/\/www.coloredcaramel.com\/sv\/wp-json\/wp\/v2\/pages\/20487\/revisions"}],"predecessor-version":[{"id":20492,"href":"https:\/\/www.coloredcaramel.com\/sv\/wp-json\/wp\/v2\/pages\/20487\/revisions\/20492"}],"wp:attachment":[{"href":"https:\/\/www.coloredcaramel.com\/sv\/wp-json\/wp\/v2\/media?parent=20487"}],"curies":[{"name":"wp","href":"https:\/\/api.w.org\/{rel}","templated":true}]}}