{"id":17441,"date":"2022-05-31T16:44:14","date_gmt":"2022-05-31T16:44:14","guid":{"rendered":"https:\/\/www.coloredcaramel.com\/varukorg\/"},"modified":"2025-11-29T19:26:15","modified_gmt":"2025-11-29T19:26:15","slug":"varukorg","status":"publish","type":"page","link":"https:\/\/www.coloredcaramel.com\/sv\/varukorg\/","title":{"rendered":"Varukorg"},"content":{"rendered":"<div data-block-name=\"woocommerce\/cart\" class='oc5_shortcode_gift'><\/div>\n<div class=\"wp-block-woocommerce-cart alignwide is-loading\">\n<div data-block-name=\"woocommerce\/filled-cart-block\" class=\"wp-block-woocommerce-filled-cart-block\">\n<div data-block-name=\"woocommerce\/cart-items-block\" class=\"wp-block-woocommerce-cart-items-block\">\n<div data-block-name=\"woocommerce\/cart-line-items-block\" class=\"wp-block-woocommerce-cart-line-items-block\"><\/div>\n\n\n<\/div>\n\n\n\n\n<div data-block-name=\"woocommerce\/cart-totals-block\" class=\"wp-block-woocommerce-cart-totals-block\">\n<div data-block-name=\"woocommerce\/cart-order-summary-block\" class=\"wp-block-woocommerce-cart-order-summary-block\">\n<div data-block-name=\"woocommerce\/cart-order-summary-heading-block\" class=\"wp-block-woocommerce-cart-order-summary-heading-block\"><\/div><div data-block-name=\"woocommerce\/cart-order-summary-coupon-form-block\" class=\"wp-block-woocommerce-cart-order-summary-coupon-form-block\"><\/div><div data-block-name=\"woocommerce\/cart-order-summary-totals-block\" class=\"wp-block-woocommerce-cart-order-summary-totals-block\">\n<div data-block-name=\"woocommerce\/cart-order-summary-subtotal-block\" class=\"wp-block-woocommerce-cart-order-summary-subtotal-block\"><\/div>\n<div data-block-name=\"woocommerce\/cart-order-summary-discount-block\" class=\"wp-block-woocommerce-cart-order-summary-discount-block\"><\/div>\n<div data-block-name=\"woocommerce\/cart-order-summary-fee-block\" class=\"wp-block-woocommerce-cart-order-summary-fee-block\"><\/div>\n<div data-block-name=\"woocommerce\/cart-order-summary-shipping-block\" class=\"wp-block-woocommerce-cart-order-summary-shipping-block\"><\/div>\n<div data-block-name=\"woocommerce\/cart-order-summary-taxes-block\" class=\"wp-block-woocommerce-cart-order-summary-taxes-block\"><\/div><\/div>\n<\/div>\n\n\n\n<div data-block-name=\"woocommerce\/cart-express-payment-block\" class=\"wp-block-woocommerce-cart-express-payment-block\"><\/div>\n\n\n\n<div data-block-name=\"woocommerce\/proceed-to-checkout-block\" class=\"wp-block-woocommerce-proceed-to-checkout-block\"><\/div>\n\n\n\n<div data-block-name=\"woocommerce\/cart-accepted-payment-methods-block\" class=\"wp-block-woocommerce-cart-accepted-payment-methods-block\"><\/div>\n<\/div>\n<\/div>\n\n\n\n<div data-block-name=\"woocommerce\/empty-cart-block\" class=\"wp-block-woocommerce-empty-cart-block\">\n<h2 class=\"wp-block-heading has-text-align-center with-empty-cart-icon wc-block-cart__empty-cart__title\">Din varukorg \u00e4r f\u00f6r n\u00e4rvarande tom!<\/h2>\n\n\n\n<hr class=\"wp-block-separator has-alpha-channel-opacity is-style-dots\"\/>\n\n\n\n<h2 class=\"wp-block-heading has-text-align-center\">Nytt i butik<\/h2>\n\n\n<div data-block-name=\"woocommerce\/product-new\" data-columns=\"4\" data-rows=\"1\" class=\"wc-block-grid wp-block-product-new wp-block-woocommerce-product-new wc-block-product-new has-4-columns\"><ul class=\"wc-block-grid__products\"><li class=\"wc-block-grid__product\">\n\t\t\t\t<a href=\"https:\/\/www.coloredcaramel.com\/sv\/produkt\/ganska-mysigt-sot-hygge-malarbok-bekvam-avkoppling-for-vuxna-och-tonaringar\/\" class=\"wc-block-grid__product-link\">\n\t\t\t\t\t\n\t\t\t\t\t<div class=\"wc-block-grid__product-image\"><img fetchpriority=\"high\" decoding=\"async\" width=\"300\" height=\"300\" src=\"https:\/\/www.coloredcaramel.com\/wp-content\/uploads\/2026\/02\/cute-and-comfy-coloring-book-300x300.jpg\" class=\"attachment-woocommerce_thumbnail size-woocommerce_thumbnail\" alt=\"s\u00f6t hygge m\u00e5larbok\" srcset=\"https:\/\/www.coloredcaramel.com\/wp-content\/uploads\/2026\/02\/cute-and-comfy-coloring-book-300x300.jpg 300w, https:\/\/www.coloredcaramel.com\/wp-content\/uploads\/2026\/02\/cute-and-comfy-coloring-book-150x150.jpg 150w, https:\/\/www.coloredcaramel.com\/wp-content\/uploads\/2026\/02\/cute-and-comfy-coloring-book-450x450.jpg 450w\" sizes=\"(max-width: 300px) 100vw, 300px\" \/><\/div>\n\t\t\t\t\t<div class=\"wc-block-grid__product-title\">Ganska mysigt: S\u00f6t Hygge m\u00e5larbok &#8211; bekv\u00e4m avkoppling f\u00f6r vuxna och ton\u00e5ringar<\/div>\n\t\t\t\t<\/a>\n\t\t\t\t<div class=\"wc-block-grid__product-price price\"><span class=\"woocommerce-Price-amount amount\" aria-hidden=\"true\">7.99&nbsp;<span class=\"woocommerce-Price-currencySymbol\">&#036;<\/span><\/span> <span aria-hidden=\"true\">\u2013<\/span> <span class=\"woocommerce-Price-amount amount\" aria-hidden=\"true\">9.99&nbsp;<span class=\"woocommerce-Price-currencySymbol\">&#036;<\/span><\/span><span class=\"screen-reader-text\">Prisintervall: 7.99&nbsp;&#036; till 9.99&nbsp;&#036;<\/span><\/div>\n\t\t\t\t\n\t\t\t\t<div class=\"wp-block-button wc-block-grid__product-add-to-cart\"><a href=\"https:\/\/www.coloredcaramel.com\/sv\/produkt\/ganska-mysigt-sot-hygge-malarbok-bekvam-avkoppling-for-vuxna-och-tonaringar\/\" aria-label=\"V\u00e4lj alternativ f\u00f6r \u201dGanska mysigt: S\u00f6t Hygge m\u00e5larbok - bekv\u00e4m avkoppling f\u00f6r vuxna och ton\u00e5ringar\u201d\" data-quantity=\"1\" data-product_id=\"29478\" data-product_sku=\"\" data-price=\"7.99\" rel=\"nofollow\" class=\"wp-block-button__link  add_to_cart_button\">V\u00e4lj alternativ<\/a><\/div>\n\t\t\t<\/li><li class=\"wc-block-grid__product\">\n\t\t\t\t<a href=\"https:\/\/www.coloredcaramel.com\/sv\/produkt\/kawaii-alla-hjartans-dag-malarbok-roliga-och-sota-handritade-illustrationer\/\" class=\"wc-block-grid__product-link\">\n\t\t\t\t\t\n\t\t\t\t\t<div class=\"wc-block-grid__product-image\"><img decoding=\"async\" width=\"300\" height=\"300\" src=\"https:\/\/www.coloredcaramel.com\/wp-content\/uploads\/2026\/01\/Valentines-day-coloring-pages-2-300x300.jpg\" class=\"attachment-woocommerce_thumbnail size-woocommerce_thumbnail\" alt=\"kawaii valentinsdag f\u00e4rgl\u00e4ggningssidor\" srcset=\"https:\/\/www.coloredcaramel.com\/wp-content\/uploads\/2026\/01\/Valentines-day-coloring-pages-2-300x300.jpg 300w, https:\/\/www.coloredcaramel.com\/wp-content\/uploads\/2026\/01\/Valentines-day-coloring-pages-2-150x150.jpg 150w, https:\/\/www.coloredcaramel.com\/wp-content\/uploads\/2026\/01\/Valentines-day-coloring-pages-2-450x450.jpg 450w\" sizes=\"(max-width: 300px) 100vw, 300px\" \/><\/div>\n\t\t\t\t\t<div class=\"wc-block-grid__product-title\">Kawaii Alla hj\u00e4rtans dag m\u00e5larbok &#8211; roliga och s\u00f6ta handritade illustrationer<\/div>\n\t\t\t\t<\/a>\n\t\t\t\t<div class=\"wc-block-grid__product-price price\"><span class=\"woocommerce-Price-amount amount\" aria-hidden=\"true\">5.99&nbsp;<span class=\"woocommerce-Price-currencySymbol\">&#036;<\/span><\/span> <span aria-hidden=\"true\">\u2013<\/span> <span class=\"woocommerce-Price-amount amount\" aria-hidden=\"true\">7.99&nbsp;<span class=\"woocommerce-Price-currencySymbol\">&#036;<\/span><\/span><span class=\"screen-reader-text\">Prisintervall: 5.99&nbsp;&#036; till 7.99&nbsp;&#036;<\/span><\/div>\n\t\t\t\t\n\t\t\t\t<div class=\"wp-block-button wc-block-grid__product-add-to-cart\"><a href=\"https:\/\/www.coloredcaramel.com\/sv\/produkt\/kawaii-alla-hjartans-dag-malarbok-roliga-och-sota-handritade-illustrationer\/\" aria-label=\"V\u00e4lj alternativ f\u00f6r \u201dKawaii Alla hj\u00e4rtans dag m\u00e5larbok - roliga och s\u00f6ta handritade illustrationer\u201d\" data-quantity=\"1\" data-product_id=\"27343\" data-product_sku=\"\" data-price=\"5.99\" rel=\"nofollow\" class=\"wp-block-button__link  add_to_cart_button\">V\u00e4lj alternativ<\/a><\/div>\n\t\t\t<\/li><li class=\"wc-block-grid__product\">\n\t\t\t\t<a href=\"https:\/\/www.coloredcaramel.com\/sv\/produkt\/alla-hjartans-dag-malarbok-mysig-karlek-med-bedarande-handritade-bekvama-illustrationer\/\" class=\"wc-block-grid__product-link\">\n\t\t\t\t\t\n\t\t\t\t\t<div class=\"wc-block-grid__product-image\"><img decoding=\"async\" width=\"300\" height=\"300\" src=\"https:\/\/www.coloredcaramel.com\/wp-content\/uploads\/2026\/01\/Valentines-day-coloring-pages-1-300x300.jpg\" class=\"attachment-woocommerce_thumbnail size-woocommerce_thumbnail\" alt=\"Alla hj\u00e4rtans dag f\u00e4rgl\u00e4ggningssidor\" srcset=\"https:\/\/www.coloredcaramel.com\/wp-content\/uploads\/2026\/01\/Valentines-day-coloring-pages-1-300x300.jpg 300w, https:\/\/www.coloredcaramel.com\/wp-content\/uploads\/2026\/01\/Valentines-day-coloring-pages-1-150x150.jpg 150w, https:\/\/www.coloredcaramel.com\/wp-content\/uploads\/2026\/01\/Valentines-day-coloring-pages-1-450x450.jpg 450w\" sizes=\"(max-width: 300px) 100vw, 300px\" \/><\/div>\n\t\t\t\t\t<div class=\"wc-block-grid__product-title\">Alla hj\u00e4rtans dag M\u00e5larbok Mysig k\u00e4rlek med bed\u00e5rande handritade bekv\u00e4ma illustrationer<\/div>\n\t\t\t\t<\/a>\n\t\t\t\t<div class=\"wc-block-grid__product-price price\"><span class=\"woocommerce-Price-amount amount\">2.95&nbsp;<span class=\"woocommerce-Price-currencySymbol\">&#036;<\/span><\/span><\/div>\n\t\t\t\t\n\t\t\t\t<div class=\"wp-block-button wc-block-grid__product-add-to-cart\"><a href=\"https:\/\/www.coloredcaramel.com\/sv\/produkt\/alla-hjartans-dag-malarbok-mysig-karlek-med-bedarande-handritade-bekvama-illustrationer\/\" aria-label=\"V\u00e4lj alternativ f\u00f6r \u201dAlla hj\u00e4rtans dag M\u00e5larbok Mysig k\u00e4rlek med bed\u00e5rande handritade bekv\u00e4ma illustrationer\u201d\" data-quantity=\"1\" data-product_id=\"27487\" data-product_sku=\"\" data-price=\"2.95\" rel=\"nofollow\" class=\"wp-block-button__link  add_to_cart_button\">V\u00e4lj alternativ<\/a><\/div>\n\t\t\t<\/li><li class=\"wc-block-grid__product\">\n\t\t\t\t<a href=\"https:\/\/www.coloredcaramel.com\/sv\/produkt\/diy-comfy-home-sot-mysig-malarbok-avslappning-i-hemmet-for-vuxna-och-tonaringar\/\" class=\"wc-block-grid__product-link\">\n\t\t\t\t\t\n\t\t\t\t\t<div class=\"wc-block-grid__product-image\"><img loading=\"lazy\" decoding=\"async\" width=\"300\" height=\"300\" src=\"https:\/\/www.coloredcaramel.com\/wp-content\/uploads\/2025\/12\/EtsyMockup1_2DIY-scaled-300x300.jpg\" class=\"attachment-woocommerce_thumbnail size-woocommerce_thumbnail\" alt=\"DIY Comfy Home S\u00f6t &amp; mysig m\u00e5larbok: Avslappning i hemmet f\u00f6r vuxna och ton\u00e5ringar\" srcset=\"https:\/\/www.coloredcaramel.com\/wp-content\/uploads\/2025\/12\/EtsyMockup1_2DIY-scaled-300x300.jpg 300w, https:\/\/www.coloredcaramel.com\/wp-content\/uploads\/2025\/12\/EtsyMockup1_2DIY-scaled-100x100.jpg 100w, https:\/\/www.coloredcaramel.com\/wp-content\/uploads\/2025\/12\/EtsyMockup1_2DIY-150x150.jpg 150w, https:\/\/www.coloredcaramel.com\/wp-content\/uploads\/2025\/12\/EtsyMockup1_2DIY-450x450.jpg 450w\" sizes=\"(max-width: 300px) 100vw, 300px\" \/><\/div>\n\t\t\t\t\t<div class=\"wc-block-grid__product-title\">DIY Comfy Home S\u00f6t &amp; mysig m\u00e5larbok: Avslappning i hemmet f\u00f6r vuxna och ton\u00e5ringar<\/div>\n\t\t\t\t<\/a>\n\t\t\t\t<div class=\"wc-block-grid__product-price price\"><span class=\"woocommerce-Price-amount amount\" aria-hidden=\"true\">7.99&nbsp;<span class=\"woocommerce-Price-currencySymbol\">&#036;<\/span><\/span> <span aria-hidden=\"true\">\u2013<\/span> <span class=\"woocommerce-Price-amount amount\" aria-hidden=\"true\">9.99&nbsp;<span class=\"woocommerce-Price-currencySymbol\">&#036;<\/span><\/span><span class=\"screen-reader-text\">Prisintervall: 7.99&nbsp;&#036; till 9.99&nbsp;&#036;<\/span><\/div>\n\t\t\t\t\n\t\t\t\t<div class=\"wp-block-button wc-block-grid__product-add-to-cart\"><a href=\"https:\/\/www.coloredcaramel.com\/sv\/produkt\/diy-comfy-home-sot-mysig-malarbok-avslappning-i-hemmet-for-vuxna-och-tonaringar\/\" aria-label=\"V\u00e4lj alternativ f\u00f6r \u201dDIY Comfy Home S\u00f6t &amp; mysig m\u00e5larbok: Avslappning i hemmet f\u00f6r vuxna och ton\u00e5ringar\u201d\" data-quantity=\"1\" data-product_id=\"27549\" data-product_sku=\"\" data-price=\"7.99\" rel=\"nofollow\" class=\"wp-block-button__link  add_to_cart_button\">V\u00e4lj alternativ<\/a><\/div>\n\t\t\t<\/li><\/ul><\/div><\/div>\n<\/div>\n","protected":false},"excerpt":{"rendered":"","protected":false},"author":108,"featured_media":0,"parent":0,"menu_order":0,"comment_status":"closed","ping_status":"closed","template":"","meta":{"_acf_changed":false,"_glsr_average":0,"_glsr_ranking":0,"_glsr_reviews":0,"footnotes":""},"class_list":["post-17441","page","type-page","status-publish","hentry"],"acf":[],"_links":{"self":[{"href":"https:\/\/www.coloredcaramel.com\/sv\/wp-json\/wp\/v2\/pages\/17441","targetHints":{"allow":["GET"]}}],"collection":[{"href":"https:\/\/www.coloredcaramel.com\/sv\/wp-json\/wp\/v2\/pages"}],"about":[{"href":"https:\/\/www.coloredcaramel.com\/sv\/wp-json\/wp\/v2\/types\/page"}],"author":[{"embeddable":true,"href":"https:\/\/www.coloredcaramel.com\/sv\/wp-json\/wp\/v2\/users\/108"}],"replies":[{"embeddable":true,"href":"https:\/\/www.coloredcaramel.com\/sv\/wp-json\/wp\/v2\/comments?post=17441"}],"version-history":[{"count":0,"href":"https:\/\/www.coloredcaramel.com\/sv\/wp-json\/wp\/v2\/pages\/17441\/revisions"}],"wp:attachment":[{"href":"https:\/\/www.coloredcaramel.com\/sv\/wp-json\/wp\/v2\/media?parent=17441"}],"curies":[{"name":"wp","href":"https:\/\/api.w.org\/{rel}","templated":true}]}}