{"id":27570,"date":"2025-12-19T06:32:27","date_gmt":"2025-12-19T06:32:27","guid":{"rendered":"https:\/\/www.coloredcaramel.com\/product\/livro-para-colorir-diy-comfy-home-cute-cozy-cria-uma-casa-relaxante-para-adultos-e-adolescentes\/"},"modified":"2026-04-06T08:21:13","modified_gmt":"2026-04-06T08:21:13","slug":"livro-para-colorir-diy-comfy-home-cute-cozy-cria-uma-casa-relaxante-para-adultos-e-adolescentes","status":"publish","type":"product","link":"https:\/\/www.coloredcaramel.com\/pt-pt\/produto\/livro-para-colorir-diy-comfy-home-cute-cozy-cria-uma-casa-relaxante-para-adultos-e-adolescentes\/","title":{"rendered":"Livro para colorir DIY Comfy Home Cute &amp; Cozy: Cria uma casa relaxante para adultos e adolescentes"},"content":{"rendered":"<p class=\"font-claude-response-body break-words whitespace-normal leading-[1.7]\"><span style=\"font-family: 'comic sans ms', sans-serif;\">Prepara-te para as <strong>p\u00e1ginas para colorir mais emocionantes de sempre!<\/strong> \u2728<\/span><\/p>\n<p class=\"font-claude-response-body break-words whitespace-normal leading-[1.7]\"><span style=\"font-family: 'comic sans ms', sans-serif;\">Bem-vindo ao <strong>DIY Comfy Home<\/strong>, um livro para colorir cheio de amiguinhos ador\u00e1veis que criam os seus espa\u00e7os perfeitos e acolhedores. Pega nos teus marcadores, enrola-te num s\u00edtio macio e deixa a tua imagina\u00e7\u00e3o brilhar. \u2728<\/span><\/p>\n<p class=\"font-claude-response-body break-words whitespace-normal leading-[1.7]\"><span style=\"font-family: 'comic sans ms', sans-serif;\">A felicidade \u00e9 feita em casa! \ud83d\udc97<\/span><\/p>\n<p class=\"font-claude-response-body break-words whitespace-normal leading-[1.7]\"><span style=\"font-family: 'comic sans ms', sans-serif;\">Porque \u00e9 que gostamos dele:<\/span><\/p>\n<ul class=\"[li_&amp;]:mb-0 [li_&amp;]:mt-1.5 [li_&amp;]:gap-1.5 [&amp;:not(:last-child)_ul]:pb-1 [&amp;:not(:last-child)_ol]:pb-1 list-disc flex flex-col gap-2 pl-8 mb-3\">\n<li class=\"whitespace-normal break-words pl-2\"><span style=\"font-family: 'comic sans ms', sans-serif;\">Desenhos ador\u00e1veis e arrojados para colorir.<\/span><\/li>\n<li class=\"whitespace-normal break-words pl-2\"><span style=\"font-family: 'comic sans ms', sans-serif;\">PDF com <strong>40 ilustra\u00e7\u00f5es caseiras \u00fanicas<\/strong> &#8211; (sem repeti\u00e7\u00f5es!).<\/span><\/li>\n<li class=\"whitespace-normal break-words pl-2\"><span style=\"font-family: 'comic sans ms', sans-serif;\">Inclui <strong>amostras de cores e pequenos espa\u00e7os para brincares com paletas e padr\u00f5es!<\/strong><\/span><\/li>\n<li class=\"whitespace-normal break-words pl-2\"><span style=\"font-family: 'comic sans ms', sans-serif;\"><strong>O tamanho da p\u00e1gina \u00e9 de 8,5 x 8,5 polegadas<\/strong> &#8211; \u00e9 melhor imprimir em papel de 8,5 x 11 polegadas.<\/span><\/li>\n<li class=\"whitespace-normal break-words pl-2\"><span style=\"font-family: 'comic sans ms', sans-serif;\">Feito para <strong>adultos e adolescentes<\/strong> que adoram ilustra\u00e7\u00f5es giras, acolhedoras e relaxantes.<\/span><\/li>\n<li class=\"whitespace-normal break-words pl-2\"><span style=\"font-family: 'comic sans ms', sans-serif;\">O teu escape calmo do stress di\u00e1rio.<\/span><\/li>\n<li class=\"whitespace-normal break-words pl-2\"><span style=\"font-family: 'comic sans ms', sans-serif;\">\u00c9 perfeito como um presente atencioso.<\/span><\/li>\n<\/ul>\n<p class=\"font-claude-response-body break-words whitespace-normal leading-[1.7]\"><span style=\"font-family: 'comic sans ms', sans-serif;\">Escolhe o teu preferido: <strong>Digital ou Brochura!<\/strong><br \/>\n\ud83e\udde1 Obt\u00e9m a tua c\u00f3pia digital aqui mesmo, ou<br \/>\n\ud83d\udc9a Seleciona brochura para a encomendares na Amazon!<\/span><\/p>\n<p>&nbsp;<\/p>\n<p class=\"font-claude-response-body break-words whitespace-normal leading-[1.7]\"><span style=\"font-family: 'comic sans ms', sans-serif;\">\u2728 Importante \u2728<br \/>\n<\/span><span style=\"font-family: 'comic sans ms', sans-serif;\"><strong>Este \u00e9 um livro de colorir digital e imprim\u00edvel.<br \/>\n<\/strong><\/span><span style=\"font-family: 'comic sans ms', sans-serif;\"><strong>N\u00e3o ser\u00e3o enviadas c\u00f3pias f\u00edsicas.<br \/>\n<\/strong><\/span><span style=\"font-family: 'comic sans ms', sans-serif;\">Podes descarreg\u00e1-lo e imprimi-lo em casa as vezes que quiseres &#8211; <strong>apenas para uso pessoal.<br \/>\n<\/strong><\/span><span style=\"font-family: 'comic sans ms', sans-serif;\">\ud83d\udc95 S <strong>em uso comercial<\/strong> &#8211; n\u00e3o vendas, partilhes ou redistribuas estas p\u00e1ginas.<br \/>\n<\/span><span style=\"font-family: 'comic sans ms', sans-serif;\"><strong>N\u00e3o utilizes os desenhos para criar novos produtos<\/strong> (como autocolantes, livros ou artigos).<br \/>\n<\/span><span style=\"font-family: 'comic sans ms', sans-serif;\">Podes partilhar as tuas p\u00e1ginas coloridas online &#8211; basta <strong>dares o nome de Caramelo Colorido.<br \/>\n<\/strong><\/span><span style=\"font-family: 'comic sans ms', sans-serif;\">\ud83d\udd8b\ufe0f <strong>Todos os desenhos est\u00e3o totalmente protegidos por direitos de autor da Colored Caramel.<\/strong> Por favor, respeita o nosso trabalho e a nossa criatividade.<\/span><\/p>\n<p class=\"font-claude-response-body break-words whitespace-normal leading-[1.7]\"><span style=\"font-family: 'comic sans ms', sans-serif;\">Prepara-te, prepara-te, colora! Pega no teu exemplar e mergulha num mundo de criatividade acolhedora! <\/span><\/p>\n<p class=\"font-claude-response-body break-words whitespace-normal leading-[1.7]\"><span style=\"font-family: 'comic sans ms', sans-serif;\">Se tiveres alguma d\u00favida envia-nos uma mensagem \ud83e\udde1<\/span><\/p>\n","protected":false},"excerpt":{"rendered":"<p>Prepara-te para as p\u00e1ginas para colorir mais emocionantes de sempre! \u2728 Bem-vindo ao DIY Comfy Home, um livro para colorir cheio de amiguinhos ador\u00e1veis que criam os seus espa\u00e7os perfeitos e acolhedores. Pega nos teus marcadores, enrola-te num s\u00edtio macio e deixa a tua imagina\u00e7\u00e3o brilhar. \u2728 A felicidade \u00e9 feita em casa! \ud83d\udc97 Porque<\/p>\n<div class=\"klb-readmore button\"><a class=\"btn link\" href=\"https:\/\/www.coloredcaramel.com\/pt-pt\/produto\/livro-para-colorir-diy-comfy-home-cute-cozy-cria-uma-casa-relaxante-para-adultos-e-adolescentes\/\">Read More <i class=\"klbth-icon-right-arrow\"><\/i><\/a><\/div>\n","protected":false},"featured_media":27581,"template":"","meta":{"_acf_changed":false,"_glsr_average":0,"_glsr_ranking":0,"_glsr_reviews":0},"product_brand":[],"product_cat":[829,1308],"product_tag":[1363,1367,1362,1364,1368,371,1366],"class_list":{"0":"post-27570","1":"product","2":"type-product","3":"status-publish","4":"has-post-thumbnail","6":"product_cat-coloring-books","7":"product_cat-relaxation","8":"product_tag-cute-coloring-page","9":"product_tag-diy-comfy-home-coloring-sheets","10":"product_tag-comfy-coloring-book","11":"product_tag-fun-and-cozy-coloring-book","12":"product_tag-coloring-books","13":"product_tag-coloring-pages","14":"product_tag-relaxation-for-adults-and-teens","16":"first","17":"instock","18":"sold-individually","19":"shipping-taxable","20":"purchasable","21":"product-type-variable"},"bundled_by":[],"bundle_stock_status":"instock","bundle_stock_quantity":null,"bundle_virtual":false,"bundle_layout":"","bundle_add_to_cart_form_location":"","bundle_editable_in_cart":false,"bundle_sold_individually_context":"","bundle_item_grouping":"","bundle_min_size":"","bundle_max_size":"","bundle_price":[],"bundled_items":[],"bundle_sell_ids":[],"acf":[],"_links":{"self":[{"href":"https:\/\/www.coloredcaramel.com\/pt-pt\/wp-json\/wp\/v2\/product\/27570","targetHints":{"allow":["GET"]}}],"collection":[{"href":"https:\/\/www.coloredcaramel.com\/pt-pt\/wp-json\/wp\/v2\/product"}],"about":[{"href":"https:\/\/www.coloredcaramel.com\/pt-pt\/wp-json\/wp\/v2\/types\/product"}],"wp:featuredmedia":[{"embeddable":true,"href":"https:\/\/www.coloredcaramel.com\/pt-pt\/wp-json\/wp\/v2\/media\/27581"}],"wp:attachment":[{"href":"https:\/\/www.coloredcaramel.com\/pt-pt\/wp-json\/wp\/v2\/media?parent=27570"}],"wp:term":[{"taxonomy":"product_brand","embeddable":true,"href":"https:\/\/www.coloredcaramel.com\/pt-pt\/wp-json\/wp\/v2\/product_brand?post=27570"},{"taxonomy":"product_cat","embeddable":true,"href":"https:\/\/www.coloredcaramel.com\/pt-pt\/wp-json\/wp\/v2\/product_cat?post=27570"},{"taxonomy":"product_tag","embeddable":true,"href":"https:\/\/www.coloredcaramel.com\/pt-pt\/wp-json\/wp\/v2\/product_tag?post=27570"}],"curies":[{"name":"wp","href":"https:\/\/api.w.org\/{rel}","templated":true}]}}