{"id":27363,"date":"2026-01-31T14:23:02","date_gmt":"2026-01-31T14:23:02","guid":{"rendered":"https:\/\/www.coloredcaramel.com\/product\/desenhos-para-colorir-kawaii-dia-dos-namorados-ilustracoes-divertidas-e-fofas-desenhadas-a-mao\/"},"modified":"2026-04-06T08:21:07","modified_gmt":"2026-04-06T08:21:07","slug":"desenhos-para-colorir-kawaii-dia-dos-namorados-ilustracoes-divertidas-e-fofas-desenhadas-a-mao","status":"publish","type":"product","link":"https:\/\/www.coloredcaramel.com\/pt-pt\/produto\/desenhos-para-colorir-kawaii-dia-dos-namorados-ilustracoes-divertidas-e-fofas-desenhadas-a-mao\/","title":{"rendered":"Desenhos para colorir Kawaii Dia dos Namorados &#8211; Ilustra\u00e7\u00f5es divertidas e fofas desenhadas \u00e0 m\u00e3o"},"content":{"rendered":"<h3><span style=\"font-family: 'comic sans ms', sans-serif;\"><span style=\"font-size: 12pt;\"><b>Apaixona-te por tudo o que \u00e9 ador\u00e1vel! \ud83d\udc95<br \/>\n<\/b><\/span><span style=\"font-size: 12pt;\"><span style=\"font-weight: 400;\">Estas <\/span><b>p\u00e1ginas para colorir do Dia dos Namorados Kawaii<\/b><span style=\"font-weight: 400;\"> est\u00e3o repletas de ilustra\u00e7\u00f5es divertidas concebidas para te fazer sorrir. Quer estejas a colorir um doce ou um amigo fofinho, o que importa \u00e9 espalhar alegria e ser criativo. \u2728<\/span><\/span><\/span><\/h3>\n<p><span style=\"font-weight: 400; font-size: 12pt; font-family: 'comic sans ms', sans-serif;\">Pega nas tuas cores preferidas e vamos fazer algo &#8220;Colorido com Amor!&#8221; \ud83d\udc97<\/span><\/p>\n<p><span style=\"font-weight: 400; font-size: 12pt; font-family: 'comic sans ms', sans-serif;\">Porque \u00e9 que gostamos dele:<\/span><\/p>\n<ul>\n<li><span style=\"font-size: 12pt; font-family: 'comic sans ms', sans-serif;\">Ilustra\u00e7\u00f5es <strong>desenhadas \u00e0 m\u00e3o,<\/strong> com muito charme <strong>e<\/strong> emo\u00e7\u00e3o.<\/span><\/li>\n<li><span style=\"font-weight: 400; font-size: 12pt; font-family: 'comic sans ms', sans-serif;\">  PDF com 25 ilustra\u00e7\u00f5es \u00fanicas cheias de amor &#8211; (sem repeti\u00e7\u00f5es!).<\/span><\/li>\n<li><span style=\"font-weight: 400; font-size: 12pt; font-family: 'comic sans ms', sans-serif;\">O tamanho da p\u00e1gina \u00e9 de 8,5 x 11 polegadas.  <\/span><\/li>\n<li><span style=\"font-weight: 400; font-size: 12pt; font-family: 'comic sans ms', sans-serif;\">  Feito para adultos e adolescentes que adoram p\u00e1ginas para colorir bonitas, acolhedoras e relaxantes.<\/span><\/li>\n<li><span style=\"font-weight: 400; font-size: 12pt; font-family: 'comic sans ms', sans-serif;\">  Uma <strong>pausa bonita e cheia de amor<\/strong> na az\u00e1fama do dia a dia.<\/span><\/li>\n<li><span style=\"font-weight: 400; font-size: 12pt; font-family: 'comic sans ms', sans-serif;\">A forma perfeita de te mimares ou de surpreenderes algu\u00e9m especial neste Dia dos Namorados.<\/span><\/li>\n<\/ul>\n<h3><span style=\"font-size: 12pt; font-family: 'comic sans ms', sans-serif;\"><span style=\"font-weight: 400;\">\u2728 <\/span><b>Importante<\/b><span style=\"font-weight: 400;\"> \u2728<\/span><span style=\"font-weight: 400;\"><br \/>\n<\/span><span style=\"font-weight: 400;\">\ud83e\udde1 Estas s\u00e3o p\u00e1ginas para colorir digitais e imprim\u00edveis.<\/span><span style=\"font-weight: 400;\"><br \/>\n<\/span><span style=\"font-weight: 400;\">N\u00e3o ser\u00e3o enviadas c\u00f3pias f\u00edsicas.<\/span><span style=\"font-weight: 400;\"><br \/>\n<\/span><span style=\"font-weight: 400;\">Podes descarreg\u00e1-los e imprimi-los em casa as vezes que quiseres &#8211; apenas para uso pessoal.<\/span><span style=\"font-weight: 400;\"><br \/>\n<\/span><span style=\"font-weight: 400;\">\ud83d\udc95 Sem uso comercial &#8211; n\u00e3o vendas, partilhes ou redistribuas estas p\u00e1ginas.<\/span><span style=\"font-weight: 400;\"><br \/>\n<\/span><span style=\"font-weight: 400;\">N\u00e3o utilizes os desenhos para criar novos produtos (como autocolantes, livros ou artigos).<\/span><span style=\"font-weight: 400;\"><br \/>\n<\/span><span style=\"font-weight: 400;\">Podes partilhar as tuas p\u00e1ginas coloridas online &#8211; basta dares o nome de Caramelo Colorido.<\/span><span style=\"font-weight: 400;\"><br \/>\n<\/span><span style=\"font-weight: 400;\">\ud83d\udd8b\ufe0f Todos os desenhos est\u00e3o totalmente protegidos por direitos de autor da Colored Caramel. Por favor, respeita o nosso trabalho e a nossa criatividade. <\/span><span style=\"font-weight: 400;\"><br \/>\n<\/span><span style=\"font-weight: 400;\"><br \/>\n<\/span><span style=\"font-weight: 400;\">Prepara, prepara, cor! Pega na tua c\u00f3pia e mergulha neste <\/span><b>mundo kawaii amoroso<\/b><span style=\"font-weight: 400;\">!<\/span><\/span><\/h3>\n<p><span style=\"font-weight: 400; font-size: 12pt; font-family: 'comic sans ms', sans-serif;\">Se tiveres alguma d\u00favida envia-nos uma mensagem. \ud83e\udde1<\/span><\/p>\n","protected":false},"excerpt":{"rendered":"<p>Apaixona-te por tudo o que \u00e9 ador\u00e1vel! \ud83d\udc95 Estas p\u00e1ginas para colorir do Dia dos Namorados Kawaii est\u00e3o repletas de ilustra\u00e7\u00f5es divertidas concebidas para te fazer sorrir. Quer estejas a colorir um doce ou um amigo fofinho, o que importa \u00e9 espalhar alegria e ser criativo. \u2728 Pega nas tuas cores preferidas e vamos fazer<\/p>\n<div class=\"klb-readmore button\"><a class=\"btn link\" href=\"https:\/\/www.coloredcaramel.com\/pt-pt\/produto\/desenhos-para-colorir-kawaii-dia-dos-namorados-ilustracoes-divertidas-e-fofas-desenhadas-a-mao\/\">Read More <i class=\"klbth-icon-right-arrow\"><\/i><\/a><\/div>\n","protected":false},"featured_media":27374,"template":"","meta":{"_acf_changed":false,"_glsr_average":0,"_glsr_ranking":0,"_glsr_reviews":0},"product_brand":[],"product_cat":[1376,199,829],"product_tag":[1375,1373,1371,1057,201,282,1374],"class_list":{"0":"post-27363","1":"product","2":"type-product","3":"status-publish","4":"has-post-thumbnail","6":"product_cat-love","7":"product_cat-kawaii","8":"product_cat-coloring-books","9":"product_tag-coloring-pages-print-at-home","10":"product_tag-valentines-day","11":"product_tag-valentines-day-coloring-pages","12":"product_tag-kawaii-color-sheet","13":"product_tag-cute-kawaii-coloring-books","14":"product_tag-kawaii-valentines","15":"product_tag-printable-coloring-pages","17":"first","18":"instock","19":"sold-individually","20":"shipping-taxable","21":"purchasable","22":"product-type-variable"},"bundled_by":[],"bundle_stock_status":"instock","bundle_stock_quantity":null,"bundle_virtual":false,"bundle_layout":"","bundle_add_to_cart_form_location":"","bundle_editable_in_cart":false,"bundle_sold_individually_context":"","bundle_item_grouping":"","bundle_min_size":"","bundle_max_size":"","bundle_price":[],"bundled_items":[],"bundle_sell_ids":[],"acf":[],"_links":{"self":[{"href":"https:\/\/www.coloredcaramel.com\/pt-pt\/wp-json\/wp\/v2\/product\/27363","targetHints":{"allow":["GET"]}}],"collection":[{"href":"https:\/\/www.coloredcaramel.com\/pt-pt\/wp-json\/wp\/v2\/product"}],"about":[{"href":"https:\/\/www.coloredcaramel.com\/pt-pt\/wp-json\/wp\/v2\/types\/product"}],"wp:featuredmedia":[{"embeddable":true,"href":"https:\/\/www.coloredcaramel.com\/pt-pt\/wp-json\/wp\/v2\/media\/27374"}],"wp:attachment":[{"href":"https:\/\/www.coloredcaramel.com\/pt-pt\/wp-json\/wp\/v2\/media?parent=27363"}],"wp:term":[{"taxonomy":"product_brand","embeddable":true,"href":"https:\/\/www.coloredcaramel.com\/pt-pt\/wp-json\/wp\/v2\/product_brand?post=27363"},{"taxonomy":"product_cat","embeddable":true,"href":"https:\/\/www.coloredcaramel.com\/pt-pt\/wp-json\/wp\/v2\/product_cat?post=27363"},{"taxonomy":"product_tag","embeddable":true,"href":"https:\/\/www.coloredcaramel.com\/pt-pt\/wp-json\/wp\/v2\/product_tag?post=27363"}],"curies":[{"name":"wp","href":"https:\/\/api.w.org\/{rel}","templated":true}]}}