{"id":27028,"date":"2025-04-12T11:13:13","date_gmt":"2025-04-12T11:13:13","guid":{"rendered":"https:\/\/www.coloredcaramel.com\/product\/apanha-de-cores-livro-para-colorir-de-teste-de-grafico-bonito-arrojado-e-facil\/"},"modified":"2026-04-06T08:23:34","modified_gmt":"2026-04-06T08:23:34","slug":"apanha-de-cores-livro-para-colorir-de-teste-de-grafico-bonito-arrojado-e-facil","status":"publish","type":"product","link":"https:\/\/www.coloredcaramel.com\/pt-pt\/produto\/apanha-de-cores-livro-para-colorir-de-teste-de-grafico-bonito-arrojado-e-facil\/","title":{"rendered":"Apanha de cores: Livro para colorir de teste de gr\u00e1fico bonito, arrojado e f\u00e1cil"},"content":{"rendered":"<p><span style=\"font-family: 'comic sans ms', sans-serif;\">Tens dificuldade em escolher as cores certas para a tua pr\u00f3xima aventura de colorir?<\/span><br \/>\n<span style=\"font-family: 'comic sans ms', sans-serif;\">N\u00f3s gostamos muito, por isso cri\u00e1mos este conjunto de tabelas de cores em branco muito giro e \u00fanico!<\/span><\/p>\n<p><span style=\"font-family: 'comic sans ms', sans-serif;\">Agora podes experimentar as tuas cores e os teus corantes de diferentes marcas, anotar o n\u00famero da cor e a tua paleta est\u00e1 pronta para o teu pr\u00f3ximo projeto criativo!<\/span><\/p>\n<p><span style=\"font-family: 'comic sans ms', sans-serif;\">Como gostamos de fazer as coisas de forma diferente e n\u00e3o gostamos de quadrados aborrecidos, as nossas tabelas de cores s\u00e3o super giras e divertidas! Os espa\u00e7os em branco para testares as tuas cores t\u00eam formas diferentes &#8211; desde doces, cora\u00e7\u00f5es, cupcakes, estrelas, caras de gato, flores e ch\u00e1venas de caf\u00e9 at\u00e9 borboletas, gelados e cogumelos! <\/span><\/p>\n<p><span style=\"font-family: 'comic sans ms', sans-serif;\">Porque \u00e9 que gostamos dele:<\/span><br \/>\n<span style=\"font-family: 'comic sans ms', sans-serif;\">&#8211; ajuda-te a selecionar as cores enquanto pintas<\/span><br \/>\n<span style=\"font-family: 'comic sans ms', sans-serif;\">&#8211; Descarrega instantaneamente o PDF no tamanho 8,5 x 8,5 polegadas<\/span><br \/>\n<span style=\"font-family: 'comic sans ms', sans-serif;\">&#8211; 30 p\u00e1ginas super giras com 15 desenhos \u00fanicos &#8211; 450 amostras no total!<\/span><br \/>\n<span style=\"font-family: 'comic sans ms', sans-serif;\">&#8211; linhas arrojadas para colorir facilmente<\/span><br \/>\n<span style=\"font-family: 'comic sans ms', sans-serif;\">&#8211; presente perfeito para todos os coloristas<\/span><\/p>\n<p><span style=\"font-family: 'comic sans ms', sans-serif;\">**IMPORTANTE**<\/span><br \/>\n<span style=\"font-family: 'comic sans ms', sans-serif;\">&#8211; Este \u00e9 um PDFT descarreg\u00e1vel que podes imprimir em casa &#8211; n\u00e3o ser\u00e3o enviadas c\u00f3pias f\u00edsicas.<\/span><br \/>\n<span style=\"font-family: 'comic sans ms', sans-serif;\">&#8211; N\u00e3o existem marcas de \u00e1gua nos ficheiros transfer\u00edveis.<\/span><br \/>\n<span style=\"font-family: 'comic sans ms', sans-serif;\">&#8211; APENAS PARA USO PESSOAL\/PRIVADO! N\u00e3o \u00e9 permitida qualquer utiliza\u00e7\u00e3o comercial. <\/span><br \/>\n<span style=\"font-family: 'comic sans ms', sans-serif;\">&#8211; O livro est\u00e1 protegido por direitos de autor e N\u00c3O \u00c9 PERMITIDA A PRODU\u00c7\u00c3O EM MASSA OU A REVENDA.<\/span><\/p>\n<p><span style=\"font-family: 'comic sans ms', sans-serif;\">Encomenda j\u00e1 estas fichas de cores INCR\u00cdVEIS e come\u00e7a a criar a tua paleta!<\/span><\/p>\n<p><span style=\"font-family: 'comic sans ms', sans-serif;\">Se tiveres alguma d\u00favida, envia-nos uma mensagem \ud83d\ude42<\/span><\/p>\n","protected":false},"excerpt":{"rendered":"<p>Tens dificuldade em escolher as cores certas para a tua pr\u00f3xima aventura de colorir? N\u00f3s gostamos muito, por isso cri\u00e1mos este conjunto de tabelas de cores em branco muito giro e \u00fanico! Agora podes experimentar as tuas cores e os teus corantes de diferentes marcas, anotar o n\u00famero da cor e a tua paleta est\u00e1<\/p>\n<div class=\"klb-readmore button\"><a class=\"btn link\" href=\"https:\/\/www.coloredcaramel.com\/pt-pt\/produto\/apanha-de-cores-livro-para-colorir-de-teste-de-grafico-bonito-arrojado-e-facil\/\">Read More <i class=\"klbth-icon-right-arrow\"><\/i><\/a><\/div>\n","protected":false},"featured_media":27037,"template":"","meta":{"_acf_changed":false,"_glsr_average":0,"_glsr_ranking":0,"_glsr_reviews":0},"product_brand":[],"product_cat":[1527,1387,1529],"product_tag":[],"class_list":{"0":"post-27028","1":"product","2":"type-product","3":"status-publish","4":"has-post-thumbnail","6":"product_cat-atividade","7":"product_cat-livros-para-colorir","8":"product_cat-pratica","10":"first","11":"instock","12":"featured","13":"sold-individually","14":"shipping-taxable","15":"purchasable","16":"product-type-variable"},"bundled_by":[],"bundle_stock_status":"instock","bundle_stock_quantity":null,"bundle_virtual":false,"bundle_layout":"","bundle_add_to_cart_form_location":"","bundle_editable_in_cart":false,"bundle_sold_individually_context":"","bundle_item_grouping":"","bundle_min_size":"","bundle_max_size":"","bundle_price":[],"bundled_items":[],"bundle_sell_ids":[],"acf":[],"_links":{"self":[{"href":"https:\/\/www.coloredcaramel.com\/pt-pt\/wp-json\/wp\/v2\/product\/27028","targetHints":{"allow":["GET"]}}],"collection":[{"href":"https:\/\/www.coloredcaramel.com\/pt-pt\/wp-json\/wp\/v2\/product"}],"about":[{"href":"https:\/\/www.coloredcaramel.com\/pt-pt\/wp-json\/wp\/v2\/types\/product"}],"wp:featuredmedia":[{"embeddable":true,"href":"https:\/\/www.coloredcaramel.com\/pt-pt\/wp-json\/wp\/v2\/media\/27037"}],"wp:attachment":[{"href":"https:\/\/www.coloredcaramel.com\/pt-pt\/wp-json\/wp\/v2\/media?parent=27028"}],"wp:term":[{"taxonomy":"product_brand","embeddable":true,"href":"https:\/\/www.coloredcaramel.com\/pt-pt\/wp-json\/wp\/v2\/product_brand?post=27028"},{"taxonomy":"product_cat","embeddable":true,"href":"https:\/\/www.coloredcaramel.com\/pt-pt\/wp-json\/wp\/v2\/product_cat?post=27028"},{"taxonomy":"product_tag","embeddable":true,"href":"https:\/\/www.coloredcaramel.com\/pt-pt\/wp-json\/wp\/v2\/product_tag?post=27028"}],"curies":[{"name":"wp","href":"https:\/\/api.w.org\/{rel}","templated":true}]}}