{"id":26551,"date":"2025-04-12T11:13:56","date_gmt":"2025-04-12T11:13:56","guid":{"rendered":"https:\/\/www.coloredcaramel.com\/product\/canto-assustador-livro-de-colorir-para-o-halloween-acolhedor-e-giro\/"},"modified":"2026-02-17T07:09:59","modified_gmt":"2026-02-17T07:09:59","slug":"canto-assustador-livro-de-colorir-para-o-halloween-acolhedor-e-giro","status":"publish","type":"product","link":"https:\/\/www.coloredcaramel.com\/pt-pt\/produto\/canto-assustador-livro-de-colorir-para-o-halloween-acolhedor-e-giro\/","title":{"rendered":"Canto assustador: Livro de colorir para o Halloween, acolhedor e giro"},"content":{"rendered":"<p><span style=\"font-family: 'comic sans ms', sans-serif;\">Diverte-te! Se gostas de livros para colorir assustadores e bonitos de Halloween, acabaste de encontrar o teu novo favorito! <\/span><\/p>\n<p><span style=\"font-family: 'comic sans ms', sans-serif;\">Porque \u00e9 que gostamos dele:<\/span><br \/>\n<span style=\"font-family: 'comic sans ms', sans-serif;\">&#8211; Livro de colorir super divertido com ilustra\u00e7\u00f5es arrojadas e f\u00e1ceis.<\/span><br \/>\n<span style=\"font-family: 'comic sans ms', sans-serif;\">&#8211; Um PDF completo com 40 desenhos \u00fanicos &#8211; n\u00e3o repetes!<\/span><br \/>\n<span style=\"font-family: 'comic sans ms', sans-serif;\">&#8211; O tamanho da p\u00e1gina \u00e9 de 8,5 x 8,5 polegadas &#8211; \u00e9 melhor imprimir em papel de 8,5 x 11 polegadas.<\/span><br \/>\n<span style=\"font-family: 'comic sans ms', sans-serif;\">&#8211; Perfeito para adultos e adolescentes.<\/span><br \/>\n<span style=\"font-family: 'comic sans ms', sans-serif;\">&#8211; Relaxa!<\/span><br \/>\n<span style=\"font-family: 'comic sans ms', sans-serif;\">&#8211; Um belo presente.<\/span><\/p>\n<p><span style=\"font-family: 'comic sans ms', sans-serif;\">**IMPORTANTE**<\/span><br \/>\n<span style=\"font-family: 'comic sans ms', sans-serif;\">&#8211; Este \u00e9 um livro eletr\u00f3nico que podes descarregar e imprimir em casa &#8211; n\u00e3o ser\u00e3o enviadas c\u00f3pias f\u00edsicas.<\/span><br \/>\n<span style=\"font-family: 'comic sans ms', sans-serif;\">&#8211; N\u00e3o existem marcas de \u00e1gua nos ficheiros transfer\u00edveis.<\/span><br \/>\n<span style=\"font-family: 'comic sans ms', sans-serif;\">&#8211; APENAS PARA USO PESSOAL\/PRIVADO! N\u00e3o \u00e9 permitida qualquer utiliza\u00e7\u00e3o comercial. <\/span><br \/>\n<span style=\"font-family: 'comic sans ms', sans-serif;\">&#8211; O livro est\u00e1 protegido por direitos de autor e N\u00c3O \u00c9 PERMITIDA A PRODU\u00c7\u00c3O EM MASSA OU A REVENDA.<\/span><\/p>\n<p><span style=\"font-family: 'comic sans ms', sans-serif;\">Encomenda este bonito LIVRO DE COLORIR para te divertires e aliviares o stress!<\/span><\/p>\n<p><span style=\"font-family: 'comic sans ms', sans-serif;\">Se tiveres alguma d\u00favida, envia-nos uma mensagem \ud83d\ude42<\/span><\/p>\n","protected":false},"excerpt":{"rendered":"<p>Diverte-te! Se gostas de livros para colorir assustadores e bonitos de Halloween, acabaste de encontrar o teu novo favorito! Porque \u00e9 que gostamos dele: &#8211; Livro de colorir super divertido com ilustra\u00e7\u00f5es arrojadas e f\u00e1ceis. &#8211; Um PDF completo com 40 desenhos \u00fanicos &#8211; n\u00e3o repetes! &#8211; O tamanho da p\u00e1gina \u00e9 de 8,5 x<\/p>\n<div class=\"klb-readmore button\"><a class=\"btn link\" href=\"https:\/\/www.coloredcaramel.com\/pt-pt\/produto\/canto-assustador-livro-de-colorir-para-o-halloween-acolhedor-e-giro\/\">Read More <i class=\"klbth-icon-right-arrow\"><\/i><\/a><\/div>\n","protected":false},"featured_media":26557,"template":"","meta":{"_acf_changed":false,"_glsr_average":0,"_glsr_ranking":0,"_glsr_reviews":0},"product_brand":[],"product_cat":[1478,1387],"product_tag":[],"class_list":{"0":"post-26551","1":"product","2":"type-product","3":"status-publish","4":"has-post-thumbnail","6":"product_cat-dia-das-bruxas","7":"product_cat-livros-para-colorir","9":"first","10":"instock","11":"sold-individually","12":"shipping-taxable","13":"purchasable","14":"product-type-variable"},"bundled_by":[],"bundle_stock_status":"instock","bundle_stock_quantity":null,"bundle_virtual":false,"bundle_layout":"","bundle_add_to_cart_form_location":"","bundle_editable_in_cart":false,"bundle_sold_individually_context":"","bundle_item_grouping":"","bundle_min_size":"","bundle_max_size":"","bundle_price":[],"bundled_items":[],"bundle_sell_ids":[],"acf":[],"_links":{"self":[{"href":"https:\/\/www.coloredcaramel.com\/pt-pt\/wp-json\/wp\/v2\/product\/26551","targetHints":{"allow":["GET"]}}],"collection":[{"href":"https:\/\/www.coloredcaramel.com\/pt-pt\/wp-json\/wp\/v2\/product"}],"about":[{"href":"https:\/\/www.coloredcaramel.com\/pt-pt\/wp-json\/wp\/v2\/types\/product"}],"wp:featuredmedia":[{"embeddable":true,"href":"https:\/\/www.coloredcaramel.com\/pt-pt\/wp-json\/wp\/v2\/media\/26557"}],"wp:attachment":[{"href":"https:\/\/www.coloredcaramel.com\/pt-pt\/wp-json\/wp\/v2\/media?parent=26551"}],"wp:term":[{"taxonomy":"product_brand","embeddable":true,"href":"https:\/\/www.coloredcaramel.com\/pt-pt\/wp-json\/wp\/v2\/product_brand?post=26551"},{"taxonomy":"product_cat","embeddable":true,"href":"https:\/\/www.coloredcaramel.com\/pt-pt\/wp-json\/wp\/v2\/product_cat?post=26551"},{"taxonomy":"product_tag","embeddable":true,"href":"https:\/\/www.coloredcaramel.com\/pt-pt\/wp-json\/wp\/v2\/product_tag?post=26551"}],"curies":[{"name":"wp","href":"https:\/\/api.w.org\/{rel}","templated":true}]}}