{"id":26463,"date":"2025-04-12T11:14:06","date_gmt":"2025-04-12T11:14:06","guid":{"rendered":"https:\/\/www.coloredcaramel.com\/product\/livro-para-colorir-natal-assustador\/"},"modified":"2026-02-17T07:09:57","modified_gmt":"2026-02-17T07:09:57","slug":"livro-para-colorir-natal-assustador","status":"publish","type":"product","link":"https:\/\/www.coloredcaramel.com\/pt-pt\/produto\/livro-para-colorir-natal-assustador\/","title":{"rendered":"Livro para colorir Natal Assustador"},"content":{"rendered":"<p data-pm-slice=\"1 1 []\"><span style=\"font-family: comic sans ms, sans-serif;\">Sonhas com um Natal assustador e cheio de encanto?<\/span><\/p>\n<p><span style=\"font-family: comic sans ms, sans-serif;\">Este livro para colorir traz um pouco de divers\u00e3o assustadora \u00e0 tua \u00e9poca festiva. Repleto de ador\u00e1veis fantasmas, morcegos, ornamentos de caveiras e \u00e1rvores festivas, \u00e9 a mistura perfeita de arte festiva assustadora e alegre. <\/span><\/p>\n<p><span style=\"font-family: comic sans ms, sans-serif;\"><strong>Porque vais adorar<\/strong><\/span><\/p>\n<ul>\n<li><span style=\"font-family: comic sans ms, sans-serif;\">Um livro de colorir delicioso e super divertido com 40 desenhos relaxantes &#8211; sem repeti\u00e7\u00f5es!<\/span><\/li>\n<li><span style=\"font-family: comic sans ms, sans-serif;\">Concebida para adultos e adolescentes que gostam de divers\u00e3o criativa e de colorir sem stress.<\/span><\/li>\n<li><span style=\"font-family: comic sans ms, sans-serif;\">Desenhos arrojados e f\u00e1ceis e linhas grossas para uma melhor experi\u00eancia de colorir.<\/span><\/li>\n<li><span style=\"font-family: comic sans ms, sans-serif;\">Ideal para l\u00e1pis de cor, marcadores ou outros materiais h\u00famidos.<\/span><\/li>\n<li><span style=\"font-family: comic sans ms, sans-serif;\">P\u00e1ginas PDF imprim\u00edveis de 8,5 x 8,5 polegadas &#8211; \u00e9 melhor imprimir em papel de 8,5 x 11 polegadas.<\/span><\/li>\n<li><span style=\"font-family: comic sans ms, sans-serif;\">Uma forma acolhedora de descontrair e espalhar a alegria do Natal.<\/span><\/li>\n<li><span style=\"font-family: comic sans ms, sans-serif;\">Faz um presente significativo para os teus entes queridos e amigos durante as f\u00e9rias de inverno.<\/span><\/li>\n<\/ul>\n<p><span style=\"font-family: comic sans ms, sans-serif;\"><strong>Notas importantes<\/strong><\/span><\/p>\n<ul>\n<li><span style=\"font-family: comic sans ms, sans-serif;\">Descarrega instantaneamente o PDF &#8211; n\u00e3o ser\u00e3o enviadas c\u00f3pias f\u00edsicas.<\/span><\/li>\n<li><span style=\"font-family: comic sans ms, sans-serif;\">N\u00e3o existem marcas de \u00e1gua nos ficheiros transfer\u00edveis.<\/span><\/li>\n<li><span style=\"font-family: comic sans ms, sans-serif;\">Apenas para uso pessoal e privado. N\u00e3o \u00e9 permitida a utiliza\u00e7\u00e3o comercial, a produ\u00e7\u00e3o em massa ou a revenda. <\/span><\/li>\n<li><span style=\"font-family: comic sans ms, sans-serif;\">Todos os trabalhos art\u00edsticos s\u00e3o originais e est\u00e3o protegidos por direitos de autor.<\/span><\/li>\n<\/ul>\n<p><span style=\"font-family: comic sans ms, sans-serif;\">Leva para casa a magia do Natal e diverte-te com este bonito livro para colorir que transforma cada p\u00e1gina numa aventura festiva.<\/span><\/p>\n<p><span style=\"font-family: comic sans ms, sans-serif;\">Obt\u00e9m o teu exemplar hoje e torna esta \u00e9poca espetacular!<\/span><\/p>\n<p><span style=\"font-family: comic sans ms, sans-serif;\">Se tiveres alguma d\u00favida, envia-nos uma mensagem \ud83d\ude42<\/span><\/p>\n","protected":false},"excerpt":{"rendered":"<p>Sonhas com um Natal assustador e cheio de encanto? Este livro para colorir traz um pouco de divers\u00e3o assustadora \u00e0 tua \u00e9poca festiva. Repleto de ador\u00e1veis fantasmas, morcegos, ornamentos de caveiras e \u00e1rvores festivas, \u00e9 a mistura perfeita de arte festiva assustadora e alegre. Porque vais adorar Um livro de colorir delicioso e super divertido<\/p>\n<div class=\"klb-readmore button\"><a class=\"btn link\" href=\"https:\/\/www.coloredcaramel.com\/pt-pt\/produto\/livro-para-colorir-natal-assustador\/\">Read More <i class=\"klbth-icon-right-arrow\"><\/i><\/a><\/div>\n","protected":false},"featured_media":26467,"template":"","meta":{"_acf_changed":false,"_glsr_average":0,"_glsr_ranking":0,"_glsr_reviews":0},"product_brand":[],"product_cat":[1389,1387],"product_tag":[],"class_list":{"0":"post-26463","1":"product","2":"type-product","3":"status-publish","4":"has-post-thumbnail","6":"product_cat-natal","7":"product_cat-livros-para-colorir","9":"first","10":"instock","11":"sold-individually","12":"shipping-taxable","13":"purchasable","14":"product-type-variable"},"bundled_by":[],"bundle_stock_status":"instock","bundle_stock_quantity":null,"bundle_virtual":false,"bundle_layout":"","bundle_add_to_cart_form_location":"","bundle_editable_in_cart":false,"bundle_sold_individually_context":"","bundle_item_grouping":"","bundle_min_size":"","bundle_max_size":"","bundle_price":[],"bundled_items":[],"bundle_sell_ids":[],"acf":[],"_links":{"self":[{"href":"https:\/\/www.coloredcaramel.com\/pt-pt\/wp-json\/wp\/v2\/product\/26463","targetHints":{"allow":["GET"]}}],"collection":[{"href":"https:\/\/www.coloredcaramel.com\/pt-pt\/wp-json\/wp\/v2\/product"}],"about":[{"href":"https:\/\/www.coloredcaramel.com\/pt-pt\/wp-json\/wp\/v2\/types\/product"}],"wp:featuredmedia":[{"embeddable":true,"href":"https:\/\/www.coloredcaramel.com\/pt-pt\/wp-json\/wp\/v2\/media\/26467"}],"wp:attachment":[{"href":"https:\/\/www.coloredcaramel.com\/pt-pt\/wp-json\/wp\/v2\/media?parent=26463"}],"wp:term":[{"taxonomy":"product_brand","embeddable":true,"href":"https:\/\/www.coloredcaramel.com\/pt-pt\/wp-json\/wp\/v2\/product_brand?post=26463"},{"taxonomy":"product_cat","embeddable":true,"href":"https:\/\/www.coloredcaramel.com\/pt-pt\/wp-json\/wp\/v2\/product_cat?post=26463"},{"taxonomy":"product_tag","embeddable":true,"href":"https:\/\/www.coloredcaramel.com\/pt-pt\/wp-json\/wp\/v2\/product_tag?post=26463"}],"curies":[{"name":"wp","href":"https:\/\/api.w.org\/{rel}","templated":true}]}}