{"id":25105,"date":"2025-06-01T15:51:41","date_gmt":"2025-06-01T15:51:41","guid":{"rendered":"https:\/\/www.coloredcaramel.com\/product\/ultimate-coloring-book-bundle-12-livros-para-colorir-bonitos-acolhedores-e-relaxantes\/"},"modified":"2025-06-01T15:51:41","modified_gmt":"2025-06-01T15:51:41","slug":"ultimate-coloring-book-bundle-12-livros-para-colorir-bonitos-acolhedores-e-relaxantes","status":"publish","type":"product","link":"https:\/\/www.coloredcaramel.com\/pt-pt\/produto\/ultimate-coloring-book-bundle-12-livros-para-colorir-bonitos-acolhedores-e-relaxantes\/","title":{"rendered":"Ultimate Coloring Book Bundle &#8211; 12 livros para colorir bonitos, acolhedores e relaxantes"},"content":{"rendered":"<p><span style=\"font-family: 'comic sans ms', sans-serif; font-size: 12pt;\"><strong>12 livros para colorir digitais campe\u00f5es<\/strong> de vendas &#8211; mais de 480 p\u00e1ginas de alegria, aconchego e criatividade<\/span><br \/>\n<span style=\"font-family: 'comic sans ms', sans-serif; font-size: 12pt;\">\ud83d\uded2 Agora apenas 49\u20ac &#8211; Era 95,88\u20ac \u2192 \u00c9 49% de desconto!<\/span><\/p>\n<p><span style=\"font-family: 'comic sans ms', sans-serif; font-size: 12pt;\">Prepara-te para o MAIOR neg\u00f3cio que alguma vez oferecemos! \u2728<\/span><br \/>\n<span style=\"font-family: 'comic sans ms', sans-serif; font-size: 12pt;\">Junt\u00e1mos os 12 livros de colorir mais vendidos da Colored Caramel numa cole\u00e7\u00e3o digital sonhadora, acolhedora e cheia de criatividade &#8211; e estamos a oferec\u00ea-la a um pre\u00e7o imbat\u00edvel.<\/span><\/p>\n<p><span style=\"font-family: 'comic sans ms', sans-serif; font-size: 12pt;\">\u00c9 isso mesmo &#8211; este pacote enorme inclui todos os teus t\u00edtulos favoritos (mais alguns livros de exerc\u00edcios pr\u00e1ticos e especiais de f\u00e9rias) por menos de metade do pre\u00e7o. \u00c9 o melhor presente para ti ou para o amante de colorir da tua vida! <\/span><\/p>\n<p><strong><span style=\"font-family: 'comic sans ms', sans-serif; font-size: 12pt;\">O que tens no pacote:<\/span><\/strong><br \/>\n<span style=\"font-family: 'comic sans ms', sans-serif; font-size: 12pt;\">\ud83e\udde1 <strong>1. My Quiet Time<\/strong><br \/>\nUma cole\u00e7\u00e3o calma e feminina de 40 cenas ao estilo hygge para colorir enquanto bebes ch\u00e1 com a tua camisola mais macia.<\/span><\/p>\n<p><strong>\ud83c\udf3b 2. Blooming Corner<\/strong><br \/>\n40 cenas de jardins floridos para despertar a tua criatividade e trazer a primavera para a ponta dos teus dedos.<\/p>\n<p><strong>  \ud83d\udcae 3. Sonha acordado Kawaii <\/strong><br \/>\n<span style=\"font-family: 'comic sans ms', sans-serif; font-size: 12pt;\">40 ilustra\u00e7\u00f5es kawaii sonhadoras, fofas e acolhedoras para derreter o teu cora\u00e7\u00e3o e relaxar a tua mente. Um favorito dos f\u00e3s! <\/span><\/p>\n<p><span style=\"font-size: 12pt; font-family: 'comic sans ms', sans-serif;\"><strong>\ud83d\udc30 4. Hoppy Corner<\/strong><br \/>\nP\u00e1ginas ador\u00e1veis de primavera e P\u00e1scoa com coelhinhos, pintos e flores.<\/span><\/p>\n<p>\u2744\ufe0f <strong>5. Magical Snow Globes<\/strong><br \/>\n40 cenas extravagantes de globos de Natal que brilham com alegria e anima\u00e7\u00e3o natal\u00edcia.<\/p>\n<p>\ud83d\udc7b<strong> 6. Natal Fantasmag\u00f3rico e Fofinho<\/strong><br \/>\n<span style=\"font-family: 'comic sans ms', sans-serif;\">Livro de colorir divertido e giro para quem gosta do Halloween e do Natal.  <\/span><\/p>\n<p><span style=\"font-size: 12pt; font-family: 'comic sans ms', sans-serif;\">\ud83c\udf84 <strong>7. Canto festivo<\/strong><\/span><br \/>\n<span style=\"font-family: 'comic sans ms', sans-serif;\"><span style=\"font-size: 12pt;\">40 p\u00e1ginas de f\u00e9rias comoventes + um calend\u00e1rio do advento para colorir de b\u00f3nus! Diverte-te de forma acolhedora e festiva. <\/span><\/span><\/p>\n<p><span style=\"font-size: 12pt;\">\ud83c\udf85 <strong>8. Dias Festivos<br \/>\n<\/strong><\/span><span class=\"a-text-bold\">Mundo m\u00e1gico de p\u00e1ginas para colorir cheio de momentos aconchegantes <\/span>para o <span class=\"a-text-bold\">Natal mais fofo e cintilante!<\/span><\/p>\n<p><span style=\"font-family: 'comic sans ms', sans-serif;\"><span style=\"font-size: 12pt;\">\ud83d\udd6f\ufe0f <strong>9. Canto assustador<\/strong><\/span><br \/>\n<span style=\"font-size: 12pt;\">Vibra\u00e7\u00f5es acolhedoras e arrepiantes colidem em 40 cenas encantadoras de Halloween com uma est\u00e9tica suave.<\/span><\/span><\/p>\n<p><span style=\"font-size: 12pt;\">\ud83c\udf83 <strong>10. Fofinhos<\/strong><\/span><br \/>\n<span class=\"a-text-bold\">Um livro de colorir acolhedor para o Dia das Bruxas que mistura fofura com vibra\u00e7\u00f5es assustadoras. Cheio<\/span>de <span class=\"a-text-bold\">fantasmas simp\u00e1ticos e pequenas personagens divertidas<\/span>.<\/p>\n<p><span style=\"font-size: 12pt;\">\ud83c\udf1a <strong>11. Spooky Dreams<\/strong><\/span><br \/>\n40 p\u00e1ginas repletas de ilustra\u00e7\u00f5es divertidas e fantasiosas de <span class=\"a-text-bold\">pequenos animais e fantasmas ador\u00e1veis<\/span>.<\/p>\n<p><span style=\"font-size: 12pt;\">\ud83d\udc08 <strong>12. Gatos Assustadores<\/strong><\/span><br \/>\nPurr &#8211; um pequeno mundo perfeitamente assustador com gatos fofos e momentos m\u00e1gicos. Mais vendido! <\/p>\n<p>&nbsp;<\/p>\n<p><span style=\"font-family: 'comic sans ms', sans-serif;\">Porque vais adorar este pacote:<\/span><br \/>\n<span style=\"font-family: 'comic sans ms', sans-serif;\">Downloads digitais instant\u00e2neos &#8211; Imprime a qualquer hora, pinta em qualquer lugar<\/span><br \/>\n<span style=\"font-family: 'comic sans ms', sans-serif;\">Mais de 480 p\u00e1ginas de divers\u00e3o para colorir<\/span><br \/>\n<span style=\"font-family: 'comic sans ms', sans-serif;\">Arte arrojada e f\u00e1cil de colorir para todos os n\u00edveis de habilidade<\/span><br \/>\n<span style=\"font-family: 'comic sans ms', sans-serif;\">Utiliza para impress\u00e3o ou aplica\u00e7\u00f5es digitais (como o Procreate!)<\/span><br \/>\n<span style=\"font-family: 'comic sans ms', sans-serif;\">Presente perfeito para ti ou para um amigo criativo<\/span><br \/>\n<span style=\"font-family: 'comic sans ms', sans-serif;\">Acesso vital\u00edcio &#8211; Imprime as vezes que quiseres!<\/span><\/p>\n<p><span style=\"font-family: 'comic sans ms', sans-serif;\">\ud83c\udf81 Pre\u00e7o normal: 95,88<\/span><br \/>\n<span style=\"font-family: 'comic sans ms', sans-serif;\">S\u00f3 hoje: $49<\/span><br \/>\n<span style=\"font-family: 'comic sans ms', sans-serif;\">Poupa 49%! Est\u00e1s quase a metade do pre\u00e7o! <\/span><\/p>\n<p><span style=\"font-family: 'comic sans ms', sans-serif;\">Esta \u00e9 a tua oportunidade de possuir toda a cole\u00e7\u00e3o dos livros de colorir digitais mais vendidos da Colored Caramel numa \u00fanica transfer\u00eancia m\u00e1gica. \u2728<\/span><\/p>\n<p><span style=\"font-family: 'comic sans ms', sans-serif;\">N\u00e3o percas a oportunidade &#8211; esta oferta \u00e9 GRANDE e por tempo limitado!<\/span><\/p>\n<p><span style=\"font-family: 'comic sans ms', sans-serif;\">\ud83d\uded2 Adiciona ao carrinho agora e deixa a tua criatividade florescer, esta\u00e7\u00e3o ap\u00f3s esta\u00e7\u00e3o.<\/span><\/p>\n","protected":false},"excerpt":{"rendered":"<p>12 livros para colorir digitais campe\u00f5es de vendas &#8211; mais de 480 p\u00e1ginas de alegria, aconchego e criatividade \ud83d\uded2 Agora apenas 49\u20ac &#8211; Era 95,88\u20ac \u2192 \u00c9 49% de desconto! Prepara-te para o MAIOR neg\u00f3cio que alguma vez oferecemos! \u2728 Junt\u00e1mos os 12 livros de colorir mais vendidos da Colored Caramel numa cole\u00e7\u00e3o digital sonhadora,<\/p>\n<div class=\"klb-readmore button\"><a class=\"btn link\" href=\"https:\/\/www.coloredcaramel.com\/pt-pt\/produto\/ultimate-coloring-book-bundle-12-livros-para-colorir-bonitos-acolhedores-e-relaxantes\/\">Read More <i class=\"klbth-icon-right-arrow\"><\/i><\/a><\/div>\n","protected":false},"featured_media":17112,"template":"","meta":{"_acf_changed":false,"_glsr_average":0,"_glsr_ranking":0,"_glsr_reviews":0},"product_brand":[],"product_cat":[1387,1445],"product_tag":[],"class_list":{"0":"post-25105","1":"product","2":"type-product","3":"status-publish","4":"has-post-thumbnail","6":"product_cat-livros-para-colorir","7":"product_cat-pacotes","9":"first","10":"instock","11":"sale","12":"downloadable","13":"virtual","14":"sold-individually","15":"purchasable","16":"product-type-bundle"},"bundled_by":[],"bundle_stock_status":"instock","bundle_stock_quantity":"","bundle_virtual":false,"bundle_layout":"default","bundle_add_to_cart_form_location":"default","bundle_editable_in_cart":false,"bundle_sold_individually_context":"product","bundle_item_grouping":"parent","bundle_min_size":"","bundle_max_size":"","bundle_price":{"price":{"min":{"incl_tax":"67.12","excl_tax":"67.12"},"max":{"incl_tax":"67.12","excl_tax":"67.12"}},"regular_price":{"min":{"incl_tax":"95.88","excl_tax":"95.88"},"max":{"incl_tax":"95.88","excl_tax":"95.88"}}},"bundled_items":[{"bundled_item_id":65,"product_id":25007,"menu_order":0,"quantity_min":1,"quantity_max":1,"quantity_default":1,"priced_individually":false,"shipped_individually":false,"override_title":false,"title":null,"override_description":false,"description":null,"optional":false,"hide_thumbnail":false,"discount":"","override_variations":true,"allowed_variations":[25017],"override_default_variation_attributes":true,"default_variation_attributes":[{"id":0,"name":"Format","option":"Digital"}],"single_product_visibility":"visible","cart_visibility":"visible","order_visibility":"visible","single_product_price_visibility":"visible","cart_price_visibility":"visible","order_price_visibility":"visible","stock_status":"in_stock"},{"bundled_item_id":66,"product_id":20546,"menu_order":7,"quantity_min":1,"quantity_max":1,"quantity_default":1,"priced_individually":false,"shipped_individually":false,"override_title":false,"title":null,"override_description":false,"description":null,"optional":false,"hide_thumbnail":false,"discount":"","override_variations":true,"allowed_variations":[20559],"override_default_variation_attributes":true,"default_variation_attributes":[{"id":0,"name":"Format","option":"Digital"}],"single_product_visibility":"visible","cart_visibility":"visible","order_visibility":"visible","single_product_price_visibility":"visible","cart_price_visibility":"visible","order_price_visibility":"visible","stock_status":"in_stock"},{"bundled_item_id":67,"product_id":24042,"menu_order":9,"quantity_min":1,"quantity_max":1,"quantity_default":1,"priced_individually":false,"shipped_individually":false,"override_title":false,"title":null,"override_description":false,"description":null,"optional":false,"hide_thumbnail":false,"discount":"","override_variations":true,"allowed_variations":[24054],"override_default_variation_attributes":true,"default_variation_attributes":[{"id":0,"name":"Format","option":"Digital"}],"single_product_visibility":"visible","cart_visibility":"visible","order_visibility":"visible","single_product_price_visibility":"visible","cart_price_visibility":"visible","order_price_visibility":"visible","stock_status":"in_stock"},{"bundled_item_id":68,"product_id":24882,"menu_order":10,"quantity_min":1,"quantity_max":1,"quantity_default":1,"priced_individually":false,"shipped_individually":false,"override_title":false,"title":null,"override_description":false,"description":null,"optional":false,"hide_thumbnail":false,"discount":"","override_variations":true,"allowed_variations":[24902],"override_default_variation_attributes":true,"default_variation_attributes":[{"id":0,"name":"Format","option":"Digital"}],"single_product_visibility":"visible","cart_visibility":"visible","order_visibility":"visible","single_product_price_visibility":"visible","cart_price_visibility":"visible","order_price_visibility":"visible","stock_status":"in_stock"},{"bundled_item_id":69,"product_id":23656,"menu_order":11,"quantity_min":1,"quantity_max":1,"quantity_default":1,"priced_individually":false,"shipped_individually":false,"override_title":false,"title":null,"override_description":false,"description":null,"optional":false,"hide_thumbnail":false,"discount":"","override_variations":true,"allowed_variations":[23666],"override_default_variation_attributes":true,"default_variation_attributes":[{"id":0,"name":"Format","option":"Digital"}],"single_product_visibility":"visible","cart_visibility":"visible","order_visibility":"visible","single_product_price_visibility":"visible","cart_price_visibility":"visible","order_price_visibility":"visible","stock_status":"in_stock"}],"bundle_sell_ids":[],"acf":[],"_links":{"self":[{"href":"https:\/\/www.coloredcaramel.com\/pt-pt\/wp-json\/wp\/v2\/product\/25105","targetHints":{"allow":["GET"]}}],"collection":[{"href":"https:\/\/www.coloredcaramel.com\/pt-pt\/wp-json\/wp\/v2\/product"}],"about":[{"href":"https:\/\/www.coloredcaramel.com\/pt-pt\/wp-json\/wp\/v2\/types\/product"}],"wp:featuredmedia":[{"embeddable":true,"href":"https:\/\/www.coloredcaramel.com\/pt-pt\/wp-json\/wp\/v2\/media\/17112"}],"wp:attachment":[{"href":"https:\/\/www.coloredcaramel.com\/pt-pt\/wp-json\/wp\/v2\/media?parent=25105"}],"wp:term":[{"taxonomy":"product_brand","embeddable":true,"href":"https:\/\/www.coloredcaramel.com\/pt-pt\/wp-json\/wp\/v2\/product_brand?post=25105"},{"taxonomy":"product_cat","embeddable":true,"href":"https:\/\/www.coloredcaramel.com\/pt-pt\/wp-json\/wp\/v2\/product_cat?post=25105"},{"taxonomy":"product_tag","embeddable":true,"href":"https:\/\/www.coloredcaramel.com\/pt-pt\/wp-json\/wp\/v2\/product_tag?post=25105"}],"curies":[{"name":"wp","href":"https:\/\/api.w.org\/{rel}","templated":true}]}}