{"id":25007,"date":"2025-06-09T08:57:01","date_gmt":"2025-06-09T08:57:01","guid":{"rendered":"https:\/\/www.coloredcaramel.com\/product\/o-meu-tempo-de-silencio-livro-para-colorir-doce-e-relaxante-para-raparigas-acolhedoras\/"},"modified":"2026-02-17T07:09:45","modified_gmt":"2026-02-17T07:09:45","slug":"o-meu-tempo-de-silencio-livro-para-colorir-doce-e-relaxante-para-raparigas-acolhedoras","status":"publish","type":"product","link":"https:\/\/www.coloredcaramel.com\/pt-pt\/product\/o-meu-tempo-de-silencio-livro-para-colorir-doce-e-relaxante-para-raparigas-acolhedoras\/","title":{"rendered":"O meu tempo de sil\u00eancio: Livro para colorir doce e relaxante para raparigas acolhedoras"},"content":{"rendered":"<p><span style=\"font-family: 'comic sans ms', sans-serif;\">Cria o teu pr\u00f3prio mundo acolhedor, uma p\u00e1gina de cada vez!<\/span><\/p>\n<p><span style=\"font-family: 'comic sans ms', sans-serif;\">Porque \u00e9 que vais adorar:<\/span><br \/>\n<span style=\"font-family: 'comic sans ms', sans-serif;\">&#8211; Ilustra\u00e7\u00f5es arrojadas e f\u00e1ceis de colorir, perfeitas para momentos de descontra\u00e7\u00e3o.<\/span><br \/>\n<span style=\"font-family: 'comic sans ms', sans-serif;\">&#8211; Um PDF completo com 40 desenhos \u00fanicos &#8211; n\u00e3o repete!<\/span><br \/>\n<span style=\"font-family: 'comic sans ms', sans-serif;\">&#8211; O tamanho da p\u00e1gina \u00e9 de 8,5 x 8,5 polegadas &#8211; \u00e9 melhor imprimir em papel de 8,5 x 11 polegadas.<\/span><br \/>\n<span style=\"font-family: 'comic sans ms', sans-serif;\">&#8211; Perfeito para adultos e adolescentes que adoram temas aconchegantes e femininos.<\/span><br \/>\n<span style=\"font-family: 'comic sans ms', sans-serif;\">&#8211; Abra\u00e7a o teu tempo de sil\u00eancio com momentos de calma e criatividade.<\/span><br \/>\n<span style=\"font-family: 'comic sans ms', sans-serif;\">&#8211; Um belo presente.<\/span><\/p>\n<p><span style=\"font-family: 'comic sans ms', sans-serif;\">**IMPORTANTE**<\/span><br \/>\n<span style=\"font-family: 'comic sans ms', sans-serif;\">&#8211; Este \u00e9 um livro eletr\u00f3nico que podes descarregar e imprimir em casa &#8211; n\u00e3o ser\u00e3o enviadas c\u00f3pias f\u00edsicas.<\/span><br \/>\n<span style=\"font-family: 'comic sans ms', sans-serif;\">&#8211; N\u00e3o existem marcas de \u00e1gua nos ficheiros transfer\u00edveis.<\/span><br \/>\n<span style=\"font-family: 'comic sans ms', sans-serif;\">&#8211; APENAS PARA USO PESSOAL\/PRIVADO! N\u00e3o \u00e9 permitida qualquer utiliza\u00e7\u00e3o comercial. <\/span><br \/>\n<span style=\"font-family: 'comic sans ms', sans-serif;\">&#8211; O livro est\u00e1 protegido por direitos de autor e N\u00c3O \u00c9 PERMITIDA A PRODU\u00c7\u00c3O EM MASSA OU A REVENDA.<\/span><\/p>\n<p><span style=\"font-family: 'comic sans ms', sans-serif;\">Adquire a tua c\u00f3pia hoje e desfruta do teu tempo de sil\u00eancio!<\/span><\/p>\n<p><span style=\"font-family: 'comic sans ms', sans-serif;\">Se tiveres alguma d\u00favida, envia-nos uma mensagem \ud83d\ude42<\/span><\/p>\n","protected":false},"excerpt":{"rendered":"<p>Cria o teu pr\u00f3prio mundo acolhedor, uma p\u00e1gina de cada vez! Porque \u00e9 que vais adorar: &#8211; Ilustra\u00e7\u00f5es arrojadas e f\u00e1ceis de colorir, perfeitas para momentos de descontra\u00e7\u00e3o. &#8211; Um PDF completo com 40 desenhos \u00fanicos &#8211; n\u00e3o repete! &#8211; O tamanho da p\u00e1gina \u00e9 de 8,5 x 8,5 polegadas &#8211; \u00e9 melhor imprimir em<\/p>\n<div class=\"klb-readmore button\"><a class=\"btn link\" href=\"https:\/\/www.coloredcaramel.com\/pt-pt\/product\/o-meu-tempo-de-silencio-livro-para-colorir-doce-e-relaxante-para-raparigas-acolhedoras\/\">Read More <i class=\"klbth-icon-right-arrow\"><\/i><\/a><\/div>\n","protected":false},"featured_media":25009,"template":"","meta":{"_acf_changed":false,"_glsr_average":0,"_glsr_ranking":0,"_glsr_reviews":0},"product_brand":[],"product_cat":[1470,1468,1387],"product_tag":[],"class_list":{"0":"post-25007","1":"product","2":"type-product","3":"status-publish","4":"has-post-thumbnail","6":"product_cat-relaxamento","7":"product_cat-atencao-plena","8":"product_cat-livros-para-colorir","10":"first","11":"instock","12":"sale","13":"sold-individually","14":"shipping-taxable","15":"purchasable","16":"product-type-variable"},"bundled_by":["25105"],"bundle_stock_status":"instock","bundle_stock_quantity":null,"bundle_virtual":false,"bundle_layout":"","bundle_add_to_cart_form_location":"","bundle_editable_in_cart":false,"bundle_sold_individually_context":"","bundle_item_grouping":"","bundle_min_size":"","bundle_max_size":"","bundle_price":[],"bundled_items":[],"bundle_sell_ids":[],"acf":[],"_links":{"self":[{"href":"https:\/\/www.coloredcaramel.com\/pt-pt\/wp-json\/wp\/v2\/product\/25007","targetHints":{"allow":["GET"]}}],"collection":[{"href":"https:\/\/www.coloredcaramel.com\/pt-pt\/wp-json\/wp\/v2\/product"}],"about":[{"href":"https:\/\/www.coloredcaramel.com\/pt-pt\/wp-json\/wp\/v2\/types\/product"}],"wp:featuredmedia":[{"embeddable":true,"href":"https:\/\/www.coloredcaramel.com\/pt-pt\/wp-json\/wp\/v2\/media\/25009"}],"wp:attachment":[{"href":"https:\/\/www.coloredcaramel.com\/pt-pt\/wp-json\/wp\/v2\/media?parent=25007"}],"wp:term":[{"taxonomy":"product_brand","embeddable":true,"href":"https:\/\/www.coloredcaramel.com\/pt-pt\/wp-json\/wp\/v2\/product_brand?post=25007"},{"taxonomy":"product_cat","embeddable":true,"href":"https:\/\/www.coloredcaramel.com\/pt-pt\/wp-json\/wp\/v2\/product_cat?post=25007"},{"taxonomy":"product_tag","embeddable":true,"href":"https:\/\/www.coloredcaramel.com\/pt-pt\/wp-json\/wp\/v2\/product_tag?post=25007"}],"curies":[{"name":"wp","href":"https:\/\/api.w.org\/{rel}","templated":true}]}}