{"id":23885,"date":"2025-08-16T17:16:51","date_gmt":"2025-08-16T17:16:51","guid":{"rendered":"https:\/\/www.coloredcaramel.com\/product\/chibi-girls-halloween-kawaii-livro-para-colorir\/"},"modified":"2026-04-06T08:22:23","modified_gmt":"2026-04-06T08:22:23","slug":"chibi-girls-halloween-kawaii-livro-para-colorir","status":"publish","type":"product","link":"https:\/\/www.coloredcaramel.com\/pt-pt\/produto\/chibi-girls-halloween-kawaii-livro-para-colorir\/","title":{"rendered":"Chibi Girls Halloween Kawaii Livro para Colorir"},"content":{"rendered":"<p><span style=\"font-family: 'comic sans ms', sans-serif;\">Explora o mundo das ador\u00e1veis bruxas chibi, animais brincalh\u00f5es, ab\u00f3boras, doces, morcegos e muito mais com o Livro para Colorir Chibi Girls Halloween Kawaii. Concebido tanto para adolescentes como para adultos, este PDF imprim\u00edvel cont\u00e9m 25 p\u00e1ginas \u00fanicas de ilustra\u00e7\u00f5es divertidas que s\u00e3o igualmente assustadoras e doces. <\/span><\/p>\n<p><span style=\"font-family: 'comic sans ms', sans-serif;\"><strong>O que tens dentro:<\/strong><\/span><\/p>\n<p><span style=\"font-family: 'comic sans ms', sans-serif;\">&#8211; 25 desenhos originais com raparigas chibi, animais de estima\u00e7\u00e3o kawaii, bonecas assustadoras e guloseimas com o tema do Dia das Bruxas.<\/span><br \/>\n<span style=\"font-family: 'comic sans ms', sans-serif;\">&#8211; PDF de alta resolu\u00e7\u00e3o formatado para uma impress\u00e3o f\u00e1cil em casa.<\/span><br \/>\n<span style=\"font-family: 'comic sans ms', sans-serif;\">&#8211; Tamanho normal da p\u00e1gina: 8,5 x 11 polegadas, perfeito para colorir.<\/span><br \/>\n<span style=\"font-family: 'comic sans ms', sans-serif;\">&#8211; Desenhos que aliviam o stress para te ajudar a relaxar e descontrair enquanto \u00e9s criativo.<\/span><br \/>\n<span style=\"font-family: 'comic sans ms', sans-serif;\">&#8211; Ideal para trabalhos manuais de Halloween, divers\u00e3o sazonal ou um presente atencioso.<\/span><\/p>\n<p><span style=\"font-family: 'comic sans ms', sans-serif;\"><strong>Porque vais adorar:<\/strong><\/span><\/p>\n<p><span style=\"font-family: 'comic sans ms', sans-serif;\">&#8211; Perfeito para os f\u00e3s de chibi e kawaii &#8211; personagens de estilo anime em cen\u00e1rios festivos de Halloween.<\/span><br \/>\n<span style=\"font-family: 'comic sans ms', sans-serif;\">&#8211; Fuga criativa &#8211; desfruta de horas a colorir, quer sejas um principiante ou um artista experiente.<\/span><br \/>\n<span style=\"font-family: 'comic sans ms', sans-serif;\">&#8211; Imprime as vezes que quiseres (para uso pessoal), para que possas experimentar diferentes paletas de cores.<\/span><br \/>\n<span style=\"font-family: 'comic sans ms', sans-serif;\">&#8211; Transfer\u00eancia digital instant\u00e2nea &#8211; come\u00e7a a colorir imediatamente!<\/span><\/p>\n<p><span style=\"font-family: 'comic sans ms', sans-serif;\"><strong>Detalhes importantes:<\/strong><\/span><\/p>\n<p><span style=\"font-family: 'comic sans ms', sans-serif;\">&#8211; Apenas produto digital &#8211; n\u00e3o ser\u00e1 enviada uma c\u00f3pia f\u00edsica.<\/span><br \/>\n<span style=\"font-family: 'comic sans ms', sans-serif;\">&#8211; N\u00e3o h\u00e1 marcas de \u00e1gua nos ficheiros transfer\u00edveis.<\/span><br \/>\n<span style=\"font-family: 'comic sans ms', sans-serif;\">&#8211; Apenas para uso pessoal (n\u00e3o para revenda ou uso comercial).<\/span><\/p>\n<p><span style=\"font-family: 'comic sans ms', sans-serif;\">D\u00e1 um toque de magia kawaii ao teu Halloween e torna-o muito colorido com esta divertida cole\u00e7\u00e3o para colorir chibi!<\/span><\/p>\n<p><span style=\"font-family: 'comic sans ms', sans-serif;\">Transfere hoje o teu Livro para Colorir de Halloween das Chibi Girls e come\u00e7a a colorir imediatamente!<\/span><\/p>\n","protected":false},"excerpt":{"rendered":"<p>Celebra o Dia das Bruxas com uma divers\u00e3o engra\u00e7ada e assustadora!<\/p>\n","protected":false},"featured_media":23901,"template":"","meta":{"_acf_changed":false,"_glsr_average":0,"_glsr_ranking":0,"_glsr_reviews":0},"product_brand":[],"product_cat":[1478,1493,1437,1387],"product_tag":[],"class_list":{"0":"post-23885","1":"product","2":"type-product","3":"status-publish","4":"has-post-thumbnail","6":"product_cat-dia-das-bruxas","7":"product_cat-gotico-pastel","8":"product_cat-kawaii","9":"product_cat-livros-para-colorir","11":"first","12":"instock","13":"sold-individually","14":"shipping-taxable","15":"purchasable","16":"product-type-variable"},"bundled_by":[],"bundle_stock_status":"instock","bundle_stock_quantity":null,"bundle_virtual":false,"bundle_layout":"","bundle_add_to_cart_form_location":"","bundle_editable_in_cart":false,"bundle_sold_individually_context":"","bundle_item_grouping":"","bundle_min_size":"","bundle_max_size":"","bundle_price":[],"bundled_items":[],"bundle_sell_ids":[],"acf":[],"_links":{"self":[{"href":"https:\/\/www.coloredcaramel.com\/pt-pt\/wp-json\/wp\/v2\/product\/23885","targetHints":{"allow":["GET"]}}],"collection":[{"href":"https:\/\/www.coloredcaramel.com\/pt-pt\/wp-json\/wp\/v2\/product"}],"about":[{"href":"https:\/\/www.coloredcaramel.com\/pt-pt\/wp-json\/wp\/v2\/types\/product"}],"wp:featuredmedia":[{"embeddable":true,"href":"https:\/\/www.coloredcaramel.com\/pt-pt\/wp-json\/wp\/v2\/media\/23901"}],"wp:attachment":[{"href":"https:\/\/www.coloredcaramel.com\/pt-pt\/wp-json\/wp\/v2\/media?parent=23885"}],"wp:term":[{"taxonomy":"product_brand","embeddable":true,"href":"https:\/\/www.coloredcaramel.com\/pt-pt\/wp-json\/wp\/v2\/product_brand?post=23885"},{"taxonomy":"product_cat","embeddable":true,"href":"https:\/\/www.coloredcaramel.com\/pt-pt\/wp-json\/wp\/v2\/product_cat?post=23885"},{"taxonomy":"product_tag","embeddable":true,"href":"https:\/\/www.coloredcaramel.com\/pt-pt\/wp-json\/wp\/v2\/product_tag?post=23885"}],"curies":[{"name":"wp","href":"https:\/\/api.w.org\/{rel}","templated":true}]}}