{"id":23656,"date":"2025-09-13T07:25:12","date_gmt":"2025-09-13T07:25:12","guid":{"rendered":"https:\/\/www.coloredcaramel.com\/product\/gatos-assustadores-livro-de-colorir-fofo-e-aconchegante\/"},"modified":"2026-04-06T08:22:09","modified_gmt":"2026-04-06T08:22:09","slug":"gatos-assustadores-livro-de-colorir-fofo-e-aconchegante","status":"publish","type":"product","link":"https:\/\/www.coloredcaramel.com\/pt-pt\/product\/gatos-assustadores-livro-de-colorir-fofo-e-aconchegante\/","title":{"rendered":"Gatos Assustadores: Livro de Colorir Fofo e Aconchegante"},"content":{"rendered":"<p><span style=\"font-family: 'comic sans ms', sans-serif;\">Gostas de p\u00e1ginas para colorir assustadoras? Ent\u00e3o vais adorar este universo extravagante de gatos, magia e um ambiente acolhedor e assustador. <\/span><\/p>\n<p><span style=\"font-family: 'comic sans ms', sans-serif;\">Este livro para colorir est\u00e1 repleto de gatos brincalh\u00f5es, aranhas tontas e companheiros encantadores rodeados de cen\u00e1rios misteriosos e encantadores. \u00d3timo para celebrar o Dia das Bruxas &#8211; ou para desfrutar em qualquer altura do ano em que queiras uma divers\u00e3o acolhedora e criativa. <\/span><\/p>\n<p><span style=\"font-family: 'comic sans ms', sans-serif;\">Tamb\u00e9m encontrar\u00e1s algumas p\u00e1ginas iniciais perfeitas para experimentar cores, misturar t\u00e9cnicas e fazer experi\u00eancias com gradientes.<\/span><\/p>\n<p><span style=\"font-family: 'comic sans ms', sans-serif;\">Aconchega-te, acende uma vela e deixa que o ambiente acolhedor e assustador te conduza a horas de relaxamento e alegria.<\/span><\/p>\n<p><span style=\"font-family: 'comic sans ms', sans-serif;\">O que tens dentro:<\/span><br \/>\n<span style=\"font-family: 'comic sans ms', sans-serif;\">&#8211; 40 ilustra\u00e7\u00f5es super giras desenhadas \u00e0 m\u00e3o.<\/span><br \/>\n<span style=\"font-family: 'comic sans ms', sans-serif;\">&#8211; P\u00e1ginas imprim\u00edveis de alta qualidade (8,5 x 8,5 polegadas)<\/span><br \/>\n<span style=\"font-family: 'comic sans ms', sans-serif;\">&#8211; Inclui espa\u00e7o para testares as tuas combina\u00e7\u00f5es de cores.<\/span><br \/>\n<span style=\"font-family: 'comic sans ms', sans-serif;\">&#8211; Linhas grossas e arrojadas para colorir facilmente.<\/span><\/p>\n<p><span style=\"font-family: 'comic sans ms', sans-serif;\">Ideal para:<\/span><br \/>\n<span style=\"font-family: 'comic sans ms', sans-serif;\">&#8211; Adultos e adolescentes \u00e0 procura de um al\u00edvio criativo para o stress<\/span><br \/>\n<span style=\"font-family: 'comic sans ms', sans-serif;\">&#8211; Para quem gosta de gatos, de vibra\u00e7\u00f5es assustadoras e de p\u00e1ginas para colorir giras<\/span><br \/>\n<span style=\"font-family: 'comic sans ms', sans-serif;\">&#8211; Para quem gosta de prendas peculiares ou simplesmente quer colorir para relaxar<\/span><\/p>\n<p><span style=\"font-family: 'comic sans ms', sans-serif;\">Notas importantes:<\/span><br \/>\n<span style=\"font-family: 'comic sans ms', sans-serif;\">&#8211; Este \u00e9 um livro eletr\u00f3nico que podes descarregar e imprimir em casa &#8211; n\u00e3o ser\u00e3o enviadas c\u00f3pias f\u00edsicas.<\/span><br \/>\n<span style=\"font-family: 'comic sans ms', sans-serif;\">&#8211; N\u00e3o existem marcas de \u00e1gua nos ficheiros transfer\u00edveis.<\/span><br \/>\n<span style=\"font-family: 'comic sans ms', sans-serif;\">&#8211; APENAS PARA USO PESSOAL\/PRIVADO! N\u00e3o \u00e9 permitida qualquer utiliza\u00e7\u00e3o comercial. <\/span><br \/>\n<span style=\"font-family: 'comic sans ms', sans-serif;\">&#8211; O livro est\u00e1 protegido por direitos de autor e N\u00c3O \u00c9 PERMITIDA A PRODU\u00c7\u00c3O EM MASSA OU A REVENDA.<\/span><\/p>\n<p><span style=\"font-family: 'comic sans ms', sans-serif;\">Encomenda j\u00e1 a tua e deixa os gatos fazerem a sua magia!<\/span><\/p>\n","protected":false},"excerpt":{"rendered":"<p>Assustador, giro e miau-s\u00e9rio. \ud83d\udda4<\/p>\n","protected":false},"featured_media":23658,"template":"","meta":{"_acf_changed":false,"_glsr_average":0,"_glsr_ranking":0,"_glsr_reviews":0},"product_brand":[],"product_cat":[1478,1387],"product_tag":[1479],"class_list":{"0":"post-23656","1":"product","2":"type-product","3":"status-publish","4":"has-post-thumbnail","6":"product_cat-dia-das-bruxas","7":"product_cat-livros-para-colorir","8":"product_tag-halloween","10":"first","11":"instock","12":"sold-individually","13":"shipping-taxable","14":"purchasable","15":"product-type-variable"},"bundled_by":["25105","25716"],"bundle_stock_status":"instock","bundle_stock_quantity":null,"bundle_virtual":false,"bundle_layout":"","bundle_add_to_cart_form_location":"","bundle_editable_in_cart":false,"bundle_sold_individually_context":"","bundle_item_grouping":"","bundle_min_size":"","bundle_max_size":"","bundle_price":[],"bundled_items":[],"bundle_sell_ids":[],"acf":[],"_links":{"self":[{"href":"https:\/\/www.coloredcaramel.com\/pt-pt\/wp-json\/wp\/v2\/product\/23656","targetHints":{"allow":["GET"]}}],"collection":[{"href":"https:\/\/www.coloredcaramel.com\/pt-pt\/wp-json\/wp\/v2\/product"}],"about":[{"href":"https:\/\/www.coloredcaramel.com\/pt-pt\/wp-json\/wp\/v2\/types\/product"}],"wp:featuredmedia":[{"embeddable":true,"href":"https:\/\/www.coloredcaramel.com\/pt-pt\/wp-json\/wp\/v2\/media\/23658"}],"wp:attachment":[{"href":"https:\/\/www.coloredcaramel.com\/pt-pt\/wp-json\/wp\/v2\/media?parent=23656"}],"wp:term":[{"taxonomy":"product_brand","embeddable":true,"href":"https:\/\/www.coloredcaramel.com\/pt-pt\/wp-json\/wp\/v2\/product_brand?post=23656"},{"taxonomy":"product_cat","embeddable":true,"href":"https:\/\/www.coloredcaramel.com\/pt-pt\/wp-json\/wp\/v2\/product_cat?post=23656"},{"taxonomy":"product_tag","embeddable":true,"href":"https:\/\/www.coloredcaramel.com\/pt-pt\/wp-json\/wp\/v2\/product_tag?post=23656"}],"curies":[{"name":"wp","href":"https:\/\/api.w.org\/{rel}","templated":true}]}}