{"id":23573,"date":"2025-09-25T12:09:35","date_gmt":"2025-09-25T12:09:35","guid":{"rendered":"https:\/\/www.coloredcaramel.com\/product\/livro-para-colorir-girly-vibes-ilustracoes-arrojadas-faceis-e-giras\/"},"modified":"2026-04-06T08:22:02","modified_gmt":"2026-04-06T08:22:02","slug":"livro-para-colorir-girly-vibes-ilustracoes-arrojadas-faceis-e-giras","status":"publish","type":"product","link":"https:\/\/www.coloredcaramel.com\/pt-pt\/produto\/livro-para-colorir-girly-vibes-ilustracoes-arrojadas-faceis-e-giras\/","title":{"rendered":"Livro para Colorir Girly Vibes: Ilustra\u00e7\u00f5es arrojadas, f\u00e1ceis e giras"},"content":{"rendered":"<p><span style=\"font-family: 'comic sans ms', sans-serif;\">Gostas de colorir p\u00e1ginas para colorir giras, femininas, acolhedoras e f\u00e1ceis?<\/span><br \/>\n<span style=\"font-family: 'comic sans ms', sans-serif;\">Ent\u00e3o vais adorar este!<\/span><\/p>\n<p><span style=\"font-family: 'comic sans ms', sans-serif;\">N\u00e3o gostamos apenas deste livro de colorir, estamos obcecados por ele!<\/span><br \/>\n<span style=\"font-family: 'comic sans ms', sans-serif;\">&#8211; Est\u00e1 cheio de ilustra\u00e7\u00f5es super fofas, arrojadas e f\u00e1ceis.<\/span><br \/>\n<span style=\"font-family: 'comic sans ms', sans-serif;\">&#8211; Inclui p\u00e1ginas ador\u00e1veis que s\u00e3o perfeitas para colorir com os teus amigos!<\/span><br \/>\n<span style=\"font-family: 'comic sans ms', sans-serif;\">&#8211; Um PDF completo com 55 desenhos \u00fanicos &#8211; n\u00e3o repetes!<\/span><br \/>\n<span style=\"font-family: 'comic sans ms', sans-serif;\">&#8211; O tamanho da p\u00e1gina \u00e9 de 8,5 x 8,5 polegadas &#8211; \u00e9 melhor imprimir em papel de 8,5 x 11 polegadas ou A4.<\/span><br \/>\n<span style=\"font-family: 'comic sans ms', sans-serif;\">&#8211; Perfeito para adultos e adolescentes.<\/span><br \/>\n<span style=\"font-family: 'comic sans ms', sans-serif;\">&#8211; Relaxa!<\/span><br \/>\n<span style=\"font-family: 'comic sans ms', sans-serif;\">&#8211; Um belo presente.<\/span><\/p>\n<p><span style=\"font-family: 'comic sans ms', sans-serif;\">**IMPORTANTE**<\/span><br \/>\n<span style=\"font-family: 'comic sans ms', sans-serif;\">&#8211; Este \u00e9 um livro eletr\u00f3nico que podes descarregar e imprimir em casa &#8211; n\u00e3o ser\u00e3o enviadas c\u00f3pias f\u00edsicas.<\/span><br \/>\n<span style=\"font-family: 'comic sans ms', sans-serif;\">&#8211; N\u00e3o existem marcas de \u00e1gua nos ficheiros transfer\u00edveis.<\/span><br \/>\n<span style=\"font-family: 'comic sans ms', sans-serif;\">&#8211; APENAS PARA USO PESSOAL\/PRIVADO! N\u00e3o \u00e9 permitida qualquer utiliza\u00e7\u00e3o comercial. <\/span><br \/>\n<span style=\"font-family: 'comic sans ms', sans-serif;\">&#8211; O livro est\u00e1 protegido por direitos de autor e N\u00c3O \u00c9 PERMITIDA A PRODU\u00c7\u00c3O EM MASSA OU A REVENDA.<\/span><\/p>\n<p><span style=\"font-family: 'comic sans ms', sans-serif;\">Encomenda este bonito LIVRO DE COLORIR para te divertires e aliviares o stress!<\/span><\/p>\n<p><span style=\"font-family: 'comic sans ms', sans-serif;\">Se tiveres alguma d\u00favida, envia-nos uma mensagem \ud83d\ude42<\/span><\/p>\n","protected":false},"excerpt":{"rendered":"<p>Gostas de colorir p\u00e1ginas para colorir giras, femininas, acolhedoras e f\u00e1ceis? Ent\u00e3o vais adorar este! N\u00e3o gostamos apenas deste livro de colorir, estamos obcecados por ele! &#8211; Est\u00e1 cheio de ilustra\u00e7\u00f5es super fofas, arrojadas e f\u00e1ceis. &#8211; Inclui p\u00e1ginas ador\u00e1veis que s\u00e3o perfeitas para colorir com os teus amigos! &#8211; Um PDF completo com 55<\/p>\n<div class=\"klb-readmore button\"><a class=\"btn link\" href=\"https:\/\/www.coloredcaramel.com\/pt-pt\/produto\/livro-para-colorir-girly-vibes-ilustracoes-arrojadas-faceis-e-giras\/\">Read More <i class=\"klbth-icon-right-arrow\"><\/i><\/a><\/div>\n","protected":false},"featured_media":23594,"template":"","meta":{"_acf_changed":false,"_glsr_average":0,"_glsr_ranking":0,"_glsr_reviews":0},"product_brand":[],"product_cat":[1468,1387,1470],"product_tag":[],"class_list":{"0":"post-23573","1":"product","2":"type-product","3":"status-publish","4":"has-post-thumbnail","6":"product_cat-atencao-plena","7":"product_cat-livros-para-colorir","8":"product_cat-relaxamento","10":"first","11":"instock","12":"sold-individually","13":"shipping-taxable","14":"purchasable","15":"product-type-variable"},"bundled_by":[],"bundle_stock_status":"instock","bundle_stock_quantity":null,"bundle_virtual":false,"bundle_layout":"","bundle_add_to_cart_form_location":"","bundle_editable_in_cart":false,"bundle_sold_individually_context":"","bundle_item_grouping":"","bundle_min_size":"","bundle_max_size":"","bundle_price":[],"bundled_items":[],"bundle_sell_ids":[],"acf":[],"_links":{"self":[{"href":"https:\/\/www.coloredcaramel.com\/pt-pt\/wp-json\/wp\/v2\/product\/23573","targetHints":{"allow":["GET"]}}],"collection":[{"href":"https:\/\/www.coloredcaramel.com\/pt-pt\/wp-json\/wp\/v2\/product"}],"about":[{"href":"https:\/\/www.coloredcaramel.com\/pt-pt\/wp-json\/wp\/v2\/types\/product"}],"wp:featuredmedia":[{"embeddable":true,"href":"https:\/\/www.coloredcaramel.com\/pt-pt\/wp-json\/wp\/v2\/media\/23594"}],"wp:attachment":[{"href":"https:\/\/www.coloredcaramel.com\/pt-pt\/wp-json\/wp\/v2\/media?parent=23573"}],"wp:term":[{"taxonomy":"product_brand","embeddable":true,"href":"https:\/\/www.coloredcaramel.com\/pt-pt\/wp-json\/wp\/v2\/product_brand?post=23573"},{"taxonomy":"product_cat","embeddable":true,"href":"https:\/\/www.coloredcaramel.com\/pt-pt\/wp-json\/wp\/v2\/product_cat?post=23573"},{"taxonomy":"product_tag","embeddable":true,"href":"https:\/\/www.coloredcaramel.com\/pt-pt\/wp-json\/wp\/v2\/product_tag?post=23573"}],"curies":[{"name":"wp","href":"https:\/\/api.w.org\/{rel}","templated":true}]}}