{"id":23393,"date":"2025-10-11T11:22:48","date_gmt":"2025-10-11T11:22:48","guid":{"rendered":"https:\/\/www.coloredcaramel.com\/product\/natal-encantador-um-livro-para-colorir-para-todas-as-idades\/"},"modified":"2026-04-06T08:21:43","modified_gmt":"2026-04-06T08:21:43","slug":"natal-encantador-um-livro-para-colorir-para-todas-as-idades","status":"publish","type":"product","link":"https:\/\/www.coloredcaramel.com\/pt-pt\/produto\/natal-encantador-um-livro-para-colorir-para-todas-as-idades\/","title":{"rendered":"Natal encantador: Um livro para colorir para todas as idades"},"content":{"rendered":"<p><span style=\"font-family: 'comic sans ms', sans-serif;\">As mais bonitas p\u00e1ginas de Natal para colorir com um divertido calend\u00e1rio do advento para colorir inclu\u00eddo!<\/span><\/p>\n<p><span style=\"font-family: 'comic sans ms', sans-serif;\">Porque \u00e9 que gostamos dele:<\/span><br \/>\n<span style=\"font-family: 'comic sans ms', sans-serif;\">&#8211; Est\u00e1 cheio de ilustra\u00e7\u00f5es bonitas e alegres com elementos natal\u00edcios, gnomos, animais, bonecos de neve, doces e muito mais!<\/span><br \/>\n<span style=\"font-family: 'comic sans ms', sans-serif;\">&#8211; Um PDF completo com 35 desenhos \u00fanicos<\/span><br \/>\n<span style=\"font-family: 'comic sans ms', sans-serif;\">&#8211; Inclui uma ilustra\u00e7\u00e3o especial para colorir do calend\u00e1rio do advento<\/span><br \/>\n<span style=\"font-family: 'comic sans ms', sans-serif;\">&#8211; Uma amostra de cores com elementos de Natal inclu\u00eddos<\/span><br \/>\n<span style=\"font-family: 'comic sans ms', sans-serif;\">&#8211; O tamanho da p\u00e1gina \u00e9 de 8,5 x 11 polegadas<\/span><br \/>\n<span style=\"font-family: 'comic sans ms', sans-serif;\">&#8211; Perfeito para adultos e adolescentes<\/span><br \/>\n<span style=\"font-family: 'comic sans ms', sans-serif;\">&#8211; A atividade perfeita para aliviar o stress<\/span><br \/>\n<span style=\"font-family: 'comic sans ms', sans-serif;\">&#8211; Atividade divertida para as f\u00e9rias<\/span><br \/>\n<span style=\"font-family: 'comic sans ms', sans-serif;\">&#8211; O presente que todos v\u00e3o adorar!<\/span><\/p>\n<p><span style=\"font-family: 'comic sans ms', sans-serif;\">**IMPORTANTE**<\/span><br \/>\n<span style=\"font-family: 'comic sans ms', sans-serif;\">&#8211; Este \u00e9 um livro eletr\u00f3nico que podes descarregar e imprimir em casa &#8211; n\u00e3o ser\u00e3o enviadas c\u00f3pias f\u00edsicas.<\/span><br \/>\n<span style=\"font-family: 'comic sans ms', sans-serif;\">&#8211; N\u00e3o existem marcas de \u00e1gua nos ficheiros transfer\u00edveis.<\/span><br \/>\n<span style=\"font-family: 'comic sans ms', sans-serif;\">&#8211; APENAS PARA USO PESSOAL\/PRIVADO! N\u00e3o \u00e9 permitida qualquer utiliza\u00e7\u00e3o comercial. <\/span><br \/>\n<span style=\"font-family: 'comic sans ms', sans-serif;\">&#8211; O livro est\u00e1 protegido por direitos de autor e N\u00c3O \u00c9 PERMITIDA A PRODU\u00c7\u00c3O EM MASSA OU A REVENDA.<\/span><br \/>\n<span style=\"font-family: 'comic sans ms', sans-serif;\">Encomenda j\u00e1 este LIVRO DE COLORIR JOG\u00c1VEL e partilha o ESP\u00cdRITO DE NATAL!<\/span><\/p>\n<p><span style=\"font-family: 'comic sans ms', sans-serif;\">Nestas f\u00e9rias, vamos ser divertidos, alegres, descontra\u00eddos e criativos!<\/span><\/p>\n<p><span style=\"font-family: 'comic sans ms', sans-serif;\">Se tiveres alguma d\u00favida, envia-nos uma mensagem \ud83d\ude42<\/span><\/p>\n","protected":false},"excerpt":{"rendered":"<p>As mais bonitas p\u00e1ginas de Natal para colorir com um divertido calend\u00e1rio do advento para colorir inclu\u00eddo! Porque \u00e9 que gostamos dele: &#8211; Est\u00e1 cheio de ilustra\u00e7\u00f5es bonitas e alegres com elementos natal\u00edcios, gnomos, animais, bonecos de neve, doces e muito mais! &#8211; Um PDF completo com 35 desenhos \u00fanicos &#8211; Inclui uma ilustra\u00e7\u00e3o especial<\/p>\n<div class=\"klb-readmore button\"><a class=\"btn link\" href=\"https:\/\/www.coloredcaramel.com\/pt-pt\/produto\/natal-encantador-um-livro-para-colorir-para-todas-as-idades\/\">Read More <i class=\"klbth-icon-right-arrow\"><\/i><\/a><\/div>\n","protected":false},"featured_media":23410,"template":"","meta":{"_acf_changed":false,"_glsr_average":0,"_glsr_ranking":0,"_glsr_reviews":0},"product_brand":[],"product_cat":[1387,1389,1456],"product_tag":[],"class_list":{"0":"post-23393","1":"product","2":"type-product","3":"status-publish","4":"has-post-thumbnail","6":"product_cat-livros-para-colorir","7":"product_cat-natal","8":"product_cat-sem-categoria","10":"first","11":"instock","12":"sold-individually","13":"shipping-taxable","14":"purchasable","15":"product-type-variable"},"bundled_by":[],"bundle_stock_status":"instock","bundle_stock_quantity":null,"bundle_virtual":false,"bundle_layout":"","bundle_add_to_cart_form_location":"","bundle_editable_in_cart":false,"bundle_sold_individually_context":"","bundle_item_grouping":"","bundle_min_size":"","bundle_max_size":"","bundle_price":[],"bundled_items":[],"bundle_sell_ids":[],"acf":[],"_links":{"self":[{"href":"https:\/\/www.coloredcaramel.com\/pt-pt\/wp-json\/wp\/v2\/product\/23393","targetHints":{"allow":["GET"]}}],"collection":[{"href":"https:\/\/www.coloredcaramel.com\/pt-pt\/wp-json\/wp\/v2\/product"}],"about":[{"href":"https:\/\/www.coloredcaramel.com\/pt-pt\/wp-json\/wp\/v2\/types\/product"}],"wp:featuredmedia":[{"embeddable":true,"href":"https:\/\/www.coloredcaramel.com\/pt-pt\/wp-json\/wp\/v2\/media\/23410"}],"wp:attachment":[{"href":"https:\/\/www.coloredcaramel.com\/pt-pt\/wp-json\/wp\/v2\/media?parent=23393"}],"wp:term":[{"taxonomy":"product_brand","embeddable":true,"href":"https:\/\/www.coloredcaramel.com\/pt-pt\/wp-json\/wp\/v2\/product_brand?post=23393"},{"taxonomy":"product_cat","embeddable":true,"href":"https:\/\/www.coloredcaramel.com\/pt-pt\/wp-json\/wp\/v2\/product_cat?post=23393"},{"taxonomy":"product_tag","embeddable":true,"href":"https:\/\/www.coloredcaramel.com\/pt-pt\/wp-json\/wp\/v2\/product_tag?post=23393"}],"curies":[{"name":"wp","href":"https:\/\/api.w.org\/{rel}","templated":true}]}}