{"id":22924,"date":"2025-10-11T11:46:17","date_gmt":"2025-10-11T11:46:17","guid":{"rendered":"https:\/\/www.coloredcaramel.com\/product\/livro-para-colorir-natal-kawaii\/"},"modified":"2026-02-17T07:09:23","modified_gmt":"2026-02-17T07:09:23","slug":"livro-para-colorir-natal-kawaii","status":"publish","type":"product","link":"https:\/\/www.coloredcaramel.com\/pt-pt\/product\/livro-para-colorir-natal-kawaii\/","title":{"rendered":"Livro para colorir Natal Kawaii"},"content":{"rendered":"<h2 data-start=\"218\" data-end=\"273\"><span style=\"font-family: comic sans ms, sans-serif; font-size: 12pt;\">25 Desenhos para colorir Kawaii super fofas e imprim\u00edveis para o Natal<\/span><\/h2>\n<p data-pm-slice=\"1 1 []\"><span style=\"font-family: comic sans ms, sans-serif;\">Entra num aconchegante pa\u00eds das maravilhas de inverno, repleto de personagens kawaii, doces e criaturas festivas, tudo repleto de magia natal\u00edcia. Cada p\u00e1gina para colorir apresenta um estilo kawaii super giro, desde renas sorridentes e biscoitos de gengibre a animais fofinhos e \u00e1rvores de Natal cintilantes. <\/span><\/p>\n<p><span style=\"font-family: comic sans ms, sans-serif;\">Esta cole\u00e7\u00e3o \u00e9 o teu ref\u00fagio acolhedor e criativo, perfeito para ser\u00f5es com cacau quente, m\u00fasica suave e um toque de alegria pastel.<\/span><\/p>\n<p><span style=\"font-family: comic sans ms, sans-serif;\">Estas ilustra\u00e7\u00f5es kawaii foram concebidas para relaxar a tua mente e alegrar o teu dia. Abranda, sorri e deixa a neve cair enquanto d\u00e1s vida a cada mini mundo. <\/span><\/p>\n<p><strong><span style=\"font-family: comic sans ms, sans-serif;\">Porque vais adorar:<\/span><\/strong><\/p>\n<p><span style=\"font-family: comic sans ms, sans-serif;\">&#8211; 25 ilustra\u00e7\u00f5es kawaii de Natal ador\u00e1veis e alegres<\/span><br \/>\n<span style=\"font-family: comic sans ms, sans-serif;\">&#8211; Desenhos \u00fanicos e pormenorizados<\/span><br \/>\n<span style=\"font-family: comic sans ms, sans-serif;\">&#8211; P\u00e1ginas imprim\u00edveis de 8,5 x 11 polegadas (transfer\u00eancia de PDF)<\/span><br \/>\n<span style=\"font-family: comic sans ms, sans-serif;\">&#8211; Perfeito para adultos, adolescentes e crian\u00e7as que adoram colorir<\/span><br \/>\n<span style=\"font-family: comic sans ms, sans-serif;\">&#8211; Uma \u00f3ptima maneira de relaxar e desfrutar de noites de f\u00e9rias acolhedoras<\/span><br \/>\n<span style=\"font-family: comic sans ms, sans-serif;\">&#8211; A atividade perfeita para aliviar o stress<\/span><br \/>\n<span style=\"font-family: comic sans ms, sans-serif;\">&#8211; Apresenta animais engra\u00e7ados, \u00e1rvores de Natal e comida festiva<\/span><br \/>\n<span style=\"font-family: comic sans ms, sans-serif;\">&#8211; Atividade divertida para as f\u00e9rias<\/span><br \/>\n<span style=\"font-family: comic sans ms, sans-serif;\">&#8211; Faz um presente atencioso para quem gosta de arte kawaii<\/span><br \/>\n<span style=\"font-family: comic sans ms, sans-serif;\">&#8211; Descarrega instantaneamente e come\u00e7a a colorir de imediato!<\/span><\/p>\n<p><span style=\"font-family: comic sans ms, sans-serif;\"><strong>Notas importantes:<\/strong><br \/>\n<\/span><br \/>\n<span style=\"font-family: comic sans ms, sans-serif;\">&#8211; Este \u00e9 um e-book digital transfer\u00edvel (PDF) que podes imprimir em casa &#8211; n\u00e3o ser\u00e3o enviadas c\u00f3pias f\u00edsicas.<\/span><br \/>\n<span style=\"font-family: comic sans ms, sans-serif;\">&#8211; N\u00e3o existem marcas de \u00e1gua nos ficheiros para impress\u00e3o.<\/span><br \/>\n<span style=\"font-family: comic sans ms, sans-serif;\">&#8211; Apenas para uso pessoal e privado! N\u00e3o \u00e9 permitida a utiliza\u00e7\u00e3o comercial, a produ\u00e7\u00e3o em massa ou a revenda. <\/span><br \/>\n<span style=\"font-family: comic sans ms, sans-serif;\">&#8211; Todos os trabalhos art\u00edsticos s\u00e3o originais e est\u00e3o protegidos por direitos de autor.<\/span><\/p>\n<p><span style=\"font-family: comic sans ms, sans-serif;\">Encomenda j\u00e1 o teu divertido livro para colorir e enche as tuas f\u00e9rias de cor, criatividade e um toque de charme kawaii!<\/span><\/p>\n<p><span style=\"font-family: comic sans ms, sans-serif;\">Se tiveres alguma d\u00favida, envia-nos uma mensagem \ud83d\ude42<\/span><\/p>\n","protected":false},"excerpt":{"rendered":"<p>25 Desenhos para colorir Kawaii super fofas e imprim\u00edveis para o Natal Entra num aconchegante pa\u00eds das maravilhas de inverno, repleto de personagens kawaii, doces e criaturas festivas, tudo repleto de magia natal\u00edcia. Cada p\u00e1gina para colorir apresenta um estilo kawaii super giro, desde renas sorridentes e biscoitos de gengibre a animais fofinhos e \u00e1rvores<\/p>\n<div class=\"klb-readmore button\"><a class=\"btn link\" href=\"https:\/\/www.coloredcaramel.com\/pt-pt\/product\/livro-para-colorir-natal-kawaii\/\">Read More <i class=\"klbth-icon-right-arrow\"><\/i><\/a><\/div>\n","protected":false},"featured_media":22926,"template":"","meta":{"_acf_changed":false,"_glsr_average":0,"_glsr_ranking":0,"_glsr_reviews":0},"product_brand":[],"product_cat":[1434,1359,1360],"product_tag":[],"class_list":{"0":"post-22924","1":"product","2":"type-product","3":"status-publish","4":"has-post-thumbnail","6":"product_cat-kawaii","7":"product_cat-kleurboeken","8":"product_cat-kerstmis","10":"first","11":"instock","12":"sold-individually","13":"shipping-taxable","14":"purchasable","15":"product-type-variable"},"bundled_by":[],"bundle_stock_status":"instock","bundle_stock_quantity":null,"bundle_virtual":false,"bundle_layout":"","bundle_add_to_cart_form_location":"","bundle_editable_in_cart":false,"bundle_sold_individually_context":"","bundle_item_grouping":"","bundle_min_size":"","bundle_max_size":"","bundle_price":[],"bundled_items":[],"bundle_sell_ids":[],"acf":[],"_links":{"self":[{"href":"https:\/\/www.coloredcaramel.com\/pt-pt\/wp-json\/wp\/v2\/product\/22924","targetHints":{"allow":["GET"]}}],"collection":[{"href":"https:\/\/www.coloredcaramel.com\/pt-pt\/wp-json\/wp\/v2\/product"}],"about":[{"href":"https:\/\/www.coloredcaramel.com\/pt-pt\/wp-json\/wp\/v2\/types\/product"}],"wp:featuredmedia":[{"embeddable":true,"href":"https:\/\/www.coloredcaramel.com\/pt-pt\/wp-json\/wp\/v2\/media\/22926"}],"wp:attachment":[{"href":"https:\/\/www.coloredcaramel.com\/pt-pt\/wp-json\/wp\/v2\/media?parent=22924"}],"wp:term":[{"taxonomy":"product_brand","embeddable":true,"href":"https:\/\/www.coloredcaramel.com\/pt-pt\/wp-json\/wp\/v2\/product_brand?post=22924"},{"taxonomy":"product_cat","embeddable":true,"href":"https:\/\/www.coloredcaramel.com\/pt-pt\/wp-json\/wp\/v2\/product_cat?post=22924"},{"taxonomy":"product_tag","embeddable":true,"href":"https:\/\/www.coloredcaramel.com\/pt-pt\/wp-json\/wp\/v2\/product_tag?post=22924"}],"curies":[{"name":"wp","href":"https:\/\/api.w.org\/{rel}","templated":true}]}}