{"id":20638,"date":"2025-10-09T13:10:12","date_gmt":"2025-10-09T13:10:12","guid":{"rendered":"https:\/\/www.coloredcaramel.com\/product\/dias-de-pascoa-livro-de-colorir-para-a-pascoa-giro-arrojado-e-facil\/"},"modified":"2026-04-06T08:21:53","modified_gmt":"2026-04-06T08:21:53","slug":"dias-de-pascoa-livro-de-colorir-para-a-pascoa-giro-arrojado-e-facil","status":"publish","type":"product","link":"https:\/\/www.coloredcaramel.com\/pt-pt\/produto\/dias-de-pascoa-livro-de-colorir-para-a-pascoa-giro-arrojado-e-facil\/","title":{"rendered":"Dias de P\u00e1scoa: Livro de colorir para a P\u00e1scoa, giro, arrojado e f\u00e1cil"},"content":{"rendered":"<p><span style=\"font-family: 'comic sans ms', sans-serif;\"><strong data-start=\"178\" data-end=\"198\">Salta para a primavera!<\/strong><\/span><br data-start=\"198\" data-end=\"201\"><span style=\"font-family: 'comic sans ms', sans-serif;\"><em data-start=\"203\" data-end=\"255\">Hoppy Days: Cute, Bold &amp; Easy Easter Coloring Book<\/em> est\u00e1 repleto de coelhinhos alegres, pintainhos a piar, cordeiros fofinhos, tulipas, ovos e cenouras &#8211; ilustrados com contornos arrojados e f\u00e1ceis de colorir.<\/span><br \/>\n<span style=\"font-family: 'comic sans ms', sans-serif;\">Uma atividade doce, sem ecr\u00e3s, e o perfeito recheio para o cesto da P\u00e1scoa.<\/span><\/p>\n<p><span style=\"font-family: 'comic sans ms', sans-serif;\">Porque \u00e9 que vais adorar:<\/span><br \/>\n<span style=\"font-family: 'comic sans ms', sans-serif;\">&#8211; Ilustra\u00e7\u00f5es arrojadas e f\u00e1ceis de colorir, perfeitas para momentos de descontra\u00e7\u00e3o.<\/span><br \/>\n<span style=\"font-family: 'comic sans ms', sans-serif;\">&#8211; Um PDF completo com 40 desenhos \u00fanicos &#8211; n\u00e3o repetes!<\/span><br \/>\n<span style=\"font-family: 'comic sans ms', sans-serif;\">&#8211; O tamanho da p\u00e1gina \u00e9 de 8,5 x 8,5 polegadas &#8211; \u00e9 melhor imprimir em papel de 8,5 x 11 polegadas.<\/span><br \/>\n<span style=\"font-family: 'comic sans ms', sans-serif;\">&#8211; Ideal para adultos e adolescentes que gostam de colorir.<\/span><br \/>\n<span style=\"font-family: 'comic sans ms', sans-serif;\">&#8211; Abra\u00e7a a primavera com momentos de calma e criatividade.<\/span><br \/>\n<span style=\"font-family: 'comic sans ms', sans-serif;\">&#8211; Um belo presente.<\/span><\/p>\n<p><span style=\"font-family: 'comic sans ms', sans-serif;\">**IMPORTANTE**<\/span><br \/>\n<span style=\"font-family: 'comic sans ms', sans-serif;\">&#8211; Este \u00e9 um livro eletr\u00f3nico que podes descarregar e imprimir em casa &#8211; n\u00e3o ser\u00e3o enviadas c\u00f3pias f\u00edsicas.<\/span><br \/>\n<span style=\"font-family: 'comic sans ms', sans-serif;\">&#8211; APENAS PARA USO PESSOAL\/PRIVADO! N\u00e3o \u00e9 permitida qualquer utiliza\u00e7\u00e3o comercial. <\/span><br \/>\n<span style=\"font-family: 'comic sans ms', sans-serif;\">&#8211; O livro est\u00e1 protegido por direitos de autor e N\u00c3O \u00c9 PERMITIDA A PRODU\u00c7\u00c3O EM MASSA OU A REVENDA.<\/span><\/p>\n<p><span style=\"font-family: 'comic sans ms', sans-serif;\">Obt\u00e9m a tua c\u00f3pia hoje e d\u00e1 vida a estas bonitas p\u00e1ginas de P\u00e1scoa!<\/span><\/p>\n<p><span style=\"font-family: 'comic sans ms', sans-serif;\">Se tiveres alguma d\u00favida, envia-nos uma mensagem \ud83d\ude42<\/span><\/p>\n","protected":false},"excerpt":{"rendered":"<p>Salta para a primavera!Hoppy Days: Cute, Bold &amp; Easy Easter Coloring Book est\u00e1 repleto de coelhinhos alegres, pintainhos a piar, cordeiros fofinhos, tulipas, ovos e cenouras &#8211; ilustrados com contornos arrojados e f\u00e1ceis de colorir. Uma atividade doce, sem ecr\u00e3s, e o perfeito recheio para o cesto da P\u00e1scoa. Porque \u00e9 que vais adorar: &#8211;<\/p>\n<div class=\"klb-readmore button\"><a class=\"btn link\" href=\"https:\/\/www.coloredcaramel.com\/pt-pt\/produto\/dias-de-pascoa-livro-de-colorir-para-a-pascoa-giro-arrojado-e-facil\/\">Read More <i class=\"klbth-icon-right-arrow\"><\/i><\/a><\/div>\n","protected":false},"featured_media":20650,"template":"","meta":{"_acf_changed":false,"_glsr_average":0,"_glsr_ranking":0,"_glsr_reviews":0},"product_brand":[],"product_cat":[1396,1387],"product_tag":[],"class_list":{"0":"post-20638","1":"product","2":"type-product","3":"status-publish","4":"has-post-thumbnail","6":"product_cat-pascoa","7":"product_cat-livros-para-colorir","9":"first","10":"instock","11":"sold-individually","12":"shipping-taxable","13":"purchasable","14":"product-type-variable"},"bundled_by":[],"bundle_stock_status":"instock","bundle_stock_quantity":null,"bundle_virtual":false,"bundle_layout":"","bundle_add_to_cart_form_location":"","bundle_editable_in_cart":false,"bundle_sold_individually_context":"","bundle_item_grouping":"","bundle_min_size":"","bundle_max_size":"","bundle_price":[],"bundled_items":[],"bundle_sell_ids":[],"acf":[],"_links":{"self":[{"href":"https:\/\/www.coloredcaramel.com\/pt-pt\/wp-json\/wp\/v2\/product\/20638","targetHints":{"allow":["GET"]}}],"collection":[{"href":"https:\/\/www.coloredcaramel.com\/pt-pt\/wp-json\/wp\/v2\/product"}],"about":[{"href":"https:\/\/www.coloredcaramel.com\/pt-pt\/wp-json\/wp\/v2\/types\/product"}],"wp:featuredmedia":[{"embeddable":true,"href":"https:\/\/www.coloredcaramel.com\/pt-pt\/wp-json\/wp\/v2\/media\/20650"}],"wp:attachment":[{"href":"https:\/\/www.coloredcaramel.com\/pt-pt\/wp-json\/wp\/v2\/media?parent=20638"}],"wp:term":[{"taxonomy":"product_brand","embeddable":true,"href":"https:\/\/www.coloredcaramel.com\/pt-pt\/wp-json\/wp\/v2\/product_brand?post=20638"},{"taxonomy":"product_cat","embeddable":true,"href":"https:\/\/www.coloredcaramel.com\/pt-pt\/wp-json\/wp\/v2\/product_cat?post=20638"},{"taxonomy":"product_tag","embeddable":true,"href":"https:\/\/www.coloredcaramel.com\/pt-pt\/wp-json\/wp\/v2\/product_tag?post=20638"}],"curies":[{"name":"wp","href":"https:\/\/api.w.org\/{rel}","templated":true}]}}