{"id":20546,"date":"2025-10-18T11:03:59","date_gmt":"2025-10-18T11:03:59","guid":{"rendered":"https:\/\/www.coloredcaramel.com\/product\/livro-para-colorir-festive-days-cozy-christmas-descontrai-te-confortavelmente-para-adultos-e-adolescentes\/"},"modified":"2026-04-06T08:21:36","modified_gmt":"2026-04-06T08:21:36","slug":"livro-para-colorir-festive-days-cozy-christmas-descontrai-te-confortavelmente-para-adultos-e-adolescentes","status":"publish","type":"product","link":"https:\/\/www.coloredcaramel.com\/pt-pt\/produto\/livro-para-colorir-festive-days-cozy-christmas-descontrai-te-confortavelmente-para-adultos-e-adolescentes\/","title":{"rendered":"Livro para colorir Festive Days Cozy Christmas: Descontrai-te confortavelmente para adultos e adolescentes"},"content":{"rendered":"<h4><span style=\"font-family: 'comic sans ms', sans-serif;\"><span style=\"font-size: 14pt;\">Est\u00e1s pronto para o Natal mais m\u00e1gico e ador\u00e1vel de sempre?<\/span><\/span><\/h4>\n<p><span style=\"font-family: 'comic sans ms', sans-serif; font-size: 12pt;\">Bem-vindo a <i>Festive Days<\/i>, um <strong>livro de colorir de Natal <\/strong> comovente <strong>, cheio de charme acolhedor, luzes cintilantes e pura alegria festiva! <\/strong><\/span><span style=\"font-family: 'comic sans ms', sans-serif;\"><span style=\"font-size: 14pt;\">\u2728<\/span><\/span><\/p>\n<p><span style=\"font-size: 12pt; font-family: 'comic sans ms', sans-serif;\">Cada p\u00e1gina est\u00e1 repleta de <strong>personagens bonitas, decora\u00e7\u00f5es brilhantes e alegres cenas de inverno<\/strong> &#8211; tudo \u00e0 espera do <i>teu<\/i> toque de cor e criatividade.<\/span><\/p>\n<p><span style=\"font-family: 'comic sans ms', sans-serif; font-size: 12pt;\">Por isso, aconchega-te com o teu cobertor preferido, serve-te de uma ch\u00e1vena de cacau quente e <strong>deixa a tua imagina\u00e7\u00e3o brilhar mais do que as luzes da \u00e1rvore de Natal.<\/strong><\/span><\/p>\n<p><span style=\"font-size: 12pt; font-family: 'comic sans ms', sans-serif;\">\ud83e\udde1<strong> Porque \u00e9 que gostamos:<\/strong><br \/>\n&#8211; <strong>Desenhos ador\u00e1veis e arrojados<\/strong> feitos para momentos de colorir aconchegantes.<br \/>\n&#8211; PDF com <strong>40 ilustra\u00e7\u00f5es \u00fanicas e festivas<\/strong> &#8211; (sem repeti\u00e7\u00f5es!)<br \/>\n&#8211; Inclui <strong>amostras de cores<\/strong> e pequenos <strong>espa\u00e7os para brincares com paletas e padr\u00f5es<\/strong>.<br \/>\n&#8211; O tamanho da p\u00e1gina \u00e9 <strong>de 8,5 x 8,5 polegadas<\/strong> &#8211; \u00e9 melhor imprimir em papel de 8,5 x 11 polegadas.<br \/>\n&#8211; Feito <strong>para adultos e adolescentes<\/strong> que adoram <strong>ilustra\u00e7\u00f5es de f\u00e9rias giras, acolhedoras e relaxantes<\/strong>.<br \/>\n&#8211;  <strong>O teu escape calmo da correria das f\u00e9rias.<\/strong><br \/>\n&#8211; Perfeito como  <strong>um presente atencioso!<\/strong><\/span><\/p>\n<p><span style=\"font-size: 12pt; font-family: 'comic sans ms', sans-serif;\">Escolhe o teu preferido:<strong> Digital ou em papel!<\/strong><br \/>\n\ud83e\udde1 Obt\u00e9m a tua <strong>c\u00f3pia digital aqui mesmo<\/strong>, ou<br \/>\n\ud83e\udde1 <strong>Seleciona a c\u00f3pia impressa<\/strong> para a encomendares <strong>na Amazon<\/strong>!<\/span><\/p>\n<p><span style=\"font-family: 'comic sans ms', sans-serif; font-size: 12pt;\">\u2728 <strong>Importante<\/strong> \u2728<br \/>\n\ud83e\udde1 Este \u00e9 <strong>um livro de colorir digital e imprim\u00edvel<\/strong>. Se quiseres <strong>uma c\u00f3pia f\u00edsica, seleciona &#8220;C\u00f3pia impressa&#8221; e conclui a tua compra na Amazon<\/strong>.<br data-start=\"499\" data-end=\"502\">\ud83d\udeab <strong>N\u00e3o ser\u00e3o enviadas c\u00f3pias f\u00edsicas se comprares a vers\u00e3o digital e imprim\u00edvel no nosso s\u00edtio Web.<\/strong><br \/>\n\ud83c\udfe1 Podes <strong>descarregar e imprimir<\/strong> em casa as p\u00e1ginas quantas vezes quiseres &#8211; <strong>apenas para uso pessoal<\/strong>.<br \/>\n<strong>N\u00e3o h\u00e1 uso comercial<\/strong> &#8211; n\u00e3o vendas, n\u00e3o partilhes nem redistribuas estas p\u00e1ginas.<br \/>\n\ud83c\udfa8 <strong>N\u00e3o uses os desenhos para criar novos produtos<\/strong> (como autocolantes, livros ou merchandising).<br \/>\n\ud83d\udcf8 Podes <strong>partilhar as tuas p\u00e1ginas coloridas<\/strong> online &#8211; basta <strong>dares os cr\u00e9ditos \u00e0 Colored Caramel<\/strong>.<br \/>\n\ud83d\udd8b\ufe0f Todos os desenhos est\u00e3o <strong>protegidos por direitos de autor da Colored Car<\/strong>amel. Por favor, respeita o nosso trabalho e a nossa criatividade.<\/span><\/p>\n<p><span style=\"font-family: 'comic sans ms', sans-serif;\"><strong>Prepara, prepara, jingle! \ud83c\udf85\u2728 Pega na tua c\u00f3pia e mergulha na fofura festiva! <\/strong><\/span><\/p>\n<p><span style=\"font-family: 'comic sans ms', sans-serif; font-size: 12pt;\">Se tiveres alguma d\u00favida envia-nos uma mensagem \ud83e\udde1<\/span><\/p>\n","protected":false},"excerpt":{"rendered":"<p>Est\u00e1s pronto para o Natal mais m\u00e1gico e ador\u00e1vel de sempre? Bem-vindo a Festive Days, um livro de colorir de Natal comovente , cheio de charme acolhedor, luzes cintilantes e pura alegria festiva! \u2728 Cada p\u00e1gina est\u00e1 repleta de personagens bonitas, decora\u00e7\u00f5es brilhantes e alegres cenas de inverno &#8211; tudo \u00e0 espera do teu toque<\/p>\n<div class=\"klb-readmore button\"><a class=\"btn link\" href=\"https:\/\/www.coloredcaramel.com\/pt-pt\/produto\/livro-para-colorir-festive-days-cozy-christmas-descontrai-te-confortavelmente-para-adultos-e-adolescentes\/\">Read More <i class=\"klbth-icon-right-arrow\"><\/i><\/a><\/div>\n","protected":false},"featured_media":20549,"template":"","meta":{"_acf_changed":false,"_glsr_average":0,"_glsr_ranking":0,"_glsr_reviews":0},"product_brand":[],"product_cat":[829,1277],"product_tag":[],"class_list":{"0":"post-20546","1":"product","2":"type-product","3":"status-publish","4":"has-post-thumbnail","6":"product_cat-coloring-books","7":"product_cat-christmas","9":"first","10":"instock","11":"sold-individually","12":"shipping-taxable","13":"purchasable","14":"product-type-variable"},"bundled_by":["23263","25105"],"bundle_stock_status":"instock","bundle_stock_quantity":null,"bundle_virtual":false,"bundle_layout":"","bundle_add_to_cart_form_location":"","bundle_editable_in_cart":false,"bundle_sold_individually_context":"","bundle_item_grouping":"","bundle_min_size":"","bundle_max_size":"","bundle_price":[],"bundled_items":[],"bundle_sell_ids":[],"acf":[],"_links":{"self":[{"href":"https:\/\/www.coloredcaramel.com\/pt-pt\/wp-json\/wp\/v2\/product\/20546","targetHints":{"allow":["GET"]}}],"collection":[{"href":"https:\/\/www.coloredcaramel.com\/pt-pt\/wp-json\/wp\/v2\/product"}],"about":[{"href":"https:\/\/www.coloredcaramel.com\/pt-pt\/wp-json\/wp\/v2\/types\/product"}],"wp:featuredmedia":[{"embeddable":true,"href":"https:\/\/www.coloredcaramel.com\/pt-pt\/wp-json\/wp\/v2\/media\/20549"}],"wp:attachment":[{"href":"https:\/\/www.coloredcaramel.com\/pt-pt\/wp-json\/wp\/v2\/media?parent=20546"}],"wp:term":[{"taxonomy":"product_brand","embeddable":true,"href":"https:\/\/www.coloredcaramel.com\/pt-pt\/wp-json\/wp\/v2\/product_brand?post=20546"},{"taxonomy":"product_cat","embeddable":true,"href":"https:\/\/www.coloredcaramel.com\/pt-pt\/wp-json\/wp\/v2\/product_cat?post=20546"},{"taxonomy":"product_tag","embeddable":true,"href":"https:\/\/www.coloredcaramel.com\/pt-pt\/wp-json\/wp\/v2\/product_tag?post=20546"}],"curies":[{"name":"wp","href":"https:\/\/api.w.org\/{rel}","templated":true}]}}