{"id":21421,"date":"2025-10-07T15:55:44","date_gmt":"2025-10-07T15:55:44","guid":{"rendered":"https:\/\/www.coloredcaramel.com\/mantem-te-em-contacto\/"},"modified":"2025-10-07T15:55:44","modified_gmt":"2025-10-07T15:55:44","slug":"mantem-te-em-contacto","status":"publish","type":"page","link":"https:\/\/www.coloredcaramel.com\/pt-pt\/mantem-te-em-contacto\/","title":{"rendered":"Mant\u00e9m-te em contacto"},"content":{"rendered":"<p>Hi  <span id=\"bwfan_contact_name\">John<\/span> <\/p>\n<p>Ajuda-nos a melhorar a tua experi\u00eancia connosco atrav\u00e9s de uma melhor comunica\u00e7\u00e3o. Por favor, ajusta as tuas prefer\u00eancias para o e-mail <span id=\"bwfan_contact_email\">john@example.com<\/span>.   <\/p>\n<p>.<\/p>\n","protected":false},"excerpt":{"rendered":"<p>Hi Ajuda-nos a melhorar a tua experi\u00eancia connosco atrav\u00e9s de uma melhor comunica\u00e7\u00e3o. Por favor, ajusta as tuas prefer\u00eancias para o e-mail . .<\/p>\n","protected":false},"author":2,"featured_media":0,"parent":0,"menu_order":0,"comment_status":"closed","ping_status":"closed","template":"","meta":{"_acf_changed":false,"_glsr_average":0,"_glsr_ranking":0,"_glsr_reviews":0,"footnotes":""},"class_list":["post-21421","page","type-page","status-publish","hentry"],"acf":[],"_links":{"self":[{"href":"https:\/\/www.coloredcaramel.com\/pt-pt\/wp-json\/wp\/v2\/pages\/21421","targetHints":{"allow":["GET"]}}],"collection":[{"href":"https:\/\/www.coloredcaramel.com\/pt-pt\/wp-json\/wp\/v2\/pages"}],"about":[{"href":"https:\/\/www.coloredcaramel.com\/pt-pt\/wp-json\/wp\/v2\/types\/page"}],"author":[{"embeddable":true,"href":"https:\/\/www.coloredcaramel.com\/pt-pt\/wp-json\/wp\/v2\/users\/2"}],"replies":[{"embeddable":true,"href":"https:\/\/www.coloredcaramel.com\/pt-pt\/wp-json\/wp\/v2\/comments?post=21421"}],"version-history":[{"count":0,"href":"https:\/\/www.coloredcaramel.com\/pt-pt\/wp-json\/wp\/v2\/pages\/21421\/revisions"}],"wp:attachment":[{"href":"https:\/\/www.coloredcaramel.com\/pt-pt\/wp-json\/wp\/v2\/media?parent=21421"}],"curies":[{"name":"wp","href":"https:\/\/api.w.org\/{rel}","templated":true}]}}