{"id":18005,"date":"2022-04-03T07:48:26","date_gmt":"2022-04-03T07:48:26","guid":{"rendered":"https:\/\/www.coloredcaramel.com\/politica-de-privacidade\/"},"modified":"2026-02-04T17:32:41","modified_gmt":"2026-02-04T17:32:41","slug":"politica-de-privacidade","status":"publish","type":"page","link":"https:\/\/www.coloredcaramel.com\/pt-pt\/politica-de-privacidade\/","title":{"rendered":"Pol\u00edtica de privacidade"},"content":{"rendered":"\n<p>Pol\u00edtica de privacidade da Colored Caramel (uma subempresa da Manfred Limited)<\/p>\n\n<p>Esta Pol\u00edtica de Privacidade descreve como a tua informa\u00e7\u00e3o pessoal \u00e9 recolhida, utilizada e partilhada quando visitas ou fazes uma compra em https:\/\/www.coloredcaramel.com\/ (o &#8220;Site&#8221;).<\/p>\n\n<p>INFORMA\u00c7\u00d5ES PESSOAIS QUE RECOLHEMOS<\/p>\n\n<p>Quando visitas o Site, recolhemos automaticamente determinadas informa\u00e7\u00f5es sobre o teu dispositivo, incluindo informa\u00e7\u00f5es sobre o teu browser, endere\u00e7o IP, fuso hor\u00e1rio e alguns dos cookies instalados no teu dispositivo. Al\u00e9m disso, \u00e0 medida que navega no Site, recolhemos informa\u00e7\u00f5es sobre as p\u00e1ginas Web ou produtos individuais que visualiza, que sites ou termos de pesquisa o encaminharam para o Site e informa\u00e7\u00f5es sobre a forma como interage com o Site. Referimo-nos a estas informa\u00e7\u00f5es recolhidas automaticamente como &#8220;Informa\u00e7\u00f5es do dispositivo&#8221;.<\/p>\n\n<p>Recolhemos Informa\u00e7\u00f5es do dispositivo utilizando as seguintes tecnologias:<\/p>\n\n<pre class=\"wp-block-code\"><code>- \u201cCookies\u201d are data files that are placed on your device or computer and often include an anonymous unique identifier. For more information about cookies, and how to disable cookies, visit http:\/\/www.allaboutcookies.org.\n- \u201cLog files\u201d track actions occurring on the Site, and collect data including your IP address, browser type, Internet service provider, referring\/exit pages, and date\/time stamps.\n- \u201cWeb beacons,\u201d \u201ctags,\u201d and \u201cpixels\u201d are electronic files used to record information about how you browse the Site.\n<\/code><\/pre>\n\n<p>Al\u00e9m disso, quando fazes uma compra ou tentas fazer uma compra atrav\u00e9s do Site, recolhemos determinadas informa\u00e7\u00f5es, incluindo o teu nome, endere\u00e7o de fatura\u00e7\u00e3o, endere\u00e7o de envio, informa\u00e7\u00f5es de pagamento (incluindo n\u00fameros de cart\u00e3o de cr\u00e9dito, endere\u00e7o de e-mail e n\u00famero de telefone). Referimo-nos a estas informa\u00e7\u00f5es como &#8220;Informa\u00e7\u00f5es da encomenda&#8221;.<\/p>\n\n<p><\/p>\n\n<p>Quando falamos de &#8220;Informa\u00e7\u00f5es Pessoais&#8221; na presente Pol\u00edtica de Privacidade, referimo-nos tanto \u00e0s Informa\u00e7\u00f5es do Dispositivo como \u00e0s Informa\u00e7\u00f5es da Encomenda.<\/p>\n\n<p>COMO UTILIZAMOS AS TUAS INFORMA\u00c7\u00d5ES PESSOAIS?<\/p>\n\n<p>Utilizamos as Informa\u00e7\u00f5es de Encomenda que recolhemos geralmente para cumprir quaisquer encomendas efectuadas atrav\u00e9s do Site (incluindo o processamento das tuas informa\u00e7\u00f5es de pagamento, a organiza\u00e7\u00e3o do envio e o fornecimento de facturas e\/ou confirma\u00e7\u00f5es de encomendas). Adicionalmente, utilizamos esta Informa\u00e7\u00e3o de Encomenda para:<br\/>Comunicar contigo;<br\/>Verificar as nossas encomendas quanto a potenciais riscos ou fraudes; e<br\/>Quando em linha com as prefer\u00eancias que partilhaste connosco, fornecer-te informa\u00e7\u00e3o ou publicidade relacionada com os nossos produtos ou servi\u00e7os.<br\/><br\/>Utilizamos a Informa\u00e7\u00e3o do Dispositivo que recolhemos para nos ajudar a detetar potenciais riscos e fraudes (em particular, o teu endere\u00e7o IP) e, de uma forma mais geral, para melhorar e otimizar o nosso Site (por exemplo, gerando an\u00e1lises sobre a forma como os nossos clientes navegam e interagem com o Site e para avaliar o sucesso das nossas campanhas de marketing e publicidade).<br\/><\/p>\n\n<p>Partilhamos as tuas Informa\u00e7\u00f5es Pessoais com terceiros para nos ajudarem a utilizar as tuas Informa\u00e7\u00f5es Pessoais, conforme descrito acima. Utilizamos o Google Analytics para nos ajudar a compreender a forma como os nossos clientes utilizam o Site &#8211; podes ler mais sobre a forma como o Google utiliza os teus Dados Pessoais aqui: https:\/\/www.google.com\/intl\/en\/policies\/privacy\/. Tamb\u00e9m podes optar por n\u00e3o utilizar o Google Analytics aqui: https:\/\/tools.google.com\/dlpage\/gaoptout.<\/p>\n\n<p>Por fim, tamb\u00e9m podemos partilhar as tuas Informa\u00e7\u00f5es Pessoais para cumprir as leis e regulamentos aplic\u00e1veis, para responder a uma intima\u00e7\u00e3o, mandado de busca ou outro pedido legal de informa\u00e7\u00f5es que recebamos, ou para proteger os nossos direitos.<br\/><br\/>Conforme descrito acima, utilizamos as tuas Informa\u00e7\u00f5es Pessoais para te fornecer an\u00fancios direcionados ou comunica\u00e7\u00f5es de marketing que acreditamos serem do teu interesse. Para mais informa\u00e7\u00f5es sobre o funcionamento da publicidade direcionada, podes visitar a p\u00e1gina educativa da Network Advertising Initiative (&#8220;NAI&#8221;) em http:\/\/www.networkadvertising.org\/understanding-online-advertising\/how-does-it-work.<\/p>\n\n<p>Podes optar por n\u00e3o receber publicidade direcionada em:<br\/><br\/>FACEBOOK &#8211; https:\/\/www.facebook.com\/settings\/?tab=ads<br\/>GOOGLE &#8211; https:\/\/www.google.com\/settings\/ads\/anonymous<br\/>BING &#8211; https:\/\/advertise.bingads.microsoft.com\/en-us\/resources\/policies\/personalized-ads<br\/><br\/>Al\u00e9m disso, podes optar por n\u00e3o receber alguns destes servi\u00e7os visitando o portal de exclus\u00e3o da Digital Advertising Alliance em: http:\/\/optout.aboutads.info\/.<\/p>\n\n<p>N\u00c3O RASTREAR<br\/>Tem em aten\u00e7\u00e3o que n\u00e3o alteramos as pr\u00e1ticas de recolha e utiliza\u00e7\u00e3o de dados do nosso Site quando vemos um sinal de N\u00e3o Rastrear do teu browser.<\/p>\n\n<p><\/p>\n\n<p>OS TEUS DIREITOS<br\/>Se fores um residente europeu, tens o direito de aceder \u00e0s informa\u00e7\u00f5es pessoais que temos sobre ti e de pedir que as tuas informa\u00e7\u00f5es pessoais sejam corrigidas, actualizadas ou eliminadas. Se pretenderes exercer este direito, contacta-nos atrav\u00e9s das informa\u00e7\u00f5es de contacto abaixo.<br\/>Al\u00e9m disso, se fores um residente europeu, notamos que estamos a processar as tuas informa\u00e7\u00f5es para cumprir contratos que possamos ter contigo (por exemplo, se fizeres uma encomenda atrav\u00e9s do S\u00edtio) ou para prosseguir os nossos interesses comerciais leg\u00edtimos acima indicados. Al\u00e9m disso, tem em aten\u00e7\u00e3o que as tuas informa\u00e7\u00f5es ser\u00e3o transferidas para fora da Europa, incluindo para o Canad\u00e1 e os Estados Unidos.<\/p>\n\n<p>RETEN\u00c7\u00c3O DE DADOS<br\/>Quando fizeres uma encomenda atrav\u00e9s do Site, manteremos a tua Informa\u00e7\u00e3o de Encomenda nos nossos registos, a menos que e at\u00e9 que nos pe\u00e7as para apagar essa informa\u00e7\u00e3o.<\/p>\n\n<p><\/p>\n\n<p>ALTERA\u00c7\u00d5ES<br\/>Podemos atualizar esta pol\u00edtica de privacidade de tempos a tempos para refletir, por exemplo, altera\u00e7\u00f5es \u00e0s nossas pr\u00e1ticas ou por outras raz\u00f5es operacionais, legais ou regulamentares.<br\/>CONTACTE-NOS<br\/>Para mais informa\u00e7\u00f5es sobre as nossas pr\u00e1ticas de privacidade, se tiveres d\u00favidas ou se quiseres fazer uma reclama\u00e7\u00e3o, contacta-nos por e-mail para support@coloredcaramel.com ou por correio, utilizando os detalhes fornecidos abaixo:<br\/><\/p>\n\n<p>Room 1405, 14\/F.,<br\/>135 Bonham Strand Trade Centre,<br\/>135 Bonham Strand,<br\/>Sheung Wan,<br\/>Hong Kong<\/p>\n\n<p><br\/><\/p>\n\n<p><\/p>\n","protected":false},"excerpt":{"rendered":"<p>Pol\u00edtica de privacidade da Colored Caramel (uma subempresa da Manfred Limited) Esta Pol\u00edtica de Privacidade descreve como a tua informa\u00e7\u00e3o pessoal \u00e9 recolhida, utilizada e partilhada quando visitas ou fazes uma compra em https:\/\/www.coloredcaramel.com\/ (o &#8220;Site&#8221;). INFORMA\u00c7\u00d5ES PESSOAIS QUE RECOLHEMOS Quando visitas o Site, recolhemos automaticamente determinadas informa\u00e7\u00f5es sobre o teu dispositivo, incluindo informa\u00e7\u00f5es sobre<\/p>\n<div class=\"klb-readmore button\"><a class=\"btn link\" href=\"https:\/\/www.coloredcaramel.com\/pt-pt\/politica-de-privacidade\/\">Read More <i class=\"klbth-icon-right-arrow\"><\/i><\/a><\/div>\n","protected":false},"author":1,"featured_media":0,"parent":0,"menu_order":0,"comment_status":"closed","ping_status":"open","template":"","meta":{"_acf_changed":false,"_glsr_average":0,"_glsr_ranking":0,"_glsr_reviews":0,"footnotes":""},"class_list":["post-18005","page","type-page","status-publish","hentry"],"acf":[],"_links":{"self":[{"href":"https:\/\/www.coloredcaramel.com\/pt-pt\/wp-json\/wp\/v2\/pages\/18005","targetHints":{"allow":["GET"]}}],"collection":[{"href":"https:\/\/www.coloredcaramel.com\/pt-pt\/wp-json\/wp\/v2\/pages"}],"about":[{"href":"https:\/\/www.coloredcaramel.com\/pt-pt\/wp-json\/wp\/v2\/types\/page"}],"author":[{"embeddable":true,"href":"https:\/\/www.coloredcaramel.com\/pt-pt\/wp-json\/wp\/v2\/users\/1"}],"replies":[{"embeddable":true,"href":"https:\/\/www.coloredcaramel.com\/pt-pt\/wp-json\/wp\/v2\/comments?post=18005"}],"version-history":[{"count":1,"href":"https:\/\/www.coloredcaramel.com\/pt-pt\/wp-json\/wp\/v2\/pages\/18005\/revisions"}],"predecessor-version":[{"id":18009,"href":"https:\/\/www.coloredcaramel.com\/pt-pt\/wp-json\/wp\/v2\/pages\/18005\/revisions\/18009"}],"wp:attachment":[{"href":"https:\/\/www.coloredcaramel.com\/pt-pt\/wp-json\/wp\/v2\/media?parent=18005"}],"curies":[{"name":"wp","href":"https:\/\/api.w.org\/{rel}","templated":true}]}}