{"id":27823,"date":"2025-11-30T08:08:49","date_gmt":"2025-11-30T08:08:49","guid":{"rendered":"https:\/\/www.coloredcaramel.com\/product\/kolorowanka-z-bozonarodzeniowymi-skrzatami\/"},"modified":"2026-02-17T07:09:17","modified_gmt":"2026-02-17T07:09:17","slug":"kolorowanka-z-bozonarodzeniowymi-skrzatami","status":"publish","type":"product","link":"https:\/\/www.coloredcaramel.com\/pl\/produkt\/kolorowanka-z-bozonarodzeniowymi-skrzatami\/","title":{"rendered":"Kolorowanka z bo\u017conarodzeniowymi skrzatami"},"content":{"rendered":"<p><span style=\"font-weight: 400; font-family: 'comic sans ms', sans-serif; font-size: 12pt;\">Odkryj te urocze \u015bwi\u0105teczne kolorowanki z uroczymi skrzatami, aby sp\u0119dzi\u0107 magiczny grudzie\u0144.  <\/span><span style=\"font-family: 'comic sans ms', sans-serif; font-size: 12pt;\"><b>\u2728<\/b><\/span><\/p>\n<p><span style=\"font-weight: 400; font-family: 'comic sans ms', sans-serif; font-size: 12pt;\">Nowa zabawna scena na ka\u017cdej stronie! \ud83d\udc97<\/span><\/p>\n<p><span style=\"font-family: 'comic sans ms', sans-serif; font-size: 12pt;\"><span style=\"font-weight: 400;\">\ud83e\udde1 <\/span><b>Dlaczego to kochamy:<\/b><\/span><\/p>\n<ul>\n<li><span style=\"font-weight: 400; font-family: 'comic sans ms', sans-serif; font-size: 12pt;\">  Urocze, odwa\u017cne wzory stworzone do przytulnych chwil kolorowania.<\/span><\/li>\n<li><span style=\"font-weight: 400; font-family: 'comic sans ms', sans-serif; font-size: 12pt;\">  PDF z 25 wyj\u0105tkowymi, \u015bwi\u0105tecznymi ilustracjami (bez powt\u00f3rze\u0144!).<\/span><\/li>\n<li><span style=\"font-weight: 400; font-family: 'comic sans ms', sans-serif; font-size: 12pt;\">  Rozmiar strony to 8,5 x 11 cali.<\/span><\/li>\n<li><span style=\"font-weight: 400; font-family: 'comic sans ms', sans-serif; font-size: 12pt;\">  Stworzony dla doros\u0142ych i nastolatk\u00f3w, kt\u00f3rzy kochaj\u0105 urocze, przytulne i relaksuj\u0105ce ilustracje.<\/span><\/li>\n<li><span style=\"font-weight: 400; font-family: 'comic sans ms', sans-serif; font-size: 12pt;\">  Twoja spokojna ucieczka od codziennego stresu<\/span><\/li>\n<li><span style=\"font-weight: 400; font-family: 'comic sans ms', sans-serif; font-size: 12pt;\">Idealny jako przemy\u015blany prezent.<\/span><\/li>\n<\/ul>\n<h3><span style=\"font-family: 'comic sans ms', sans-serif; font-size: 12pt;\"><span style=\"font-weight: 400;\">Wybierz sw\u00f3j ulubiony: <\/span><b>Digital lub Paperback!<br \/>\n<\/b><span style=\"font-weight: 400;\">Zdob\u0105d\u017a swoj\u0105 <\/span><b>kopi\u0119 cyfrow\u0105<\/b><span style=\"font-weight: 400;\"> tutaj, lub<br \/>\n<\/span><span style=\"font-weight: 400;\">Wybierz <\/span><b>mi\u0119kka<\/b><span style=\"font-weight: 400;\"> aby zam\u00f3wi\u0107 j\u0105 na Amazon!<\/span><\/span><\/h3>\n<h3><span style=\"font-family: 'comic sans ms', sans-serif; font-size: 12pt;\"><span style=\"font-weight: 400;\">\u2728 <\/span><b>Wa\u017cne<\/b><span style=\"font-weight: 400;\"> \u2728<\/span><span style=\"font-weight: 400;\"><br \/>\n<\/span><span style=\"font-weight: 400;\">Jest to cyfrowa kolorowanka do wydrukowania.<\/span><span style=\"font-weight: 400;\"><br \/>\n<\/span><span style=\"font-weight: 400;\">Kopie fizyczne nie b\u0119d\u0105 wysy\u0142ane.<\/span><span style=\"font-weight: 400;\"><br \/>\n<\/span><span style=\"font-weight: 400;\">Mo\u017cesz go pobra\u0107 i wydrukowa\u0107 w domu tyle razy, ile chcesz &#8211; wy\u0142\u0105cznie do u\u017cytku osobistego.<\/span><span style=\"font-weight: 400;\"><br \/>\n<\/span><span style=\"font-weight: 400;\">Zakaz u\u017cytku komercyjnego &#8211; nie sprzedawaj, nie udost\u0119pniaj ani nie rozpowszechniaj tych stron.<\/span><span style=\"font-weight: 400;\"><br \/>\n<\/span><span style=\"font-weight: 400;\">Nie u\u017cywaj projekt\u00f3w do tworzenia nowych produkt\u00f3w (takich jak naklejki, ksi\u0105\u017cki lub towary).<\/span><span style=\"font-weight: 400;\"><br \/>\n<\/span><span style=\"font-weight: 400;\">\ud83d\udcf8 Mo\u017cesz udost\u0119pnia\u0107 swoje kolorowe strony online &#8211; wystarczy, \u017ce podasz nazw\u0119 Kolorowy Karmel.<\/span><span style=\"font-weight: 400;\"><br \/>\n<\/span><span style=\"font-weight: 400;\">\ud83d\udd8b\ufe0f Wszystkie projekty s\u0105 w pe\u0142ni chronione prawami autorskimi Colored Caramel. Szanuj nasz\u0105 prac\u0119 i kreatywno\u015b\u0107. <\/span><span style=\"font-weight: 400;\"><br \/>\n<\/span><span style=\"font-weight: 400;\"><br \/>\n<\/span><span style=\"font-weight: 400;\">Gotowe, gotowe, koloruj! Chwy\u0107 sw\u00f3j egzemplarz i zacznij kolorowa\u0107 te \u015bwi\u0105teczne strony z uroczymi i zabawnymi skrzatami.   <\/span><\/span><\/h3>\n<p><span style=\"font-weight: 400; font-family: 'comic sans ms', sans-serif; font-size: 12pt;\">Je\u015bli masz jakie\u015b pytania, wy\u015blij nam wiadomo\u015b\u0107 \ud83e\udde1<\/span><\/p>\n","protected":false},"excerpt":{"rendered":"<p>Odkryj te urocze \u015bwi\u0105teczne kolorowanki z uroczymi skrzatami, aby sp\u0119dzi\u0107 magiczny grudzie\u0144. \u2728 Nowa zabawna scena na ka\u017cdej stronie! \ud83d\udc97 \ud83e\udde1 Dlaczego to kochamy: Urocze, odwa\u017cne wzory stworzone do przytulnych chwil kolorowania. PDF z 25 wyj\u0105tkowymi, \u015bwi\u0105tecznymi ilustracjami (bez powt\u00f3rze\u0144!). Rozmiar strony to 8,5 x 11 cali. Stworzony dla doros\u0142ych i nastolatk\u00f3w, kt\u00f3rzy kochaj\u0105 urocze,<\/p>\n<div class=\"klb-readmore button\"><a class=\"btn link\" href=\"https:\/\/www.coloredcaramel.com\/pl\/produkt\/kolorowanka-z-bozonarodzeniowymi-skrzatami\/\">Read More <i class=\"klbth-icon-right-arrow\"><\/i><\/a><\/div>\n","protected":false},"featured_media":27836,"template":"","meta":{"_acf_changed":false,"_glsr_average":0,"_glsr_ranking":0,"_glsr_reviews":0},"product_brand":[],"product_cat":[1277,349,829],"product_tag":[1354,1353,371,1352,184],"class_list":{"0":"post-27823","1":"product","2":"type-product","3":"status-publish","4":"has-post-thumbnail","6":"product_cat-christmas","7":"product_cat-gnomes","8":"product_cat-coloring-books","9":"product_tag-gnomes-coloring-pages","10":"product_tag-christmas-gnomes-coloring-book","11":"product_tag-coloring-pages","12":"product_tag-christmac-coloring-books","13":"product_tag-christmas-coloring-pages","15":"first","16":"instock","17":"sold-individually","18":"shipping-taxable","19":"purchasable","20":"product-type-variable"},"bundled_by":[],"bundle_stock_status":"instock","bundle_stock_quantity":null,"bundle_virtual":false,"bundle_layout":"","bundle_add_to_cart_form_location":"","bundle_editable_in_cart":false,"bundle_sold_individually_context":"","bundle_item_grouping":"","bundle_min_size":"","bundle_max_size":"","bundle_price":[],"bundled_items":[],"bundle_sell_ids":[],"acf":[],"_links":{"self":[{"href":"https:\/\/www.coloredcaramel.com\/pl\/wp-json\/wp\/v2\/product\/27823","targetHints":{"allow":["GET"]}}],"collection":[{"href":"https:\/\/www.coloredcaramel.com\/pl\/wp-json\/wp\/v2\/product"}],"about":[{"href":"https:\/\/www.coloredcaramel.com\/pl\/wp-json\/wp\/v2\/types\/product"}],"wp:featuredmedia":[{"embeddable":true,"href":"https:\/\/www.coloredcaramel.com\/pl\/wp-json\/wp\/v2\/media\/27836"}],"wp:attachment":[{"href":"https:\/\/www.coloredcaramel.com\/pl\/wp-json\/wp\/v2\/media?parent=27823"}],"wp:term":[{"taxonomy":"product_brand","embeddable":true,"href":"https:\/\/www.coloredcaramel.com\/pl\/wp-json\/wp\/v2\/product_brand?post=27823"},{"taxonomy":"product_cat","embeddable":true,"href":"https:\/\/www.coloredcaramel.com\/pl\/wp-json\/wp\/v2\/product_cat?post=27823"},{"taxonomy":"product_tag","embeddable":true,"href":"https:\/\/www.coloredcaramel.com\/pl\/wp-json\/wp\/v2\/product_tag?post=27823"}],"curies":[{"name":"wp","href":"https:\/\/api.w.org\/{rel}","templated":true}]}}