{"id":27339,"date":"2026-01-31T14:23:02","date_gmt":"2026-01-31T14:23:02","guid":{"rendered":"https:\/\/www.coloredcaramel.com\/product\/kolorowanki-walentynkowe-kawaii-zabawne-i-urocze-recznie-rysowane-ilustracje\/"},"modified":"2026-02-17T07:09:05","modified_gmt":"2026-02-17T07:09:05","slug":"kolorowanki-walentynkowe-kawaii-zabawne-i-urocze-recznie-rysowane-ilustracje","status":"publish","type":"product","link":"https:\/\/www.coloredcaramel.com\/pl\/produkt\/kolorowanki-walentynkowe-kawaii-zabawne-i-urocze-recznie-rysowane-ilustracje\/","title":{"rendered":"Kolorowanki walentynkowe Kawaii &#8211; zabawne i urocze r\u0119cznie rysowane ilustracje"},"content":{"rendered":"<h3><span style=\"font-family: 'comic sans ms', sans-serif;\"><span style=\"font-size: 12pt;\"><b>Zakochaj si\u0119 we wszystkim, co urocze! \ud83d\udc95<br \/>\n<\/b><\/span><span style=\"font-size: 12pt;\"><span style=\"font-weight: 400;\">Te <\/span><b>Walentynkowe kolorowanki Kawaii<\/b><span style=\"font-weight: 400;\"> s\u0105 pe\u0142ne zabawnych ilustracji, kt\u00f3re sprawi\u0105, \u017ce si\u0119 u\u015bmiechniesz. Niezale\u017cnie od tego, czy kolorujesz s\u0142odki przysmak, czy przytulnego przyjaciela, chodzi o szerzenie rado\u015bci i kreatywno\u015b\u0107. \u2728<\/span><\/span><\/span><\/h3>\n<p><span style=\"font-weight: 400; font-size: 12pt; font-family: 'comic sans ms', sans-serif;\">Chwy\u0107 swoje ulubione kolory i stw\u00f3rzmy co\u015b &#8222;Kolorowego z mi\u0142o\u015bci\u0105&#8221;! \ud83d\udc97<\/span><\/p>\n<p><span style=\"font-weight: 400; font-size: 12pt; font-family: 'comic sans ms', sans-serif;\">Dlaczego go kochamy:<\/span><\/p>\n<ul>\n<li><span style=\"font-size: 12pt; font-family: 'comic sans ms', sans-serif;\"><strong>Serdeczne,<\/strong> urocze <strong>, r\u0119cznie rysowane<\/strong> ilustracje.<\/span><\/li>\n<li><span style=\"font-weight: 400; font-size: 12pt; font-family: 'comic sans ms', sans-serif;\">  PDF z 25 unikalnymi ilustracjami pe\u0142nymi mi\u0142o\u015bci &#8211; (bez powt\u00f3rze\u0144!).<\/span><\/li>\n<li><span style=\"font-weight: 400; font-size: 12pt; font-family: 'comic sans ms', sans-serif;\">Rozmiar strony to 8,5 x 11 cali.  <\/span><\/li>\n<li><span style=\"font-weight: 400; font-size: 12pt; font-family: 'comic sans ms', sans-serif;\">  Stworzony dla doros\u0142ych i nastolatk\u00f3w, kt\u00f3rzy kochaj\u0105 urocze, przytulne i relaksuj\u0105ce kolorowanki.<\/span><\/li>\n<li><span style=\"font-weight: 400; font-size: 12pt; font-family: 'comic sans ms', sans-serif;\"> <strong>Urocza, pe\u0142na mi\u0142o\u015bci przerwa<\/strong> od codziennego zgie\u0142ku.<\/span><\/li>\n<li><span style=\"font-weight: 400; font-size: 12pt; font-family: 'comic sans ms', sans-serif;\">Idealny spos\u00f3b na sprawienie sobie przyjemno\u015bci lub zaskoczenie kogo\u015b wyj\u0105tkowego w te Walentynki.<\/span><\/li>\n<\/ul>\n<h3><span style=\"font-size: 12pt; font-family: 'comic sans ms', sans-serif;\"><span style=\"font-weight: 400;\">\u2728 <\/span><b>Wa\u017cne<\/b><span style=\"font-weight: 400;\"> \u2728<\/span><span style=\"font-weight: 400;\"><br \/>\n<\/span><span style=\"font-weight: 400;\">S\u0105 to cyfrowe kolorowanki do wydrukowania.<\/span><span style=\"font-weight: 400;\"><br \/>\n<\/span><span style=\"font-weight: 400;\">Kopie fizyczne nie b\u0119d\u0105 wysy\u0142ane.<\/span><span style=\"font-weight: 400;\"><br \/>\n<\/span><span style=\"font-weight: 400;\">Mo\u017cesz je pobra\u0107 i wydrukowa\u0107 w domu tyle razy, ile chcesz &#8211; wy\u0142\u0105cznie do u\u017cytku osobistego.<\/span><span style=\"font-weight: 400;\"><br \/>\n<\/span><span style=\"font-weight: 400;\">Zakaz u\u017cytku komercyjnego &#8211; nie sprzedawaj, nie udost\u0119pniaj ani nie rozpowszechniaj tych stron.<\/span><span style=\"font-weight: 400;\"><br \/>\n<\/span><span style=\"font-weight: 400;\">Nie u\u017cywaj projekt\u00f3w do tworzenia nowych produkt\u00f3w (takich jak naklejki, ksi\u0105\u017cki lub towary).<\/span><span style=\"font-weight: 400;\"><br \/>\n<\/span><span style=\"font-weight: 400;\">\ud83d\udcf8 Mo\u017cesz udost\u0119pnia\u0107 swoje kolorowe strony online &#8211; wystarczy, \u017ce podasz nazw\u0119 Kolorowy Karmel.<\/span><span style=\"font-weight: 400;\"><br \/>\n<\/span><span style=\"font-weight: 400;\">\ud83d\udd8b\ufe0f Wszystkie projekty s\u0105 w pe\u0142ni chronione prawami autorskimi Colored Caramel. Szanuj nasz\u0105 prac\u0119 i kreatywno\u015b\u0107. <\/span><span style=\"font-weight: 400;\"><br \/>\n<\/span><span style=\"font-weight: 400;\"><br \/>\n<\/span><span style=\"font-weight: 400;\">Gotowe, gotowe, koloruj! Chwy\u0107 sw\u00f3j egzemplarz i zanurz si\u0119 w tym <\/span><b>kochaj\u0105cy \u015bwiat kawaii<\/b><span style=\"font-weight: 400;\">!<\/span><\/span><\/h3>\n<p><span style=\"font-weight: 400; font-size: 12pt; font-family: 'comic sans ms', sans-serif;\">Je\u015bli masz jakie\u015b pytania, wy\u015blij nam wiadomo\u015b\u0107. \ud83e\udde1<\/span><\/p>\n","protected":false},"excerpt":{"rendered":"<p>Zakochaj si\u0119 we wszystkim, co urocze! \ud83d\udc95 Te Walentynkowe kolorowanki Kawaii s\u0105 pe\u0142ne zabawnych ilustracji, kt\u00f3re sprawi\u0105, \u017ce si\u0119 u\u015bmiechniesz. Niezale\u017cnie od tego, czy kolorujesz s\u0142odki przysmak, czy przytulnego przyjaciela, chodzi o szerzenie rado\u015bci i kreatywno\u015b\u0107. \u2728 Chwy\u0107 swoje ulubione kolory i stw\u00f3rzmy co\u015b &#8222;Kolorowego z mi\u0142o\u015bci\u0105&#8221;! \ud83d\udc97 Dlaczego go kochamy: Serdeczne, urocze , r\u0119cznie<\/p>\n<div class=\"klb-readmore button\"><a class=\"btn link\" href=\"https:\/\/www.coloredcaramel.com\/pl\/produkt\/kolorowanki-walentynkowe-kawaii-zabawne-i-urocze-recznie-rysowane-ilustracje\/\">Read More <i class=\"klbth-icon-right-arrow\"><\/i><\/a><\/div>\n","protected":false},"featured_media":27344,"template":"","meta":{"_acf_changed":false,"_glsr_average":0,"_glsr_ranking":0,"_glsr_reviews":0},"product_brand":[],"product_cat":[199,829,1376],"product_tag":[1374,1375,1371,1057,201,1373,282],"class_list":{"0":"post-27339","1":"product","2":"type-product","3":"status-publish","4":"has-post-thumbnail","6":"product_cat-kawaii","7":"product_cat-coloring-books","8":"product_cat-love","9":"product_tag-printable-coloring-pages","10":"product_tag-coloring-pages-print-at-home","11":"product_tag-valentines-day-coloring-pages","12":"product_tag-kawaii-color-sheet","13":"product_tag-cute-kawaii-coloring-books","14":"product_tag-valentines-day","15":"product_tag-kawaii-valentines","17":"first","18":"instock","19":"sold-individually","20":"shipping-taxable","21":"purchasable","22":"product-type-variable"},"bundled_by":[],"bundle_stock_status":"instock","bundle_stock_quantity":null,"bundle_virtual":false,"bundle_layout":"","bundle_add_to_cart_form_location":"","bundle_editable_in_cart":false,"bundle_sold_individually_context":"","bundle_item_grouping":"","bundle_min_size":"","bundle_max_size":"","bundle_price":[],"bundled_items":[],"bundle_sell_ids":[],"acf":[],"_links":{"self":[{"href":"https:\/\/www.coloredcaramel.com\/pl\/wp-json\/wp\/v2\/product\/27339","targetHints":{"allow":["GET"]}}],"collection":[{"href":"https:\/\/www.coloredcaramel.com\/pl\/wp-json\/wp\/v2\/product"}],"about":[{"href":"https:\/\/www.coloredcaramel.com\/pl\/wp-json\/wp\/v2\/types\/product"}],"wp:featuredmedia":[{"embeddable":true,"href":"https:\/\/www.coloredcaramel.com\/pl\/wp-json\/wp\/v2\/media\/27344"}],"wp:attachment":[{"href":"https:\/\/www.coloredcaramel.com\/pl\/wp-json\/wp\/v2\/media?parent=27339"}],"wp:term":[{"taxonomy":"product_brand","embeddable":true,"href":"https:\/\/www.coloredcaramel.com\/pl\/wp-json\/wp\/v2\/product_brand?post=27339"},{"taxonomy":"product_cat","embeddable":true,"href":"https:\/\/www.coloredcaramel.com\/pl\/wp-json\/wp\/v2\/product_cat?post=27339"},{"taxonomy":"product_tag","embeddable":true,"href":"https:\/\/www.coloredcaramel.com\/pl\/wp-json\/wp\/v2\/product_tag?post=27339"}],"curies":[{"name":"wp","href":"https:\/\/api.w.org\/{rel}","templated":true}]}}