{"id":25605,"date":"2025-04-19T13:32:21","date_gmt":"2025-04-19T13:32:21","guid":{"rendered":"https:\/\/www.coloredcaramel.com\/product\/upiorny-zestaw\/"},"modified":"2025-04-19T13:32:21","modified_gmt":"2025-04-19T13:32:21","slug":"upiorny-zestaw","status":"publish","type":"product","link":"https:\/\/www.coloredcaramel.com\/pl\/product\/upiorny-zestaw\/","title":{"rendered":"Upiorny zestaw"},"content":{"rendered":"<p><span style=\"font-family: 'comic sans ms', sans-serif;\">Zestaw kolorowanek na Halloween \ud83c\udf83 Upiorne i s\u0142odkie \ud83c\udf83<\/span><\/p>\n<p><span style=\"font-family: 'comic sans ms', sans-serif;\">Przygotuj si\u0119 na najbardziej przytuln\u0105 i upiorn\u0105 przygod\u0119 z kolorowaniem!<\/span><br \/>\n<span style=\"font-family: 'comic sans ms', sans-serif;\">Po\u0142\u0105czyli\u015bmy trzy nasze bestsellerowe cyfrowe kolorowanki w jedn\u0105 ofert\u0119, kt\u00f3rej nie mo\u017cna si\u0119 oprze\u0107 &#8211; wszystkie w specjalnej obni\u017conej cenie!<\/span><\/p>\n<p><span style=\"font-family: 'comic sans ms', sans-serif;\">Upiorny k\u0105cik: 40 uroczych i przytulnych ilustracji na Halloween idealnych do czystego relaksu.<\/span><br \/>\n<span style=\"font-family: 'comic sans ms', sans-serif;\">Halloween Vibes: 50 odwa\u017cnych i \u0142atwych do pokolorowania upiornych wzor\u00f3w, kt\u00f3re o\u017cywi\u0105 wszystkie Twoje halloweenowe marzenia.<\/span><br \/>\n<span style=\"font-family: 'comic sans ms', sans-serif;\">Upiornie urocze \u015awi\u0119ta Bo\u017cego Narodzenia: Magiczna mieszanka \u015bwi\u0105tecznego i upiornego uroku &#8211; poniewa\u017c upiorny sezon zas\u0142uguje na to, by trwa\u0107 do \u015bwi\u0105t!<\/span><\/p>\n<p><span style=\"font-family: 'comic sans ms', sans-serif;\">Ka\u017cda ksi\u0105\u017cka jest wype\u0142niona nie powtarzaj\u0105cymi si\u0119, odwa\u017cnymi, \u0142atwymi do pokolorowania stronami, idealnymi dla doros\u0142ych i nastolatk\u00f3w, kt\u00f3rzy kochaj\u0105 odrobin\u0119 kaprysu w swoich czarodziejskich wibracjach.<\/span><\/p>\n<p><span style=\"font-family: 'comic sans ms', sans-serif;\">Chwy\u0107 ten pakiet ju\u017c teraz i zanurz si\u0119 w godzinach upiornej, przytulnej i kreatywnej zabawy &#8211; z fantastyczn\u0105 zni\u017ck\u0105!<\/span><\/p>\n","protected":false},"excerpt":{"rendered":"<p>Zestaw kolorowanek na Halloween \ud83c\udf83 Upiorne i s\u0142odkie \ud83c\udf83 Przygotuj si\u0119 na najbardziej przytuln\u0105 i upiorn\u0105 przygod\u0119 z kolorowaniem! Po\u0142\u0105czyli\u015bmy trzy nasze bestsellerowe cyfrowe kolorowanki w jedn\u0105 ofert\u0119, kt\u00f3rej nie mo\u017cna si\u0119 oprze\u0107 &#8211; wszystkie w specjalnej obni\u017conej cenie! Upiorny k\u0105cik: 40 uroczych i przytulnych ilustracji na Halloween idealnych do czystego relaksu. Halloween Vibes: 50<\/p>\n<div class=\"klb-readmore button\"><a class=\"btn link\" href=\"https:\/\/www.coloredcaramel.com\/pl\/product\/upiorny-zestaw\/\">Read More <i class=\"klbth-icon-right-arrow\"><\/i><\/a><\/div>\n","protected":false},"featured_media":16071,"template":"","meta":{"_acf_changed":false,"_glsr_average":0,"_glsr_ranking":0,"_glsr_reviews":0},"product_brand":[],"product_cat":[161,829,1299],"product_tag":[],"class_list":{"0":"post-25605","1":"product","2":"type-product","3":"status-publish","4":"has-post-thumbnail","6":"product_cat-halloween","7":"product_cat-coloring-books","8":"product_cat-bundles","10":"first","11":"instock","12":"sale","13":"virtual","14":"sold-individually","15":"purchasable","16":"product-type-bundle"},"bundled_by":[],"bundle_stock_status":"instock","bundle_stock_quantity":"","bundle_virtual":false,"bundle_layout":"default","bundle_add_to_cart_form_location":"after_summary","bundle_editable_in_cart":true,"bundle_sold_individually_context":"product","bundle_item_grouping":"parent","bundle_min_size":"","bundle_max_size":"","bundle_price":{"price":{"min":{"incl_tax":"23.75","excl_tax":"23.75"},"max":{"incl_tax":"23.75","excl_tax":"23.75"}},"regular_price":{"min":{"incl_tax":"47.94","excl_tax":"47.94"},"max":{"incl_tax":"47.94","excl_tax":"47.94"}}},"bundled_items":[{"bundled_item_id":114,"product_id":24904,"menu_order":3,"quantity_min":1,"quantity_max":1,"quantity_default":1,"priced_individually":false,"shipped_individually":true,"override_title":false,"title":null,"override_description":false,"description":null,"optional":false,"hide_thumbnail":false,"discount":"","override_variations":true,"allowed_variations":[24930],"override_default_variation_attributes":true,"default_variation_attributes":[{"id":0,"name":"Format","option":"Cyfrowy"}],"single_product_visibility":"visible","cart_visibility":"visible","order_visibility":"visible","single_product_price_visibility":"visible","cart_price_visibility":"visible","order_price_visibility":"visible","stock_status":"in_stock"},{"bundled_item_id":115,"product_id":24072,"menu_order":4,"quantity_min":1,"quantity_max":1,"quantity_default":1,"priced_individually":false,"shipped_individually":true,"override_title":false,"title":null,"override_description":false,"description":null,"optional":false,"hide_thumbnail":false,"discount":"","override_variations":true,"allowed_variations":[24083],"override_default_variation_attributes":true,"default_variation_attributes":[{"id":0,"name":"Format","option":"Cyfrowy"}],"single_product_visibility":"visible","cart_visibility":"visible","order_visibility":"visible","single_product_price_visibility":"visible","cart_price_visibility":"visible","order_price_visibility":"visible","stock_status":"in_stock"},{"bundled_item_id":116,"product_id":23679,"menu_order":5,"quantity_min":1,"quantity_max":1,"quantity_default":1,"priced_individually":false,"shipped_individually":false,"override_title":false,"title":null,"override_description":false,"description":null,"optional":false,"hide_thumbnail":false,"discount":"","override_variations":true,"allowed_variations":[23690],"override_default_variation_attributes":true,"default_variation_attributes":[{"id":0,"name":"Format","option":"Cyfrowy"}],"single_product_visibility":"visible","cart_visibility":"visible","order_visibility":"visible","single_product_price_visibility":"visible","cart_price_visibility":"visible","order_price_visibility":"visible","stock_status":"in_stock"}],"bundle_sell_ids":[],"acf":[],"_links":{"self":[{"href":"https:\/\/www.coloredcaramel.com\/pl\/wp-json\/wp\/v2\/product\/25605","targetHints":{"allow":["GET"]}}],"collection":[{"href":"https:\/\/www.coloredcaramel.com\/pl\/wp-json\/wp\/v2\/product"}],"about":[{"href":"https:\/\/www.coloredcaramel.com\/pl\/wp-json\/wp\/v2\/types\/product"}],"wp:featuredmedia":[{"embeddable":true,"href":"https:\/\/www.coloredcaramel.com\/pl\/wp-json\/wp\/v2\/media\/16071"}],"wp:attachment":[{"href":"https:\/\/www.coloredcaramel.com\/pl\/wp-json\/wp\/v2\/media?parent=25605"}],"wp:term":[{"taxonomy":"product_brand","embeddable":true,"href":"https:\/\/www.coloredcaramel.com\/pl\/wp-json\/wp\/v2\/product_brand?post=25605"},{"taxonomy":"product_cat","embeddable":true,"href":"https:\/\/www.coloredcaramel.com\/pl\/wp-json\/wp\/v2\/product_cat?post=25605"},{"taxonomy":"product_tag","embeddable":true,"href":"https:\/\/www.coloredcaramel.com\/pl\/wp-json\/wp\/v2\/product_tag?post=25605"}],"curies":[{"name":"wp","href":"https:\/\/api.w.org\/{rel}","templated":true}]}}