{"id":25431,"date":"2025-05-01T08:14:24","date_gmt":"2025-05-01T08:14:24","guid":{"rendered":"https:\/\/www.coloredcaramel.com\/product\/swiateczny-kacik-przytulna-i-urocza-swiateczna-kolorowanka\/"},"modified":"2026-02-17T07:09:49","modified_gmt":"2026-02-17T07:09:49","slug":"swiateczny-kacik-przytulna-i-urocza-swiateczna-kolorowanka","status":"publish","type":"product","link":"https:\/\/www.coloredcaramel.com\/pl\/produkt\/swiateczny-kacik-przytulna-i-urocza-swiateczna-kolorowanka\/","title":{"rendered":"\u015awi\u0105teczny k\u0105cik: Przytulna i urocza \u015bwi\u0105teczna kolorowanka"},"content":{"rendered":"<p><span style=\"font-family: 'comic sans ms', sans-serif;\">Ho, ho, ho! Gotowy na dodanie odrobiny koloru do swoich wakacji? Przytul si\u0119 i pozw\u00f3l swojej kreatywno\u015bci zab\u0142ysn\u0105\u0107!  <\/span><\/p>\n<p><span style=\"font-family: 'comic sans ms', sans-serif;\">Dlaczego nam si\u0119 podoba:<\/span><br \/>\n<span style=\"font-family: 'comic sans ms', sans-serif;\">&#8211; Super zabawna kolorowanka z odwa\u017cnymi i \u0142atwymi ilustracjami.<\/span><br \/>\n<span style=\"font-family: 'comic sans ms', sans-serif;\">&#8211; Pe\u0142ny plik PDF z 40 unikalnymi wzorami &#8211; bez powt\u00f3rze\u0144!<\/span><br \/>\n<span style=\"font-family: 'comic sans ms', sans-serif;\">&#8211; Rozmiar strony to 8,5 x 8,5 cala &#8211; najlepiej drukowa\u0107 na papierze 8,5 x 11 cali.<\/span><br \/>\n<span style=\"font-family: 'comic sans ms', sans-serif;\">&#8211; Idealny dla doros\u0142ych i nastolatk\u00f3w.<\/span><br \/>\n<span style=\"font-family: 'comic sans ms', sans-serif;\">&#8211; Relaks!<\/span><br \/>\n<span style=\"font-family: 'comic sans ms', sans-serif;\">&#8211; Pi\u0119kny prezent.<\/span><br \/>\n<span style=\"font-family: 'comic sans ms', sans-serif;\">&#8211; Zawiera stron\u0119 z uroczym kalendarzem adwentowym do kolorowania.<\/span><\/p>\n<p><span style=\"font-family: 'comic sans ms', sans-serif;\">Je\u015bli podoba\u0142a ci si\u0119 nasza kolorowanka Spooky Corner, ta r\u00f3wnie\u017c przypadnie ci do gustu!<\/span><\/p>\n<p><span style=\"font-family: 'comic sans ms', sans-serif;\">**WA\u017bNE**<\/span><br \/>\n<span style=\"font-family: 'comic sans ms', sans-serif;\">&#8211; Jest to e-book do pobrania, kt\u00f3ry mo\u017cesz wydrukowa\u0107 w domu &#8211; \u017cadne fizyczne kopie nie zostan\u0105 wys\u0142ane.<\/span><br \/>\n<span style=\"font-family: 'comic sans ms', sans-serif;\">&#8211; Pliki do pobrania nie zawieraj\u0105 znak\u00f3w wodnych.<\/span><br \/>\n<span style=\"font-family: 'comic sans ms', sans-serif;\">&#8211; TYLKO DO U\u017bYTKU OSOBISTEGO\/PRYWATNEGO! U\u017cycie komercyjne nie jest dozwolone. <\/span><br \/>\n<span style=\"font-family: 'comic sans ms', sans-serif;\">&#8211; Ksi\u0105\u017cka jest chroniona prawami autorskimi i NIE jest dozwolona MASOWA PRODUKCJA ani ODSPRZEDA\u017b.<\/span><\/p>\n<p><span style=\"font-family: 'comic sans ms', sans-serif;\">Zam\u00f3w t\u0119 urocz\u0105 KOLOROWANK\u0118 na zabawne i relaksuj\u0105ce wakacje!<\/span><\/p>\n<p><span style=\"font-family: 'comic sans ms', sans-serif;\">Je\u015bli masz jakie\u015b pytania, wy\u015blij nam wiadomo\u015b\u0107 \ud83d\ude42<\/span><\/p>\n","protected":false},"excerpt":{"rendered":"<p>\u015awi\u0105teczne kolorowanki, 40 uroczych i przytulnych ilustracji \u015bwi\u0105tecznych, do natychmiastowego pobrania w formacie PDF dla zabawy i relaksu<\/p>\n","protected":false},"featured_media":25434,"template":"","meta":{"_acf_changed":false,"_glsr_average":0,"_glsr_ranking":0,"_glsr_reviews":0},"product_brand":[],"product_cat":[1392,1391],"product_tag":[],"class_list":{"0":"post-25431","1":"product","2":"type-product","3":"status-publish","4":"has-post-thumbnail","6":"product_cat-boze-narodzenie","7":"product_cat-kolorowanki","9":"first","10":"instock","11":"sold-individually","12":"shipping-taxable","13":"purchasable","14":"product-type-variable"},"bundled_by":[],"bundle_stock_status":"instock","bundle_stock_quantity":null,"bundle_virtual":false,"bundle_layout":"","bundle_add_to_cart_form_location":"","bundle_editable_in_cart":false,"bundle_sold_individually_context":"","bundle_item_grouping":"","bundle_min_size":"","bundle_max_size":"","bundle_price":[],"bundled_items":[],"bundle_sell_ids":[],"acf":[],"_links":{"self":[{"href":"https:\/\/www.coloredcaramel.com\/pl\/wp-json\/wp\/v2\/product\/25431","targetHints":{"allow":["GET"]}}],"collection":[{"href":"https:\/\/www.coloredcaramel.com\/pl\/wp-json\/wp\/v2\/product"}],"about":[{"href":"https:\/\/www.coloredcaramel.com\/pl\/wp-json\/wp\/v2\/types\/product"}],"wp:featuredmedia":[{"embeddable":true,"href":"https:\/\/www.coloredcaramel.com\/pl\/wp-json\/wp\/v2\/media\/25434"}],"wp:attachment":[{"href":"https:\/\/www.coloredcaramel.com\/pl\/wp-json\/wp\/v2\/media?parent=25431"}],"wp:term":[{"taxonomy":"product_brand","embeddable":true,"href":"https:\/\/www.coloredcaramel.com\/pl\/wp-json\/wp\/v2\/product_brand?post=25431"},{"taxonomy":"product_cat","embeddable":true,"href":"https:\/\/www.coloredcaramel.com\/pl\/wp-json\/wp\/v2\/product_cat?post=25431"},{"taxonomy":"product_tag","embeddable":true,"href":"https:\/\/www.coloredcaramel.com\/pl\/wp-json\/wp\/v2\/product_tag?post=25431"}],"curies":[{"name":"wp","href":"https:\/\/api.w.org\/{rel}","templated":true}]}}