{"id":25027,"date":"2025-06-09T08:57:01","date_gmt":"2025-06-09T08:57:01","guid":{"rendered":"https:\/\/www.coloredcaramel.com\/product\/my-quiet-time-slodka-i-relaksujaca-kolorowanka-dla-przytulnych-dziewczynek\/"},"modified":"2026-02-17T07:09:45","modified_gmt":"2026-02-17T07:09:45","slug":"my-quiet-time-slodka-i-relaksujaca-kolorowanka-dla-przytulnych-dziewczynek","status":"publish","type":"product","link":"https:\/\/www.coloredcaramel.com\/pl\/product\/my-quiet-time-slodka-i-relaksujaca-kolorowanka-dla-przytulnych-dziewczynek\/","title":{"rendered":"My Quiet Time: S\u0142odka i relaksuj\u0105ca kolorowanka dla przytulnych dziewczynek"},"content":{"rendered":"<p><span style=\"font-family: 'comic sans ms', sans-serif;\">Stw\u00f3rz sw\u00f3j w\u0142asny przytulny \u015bwiat, jedna strona na raz!<\/span><\/p>\n<p><span style=\"font-family: 'comic sans ms', sans-serif;\">Dlaczego j\u0105 pokochasz:<\/span><br \/>\n<span style=\"font-family: 'comic sans ms', sans-serif;\">&#8211; Odwa\u017cne, \u0142atwe do pokolorowania ilustracje idealne na relaksuj\u0105ce chwile.<\/span><br \/>\n<span style=\"font-family: 'comic sans ms', sans-serif;\">&#8211; Pe\u0142ny plik PDF z 40 unikalnymi wzorami &#8211; bez powt\u00f3rze\u0144!<\/span><br \/>\n<span style=\"font-family: 'comic sans ms', sans-serif;\">&#8211; Rozmiar strony to 8,5 x 8,5 cala &#8211; najlepiej drukowa\u0107 na papierze 8,5 x 11 cali.<\/span><br \/>\n<span style=\"font-family: 'comic sans ms', sans-serif;\">&#8211; Idealny dla doros\u0142ych i nastolatk\u00f3w, kt\u00f3rzy kochaj\u0105 przytulne, dziewcz\u0119ce motywy.<\/span><br \/>\n<span style=\"font-family: 'comic sans ms', sans-serif;\">&#8211; Wykorzystaj sw\u00f3j spokojny czas na uspokajaj\u0105ce i kreatywne chwile.<\/span><br \/>\n<span style=\"font-family: 'comic sans ms', sans-serif;\">&#8211; Pi\u0119kny prezent.<\/span><\/p>\n<p><span style=\"font-family: 'comic sans ms', sans-serif;\">**WA\u017bNE**<\/span><br \/>\n<span style=\"font-family: 'comic sans ms', sans-serif;\">&#8211; Jest to e-book do pobrania, kt\u00f3ry mo\u017cesz wydrukowa\u0107 w domu &#8211; \u017cadne fizyczne kopie nie zostan\u0105 wys\u0142ane.<\/span><br \/>\n<span style=\"font-family: 'comic sans ms', sans-serif;\">&#8211; Pliki do pobrania nie zawieraj\u0105 znak\u00f3w wodnych.<\/span><br \/>\n<span style=\"font-family: 'comic sans ms', sans-serif;\">&#8211; TYLKO DO U\u017bYTKU OSOBISTEGO\/PRYWATNEGO! U\u017cycie komercyjne nie jest dozwolone. <\/span><br \/>\n<span style=\"font-family: 'comic sans ms', sans-serif;\">&#8211; Ksi\u0105\u017cka jest chroniona prawami autorskimi i NIE jest dozwolona MASOWA PRODUKCJA ani ODSPRZEDA\u017b.<\/span><\/p>\n<p><span style=\"font-family: 'comic sans ms', sans-serif;\">Zdob\u0105d\u017a sw\u00f3j egzemplarz ju\u017c dzi\u015b i ciesz si\u0119 czasem dla siebie!<\/span><\/p>\n<p><span style=\"font-family: 'comic sans ms', sans-serif;\">Je\u015bli masz jakie\u015b pytania, wy\u015blij nam wiadomo\u015b\u0107 \ud83d\ude42<\/span><\/p>\n","protected":false},"excerpt":{"rendered":"<p>Stw\u00f3rz sw\u00f3j w\u0142asny przytulny \u015bwiat, jedna strona na raz! Dlaczego j\u0105 pokochasz: &#8211; Odwa\u017cne, \u0142atwe do pokolorowania ilustracje idealne na relaksuj\u0105ce chwile. &#8211; Pe\u0142ny plik PDF z 40 unikalnymi wzorami &#8211; bez powt\u00f3rze\u0144! &#8211; Rozmiar strony to 8,5 x 8,5 cala &#8211; najlepiej drukowa\u0107 na papierze 8,5 x 11 cali. &#8211; Idealny dla doros\u0142ych i<\/p>\n<div class=\"klb-readmore button\"><a class=\"btn link\" href=\"https:\/\/www.coloredcaramel.com\/pl\/product\/my-quiet-time-slodka-i-relaksujaca-kolorowanka-dla-przytulnych-dziewczynek\/\">Read More <i class=\"klbth-icon-right-arrow\"><\/i><\/a><\/div>\n","protected":false},"featured_media":25029,"template":"","meta":{"_acf_changed":false,"_glsr_average":0,"_glsr_ranking":0,"_glsr_reviews":0},"product_brand":[],"product_cat":[1439,1391,1472],"product_tag":[],"class_list":{"0":"post-25027","1":"product","2":"type-product","3":"status-publish","4":"has-post-thumbnail","6":"product_cat-relaks","7":"product_cat-kolorowanki","8":"product_cat-uwaznosc","10":"first","11":"instock","12":"sale","13":"sold-individually","14":"shipping-taxable","15":"purchasable","16":"product-type-variable"},"bundled_by":["25131"],"bundle_stock_status":"instock","bundle_stock_quantity":null,"bundle_virtual":false,"bundle_layout":"","bundle_add_to_cart_form_location":"","bundle_editable_in_cart":false,"bundle_sold_individually_context":"","bundle_item_grouping":"","bundle_min_size":"","bundle_max_size":"","bundle_price":[],"bundled_items":[],"bundle_sell_ids":[],"acf":[],"_links":{"self":[{"href":"https:\/\/www.coloredcaramel.com\/pl\/wp-json\/wp\/v2\/product\/25027","targetHints":{"allow":["GET"]}}],"collection":[{"href":"https:\/\/www.coloredcaramel.com\/pl\/wp-json\/wp\/v2\/product"}],"about":[{"href":"https:\/\/www.coloredcaramel.com\/pl\/wp-json\/wp\/v2\/types\/product"}],"wp:featuredmedia":[{"embeddable":true,"href":"https:\/\/www.coloredcaramel.com\/pl\/wp-json\/wp\/v2\/media\/25029"}],"wp:attachment":[{"href":"https:\/\/www.coloredcaramel.com\/pl\/wp-json\/wp\/v2\/media?parent=25027"}],"wp:term":[{"taxonomy":"product_brand","embeddable":true,"href":"https:\/\/www.coloredcaramel.com\/pl\/wp-json\/wp\/v2\/product_brand?post=25027"},{"taxonomy":"product_cat","embeddable":true,"href":"https:\/\/www.coloredcaramel.com\/pl\/wp-json\/wp\/v2\/product_cat?post=25027"},{"taxonomy":"product_tag","embeddable":true,"href":"https:\/\/www.coloredcaramel.com\/pl\/wp-json\/wp\/v2\/product_tag?post=25027"}],"curies":[{"name":"wp","href":"https:\/\/api.w.org\/{rel}","templated":true}]}}