{"id":24296,"date":"2025-07-19T17:30:02","date_gmt":"2025-07-19T17:30:02","guid":{"rendered":"https:\/\/www.coloredcaramel.com\/product\/kolorowanka-kawaii-pastel-goth\/"},"modified":"2026-02-17T07:09:37","modified_gmt":"2026-02-17T07:09:37","slug":"kolorowanka-kawaii-pastel-goth","status":"publish","type":"product","link":"https:\/\/www.coloredcaramel.com\/pl\/produkt\/kolorowanka-kawaii-pastel-goth\/","title":{"rendered":"Kolorowanka Kawaii Pastel Goth"},"content":{"rendered":"<p><span style=\"font-family: 'comic sans ms', sans-serif;\">Przygotuj si\u0119 na pokolorowanie najbardziej uroczego Halloween w historii dzi\u0119ki naszej kolorowance Kawaii Pastel Goth Halloween! Ta kolorowanka PDF do pobrania \u0142\u0105czy w sobie pastelowe gotyckie kolorowanki i halloweenowe wzory, kt\u00f3re pokochaj\u0105 dzieci i doro\u015bli. <\/span><\/p>\n<p><span style=\"font-family: 'comic sans ms', sans-serif;\">W \u015brodku znajdziesz 26 oryginalnych kolorowanek z uroczymi stworzeniami, przera\u017caj\u0105cymi dyniami, gotyckimi s\u0142odyczami i niesamowitymi zwierz\u0119tami w stylu kawaii goth. Niezale\u017cnie od tego, czy relaksujesz si\u0119 w spokojny wiecz\u00f3r, czy planujesz imprez\u0119 Halloween, te kolorowanki idealnie pasuj\u0105 do nastroju. <\/span><\/p>\n<p><span style=\"font-family: 'comic sans ms', sans-serif;\"><strong>Co jest w \u015brodku:<\/strong><\/span><\/p>\n<p><span style=\"font-family: 'comic sans ms', sans-serif;\">&#8211; Unikalne ilustracje inspirowane kawaii pastelowym gotykiem i Halloween<br \/>\n&#8211; 26 kolorowanek Kawaii Goth<\/span><br \/>\n<span style=\"font-family: 'comic sans ms', sans-serif;\">&#8211; Upiornie urocze elementy, takie jak duchy, dynie, s\u0142odycze i magiczne zwierz\u0119ta.<\/span><br \/>\n<span style=\"font-family: 'comic sans ms', sans-serif;\">&#8211; 8,5 x 11 cali do wydrukowania w domu<\/span><br \/>\n<span style=\"font-family: 'comic sans ms', sans-serif;\">&#8211; Zawiera stron\u0119 &#8222;Ta kolorowanka nale\u017cy do&#8221;.<\/span><\/p>\n<p><span style=\"font-family: 'comic sans ms', sans-serif;\"><strong>Idealny dla:<\/strong><\/span><\/p>\n<p><span style=\"font-family: 'comic sans ms', sans-serif;\">&#8211; Doro\u015bli i dzieci<\/span><br \/>\n<span style=\"font-family: 'comic sans ms', sans-serif;\">&#8211; Natychmiastowe pobranie jako plik PDF w wysokiej rozdzielczo\u015bci<\/span><br \/>\n<span style=\"font-family: 'comic sans ms', sans-serif;\">&#8211; \u015awietny prezent dla fan\u00f3w pastelowego gotyku i alternatywy<\/span><\/p>\n<p><span style=\"font-family: 'comic sans ms', sans-serif;\"><strong>Uwaga:<\/strong> Ta kolorowanka jest przeznaczona wy\u0142\u0105cznie do u\u017cytku prywatnego. U\u017cycie komercyjne, odsprzeda\u017c lub masowa produkcja s\u0105 niedozwolone. Pobrane pliki nie zawieraj\u0105 znak\u00f3w wodnych.  <\/span><\/p>\n","protected":false},"excerpt":{"rendered":"<p>Przygotuj si\u0119 na pokolorowanie najbardziej uroczego Halloween w historii dzi\u0119ki naszej kolorowance Kawaii Pastel Goth Halloween! Ta kolorowanka PDF do pobrania \u0142\u0105czy w sobie pastelowe gotyckie kolorowanki i halloweenowe wzory, kt\u00f3re pokochaj\u0105 dzieci i doro\u015bli. W \u015brodku znajdziesz 26 oryginalnych kolorowanek z uroczymi stworzeniami, przera\u017caj\u0105cymi dyniami, gotyckimi s\u0142odyczami i niesamowitymi zwierz\u0119tami w stylu kawaii goth.<\/p>\n<div class=\"klb-readmore button\"><a class=\"btn link\" href=\"https:\/\/www.coloredcaramel.com\/pl\/produkt\/kolorowanka-kawaii-pastel-goth\/\">Read More <i class=\"klbth-icon-right-arrow\"><\/i><\/a><\/div>\n","protected":false},"featured_media":24305,"template":"","meta":{"_acf_changed":false,"_glsr_average":0,"_glsr_ranking":0,"_glsr_reviews":0},"product_brand":[],"product_cat":[1481,1432,1391,1496],"product_tag":[],"class_list":{"0":"post-24296","1":"product","2":"type-product","3":"status-publish","4":"has-post-thumbnail","6":"product_cat-halloween","7":"product_cat-kawaii","8":"product_cat-kolorowanki","9":"product_cat-pastelowy-gotyk","11":"first","12":"instock","13":"sold-individually","14":"shipping-taxable","15":"purchasable","16":"product-type-variable"},"bundled_by":[],"bundle_stock_status":"instock","bundle_stock_quantity":null,"bundle_virtual":false,"bundle_layout":"","bundle_add_to_cart_form_location":"","bundle_editable_in_cart":false,"bundle_sold_individually_context":"","bundle_item_grouping":"","bundle_min_size":"","bundle_max_size":"","bundle_price":[],"bundled_items":[],"bundle_sell_ids":[],"acf":[],"_links":{"self":[{"href":"https:\/\/www.coloredcaramel.com\/pl\/wp-json\/wp\/v2\/product\/24296","targetHints":{"allow":["GET"]}}],"collection":[{"href":"https:\/\/www.coloredcaramel.com\/pl\/wp-json\/wp\/v2\/product"}],"about":[{"href":"https:\/\/www.coloredcaramel.com\/pl\/wp-json\/wp\/v2\/types\/product"}],"wp:featuredmedia":[{"embeddable":true,"href":"https:\/\/www.coloredcaramel.com\/pl\/wp-json\/wp\/v2\/media\/24305"}],"wp:attachment":[{"href":"https:\/\/www.coloredcaramel.com\/pl\/wp-json\/wp\/v2\/media?parent=24296"}],"wp:term":[{"taxonomy":"product_brand","embeddable":true,"href":"https:\/\/www.coloredcaramel.com\/pl\/wp-json\/wp\/v2\/product_brand?post=24296"},{"taxonomy":"product_cat","embeddable":true,"href":"https:\/\/www.coloredcaramel.com\/pl\/wp-json\/wp\/v2\/product_cat?post=24296"},{"taxonomy":"product_tag","embeddable":true,"href":"https:\/\/www.coloredcaramel.com\/pl\/wp-json\/wp\/v2\/product_tag?post=24296"}],"curies":[{"name":"wp","href":"https:\/\/api.w.org\/{rel}","templated":true}]}}