{"id":24072,"date":"2025-08-09T14:01:32","date_gmt":"2025-08-09T14:01:32","guid":{"rendered":"https:\/\/www.coloredcaramel.com\/product\/cute-spookies-przytulna-kolorowanka-na-halloween\/"},"modified":"2026-02-17T07:09:35","modified_gmt":"2026-02-17T07:09:35","slug":"cute-spookies-przytulna-kolorowanka-na-halloween","status":"publish","type":"product","link":"https:\/\/www.coloredcaramel.com\/pl\/product\/cute-spookies-przytulna-kolorowanka-na-halloween\/","title":{"rendered":"Cute Spookies: Przytulna kolorowanka na Halloween"},"content":{"rendered":"<p><span style=\"font-family: 'comic sans ms', sans-serif;\">Wprowad\u017a przytulne wibracje do swojego upiornie uroczego sezonu dzi\u0119ki tej kapry\u015bnej kolorowance! Idealna dla ka\u017cdego, kto kocha s\u0142odkie duchy, magiczne stworzenia i odrobin\u0119 nawiedzonego uroku, Cute Spookies jest tutaj, aby tw\u00f3j czas kolorowania by\u0142 wyj\u0105tkowo magiczny. <\/span><\/p>\n<p><span style=\"font-family: 'comic sans ms', sans-serif;\">Od uroczych dyniowych dziewczynek i figlarnych czarnych kot\u00f3w po przyjazne ma\u0142e duchy i uroczo nawiedzone zak\u0105tki, te strony s\u0105 stworzone, aby wywo\u0142a\u0107 u\u015bmiech, relaks i odrobin\u0119 &#8222;oooh&#8221; w twoim dniu.<\/span><\/p>\n<p><span style=\"font-family: 'comic sans ms', sans-serif;\">Co jest w \u015brodku:<\/span><br \/>\n<span style=\"font-family: 'comic sans ms', sans-serif;\">&#8211; 40 oryginalnych, upiornie uroczych ilustracji &#8211; przytulnych, magicznych i pe\u0142nych uroku.<\/span><br \/>\n<span style=\"font-family: 'comic sans ms', sans-serif;\">&#8211; Mieszanka uroczych duch\u00f3w, postaci z dyni, kot\u00f3w, ma\u0142ych stworze\u0144 i nie tylko<\/span><br \/>\n<span style=\"font-family: 'comic sans ms', sans-serif;\">&#8211; Wysokiej jako\u015bci strony (8,5 x 11 cali)<\/span><br \/>\n<span style=\"font-family: 'comic sans ms', sans-serif;\">&#8211; Zawiera stron\u0119 &#8222;Ta kolorowanka nale\u017cy do&#8221;.<\/span><br \/>\n<span style=\"font-family: 'comic sans ms', sans-serif;\">&#8211; Dodatkowe strony do testowania kolor\u00f3w, dzi\u0119ki kt\u00f3rym mo\u017cesz wypr\u00f3bowa\u0107 swoje odcienie przed rozpocz\u0119ciem pracy.<\/span><\/p>\n<p><span style=\"font-family: 'comic sans ms', sans-serif;\">Idealny dla:<\/span><br \/>\n<span style=\"font-family: 'comic sans ms', sans-serif;\">&#8211; Ka\u017cdy, kto kocha przytulne i urocze klimaty z upiornym akcentem.<\/span><br \/>\n<span style=\"font-family: 'comic sans ms', sans-serif;\">&#8211; Kreatywne \u0142agodzenie stresu i uwa\u017cny relaks<\/span><br \/>\n<span style=\"font-family: 'comic sans ms', sans-serif;\">&#8211; Fani Halloween, kt\u00f3rzy chc\u0105, aby sezon trwa\u0142 ca\u0142y rok<\/span><br \/>\n<span style=\"font-family: 'comic sans ms', sans-serif;\">&#8211; Podaruj znajomym, kt\u00f3rzy uwielbiaj\u0105 kapry\u015bn\u0105 sztuk\u0119<\/span><\/p>\n<p><span style=\"font-family: 'comic sans ms', sans-serif;\">Wa\u017cne uwagi:<\/span><br \/>\n<span style=\"font-family: 'comic sans ms', sans-serif;\">&#8211; Dost\u0119pny w wersji papierowej i cyfrowej w formacie PDF<\/span><br \/>\n<span style=\"font-family: 'comic sans ms', sans-serif;\">&#8211; Wy\u0142\u0105cznie do u\u017cytku osobistego &#8211; bez odsprzeda\u017cy lub u\u017cytku komercyjnego<\/span><\/p>\n<p><span style=\"font-family: 'comic sans ms', sans-serif;\">Zam\u00f3w teraz i ciesz si\u0119 ca\u0142orocznym \u015bwiatem przytulnej, uroczej i upiornej zabawy! \ud83d\udc7b\ud83e\udde1 <\/span><\/p>\n","protected":false},"excerpt":{"rendered":"<p>Wygodny relaks dla doros\u0142ych i nastolatk\u00f3w<\/p>\n","protected":false},"featured_media":24074,"template":"","meta":{"_acf_changed":false,"_glsr_average":0,"_glsr_ranking":0,"_glsr_reviews":0},"product_brand":[],"product_cat":[1481,1432,1391],"product_tag":[],"class_list":{"0":"post-24072","1":"product","2":"type-product","3":"status-publish","4":"has-post-thumbnail","6":"product_cat-halloween","7":"product_cat-kawaii","8":"product_cat-kolorowanki","10":"first","11":"instock","12":"sold-individually","13":"shipping-taxable","14":"purchasable","15":"product-type-variable"},"bundled_by":["25131","25605"],"bundle_stock_status":"instock","bundle_stock_quantity":null,"bundle_virtual":false,"bundle_layout":"","bundle_add_to_cart_form_location":"","bundle_editable_in_cart":false,"bundle_sold_individually_context":"","bundle_item_grouping":"","bundle_min_size":"","bundle_max_size":"","bundle_price":[],"bundled_items":[],"bundle_sell_ids":[],"acf":[],"_links":{"self":[{"href":"https:\/\/www.coloredcaramel.com\/pl\/wp-json\/wp\/v2\/product\/24072","targetHints":{"allow":["GET"]}}],"collection":[{"href":"https:\/\/www.coloredcaramel.com\/pl\/wp-json\/wp\/v2\/product"}],"about":[{"href":"https:\/\/www.coloredcaramel.com\/pl\/wp-json\/wp\/v2\/types\/product"}],"wp:featuredmedia":[{"embeddable":true,"href":"https:\/\/www.coloredcaramel.com\/pl\/wp-json\/wp\/v2\/media\/24074"}],"wp:attachment":[{"href":"https:\/\/www.coloredcaramel.com\/pl\/wp-json\/wp\/v2\/media?parent=24072"}],"wp:term":[{"taxonomy":"product_brand","embeddable":true,"href":"https:\/\/www.coloredcaramel.com\/pl\/wp-json\/wp\/v2\/product_brand?post=24072"},{"taxonomy":"product_cat","embeddable":true,"href":"https:\/\/www.coloredcaramel.com\/pl\/wp-json\/wp\/v2\/product_cat?post=24072"},{"taxonomy":"product_tag","embeddable":true,"href":"https:\/\/www.coloredcaramel.com\/pl\/wp-json\/wp\/v2\/product_tag?post=24072"}],"curies":[{"name":"wp","href":"https:\/\/api.w.org\/{rel}","templated":true}]}}