{"id":23679,"date":"2025-09-13T07:25:12","date_gmt":"2025-09-13T07:25:12","guid":{"rendered":"https:\/\/www.coloredcaramel.com\/product\/upiorne-koty-urocza-i-przytulna-kolorowanka\/"},"modified":"2026-02-17T07:09:31","modified_gmt":"2026-02-17T07:09:31","slug":"upiorne-koty-urocza-i-przytulna-kolorowanka","status":"publish","type":"product","link":"https:\/\/www.coloredcaramel.com\/pl\/product\/upiorne-koty-urocza-i-przytulna-kolorowanka\/","title":{"rendered":"Upiorne koty: Urocza i przytulna kolorowanka"},"content":{"rendered":"<p><span style=\"font-family: 'comic sans ms', sans-serif;\">Uwielbiasz straszne kolorowanki? W takim razie pokochasz ten kapry\u015bny \u015bwiat kot\u00f3w, magii i przytulnego upiora. <\/span><\/p>\n<p><span style=\"font-family: 'comic sans ms', sans-serif;\">Ta kolorowanka jest wype\u0142niona zabawnymi kotami, g\u0142upimi paj\u0105kami i uroczymi towarzyszami otoczonymi uroczymi, niesamowitymi sceneriami. \u015awietnie nadaje si\u0119 do \u015bwi\u0119towania Halloween &#8211; lub o ka\u017cdej porze roku, gdy masz ochot\u0119 na przytuln\u0105 i kreatywn\u0105 zabaw\u0119. <\/span><\/p>\n<p><span style=\"font-family: 'comic sans ms', sans-serif;\">Znajdziesz tu r\u00f3wnie\u017c kilka stron startowych idealnych do wypr\u00f3bowania kolor\u00f3w, technik mieszania i eksperymentowania z gradientami.<\/span><\/p>\n<p><span style=\"font-family: 'comic sans ms', sans-serif;\">Przytul si\u0119, zapal \u015bwiec\u0119 i pozw\u00f3l, aby przytulna, upiorna atmosfera wprowadzi\u0142a Ci\u0119 w godziny relaksu i rado\u015bci.<\/span><\/p>\n<p><span style=\"font-family: 'comic sans ms', sans-serif;\">Co jest w \u015brodku:<\/span><br \/>\n<span style=\"font-family: 'comic sans ms', sans-serif;\">&#8211; 40 super uroczych, r\u0119cznie rysowanych ilustracji.<\/span><br \/>\n<span style=\"font-family: 'comic sans ms', sans-serif;\">&#8211; Wysokiej jako\u015bci strony do druku (8,5 x 8,5 cala)<\/span><br \/>\n<span style=\"font-family: 'comic sans ms', sans-serif;\">&#8211; Zawiera przestrze\u0144 do testowania kombinacji kolor\u00f3w.<\/span><br \/>\n<span style=\"font-family: 'comic sans ms', sans-serif;\">&#8211; Odwa\u017cne, grube linie u\u0142atwiaj\u0105ce kolorowanie.<\/span><\/p>\n<p><span style=\"font-family: 'comic sans ms', sans-serif;\">Idealny dla:<\/span><br \/>\n<span style=\"font-family: 'comic sans ms', sans-serif;\">&#8211; Doro\u015bli i nastolatki szukaj\u0105cy kreatywnego odreagowania stresu<\/span><br \/>\n<span style=\"font-family: 'comic sans ms', sans-serif;\">&#8211; Ka\u017cdy, kto kocha koty, straszne klimaty i urocze kolorowanki.<\/span><br \/>\n<span style=\"font-family: 'comic sans ms', sans-serif;\">&#8211; Ka\u017cdy, kto uwielbia dziwaczne prezenty lub po prostu chce kolorowa\u0107 dla relaksu<\/span><\/p>\n<p><span style=\"font-family: 'comic sans ms', sans-serif;\">Wa\u017cne uwagi:<\/span><br \/>\n<span style=\"font-family: 'comic sans ms', sans-serif;\">&#8211; Jest to e-book do pobrania, kt\u00f3ry mo\u017cesz wydrukowa\u0107 w domu &#8211; \u017cadne fizyczne kopie nie zostan\u0105 wys\u0142ane.<\/span><br \/>\n<span style=\"font-family: 'comic sans ms', sans-serif;\">&#8211; Pliki do pobrania nie zawieraj\u0105 znak\u00f3w wodnych.<\/span><br \/>\n<span style=\"font-family: 'comic sans ms', sans-serif;\">&#8211; TYLKO DO U\u017bYTKU OSOBISTEGO\/PRYWATNEGO! U\u017cycie komercyjne nie jest dozwolone. <\/span><br \/>\n<span style=\"font-family: 'comic sans ms', sans-serif;\">&#8211; Ksi\u0105\u017cka jest chroniona prawami autorskimi i NIE jest dozwolona MASOWA PRODUKCJA ani ODSPRZEDA\u017b.<\/span><\/p>\n<p><span style=\"font-family: 'comic sans ms', sans-serif;\">Zam\u00f3w ju\u017c teraz i pozw\u00f3l kotom dzia\u0142a\u0107!<\/span><\/p>\n","protected":false},"excerpt":{"rendered":"<p>Straszny, uroczy i miaucz\u0105cy. \ud83d\udda4<\/p>\n","protected":false},"featured_media":23682,"template":"","meta":{"_acf_changed":false,"_glsr_average":0,"_glsr_ranking":0,"_glsr_reviews":0},"product_brand":[],"product_cat":[1481,1391],"product_tag":[1483],"class_list":{"0":"post-23679","1":"product","2":"type-product","3":"status-publish","4":"has-post-thumbnail","6":"product_cat-halloween","7":"product_cat-kolorowanki","8":"product_tag-halloween","10":"first","11":"instock","12":"sold-individually","13":"shipping-taxable","14":"purchasable","15":"product-type-variable"},"bundled_by":["25131","25605"],"bundle_stock_status":"instock","bundle_stock_quantity":null,"bundle_virtual":false,"bundle_layout":"","bundle_add_to_cart_form_location":"","bundle_editable_in_cart":false,"bundle_sold_individually_context":"","bundle_item_grouping":"","bundle_min_size":"","bundle_max_size":"","bundle_price":[],"bundled_items":[],"bundle_sell_ids":[],"acf":[],"_links":{"self":[{"href":"https:\/\/www.coloredcaramel.com\/pl\/wp-json\/wp\/v2\/product\/23679","targetHints":{"allow":["GET"]}}],"collection":[{"href":"https:\/\/www.coloredcaramel.com\/pl\/wp-json\/wp\/v2\/product"}],"about":[{"href":"https:\/\/www.coloredcaramel.com\/pl\/wp-json\/wp\/v2\/types\/product"}],"wp:featuredmedia":[{"embeddable":true,"href":"https:\/\/www.coloredcaramel.com\/pl\/wp-json\/wp\/v2\/media\/23682"}],"wp:attachment":[{"href":"https:\/\/www.coloredcaramel.com\/pl\/wp-json\/wp\/v2\/media?parent=23679"}],"wp:term":[{"taxonomy":"product_brand","embeddable":true,"href":"https:\/\/www.coloredcaramel.com\/pl\/wp-json\/wp\/v2\/product_brand?post=23679"},{"taxonomy":"product_cat","embeddable":true,"href":"https:\/\/www.coloredcaramel.com\/pl\/wp-json\/wp\/v2\/product_cat?post=23679"},{"taxonomy":"product_tag","embeddable":true,"href":"https:\/\/www.coloredcaramel.com\/pl\/wp-json\/wp\/v2\/product_tag?post=23679"}],"curies":[{"name":"wp","href":"https:\/\/api.w.org\/{rel}","templated":true}]}}