{"id":23603,"date":"2025-09-25T12:09:35","date_gmt":"2025-09-25T12:09:35","guid":{"rendered":"https:\/\/www.coloredcaramel.com\/product\/kolorowanka-girly-vibes-odwazne-latwe-i-urocze-ilustracje\/"},"modified":"2026-02-17T07:09:29","modified_gmt":"2026-02-17T07:09:29","slug":"kolorowanka-girly-vibes-odwazne-latwe-i-urocze-ilustracje","status":"publish","type":"product","link":"https:\/\/www.coloredcaramel.com\/pl\/produkt\/kolorowanka-girly-vibes-odwazne-latwe-i-urocze-ilustracje\/","title":{"rendered":"Kolorowanka Girly Vibes: Odwa\u017cne, \u0142atwe i urocze ilustracje"},"content":{"rendered":"<p><span style=\"font-family: 'comic sans ms', sans-serif;\">Uwielbiasz kolorowa\u0107 s\u0142odkie, dziewcz\u0119ce, przytulne i \u0142atwe kolorowanki?<\/span><br \/>\n<span style=\"font-family: 'comic sans ms', sans-serif;\">W takim razie z pewno\u015bci\u0105 pokochasz ten produkt!<\/span><\/p>\n<p><span style=\"font-family: 'comic sans ms', sans-serif;\">Nie tylko lubimy t\u0119 kolorowank\u0119, mamy na jej punkcie obsesj\u0119!<\/span><br \/>\n<span style=\"font-family: 'comic sans ms', sans-serif;\">&#8211; Jest pe\u0142na super uroczych, odwa\u017cnych i prostych ilustracji.<\/span><br \/>\n<span style=\"font-family: 'comic sans ms', sans-serif;\">&#8211; Zawiera urocze strony, kt\u00f3re idealnie nadaj\u0105 si\u0119 do wsp\u00f3lnego kolorowania!<\/span><br \/>\n<span style=\"font-family: 'comic sans ms', sans-serif;\">&#8211; Pe\u0142ny plik PDF z 55 unikalnymi wzorami &#8211; bez powt\u00f3rze\u0144!<\/span><br \/>\n<span style=\"font-family: 'comic sans ms', sans-serif;\">&#8211; Rozmiar strony to 8,5 x 8,5 cala &#8211; najlepiej drukowa\u0107 na papierze 8,5 x 11 cali lub A4.<\/span><br \/>\n<span style=\"font-family: 'comic sans ms', sans-serif;\">&#8211; Idealny dla doros\u0142ych i nastolatk\u00f3w.<\/span><br \/>\n<span style=\"font-family: 'comic sans ms', sans-serif;\">&#8211; Relaks!<\/span><br \/>\n<span style=\"font-family: 'comic sans ms', sans-serif;\">&#8211; Pi\u0119kny prezent.<\/span><\/p>\n<p><span style=\"font-family: 'comic sans ms', sans-serif;\">**WA\u017bNE**<\/span><br \/>\n<span style=\"font-family: 'comic sans ms', sans-serif;\">&#8211; Jest to e-book do pobrania, kt\u00f3ry mo\u017cesz wydrukowa\u0107 w domu &#8211; \u017cadne fizyczne kopie nie zostan\u0105 wys\u0142ane.<\/span><br \/>\n<span style=\"font-family: 'comic sans ms', sans-serif;\">&#8211; Pliki do pobrania nie zawieraj\u0105 znak\u00f3w wodnych.<\/span><br \/>\n<span style=\"font-family: 'comic sans ms', sans-serif;\">&#8211; TYLKO DO U\u017bYTKU OSOBISTEGO\/PRYWATNEGO! U\u017cycie komercyjne nie jest dozwolone. <\/span><br \/>\n<span style=\"font-family: 'comic sans ms', sans-serif;\">&#8211; Ksi\u0105\u017cka jest chroniona prawami autorskimi i NIE jest dozwolona MASOWA PRODUKCJA ani ODSPRZEDA\u017b.<\/span><\/p>\n<p><span style=\"font-family: 'comic sans ms', sans-serif;\">Zam\u00f3w t\u0119 urocz\u0105 KSI\u0104\u017bECZK\u0118 DO KOLOROWANIA, aby dobrze si\u0119 bawi\u0107 i odstresowa\u0107!<\/span><\/p>\n<p><span style=\"font-family: 'comic sans ms', sans-serif;\">Je\u015bli masz jakie\u015b pytania, wy\u015blij nam wiadomo\u015b\u0107 \ud83d\ude42<\/span><\/p>\n","protected":false},"excerpt":{"rendered":"<p>Uwielbiasz kolorowa\u0107 s\u0142odkie, dziewcz\u0119ce, przytulne i \u0142atwe kolorowanki? W takim razie z pewno\u015bci\u0105 pokochasz ten produkt! Nie tylko lubimy t\u0119 kolorowank\u0119, mamy na jej punkcie obsesj\u0119! &#8211; Jest pe\u0142na super uroczych, odwa\u017cnych i prostych ilustracji. &#8211; Zawiera urocze strony, kt\u00f3re idealnie nadaj\u0105 si\u0119 do wsp\u00f3lnego kolorowania! &#8211; Pe\u0142ny plik PDF z 55 unikalnymi wzorami &#8211;<\/p>\n<div class=\"klb-readmore button\"><a class=\"btn link\" href=\"https:\/\/www.coloredcaramel.com\/pl\/produkt\/kolorowanka-girly-vibes-odwazne-latwe-i-urocze-ilustracje\/\">Read More <i class=\"klbth-icon-right-arrow\"><\/i><\/a><\/div>\n","protected":false},"featured_media":23614,"template":"","meta":{"_acf_changed":false,"_glsr_average":0,"_glsr_ranking":0,"_glsr_reviews":0},"product_brand":[],"product_cat":[1391,1439,1472],"product_tag":[],"class_list":{"0":"post-23603","1":"product","2":"type-product","3":"status-publish","4":"has-post-thumbnail","6":"product_cat-kolorowanki","7":"product_cat-relaks","8":"product_cat-uwaznosc","10":"first","11":"instock","12":"sold-individually","13":"shipping-taxable","14":"purchasable","15":"product-type-variable"},"bundled_by":[],"bundle_stock_status":"instock","bundle_stock_quantity":null,"bundle_virtual":false,"bundle_layout":"","bundle_add_to_cart_form_location":"","bundle_editable_in_cart":false,"bundle_sold_individually_context":"","bundle_item_grouping":"","bundle_min_size":"","bundle_max_size":"","bundle_price":[],"bundled_items":[],"bundle_sell_ids":[],"acf":[],"_links":{"self":[{"href":"https:\/\/www.coloredcaramel.com\/pl\/wp-json\/wp\/v2\/product\/23603","targetHints":{"allow":["GET"]}}],"collection":[{"href":"https:\/\/www.coloredcaramel.com\/pl\/wp-json\/wp\/v2\/product"}],"about":[{"href":"https:\/\/www.coloredcaramel.com\/pl\/wp-json\/wp\/v2\/types\/product"}],"wp:featuredmedia":[{"embeddable":true,"href":"https:\/\/www.coloredcaramel.com\/pl\/wp-json\/wp\/v2\/media\/23614"}],"wp:attachment":[{"href":"https:\/\/www.coloredcaramel.com\/pl\/wp-json\/wp\/v2\/media?parent=23603"}],"wp:term":[{"taxonomy":"product_brand","embeddable":true,"href":"https:\/\/www.coloredcaramel.com\/pl\/wp-json\/wp\/v2\/product_brand?post=23603"},{"taxonomy":"product_cat","embeddable":true,"href":"https:\/\/www.coloredcaramel.com\/pl\/wp-json\/wp\/v2\/product_cat?post=23603"},{"taxonomy":"product_tag","embeddable":true,"href":"https:\/\/www.coloredcaramel.com\/pl\/wp-json\/wp\/v2\/product_tag?post=23603"}],"curies":[{"name":"wp","href":"https:\/\/api.w.org\/{rel}","templated":true}]}}