{"id":23320,"date":"2025-10-11T11:22:48","date_gmt":"2025-10-11T11:22:48","guid":{"rendered":"https:\/\/www.coloredcaramel.com\/product\/urocze-boze-narodzenie-kolorowanka-dla-wszystkich-grup-wiekowych\/"},"modified":"2026-02-17T07:09:25","modified_gmt":"2026-02-17T07:09:25","slug":"urocze-boze-narodzenie-kolorowanka-dla-wszystkich-grup-wiekowych","status":"publish","type":"product","link":"https:\/\/www.coloredcaramel.com\/pl\/produkt\/urocze-boze-narodzenie-kolorowanka-dla-wszystkich-grup-wiekowych\/","title":{"rendered":"Urocze Bo\u017ce Narodzenie: Kolorowanka dla wszystkich grup wiekowych"},"content":{"rendered":"<p><span style=\"font-family: 'comic sans ms', sans-serif;\">Najs\u0142odsze \u015bwi\u0105teczne kolorowanki z zabawnym kalendarzem adwentowym do pokolorowania!<\/span><\/p>\n<p><span style=\"font-family: 'comic sans ms', sans-serif;\">Dlaczego nam si\u0119 podoba:<\/span><br \/>\n<span style=\"font-family: 'comic sans ms', sans-serif;\">&#8211; Jest pe\u0142na uroczych i radosnych ilustracji z elementami \u015bwi\u0105tecznymi, skrzatami, zwierz\u0119tami, ba\u0142wankami, s\u0142odyczami i nie tylko!<\/span><br \/>\n<span style=\"font-family: 'comic sans ms', sans-serif;\">&#8211; Pe\u0142ny plik PDF z 35 unikalnymi wzorami<\/span><br \/>\n<span style=\"font-family: 'comic sans ms', sans-serif;\">&#8211; W zestawie specjalna ilustracja do kolorowania kalendarza adwentowego<\/span><br \/>\n<span style=\"font-family: 'comic sans ms', sans-serif;\">&#8211; Pr\u00f3bka kolor\u00f3w z elementami \u015bwi\u0105tecznymi<\/span><br \/>\n<span style=\"font-family: 'comic sans ms', sans-serif;\">&#8211; Rozmiar strony to 8,5 x 11 cali<\/span><br \/>\n<span style=\"font-family: 'comic sans ms', sans-serif;\">&#8211; Idealny dla doros\u0142ych i nastolatk\u00f3w<\/span><br \/>\n<span style=\"font-family: 'comic sans ms', sans-serif;\">&#8211; Doskona\u0142a aktywno\u015b\u0107 odstresowuj\u0105ca<\/span><br \/>\n<span style=\"font-family: 'comic sans ms', sans-serif;\">&#8211; Zabawna aktywno\u015b\u0107 na wakacje<\/span><br \/>\n<span style=\"font-family: 'comic sans ms', sans-serif;\">&#8211; Prezent, kt\u00f3ry pokochaj\u0105 wszyscy!<\/span><\/p>\n<p><span style=\"font-family: 'comic sans ms', sans-serif;\">**WA\u017bNE**<\/span><br \/>\n<span style=\"font-family: 'comic sans ms', sans-serif;\">&#8211; Jest to e-book do pobrania, kt\u00f3ry mo\u017cesz wydrukowa\u0107 w domu &#8211; \u017cadne fizyczne kopie nie zostan\u0105 wys\u0142ane.<\/span><br \/>\n<span style=\"font-family: 'comic sans ms', sans-serif;\">&#8211; Pliki do pobrania nie zawieraj\u0105 znak\u00f3w wodnych.<\/span><br \/>\n<span style=\"font-family: 'comic sans ms', sans-serif;\">&#8211; TYLKO DO U\u017bYTKU OSOBISTEGO\/PRYWATNEGO! U\u017cycie komercyjne nie jest dozwolone. <\/span><br \/>\n<span style=\"font-family: 'comic sans ms', sans-serif;\">&#8211; Ksi\u0105\u017cka jest chroniona prawami autorskimi i NIE jest dozwolona MASOWA PRODUKCJA ani ODSPRZEDA\u017b.<\/span><br \/>\n<span style=\"font-family: 'comic sans ms', sans-serif;\">Zam\u00f3w t\u0119 ZABAWN\u0104 KSI\u0104\u017bECZK\u0118 DO KOLOROWANIA JU\u017b TERAZ i podziel si\u0119 DUCHEM \u015aWI\u0104T BO\u017bEGO NARODZENIA!<\/span><\/p>\n<p><span style=\"font-family: 'comic sans ms', sans-serif;\">W te \u015awi\u0119ta b\u0105d\u017amy zabawni, rado\u015bni, zrelaksowani i kreatywni!<\/span><\/p>\n<p><span style=\"font-family: 'comic sans ms', sans-serif;\">Je\u015bli masz jakie\u015b pytania, wy\u015blij nam wiadomo\u015b\u0107 \ud83d\ude42<\/span><\/p>\n","protected":false},"excerpt":{"rendered":"<p>Najs\u0142odsze \u015bwi\u0105teczne kolorowanki z zabawnym kalendarzem adwentowym do pokolorowania! Dlaczego nam si\u0119 podoba: &#8211; Jest pe\u0142na uroczych i radosnych ilustracji z elementami \u015bwi\u0105tecznymi, skrzatami, zwierz\u0119tami, ba\u0142wankami, s\u0142odyczami i nie tylko! &#8211; Pe\u0142ny plik PDF z 35 unikalnymi wzorami &#8211; W zestawie specjalna ilustracja do kolorowania kalendarza adwentowego &#8211; Pr\u00f3bka kolor\u00f3w z elementami \u015bwi\u0105tecznymi &#8211; Rozmiar<\/p>\n<div class=\"klb-readmore button\"><a class=\"btn link\" href=\"https:\/\/www.coloredcaramel.com\/pl\/produkt\/urocze-boze-narodzenie-kolorowanka-dla-wszystkich-grup-wiekowych\/\">Read More <i class=\"klbth-icon-right-arrow\"><\/i><\/a><\/div>\n","protected":false},"featured_media":23322,"template":"","meta":{"_acf_changed":false,"_glsr_average":0,"_glsr_ranking":0,"_glsr_reviews":0},"product_brand":[],"product_cat":[1392,1391,1451],"product_tag":[],"class_list":{"0":"post-23320","1":"product","2":"type-product","3":"status-publish","4":"has-post-thumbnail","6":"product_cat-boze-narodzenie","7":"product_cat-kolorowanki","8":"product_cat-uncategorized","10":"first","11":"instock","12":"sold-individually","13":"shipping-taxable","14":"purchasable","15":"product-type-variable"},"bundled_by":[],"bundle_stock_status":"instock","bundle_stock_quantity":null,"bundle_virtual":false,"bundle_layout":"","bundle_add_to_cart_form_location":"","bundle_editable_in_cart":false,"bundle_sold_individually_context":"","bundle_item_grouping":"","bundle_min_size":"","bundle_max_size":"","bundle_price":[],"bundled_items":[],"bundle_sell_ids":[],"acf":[],"_links":{"self":[{"href":"https:\/\/www.coloredcaramel.com\/pl\/wp-json\/wp\/v2\/product\/23320","targetHints":{"allow":["GET"]}}],"collection":[{"href":"https:\/\/www.coloredcaramel.com\/pl\/wp-json\/wp\/v2\/product"}],"about":[{"href":"https:\/\/www.coloredcaramel.com\/pl\/wp-json\/wp\/v2\/types\/product"}],"wp:featuredmedia":[{"embeddable":true,"href":"https:\/\/www.coloredcaramel.com\/pl\/wp-json\/wp\/v2\/media\/23322"}],"wp:attachment":[{"href":"https:\/\/www.coloredcaramel.com\/pl\/wp-json\/wp\/v2\/media?parent=23320"}],"wp:term":[{"taxonomy":"product_brand","embeddable":true,"href":"https:\/\/www.coloredcaramel.com\/pl\/wp-json\/wp\/v2\/product_brand?post=23320"},{"taxonomy":"product_cat","embeddable":true,"href":"https:\/\/www.coloredcaramel.com\/pl\/wp-json\/wp\/v2\/product_cat?post=23320"},{"taxonomy":"product_tag","embeddable":true,"href":"https:\/\/www.coloredcaramel.com\/pl\/wp-json\/wp\/v2\/product_tag?post=23320"}],"curies":[{"name":"wp","href":"https:\/\/api.w.org\/{rel}","templated":true}]}}