{"id":20665,"date":"2025-10-09T13:10:12","date_gmt":"2025-10-09T13:10:12","guid":{"rendered":"https:\/\/www.coloredcaramel.com\/product\/hoppy-days-urocza-odwazna-i-latwa-kolorowanka-wielkanocna\/"},"modified":"2026-03-01T07:17:32","modified_gmt":"2026-03-01T07:17:32","slug":"hoppy-days-urocza-odwazna-i-latwa-kolorowanka-wielkanocna","status":"publish","type":"product","link":"https:\/\/www.coloredcaramel.com\/pl\/product\/hoppy-days-urocza-odwazna-i-latwa-kolorowanka-wielkanocna\/","title":{"rendered":"Hoppy Days: Urocza, odwa\u017cna i \u0142atwa kolorowanka wielkanocna"},"content":{"rendered":"<p><span style=\"font-family: 'comic sans ms', sans-serif;\"><strong data-start=\"178\" data-end=\"198\">Wskocz w wiosn\u0119!<\/strong><\/span><br data-start=\"198\" data-end=\"201\"><span style=\"font-family: 'comic sans ms', sans-serif;\"><em data-start=\"203\" data-end=\"255\">Hoppy Days: \u015aliczna, odwa\u017cna i \u0142atwa kolorowanka wielkanocna<\/em> jest pe\u0142na weso\u0142ych kr\u00f3liczk\u00f3w, podgl\u0105daj\u0105cych piskl\u0105t, przytulnych barank\u00f3w, tulipan\u00f3w, jajek i marchewek &#8211; zilustrowanych odwa\u017cnymi, \u0142atwymi do pokolorowania konturami.<\/span><br \/>\n<span style=\"font-family: 'comic sans ms', sans-serif;\">S\u0142odkie zaj\u0119cie bez ekranu i idealny wype\u0142niacz koszyka wielkanocnego.<\/span><\/p>\n<p><span style=\"font-family: 'comic sans ms', sans-serif;\">Dlaczego j\u0105 pokochasz:<\/span><br \/>\n<span style=\"font-family: 'comic sans ms', sans-serif;\">&#8211; Odwa\u017cne, \u0142atwe do pokolorowania ilustracje idealne na relaksuj\u0105ce chwile.<\/span><br \/>\n<span style=\"font-family: 'comic sans ms', sans-serif;\">&#8211; Pe\u0142ny plik PDF z 40 unikalnymi wzorami &#8211; bez powt\u00f3rze\u0144!<\/span><br \/>\n<span style=\"font-family: 'comic sans ms', sans-serif;\">&#8211; Rozmiar strony to 8,5 x 8,5 cala &#8211; najlepiej drukowa\u0107 na papierze 8,5 x 11 cali.<\/span><br \/>\n<span style=\"font-family: 'comic sans ms', sans-serif;\">&#8211; Idealny dla doros\u0142ych i nastolatk\u00f3w, kt\u00f3rzy uwielbiaj\u0105 kolorowa\u0107.<\/span><br \/>\n<span style=\"font-family: 'comic sans ms', sans-serif;\">&#8211; Przywitaj wiosn\u0119 spokojnymi i kreatywnymi chwilami.<\/span><br \/>\n<span style=\"font-family: 'comic sans ms', sans-serif;\">&#8211; Pi\u0119kny prezent.<\/span><\/p>\n<p><span style=\"font-family: 'comic sans ms', sans-serif;\">**WA\u017bNE**<\/span><br \/>\n<span style=\"font-family: 'comic sans ms', sans-serif;\">&#8211; Jest to e-book do pobrania, kt\u00f3ry mo\u017cesz wydrukowa\u0107 w domu &#8211; \u017cadne fizyczne kopie nie zostan\u0105 wys\u0142ane.<\/span><br \/>\n<span style=\"font-family: 'comic sans ms', sans-serif;\">&#8211; TYLKO DO U\u017bYTKU OSOBISTEGO\/PRYWATNEGO! U\u017cycie komercyjne nie jest dozwolone. <\/span><br \/>\n<span style=\"font-family: 'comic sans ms', sans-serif;\">&#8211; Ksi\u0105\u017cka jest chroniona prawami autorskimi i NIE jest dozwolona MASOWA PRODUKCJA ani ODSPRZEDA\u017b.<\/span><\/p>\n<p><span style=\"font-family: 'comic sans ms', sans-serif;\">Zdob\u0105d\u017a sw\u00f3j egzemplarz ju\u017c dzi\u015b i o\u017cyw te urocze wielkanocne kartki!<\/span><\/p>\n<p><span style=\"font-family: 'comic sans ms', sans-serif;\">Je\u015bli masz jakie\u015b pytania, wy\u015blij nam wiadomo\u015b\u0107 \ud83d\ude42<\/span><\/p>\n","protected":false},"excerpt":{"rendered":"<p>Wskocz w wiosn\u0119!Hoppy Days: \u015aliczna, odwa\u017cna i \u0142atwa kolorowanka wielkanocna jest pe\u0142na weso\u0142ych kr\u00f3liczk\u00f3w, podgl\u0105daj\u0105cych piskl\u0105t, przytulnych barank\u00f3w, tulipan\u00f3w, jajek i marchewek &#8211; zilustrowanych odwa\u017cnymi, \u0142atwymi do pokolorowania konturami. S\u0142odkie zaj\u0119cie bez ekranu i idealny wype\u0142niacz koszyka wielkanocnego. Dlaczego j\u0105 pokochasz: &#8211; Odwa\u017cne, \u0142atwe do pokolorowania ilustracje idealne na relaksuj\u0105ce chwile. &#8211; Pe\u0142ny plik PDF<\/p>\n<div class=\"klb-readmore button\"><a class=\"btn link\" href=\"https:\/\/www.coloredcaramel.com\/pl\/product\/hoppy-days-urocza-odwazna-i-latwa-kolorowanka-wielkanocna\/\">Read More <i class=\"klbth-icon-right-arrow\"><\/i><\/a><\/div>\n","protected":false},"featured_media":20670,"template":"","meta":{"_acf_changed":false,"_glsr_average":0,"_glsr_ranking":0,"_glsr_reviews":0},"product_brand":[],"product_cat":[1398,1391],"product_tag":[],"class_list":{"0":"post-20665","1":"product","2":"type-product","3":"status-publish","4":"has-post-thumbnail","6":"product_cat-wielkanoc","7":"product_cat-kolorowanki","9":"first","10":"instock","11":"sold-individually","12":"shipping-taxable","13":"purchasable","14":"product-type-variable"},"bundled_by":[],"bundle_stock_status":"instock","bundle_stock_quantity":null,"bundle_virtual":false,"bundle_layout":"","bundle_add_to_cart_form_location":"","bundle_editable_in_cart":false,"bundle_sold_individually_context":"","bundle_item_grouping":"","bundle_min_size":"","bundle_max_size":"","bundle_price":[],"bundled_items":[],"bundle_sell_ids":[],"acf":[],"_links":{"self":[{"href":"https:\/\/www.coloredcaramel.com\/pl\/wp-json\/wp\/v2\/product\/20665","targetHints":{"allow":["GET"]}}],"collection":[{"href":"https:\/\/www.coloredcaramel.com\/pl\/wp-json\/wp\/v2\/product"}],"about":[{"href":"https:\/\/www.coloredcaramel.com\/pl\/wp-json\/wp\/v2\/types\/product"}],"wp:featuredmedia":[{"embeddable":true,"href":"https:\/\/www.coloredcaramel.com\/pl\/wp-json\/wp\/v2\/media\/20670"}],"wp:attachment":[{"href":"https:\/\/www.coloredcaramel.com\/pl\/wp-json\/wp\/v2\/media?parent=20665"}],"wp:term":[{"taxonomy":"product_brand","embeddable":true,"href":"https:\/\/www.coloredcaramel.com\/pl\/wp-json\/wp\/v2\/product_brand?post=20665"},{"taxonomy":"product_cat","embeddable":true,"href":"https:\/\/www.coloredcaramel.com\/pl\/wp-json\/wp\/v2\/product_cat?post=20665"},{"taxonomy":"product_tag","embeddable":true,"href":"https:\/\/www.coloredcaramel.com\/pl\/wp-json\/wp\/v2\/product_tag?post=20665"}],"curies":[{"name":"wp","href":"https:\/\/api.w.org\/{rel}","templated":true}]}}