{"id":21424,"date":"2025-10-07T15:55:44","date_gmt":"2025-10-07T15:55:44","guid":{"rendered":"https:\/\/www.coloredcaramel.com\/pozostanmy-w-kontakcie\/"},"modified":"2025-10-07T15:55:44","modified_gmt":"2025-10-07T15:55:44","slug":"pozostanmy-w-kontakcie","status":"publish","type":"page","link":"https:\/\/www.coloredcaramel.com\/pl\/pozostanmy-w-kontakcie\/","title":{"rendered":"Pozosta\u0144my w kontakcie"},"content":{"rendered":"<p>Cze\u015b\u0107  <span id=\"bwfan_contact_name\">John<\/span> <\/p>\n<p>Pom\u00f3\u017c nam poprawi\u0107 Twoje do\u015bwiadczenia z nami poprzez lepsz\u0105 komunikacj\u0119. Dostosuj swoje preferencje dotycz\u0105ce wiadomo\u015bci e-mail <span id=\"bwfan_contact_email\">john@example.com<\/span>.   <\/p>\n<p>.<\/p>\n","protected":false},"excerpt":{"rendered":"<p>Cze\u015b\u0107 Pom\u00f3\u017c nam poprawi\u0107 Twoje do\u015bwiadczenia z nami poprzez lepsz\u0105 komunikacj\u0119. Dostosuj swoje preferencje dotycz\u0105ce wiadomo\u015bci e-mail . .<\/p>\n","protected":false},"author":2,"featured_media":0,"parent":0,"menu_order":0,"comment_status":"closed","ping_status":"closed","template":"","meta":{"_acf_changed":false,"_glsr_average":0,"_glsr_ranking":0,"_glsr_reviews":0,"footnotes":""},"class_list":["post-21424","page","type-page","status-publish","hentry"],"acf":[],"_links":{"self":[{"href":"https:\/\/www.coloredcaramel.com\/pl\/wp-json\/wp\/v2\/pages\/21424","targetHints":{"allow":["GET"]}}],"collection":[{"href":"https:\/\/www.coloredcaramel.com\/pl\/wp-json\/wp\/v2\/pages"}],"about":[{"href":"https:\/\/www.coloredcaramel.com\/pl\/wp-json\/wp\/v2\/types\/page"}],"author":[{"embeddable":true,"href":"https:\/\/www.coloredcaramel.com\/pl\/wp-json\/wp\/v2\/users\/2"}],"replies":[{"embeddable":true,"href":"https:\/\/www.coloredcaramel.com\/pl\/wp-json\/wp\/v2\/comments?post=21424"}],"version-history":[{"count":0,"href":"https:\/\/www.coloredcaramel.com\/pl\/wp-json\/wp\/v2\/pages\/21424\/revisions"}],"wp:attachment":[{"href":"https:\/\/www.coloredcaramel.com\/pl\/wp-json\/wp\/v2\/media?parent=21424"}],"curies":[{"name":"wp","href":"https:\/\/api.w.org\/{rel}","templated":true}]}}