{"id":20261,"date":"2023-03-13T07:16:00","date_gmt":"2023-03-13T07:16:00","guid":{"rendered":"https:\/\/www.coloredcaramel.com\/polityka-zwrotow-i-refundacji\/"},"modified":"2026-02-04T18:25:31","modified_gmt":"2026-02-04T18:25:31","slug":"polityka-zwrotow-i-refundacji","status":"publish","type":"page","link":"https:\/\/www.coloredcaramel.com\/pl\/polityka-zwrotow-i-refundacji\/","title":{"rendered":"Polityka zwrot\u00f3w i refundacji"},"content":{"rendered":"\t\t<div data-elementor-type=\"wp-page\" data-elementor-id=\"20261\" class=\"elementor elementor-20261 elementor-8479\" data-elementor-post-type=\"page\">\n\t\t\t\t\t\t<section class=\"elementor-section elementor-top-section elementor-element elementor-element-b101c29 elementor-section-boxed elementor-section-height-default elementor-section-height-default\" data-id=\"b101c29\" data-element_type=\"section\">\n\t\t\t\t\t\t<div class=\"elementor-container elementor-column-gap-default\">\n\t\t\t\t\t<div class=\"elementor-column elementor-col-100 elementor-top-column elementor-element elementor-element-f4af0e6\" data-id=\"f4af0e6\" data-element_type=\"column\">\n\t\t\t<div class=\"elementor-widget-wrap elementor-element-populated\">\n\t\t\t\t\t\t<div class=\"elementor-element elementor-element-3aa9e6a elementor-widget elementor-widget-text-editor\" data-id=\"3aa9e6a\" data-element_type=\"widget\" data-widget_type=\"text-editor.default\">\n\t\t\t\t<div class=\"elementor-widget-container\">\n\t\t\t\t\t\t\t\t\t<h1 data-start=\"175\" data-end=\"208\">Polityka zwrot\u00f3w i refundacji<\/h1>\n<p data-start=\"209\" data-end=\"239\"><strong data-start=\"209\" data-end=\"239\">Ostatnia aktualizacja: 7 czerwca 2025 r.<\/strong><\/p>\n<p data-start=\"241\" data-end=\"464\">W <strong data-start=\"244\" data-end=\"263\">Colored Caramel<\/strong> dok\u0142adamy wszelkich stara\u0144, aby nasze produkty cyfrowe i fizyczne zapewnia\u0142y wspania\u0142e wra\u017cenia z kolorowania. Zapoznaj si\u0119 z poni\u017cszymi zasadami zwrot\u00f3w i refundacji, w zale\u017cno\u015bci od rodzaju zakupionego produktu. <\/p>\n<h3 data-start=\"466\" data-end=\"519\">\ud83d\udda5\ufe0f Produkty cyfrowe (zakupione na naszej stronie internetowej)<\/h3>\n<p data-start=\"520\" data-end=\"634\">Wszystkie cyfrowe kolorowanki i pliki do pobrania sprzedawane za po\u015brednictwem strony internetowej Colored Caramel <strong data-start=\"615\" data-end=\"633\">nie podlegaj\u0105 zwrotowi<\/strong>.<\/p>\n<p data-start=\"636\" data-end=\"813\">Ze wzgl\u0119du na charakter natychmiastowej dostawy cyfrowej, nie akceptujemy <strong data-start=\"686\" data-end=\"728\">zwrot\u00f3w ani nie zwracamy<\/strong> pieni\u0119dzy za produkty cyfrowe. Po dostarczeniu plik\u00f3w s\u0105 one uznawane za ostateczne. <\/p>\n<p data-start=\"815\" data-end=\"984\"><strong data-start=\"817\" data-end=\"831\">Wa\u017cne:<\/strong><br data-start=\"831\" data-end=\"834\">Przeczytaj uwa\u017cnie opisy produkt\u00f3w przed dokonaniem zakupu. Je\u015bli masz jakiekolwiek pytania, skontaktuj si\u0119 z nami przed z\u0142o\u017ceniem zam\u00f3wienia. <\/p>\n<h3 data-start=\"986\" data-end=\"1035\">Produkty fizyczne (zakupione przez Amazon)<\/h3>\n<p data-start=\"1036\" data-end=\"1183\">Nasze fizyczne kolorowanki (takie jak wydania w mi\u0119kkiej oprawie) s\u0105 sprzedawane za po\u015brednictwem <strong data-start=\"1110\" data-end=\"1120\">Amazon<\/strong>, a wszelkie zwroty lub refundacje podlegaj\u0105 <strong data-start=\"1161\" data-end=\"1182\">zasadom Amazon<\/strong>.<\/p>\n<p data-start=\"1185\" data-end=\"1209\">Amazon generalnie na to pozwala:<\/p>\n<ul data-start=\"1210\" data-end=\"1347\">\n<li data-start=\"1210\" data-end=\"1252\">\n<p data-start=\"1212\" data-end=\"1252\">Zwroty w ci\u0105gu <strong data-start=\"1227\" data-end=\"1238\">30 dni<\/strong> od dostawy<\/p>\n<\/li>\n<li data-start=\"1253\" data-end=\"1298\">\n<p data-start=\"1255\" data-end=\"1298\">Zwroty przetwarzane za po\u015brednictwem Twojego konta Amazon<\/p>\n<\/li>\n<li data-start=\"1299\" data-end=\"1347\">\n<p data-start=\"1301\" data-end=\"1347\">Przedp\u0142acone etykiety do wysy\u0142ki zwrotnej (je\u015bli si\u0119 kwalifikuj\u0105)<\/p>\n<\/li>\n<\/ul>\n<p data-start=\"1349\" data-end=\"1448\">Aby zwr\u00f3ci\u0107 produkt fizyczny, przejd\u017a do historii zam\u00f3wie\u0144 Amazon i post\u0119puj zgodnie z instrukcjami.<\/p>\n<h3 data-start=\"1450\" data-end=\"1469\">Potrzebujesz pomocy?<\/h3>\n<p data-start=\"1470\" data-end=\"1531\">Je\u015bli masz pytania lub w\u0105tpliwo\u015bci, ch\u0119tnie Ci pomo\u017cemy.<\/p>\n<p data-start=\"1533\" data-end=\"1616\"><strong data-start=\"1536\" data-end=\"1552\">Napisz do nas na adres:<\/strong> <a class=\"cursor-pointer\" rel=\"noopener\" data-start=\"1553\" data-end=\"1616\">support@coloredcaramel.com<\/a><\/p>\t\t\t\t\t\t\t\t<\/div>\n\t\t\t\t<\/div>\n\t\t\t\t\t<\/div>\n\t\t<\/div>\n\t\t\t\t\t<\/div>\n\t\t<\/section>\n\t\t\t\t<\/div>\n\t\t","protected":false},"excerpt":{"rendered":"<p>Polityka zwrot\u00f3w i refundacji Ostatnia aktualizacja: 7 czerwca 2025 r. W Colored Caramel dok\u0142adamy wszelkich stara\u0144, aby nasze produkty cyfrowe i fizyczne zapewnia\u0142y wspania\u0142e wra\u017cenia z kolorowania. Zapoznaj si\u0119 z poni\u017cszymi zasadami zwrot\u00f3w i refundacji, w zale\u017cno\u015bci od rodzaju zakupionego produktu. \ud83d\udda5\ufe0f Produkty cyfrowe (zakupione na naszej stronie internetowej) Wszystkie cyfrowe kolorowanki i pliki do<\/p>\n<div class=\"klb-readmore button\"><a class=\"btn link\" href=\"https:\/\/www.coloredcaramel.com\/pl\/polityka-zwrotow-i-refundacji\/\">Read More <i class=\"klbth-icon-right-arrow\"><\/i><\/a><\/div>\n","protected":false},"author":2,"featured_media":0,"parent":0,"menu_order":0,"comment_status":"closed","ping_status":"closed","template":"","meta":{"_acf_changed":false,"_glsr_average":0,"_glsr_ranking":0,"_glsr_reviews":0,"footnotes":""},"class_list":["post-20261","page","type-page","status-publish","hentry"],"acf":[],"_links":{"self":[{"href":"https:\/\/www.coloredcaramel.com\/pl\/wp-json\/wp\/v2\/pages\/20261","targetHints":{"allow":["GET"]}}],"collection":[{"href":"https:\/\/www.coloredcaramel.com\/pl\/wp-json\/wp\/v2\/pages"}],"about":[{"href":"https:\/\/www.coloredcaramel.com\/pl\/wp-json\/wp\/v2\/types\/page"}],"author":[{"embeddable":true,"href":"https:\/\/www.coloredcaramel.com\/pl\/wp-json\/wp\/v2\/users\/2"}],"replies":[{"embeddable":true,"href":"https:\/\/www.coloredcaramel.com\/pl\/wp-json\/wp\/v2\/comments?post=20261"}],"version-history":[{"count":1,"href":"https:\/\/www.coloredcaramel.com\/pl\/wp-json\/wp\/v2\/pages\/20261\/revisions"}],"predecessor-version":[{"id":20319,"href":"https:\/\/www.coloredcaramel.com\/pl\/wp-json\/wp\/v2\/pages\/20261\/revisions\/20319"}],"wp:attachment":[{"href":"https:\/\/www.coloredcaramel.com\/pl\/wp-json\/wp\/v2\/media?parent=20261"}],"curies":[{"name":"wp","href":"https:\/\/api.w.org\/{rel}","templated":true}]}}