{"id":18011,"date":"2022-04-03T07:48:26","date_gmt":"2022-04-03T07:48:26","guid":{"rendered":"https:\/\/www.coloredcaramel.com\/polityka-prywatnosci\/"},"modified":"2026-02-04T17:32:43","modified_gmt":"2026-02-04T17:32:43","slug":"polityka-prywatnosci","status":"publish","type":"page","link":"https:\/\/www.coloredcaramel.com\/pl\/polityka-prywatnosci\/","title":{"rendered":"Polityka prywatno\u015bci"},"content":{"rendered":"\n<p>Colored Caramel (sp\u00f3\u0142ka zale\u017cna Manfred Limited) Polityka prywatno\u015bci<\/p>\n\n<p>Niniejsza Polityka prywatno\u015bci opisuje, w jaki spos\u00f3b Twoje dane osobowe s\u0105 gromadzone, wykorzystywane i udost\u0119pniane, gdy odwiedzasz lub dokonujesz zakupu w witrynie https:\/\/www.coloredcaramel.com\/ (&#8222;Witryna&#8221;).<\/p>\n\n<p>GROMADZONE PRZEZ NAS DANE OSOBOWE<\/p>\n\n<p>Gdy odwiedzasz Stron\u0119, automatycznie zbieramy pewne informacje o Twoim urz\u0105dzeniu, w tym informacje o Twojej przegl\u0105darce internetowej, adresie IP, strefie czasowej i niekt\u00f3rych plikach cookie zainstalowanych na Twoim urz\u0105dzeniu. Ponadto, gdy przegl\u0105dasz Witryn\u0119, zbieramy informacje o poszczeg\u00f3lnych stronach internetowych lub produktach, kt\u00f3re przegl\u0105dasz, jakie strony internetowe lub wyszukiwane has\u0142a skierowa\u0142y Ci\u0119 do Witryny oraz informacje o tym, jak wchodzisz w interakcj\u0119 z Witryn\u0105. Te automatycznie zbierane informacje okre\u015blamy mianem &#8222;Informacji o urz\u0105dzeniu&#8221;.<\/p>\n\n<p>Zbieramy informacje o urz\u0105dzeniach przy u\u017cyciu nast\u0119puj\u0105cych technologii:<\/p>\n\n<pre class=\"wp-block-code\"><code>- \u201cCookies\u201d are data files that are placed on your device or computer and often include an anonymous unique identifier. For more information about cookies, and how to disable cookies, visit http:\/\/www.allaboutcookies.org.\n- \u201cLog files\u201d track actions occurring on the Site, and collect data including your IP address, browser type, Internet service provider, referring\/exit pages, and date\/time stamps.\n- \u201cWeb beacons,\u201d \u201ctags,\u201d and \u201cpixels\u201d are electronic files used to record information about how you browse the Site.\n<\/code><\/pre>\n\n<p>Dodatkowo, gdy dokonujesz zakupu lub pr\u00f3bujesz dokona\u0107 zakupu za po\u015brednictwem Witryny, zbieramy od Ciebie pewne informacje, w tym imi\u0119 i nazwisko, adres rozliczeniowy, adres wysy\u0142ki, informacje dotycz\u0105ce p\u0142atno\u015bci (w tym numery kart kredytowych, adres e-mail i numer telefonu). Odnosimy si\u0119 do tych informacji jako do &#8222;Informacji o zam\u00f3wieniu&#8221;.<\/p>\n\n<p><\/p>\n\n<p>M\u00f3wi\u0105c o &#8222;Danych osobowych&#8221; w niniejszej Polityce prywatno\u015bci, mamy na my\u015bli zar\u00f3wno Informacje o urz\u0105dzeniu, jak i Informacje o zam\u00f3wieniu.<\/p>\n\n<p>JAK WYKORZYSTUJEMY TWOJE DANE OSOBOWE?<\/p>\n\n<p>Informacje o zam\u00f3wieniach, kt\u00f3re zbieramy, wykorzystujemy zasadniczo do realizacji wszelkich zam\u00f3wie\u0144 z\u0142o\u017conych za po\u015brednictwem Witryny (w tym przetwarzania informacji o p\u0142atno\u015bciach, organizowania wysy\u0142ki i dostarczania faktur i\/lub potwierdze\u0144 zam\u00f3wie\u0144). Ponadto wykorzystujemy te Informacje o zam\u00f3wieniu do:<br\/>Komunikowania si\u0119 z Tob\u0105;<br\/>Sprawdzania naszych zam\u00f3wie\u0144 pod k\u0105tem potencjalnego ryzyka lub oszustwa; oraz<br\/>Je\u015bli jest to zgodne z preferencjami, kt\u00f3re nam udost\u0119pni\u0142e\u015b, dostarczania Ci informacji lub reklam zwi\u0105zanych z naszymi produktami lub us\u0142ugami.<br\/><br\/>Korzystamy z gromadzonych przez nas Informacji o urz\u0105dzeniu, aby pom\u00f3c nam w monitorowaniu potencjalnego ryzyka i oszustw (w szczeg\u00f3lno\u015bci adresu IP u\u017cytkownika), a bardziej og\u00f3lnie w celu ulepszenia i optymalizacji naszej Witryny (na przyk\u0142ad poprzez generowanie analiz dotycz\u0105cych sposobu przegl\u0105dania i interakcji naszych klient\u00f3w z Witryn\u0105 oraz w celu oceny sukcesu naszych kampanii marketingowych i reklamowych).<br\/><\/p>\n\n<p>Udost\u0119pniamy Twoje Dane Osobowe stronom trzecim, aby pom\u00f3c nam w korzystaniu z Twoich Danych Osobowych, jak opisano powy\u017cej. U\u017cywamy Google Analytics, aby pom\u00f3c nam zrozumie\u0107, w jaki spos\u00f3b nasi klienci korzystaj\u0105 z Witryny &#8211; mo\u017cesz przeczyta\u0107 wi\u0119cej o tym, jak Google wykorzystuje Twoje dane osobowe tutaj: https:\/\/www.google.com\/intl\/en\/policies\/privacy\/. Mo\u017cesz r\u00f3wnie\u017c zrezygnowa\u0107 z Google Analytics tutaj: https:\/\/tools.google.com\/dlpage\/gaoptout.<\/p>\n\n<p>Wreszcie, mo\u017cemy r\u00f3wnie\u017c udost\u0119pnia\u0107 Twoje dane osobowe w celu zachowania zgodno\u015bci z obowi\u0105zuj\u0105cymi przepisami prawa i regulacjami, w odpowiedzi na wezwanie s\u0105dowe, nakaz przeszukania lub inne zgodne z prawem \u017c\u0105danie dotycz\u0105ce otrzymanych przez nas informacji lub w celu ochrony naszych praw w inny spos\u00f3b.<br\/><br\/>Jak opisano powy\u017cej, wykorzystujemy Twoje dane osobowe w celu dostarczania Ci ukierunkowanych reklam lub komunikat\u00f3w marketingowych, kt\u00f3re naszym zdaniem mog\u0105 Ci\u0119 zainteresowa\u0107. Aby uzyska\u0107 wi\u0119cej informacji na temat dzia\u0142ania reklam ukierunkowanych, odwied\u017a stron\u0119 edukacyjn\u0105 Network Advertising Initiative (&#8222;NAI&#8221;) pod adresem http:\/\/www.networkadvertising.org\/understanding-online-advertising\/how-does-it-work.<\/p>\n\n<p>Mo\u017cesz zrezygnowa\u0107 z reklam ukierunkowanych przez:<br\/><br\/>FACEBOOK &#8211; https:\/\/www.facebook.com\/settings\/?tab=ads<br\/>GOOGLE &#8211; https:\/\/www.google.com\/settings\/ads\/anonymous<br\/>BING &#8211; https:\/\/advertise.bingads.microsoft.com\/en-us\/resources\/policies\/personalized-ads<br\/><br\/>Ponadto mo\u017cesz zrezygnowa\u0107 z niekt\u00f3rych z tych us\u0142ug, odwiedzaj\u0105c portal rezygnacji Digital Advertising Alliance pod adresem: http:\/\/optout.aboutads.info\/.<\/p>\n\n<p>NIE \u015aLED\u0179<br\/>Nale\u017cy pami\u0119ta\u0107, \u017ce nie zmieniamy praktyk gromadzenia i wykorzystywania danych w naszej Witrynie, gdy widzimy sygna\u0142 Do Not Track z Twojej przegl\u0105darki.<\/p>\n\n<p><\/p>\n\n<p>TWOJE PRAWA<br\/>Je\u015bli jeste\u015b mieszka\u0144cem Europy, masz prawo dost\u0119pu do przechowywanych przez nas Twoich danych osobowych oraz \u017c\u0105dania ich poprawienia, aktualizacji lub usuni\u0119cia. Je\u015bli chcesz skorzysta\u0107 z tego prawa, skontaktuj si\u0119 z nami za po\u015brednictwem poni\u017cszych danych kontaktowych.<br\/>Ponadto, je\u015bli jeste\u015b mieszka\u0144cem Europy, zwracamy uwag\u0119, \u017ce przetwarzamy Twoje dane w celu realizacji um\u00f3w, kt\u00f3re mo\u017cemy z Tob\u0105 zawrze\u0107 (na przyk\u0142ad, je\u015bli z\u0142o\u017cysz zam\u00f3wienie za po\u015brednictwem Witryny) lub w inny spos\u00f3b w celu realizacji naszych uzasadnionych interes\u00f3w biznesowych wymienionych powy\u017cej. Ponadto nale\u017cy pami\u0119ta\u0107, \u017ce Twoje dane b\u0119d\u0105 przekazywane poza Europ\u0119, w tym do Kanady i Stan\u00f3w Zjednoczonych.<\/p>\n\n<p>PRZECHOWYWANIE DANYCH<br\/>Gdy z\u0142o\u017cysz zam\u00f3wienie za po\u015brednictwem Witryny, zachowamy Twoje Informacje o Zam\u00f3wieniu w naszych rejestrach, chyba \u017ce poprosisz nas o usuni\u0119cie tych informacji.<\/p>\n\n<p><\/p>\n\n<p>ZMIANY<br\/>Mo\u017cemy od czasu do czasu aktualizowa\u0107 niniejsz\u0105 polityk\u0119 prywatno\u015bci, aby odzwierciedli\u0107 na przyk\u0142ad zmiany w naszych praktykach lub z innych powod\u00f3w operacyjnych, prawnych lub regulacyjnych.<br\/>KONTAKT<br\/>Aby uzyska\u0107 wi\u0119cej informacji na temat naszych praktyk w zakresie prywatno\u015bci, je\u015bli masz pytania lub je\u015bli chcesz z\u0142o\u017cy\u0107 skarg\u0119, skontaktuj si\u0119 z nami za po\u015brednictwem poczty elektronicznej pod adresem support@coloredcaramel.com lub poczt\u0105, korzystaj\u0105c z danych podanych poni\u017cej:<br\/><\/p>\n\n<p>Pok\u00f3j 1405, 14\/F.,<br\/>135 Bonham Strand Trade Centre,<br\/>135 Bonham Strand,<br\/>Sheung Wan,<br\/>Hong Kong<\/p>\n\n<p><br\/><\/p>\n\n<p><\/p>\n","protected":false},"excerpt":{"rendered":"<p>Colored Caramel (sp\u00f3\u0142ka zale\u017cna Manfred Limited) Polityka prywatno\u015bci Niniejsza Polityka prywatno\u015bci opisuje, w jaki spos\u00f3b Twoje dane osobowe s\u0105 gromadzone, wykorzystywane i udost\u0119pniane, gdy odwiedzasz lub dokonujesz zakupu w witrynie https:\/\/www.coloredcaramel.com\/ (&#8222;Witryna&#8221;). GROMADZONE PRZEZ NAS DANE OSOBOWE Gdy odwiedzasz Stron\u0119, automatycznie zbieramy pewne informacje o Twoim urz\u0105dzeniu, w tym informacje o Twojej przegl\u0105darce internetowej, adresie<\/p>\n<div class=\"klb-readmore button\"><a class=\"btn link\" href=\"https:\/\/www.coloredcaramel.com\/pl\/polityka-prywatnosci\/\">Read More <i class=\"klbth-icon-right-arrow\"><\/i><\/a><\/div>\n","protected":false},"author":1,"featured_media":0,"parent":0,"menu_order":0,"comment_status":"closed","ping_status":"open","template":"","meta":{"_acf_changed":false,"_glsr_average":0,"_glsr_ranking":0,"_glsr_reviews":0,"footnotes":""},"class_list":["post-18011","page","type-page","status-publish","hentry"],"acf":[],"_links":{"self":[{"href":"https:\/\/www.coloredcaramel.com\/pl\/wp-json\/wp\/v2\/pages\/18011","targetHints":{"allow":["GET"]}}],"collection":[{"href":"https:\/\/www.coloredcaramel.com\/pl\/wp-json\/wp\/v2\/pages"}],"about":[{"href":"https:\/\/www.coloredcaramel.com\/pl\/wp-json\/wp\/v2\/types\/page"}],"author":[{"embeddable":true,"href":"https:\/\/www.coloredcaramel.com\/pl\/wp-json\/wp\/v2\/users\/1"}],"replies":[{"embeddable":true,"href":"https:\/\/www.coloredcaramel.com\/pl\/wp-json\/wp\/v2\/comments?post=18011"}],"version-history":[{"count":1,"href":"https:\/\/www.coloredcaramel.com\/pl\/wp-json\/wp\/v2\/pages\/18011\/revisions"}],"predecessor-version":[{"id":18013,"href":"https:\/\/www.coloredcaramel.com\/pl\/wp-json\/wp\/v2\/pages\/18011\/revisions\/18013"}],"wp:attachment":[{"href":"https:\/\/www.coloredcaramel.com\/pl\/wp-json\/wp\/v2\/media?parent=18011"}],"curies":[{"name":"wp","href":"https:\/\/api.w.org\/{rel}","templated":true}]}}