{"id":20648,"date":"2025-10-09T13:32:41","date_gmt":"2025-10-09T13:32:41","guid":{"rendered":"https:\/\/www.coloredcaramel.com\/product\/mondo-carino-libro-da-colorare-per-momenti-senza-stress\/"},"modified":"2026-02-17T07:09:26","modified_gmt":"2026-02-17T07:09:26","slug":"mondo-carino-libro-da-colorare-per-momenti-senza-stress","status":"publish","type":"product","link":"https:\/\/www.coloredcaramel.com\/it\/product\/mondo-carino-libro-da-colorare-per-momenti-senza-stress\/","title":{"rendered":"Mondo carino: Libro da colorare per momenti senza stress"},"content":{"rendered":"<p><span style=\"font-family: 'comic sans ms', sans-serif;\">Questo simpatico libro da colorare \u00e8 pieno di illustrazioni adorabili con animali giocosi che svolgono attivit\u00e0 quotidiane.<\/span><\/p>\n<p><span style=\"font-family: 'comic sans ms', sans-serif;\">Perch\u00e9 ci piace:<\/span><br \/>\n<span style=\"font-family: 'comic sans ms', sans-serif;\">&#8211; Libro da colorare super divertente<\/span><br \/>\n<span style=\"font-family: 'comic sans ms', sans-serif;\">&#8211; Un PDF completo con 40 disegni unici<\/span><br \/>\n<span style=\"font-family: 'comic sans ms', sans-serif;\">&#8211; Le dimensioni dell&#8217;illustrazione sono 8,5 x 8,5 pollici<\/span><br \/>\n<span style=\"font-family: 'comic sans ms', sans-serif;\">&#8211; Perfetto per adulti e ragazzi<\/span><br \/>\n<span style=\"font-family: 'comic sans ms', sans-serif;\">&#8211; Un perfetto antistress<\/span><br \/>\n<span style=\"font-family: 'comic sans ms', sans-serif;\">&#8211; Un bellissimo regalo<\/span><\/p>\n<p><span style=\"font-family: 'comic sans ms', sans-serif;\">**IMPORTANTE**<\/span><br \/>\n<span style=\"font-family: 'comic sans ms', sans-serif;\">&#8211; Si tratta di un e-book scaricabile da stampare a casa &#8211; non verranno spedite copie fisiche.<\/span><br \/>\n<span style=\"font-family: 'comic sans ms', sans-serif;\">&#8211; SOLO per uso personale\/privato! Non \u00e8 consentito alcun uso commerciale. <\/span><br \/>\n<span style=\"font-family: 'comic sans ms', sans-serif;\">&#8211; Il libro \u00e8 protetto da copyright e non \u00e8 consentita la produzione di massa o la rivendita.<\/span><\/p>\n<p><span style=\"font-family: 'comic sans ms', sans-serif;\">Ordina subito questo divertente album da colorare per scatenare la tua immaginazione!<\/span><\/p>\n<p><span style=\"font-family: 'comic sans ms', sans-serif;\">Se hai qualche domanda inviaci un messaggio \ud83d\ude42<\/span><\/p>\n","protected":false},"excerpt":{"rendered":"<p>Questo simpatico libro da colorare \u00e8 pieno di illustrazioni adorabili con animali giocosi che svolgono attivit\u00e0 quotidiane. Perch\u00e9 ci piace: &#8211; Libro da colorare super divertente &#8211; Un PDF completo con 40 disegni unici &#8211; Le dimensioni dell&#8217;illustrazione sono 8,5 x 8,5 pollici &#8211; Perfetto per adulti e ragazzi &#8211; Un perfetto antistress &#8211; Un<\/p>\n<div class=\"klb-readmore button\"><a class=\"btn link\" href=\"https:\/\/www.coloredcaramel.com\/it\/product\/mondo-carino-libro-da-colorare-per-momenti-senza-stress\/\">Read More <i class=\"klbth-icon-right-arrow\"><\/i><\/a><\/div>\n","protected":false},"featured_media":20659,"template":"","meta":{"_acf_changed":false,"_glsr_average":0,"_glsr_ranking":0,"_glsr_reviews":0},"product_brand":[],"product_cat":[199,829],"product_tag":[],"class_list":{"0":"post-20648","1":"product","2":"type-product","3":"status-publish","4":"has-post-thumbnail","6":"product_cat-kawaii","7":"product_cat-coloring-books","9":"first","10":"instock","11":"sold-individually","12":"shipping-taxable","13":"purchasable","14":"product-type-variable"},"bundled_by":[],"bundle_stock_status":"instock","bundle_stock_quantity":null,"bundle_virtual":false,"bundle_layout":"","bundle_add_to_cart_form_location":"","bundle_editable_in_cart":false,"bundle_sold_individually_context":"","bundle_item_grouping":"","bundle_min_size":"","bundle_max_size":"","bundle_price":[],"bundled_items":[],"bundle_sell_ids":[],"acf":[],"_links":{"self":[{"href":"https:\/\/www.coloredcaramel.com\/it\/wp-json\/wp\/v2\/product\/20648","targetHints":{"allow":["GET"]}}],"collection":[{"href":"https:\/\/www.coloredcaramel.com\/it\/wp-json\/wp\/v2\/product"}],"about":[{"href":"https:\/\/www.coloredcaramel.com\/it\/wp-json\/wp\/v2\/types\/product"}],"wp:featuredmedia":[{"embeddable":true,"href":"https:\/\/www.coloredcaramel.com\/it\/wp-json\/wp\/v2\/media\/20659"}],"wp:attachment":[{"href":"https:\/\/www.coloredcaramel.com\/it\/wp-json\/wp\/v2\/media?parent=20648"}],"wp:term":[{"taxonomy":"product_brand","embeddable":true,"href":"https:\/\/www.coloredcaramel.com\/it\/wp-json\/wp\/v2\/product_brand?post=20648"},{"taxonomy":"product_cat","embeddable":true,"href":"https:\/\/www.coloredcaramel.com\/it\/wp-json\/wp\/v2\/product_cat?post=20648"},{"taxonomy":"product_tag","embeddable":true,"href":"https:\/\/www.coloredcaramel.com\/it\/wp-json\/wp\/v2\/product_tag?post=20648"}],"curies":[{"name":"wp","href":"https:\/\/api.w.org\/{rel}","templated":true}]}}