{"id":26930,"date":"2025-04-12T11:13:46","date_gmt":"2025-04-12T11:13:46","guid":{"rendered":"https:\/\/www.coloredcaramel.com\/product\/cuisine-douillette-livre-de-coloriage-doux-audacieux-et-facile\/"},"modified":"2026-02-17T07:10:02","modified_gmt":"2026-02-17T07:10:02","slug":"cuisine-douillette-livre-de-coloriage-doux-audacieux-et-facile","status":"publish","type":"product","link":"https:\/\/www.coloredcaramel.com\/fr\/produit\/cuisine-douillette-livre-de-coloriage-doux-audacieux-et-facile\/","title":{"rendered":"Cuisine douillette : Livre de coloriage doux, audacieux et facile"},"content":{"rendered":"<p><span style=\"font-family: 'comic sans ms', sans-serif;\">Livre de coloriage super mignon avec d&rsquo;adorables appareils de cuisine, de la nourriture et des choses que tu trouves dans ton garde-manger. Il est rempli d&rsquo;illustrations simples, amusantes et relaxantes qui sont faciles \u00e0 colorier. <\/span><\/p>\n<p><span style=\"font-family: 'comic sans ms', sans-serif;\">\u2728Pourquoi on l&rsquo;aime :<\/span><br \/>\n<span style=\"font-family: 'comic sans ms', sans-serif;\">&#8211; Un PDF complet avec 50 dessins uniques &#8211; sans r\u00e9p\u00e9tition !<\/span><br \/>\n<span style=\"font-family: 'comic sans ms', sans-serif;\">&#8211; Adorables illustrations dessin\u00e9es \u00e0 la main avec des appareils de cuisine et des aliments.<\/span><br \/>\n<span style=\"font-family: 'comic sans ms', sans-serif;\">&#8211; Des pages de coloriage super mignonnes, audacieuses et faciles \u00e0 r\u00e9aliser.<\/span><br \/>\n<span style=\"font-family: 'comic sans ms', sans-serif;\">&#8211; La taille de la page est de 8,5 x 8,5 pouces &#8211; il est pr\u00e9f\u00e9rable d&rsquo;imprimer sur du papier 8,5 x 11 ou A4.<\/span><br \/>\n<span style=\"font-family: 'comic sans ms', sans-serif;\">&#8211; Parfait pour les adultes et les adolescents.<\/span><br \/>\n<span style=\"font-family: 'comic sans ms', sans-serif;\">&#8211; D\u00e9tends-toi !<\/span><br \/>\n<span style=\"font-family: 'comic sans ms', sans-serif;\">&#8211; Un beau cadeau.<\/span><\/p>\n<p><span style=\"font-family: 'comic sans ms', sans-serif;\">**IMPORTANT**<\/span><br \/>\n<span style=\"font-family: 'comic sans ms', sans-serif;\">&#8211; Il s&rsquo;agit d&rsquo;un livre \u00e9lectronique t\u00e9l\u00e9chargeable que tu peux imprimer chez toi &#8211; aucune copie physique ne sera post\u00e9e.<\/span><br \/>\n<span style=\"font-family: 'comic sans ms', sans-serif;\">&#8211; Il n&rsquo;y a pas de filigrane sur les fichiers t\u00e9l\u00e9chargeables.<\/span><br \/>\n<span style=\"font-family: 'comic sans ms', sans-serif;\">&#8211; Utilisation PERSONNELLE\/PRIV\u00c9E SEULEMENT ! Aucune utilisation commerciale n&rsquo;est autoris\u00e9e. <\/span><br \/>\n<span style=\"font-family: 'comic sans ms', sans-serif;\">&#8211; Le livre est prot\u00e9g\u00e9 par des droits d&rsquo;auteur et il est interdit de le produire en masse ou de le revendre.<\/span><\/p>\n<p><span style=\"font-family: 'comic sans ms', sans-serif;\">Commande ce joli LIVRE DE COLORAGE pour t&rsquo;amuser et te lib\u00e9rer du stress !<\/span><\/p>\n<p><span style=\"font-family: 'comic sans ms', sans-serif;\">Si tu as des questions, envoie-nous un message \ud83d\ude42<\/span><\/p>\n","protected":false},"excerpt":{"rendered":"<p>Livre de coloriage super mignon avec d&rsquo;adorables appareils de cuisine, de la nourriture et des choses que tu trouves dans ton garde-manger. Il est rempli d&rsquo;illustrations simples, amusantes et relaxantes qui sont faciles \u00e0 colorier. \u2728Pourquoi on l&rsquo;aime : &#8211; Un PDF complet avec 50 dessins uniques &#8211; sans r\u00e9p\u00e9tition ! &#8211; Adorables illustrations dessin\u00e9es<\/p>\n<div class=\"klb-readmore button\"><a class=\"btn link\" href=\"https:\/\/www.coloredcaramel.com\/fr\/produit\/cuisine-douillette-livre-de-coloriage-doux-audacieux-et-facile\/\">Read More <i class=\"klbth-icon-right-arrow\"><\/i><\/a><\/div>\n","protected":false},"featured_media":26953,"template":"","meta":{"_acf_changed":false,"_glsr_average":0,"_glsr_ranking":0,"_glsr_reviews":0},"product_brand":[],"product_cat":[1400,1552],"product_tag":[],"class_list":{"0":"post-26930","1":"product","2":"type-product","3":"status-publish","4":"has-post-thumbnail","6":"product_cat-livres-de-coloriage","7":"product_cat-nourriture","9":"first","10":"instock","11":"featured","12":"sold-individually","13":"shipping-taxable","14":"purchasable","15":"product-type-variable"},"bundled_by":[],"bundle_stock_status":"instock","bundle_stock_quantity":null,"bundle_virtual":false,"bundle_layout":"","bundle_add_to_cart_form_location":"","bundle_editable_in_cart":false,"bundle_sold_individually_context":"","bundle_item_grouping":"","bundle_min_size":"","bundle_max_size":"","bundle_price":[],"bundled_items":[],"bundle_sell_ids":[],"acf":[],"_links":{"self":[{"href":"https:\/\/www.coloredcaramel.com\/fr\/wp-json\/wp\/v2\/product\/26930","targetHints":{"allow":["GET"]}}],"collection":[{"href":"https:\/\/www.coloredcaramel.com\/fr\/wp-json\/wp\/v2\/product"}],"about":[{"href":"https:\/\/www.coloredcaramel.com\/fr\/wp-json\/wp\/v2\/types\/product"}],"wp:featuredmedia":[{"embeddable":true,"href":"https:\/\/www.coloredcaramel.com\/fr\/wp-json\/wp\/v2\/media\/26953"}],"wp:attachment":[{"href":"https:\/\/www.coloredcaramel.com\/fr\/wp-json\/wp\/v2\/media?parent=26930"}],"wp:term":[{"taxonomy":"product_brand","embeddable":true,"href":"https:\/\/www.coloredcaramel.com\/fr\/wp-json\/wp\/v2\/product_brand?post=26930"},{"taxonomy":"product_cat","embeddable":true,"href":"https:\/\/www.coloredcaramel.com\/fr\/wp-json\/wp\/v2\/product_cat?post=26930"},{"taxonomy":"product_tag","embeddable":true,"href":"https:\/\/www.coloredcaramel.com\/fr\/wp-json\/wp\/v2\/product_tag?post=26930"}],"curies":[{"name":"wp","href":"https:\/\/api.w.org\/{rel}","templated":true}]}}