{"id":26586,"date":"2025-04-12T11:14:06","date_gmt":"2025-04-12T11:14:06","guid":{"rendered":"https:\/\/www.coloredcaramel.com\/product\/livre-de-coloriage-de-noel-effrayant\/"},"modified":"2026-02-17T07:09:56","modified_gmt":"2026-02-17T07:09:56","slug":"livre-de-coloriage-de-noel-effrayant","status":"publish","type":"product","link":"https:\/\/www.coloredcaramel.com\/fr\/produit\/livre-de-coloriage-de-noel-effrayant\/","title":{"rendered":"Livre de coloriage de No\u00ebl effrayant"},"content":{"rendered":"<p data-pm-slice=\"1 1 []\"><span style=\"font-family: comic sans ms, sans-serif;\">Tu r\u00eaves d&rsquo;un No\u00ebl effrayant et plein de charme douillet ?<\/span><\/p>\n<p><span style=\"font-family: comic sans ms, sans-serif;\">Ce livre de coloriage apporte un peu de plaisir effrayant \u00e0 tes f\u00eates de fin d&rsquo;ann\u00e9e. Rempli d&rsquo;adorables fant\u00f4mes, de chauves-souris, d&rsquo;ornements en forme de cr\u00e2ne et d&rsquo;arbres festifs, c&rsquo;est le m\u00e9lange parfait d&rsquo;art de vacances effrayant et joyeux. <\/span><\/p>\n<p><span style=\"font-family: comic sans ms, sans-serif;\"><strong>Pourquoi tu vas l&rsquo;adorer<\/strong><\/span><\/p>\n<ul>\n<li><span style=\"font-family: comic sans ms, sans-serif;\">Un livre de coloriage d\u00e9licieux et super amusant rempli de 40 dessins relaxants &#8211; pas de r\u00e9p\u00e9tition !<\/span><\/li>\n<li><span style=\"font-family: comic sans ms, sans-serif;\">Con\u00e7u pour les adultes et les adolescents qui aiment s&rsquo;amuser de fa\u00e7on cr\u00e9ative et colorier sans stress.<\/span><\/li>\n<li><span style=\"font-family: comic sans ms, sans-serif;\">Des dessins audacieux et faciles \u00e0 r\u00e9aliser et des lignes \u00e9paisses pour une exp\u00e9rience de coloriage optimale.<\/span><\/li>\n<li><span style=\"font-family: comic sans ms, sans-serif;\">Id\u00e9al pour les crayons de couleur, les marqueurs ou autres m\u00e9diums humides.<\/span><\/li>\n<li><span style=\"font-family: comic sans ms, sans-serif;\">Pages PDF imprimables de 8,5 x 8,5 pouces &#8211; \u00e0 imprimer de pr\u00e9f\u00e9rence sur du papier de 8,5 x 11 pouces.<\/span><\/li>\n<li><span style=\"font-family: comic sans ms, sans-serif;\">Une fa\u00e7on confortable de se d\u00e9tendre et de r\u00e9pandre la joie des vacances.<\/span><\/li>\n<li><span style=\"font-family: comic sans ms, sans-serif;\">C&rsquo;est un cadeau significatif pour les \u00eatres chers et les amis pendant les vacances d&rsquo;hiver.<\/span><\/li>\n<\/ul>\n<p><span style=\"font-family: comic sans ms, sans-serif;\"><strong>Notes importantes<\/strong><\/span><\/p>\n<ul>\n<li><span style=\"font-family: comic sans ms, sans-serif;\">T\u00e9l\u00e9chargement instantan\u00e9 au format PDF &#8211; aucune copie physique ne sera exp\u00e9di\u00e9e.<\/span><\/li>\n<li><span style=\"font-family: comic sans ms, sans-serif;\">Il n&rsquo;y a pas de filigrane sur les fichiers t\u00e9l\u00e9chargeables.<\/span><\/li>\n<li><span style=\"font-family: comic sans ms, sans-serif;\">Pour un usage personnel et priv\u00e9 uniquement. L&rsquo;utilisation commerciale, la production de masse ou la revente ne sont pas autoris\u00e9es. <\/span><\/li>\n<li><span style=\"font-family: comic sans ms, sans-serif;\">Toutes les illustrations sont originales et prot\u00e9g\u00e9es par le droit d&rsquo;auteur.<\/span><\/li>\n<\/ul>\n<p><span style=\"font-family: comic sans ms, sans-serif;\">Apporte \u00e0 la maison un peu de magie de No\u00ebl douillette et profite de ce joli livre de coloriage qui transforme chaque page en une aventure festive.<\/span><\/p>\n<p><span style=\"font-family: comic sans ms, sans-serif;\">Obtenez votre exemplaire d\u00e8s aujourd&rsquo;hui et rendez cette saison sinistre !<\/span><\/p>\n<p><span style=\"font-family: comic sans ms, sans-serif;\">Si tu as des questions, envoie-nous un message \ud83d\ude42<\/span><\/p>\n","protected":false},"excerpt":{"rendered":"<p>Tu r\u00eaves d&rsquo;un No\u00ebl effrayant et plein de charme douillet ? Ce livre de coloriage apporte un peu de plaisir effrayant \u00e0 tes f\u00eates de fin d&rsquo;ann\u00e9e. Rempli d&rsquo;adorables fant\u00f4mes, de chauves-souris, d&rsquo;ornements en forme de cr\u00e2ne et d&rsquo;arbres festifs, c&rsquo;est le m\u00e9lange parfait d&rsquo;art de vacances effrayant et joyeux. Pourquoi tu vas l&rsquo;adorer Un<\/p>\n<div class=\"klb-readmore button\"><a class=\"btn link\" href=\"https:\/\/www.coloredcaramel.com\/fr\/produit\/livre-de-coloriage-de-noel-effrayant\/\">Read More <i class=\"klbth-icon-right-arrow\"><\/i><\/a><\/div>\n","protected":false},"featured_media":26591,"template":"","meta":{"_acf_changed":false,"_glsr_average":0,"_glsr_ranking":0,"_glsr_reviews":0},"product_brand":[],"product_cat":[1433,1400],"product_tag":[],"class_list":{"0":"post-26586","1":"product","2":"type-product","3":"status-publish","4":"has-post-thumbnail","6":"product_cat-noel","7":"product_cat-livres-de-coloriage","9":"first","10":"instock","11":"sold-individually","12":"shipping-taxable","13":"purchasable","14":"product-type-variable"},"bundled_by":[],"bundle_stock_status":"instock","bundle_stock_quantity":null,"bundle_virtual":false,"bundle_layout":"","bundle_add_to_cart_form_location":"","bundle_editable_in_cart":false,"bundle_sold_individually_context":"","bundle_item_grouping":"","bundle_min_size":"","bundle_max_size":"","bundle_price":[],"bundled_items":[],"bundle_sell_ids":[],"acf":[],"_links":{"self":[{"href":"https:\/\/www.coloredcaramel.com\/fr\/wp-json\/wp\/v2\/product\/26586","targetHints":{"allow":["GET"]}}],"collection":[{"href":"https:\/\/www.coloredcaramel.com\/fr\/wp-json\/wp\/v2\/product"}],"about":[{"href":"https:\/\/www.coloredcaramel.com\/fr\/wp-json\/wp\/v2\/types\/product"}],"wp:featuredmedia":[{"embeddable":true,"href":"https:\/\/www.coloredcaramel.com\/fr\/wp-json\/wp\/v2\/media\/26591"}],"wp:attachment":[{"href":"https:\/\/www.coloredcaramel.com\/fr\/wp-json\/wp\/v2\/media?parent=26586"}],"wp:term":[{"taxonomy":"product_brand","embeddable":true,"href":"https:\/\/www.coloredcaramel.com\/fr\/wp-json\/wp\/v2\/product_brand?post=26586"},{"taxonomy":"product_cat","embeddable":true,"href":"https:\/\/www.coloredcaramel.com\/fr\/wp-json\/wp\/v2\/product_cat?post=26586"},{"taxonomy":"product_tag","embeddable":true,"href":"https:\/\/www.coloredcaramel.com\/fr\/wp-json\/wp\/v2\/product_tag?post=26586"}],"curies":[{"name":"wp","href":"https:\/\/api.w.org\/{rel}","templated":true}]}}