{"id":26129,"date":"2025-04-12T11:14:22","date_gmt":"2025-04-12T11:14:22","guid":{"rendered":"https:\/\/www.coloredcaramel.com\/product\/pratique-les-pages-de-coloriage-ton-cahier-dexercices-de-coloriage-pour-tentrainer-et-perfectionner-tes-competences\/"},"modified":"2026-02-17T07:09:52","modified_gmt":"2026-02-17T07:09:52","slug":"pratique-les-pages-de-coloriage-ton-cahier-dexercices-de-coloriage-pour-tentrainer-et-perfectionner-tes-competences","status":"publish","type":"product","link":"https:\/\/www.coloredcaramel.com\/fr\/produit\/pratique-les-pages-de-coloriage-ton-cahier-dexercices-de-coloriage-pour-tentrainer-et-perfectionner-tes-competences\/","title":{"rendered":"Pratique les pages de coloriage : Ton cahier d&rsquo;exercices de coloriage pour t&rsquo;entra\u00eener et perfectionner tes comp\u00e9tences"},"content":{"rendered":"<p><span style=\"font-family: 'comic sans ms', sans-serif;\">Bienvenue sur ton terrain de jeu de coloriage, fait pour jouer, s&rsquo;entra\u00eener et se perfectionner avec ces pages de coloriage d&rsquo;entra\u00eenement !<\/span><\/p>\n<p><span style=\"font-family: 'comic sans ms', sans-serif;\">Ce livre permet de s&rsquo;amuser tout en pratiquant diff\u00e9rentes techniques de coloriage. Peu importe o\u00f9 tu en es dans ton parcours de coloriage, il \u00e9veillera ton imagination et t&rsquo;aidera \u00e0 te perfectionner. <\/span><\/p>\n<p><span style=\"font-family: 'comic sans ms', sans-serif;\">Pourquoi tu vas l&rsquo;adorer :<\/span><br \/>\n<span style=\"font-family: 'comic sans ms', sans-serif;\">\u2728 Il comprend 12 techniques comme les ciels d\u00e9grad\u00e9s de r\u00eave, les motifs douillets, les nuits \u00e9toil\u00e9es, la transparence et les effets naturels comme l&rsquo;herbe, la lumi\u00e8re du feu, l&rsquo;eau, le brouillard, et plus encore.<\/span><\/p>\n<p><span style=\"font-family: 'comic sans ms', sans-serif;\">\u2728 Pour chacune des 12 techniques, tu trouveras :<\/span><br \/>\n<span style=\"font-family: 'comic sans ms', sans-serif;\">2 pages d&rsquo;entra\u00eenement avec des swatchs, de l&rsquo;espace pour s&rsquo;entra\u00eener \u00e0 des techniques sp\u00e9cifiques, et une illustration pour tester tes comp\u00e9tences.<\/span><br \/>\n<span style=\"font-family: 'comic sans ms', sans-serif;\">1 page d&rsquo;illustration compl\u00e8te pour mettre en pratique ce que tu as appris.<\/span><\/p>\n<p><span style=\"font-family: 'comic sans ms', sans-serif;\">\ud83d\udd8d\ufe0f La taille de la page est de 8,5 x 8,5 pouces &#8211; il est pr\u00e9f\u00e9rable d&rsquo;imprimer sur du papier de 8,5 x 11 pouces.<\/span><br \/>\n<span style=\"font-family: 'comic sans ms', sans-serif;\">\ud83d\udc96 Parfait pour les adultes, les adolescents et ceux qui veulent apprendre ou pratiquer diff\u00e9rentes techniques de coloriage pour am\u00e9liorer leurs comp\u00e9tences.<\/span><br \/>\n<span style=\"font-family: 'comic sans ms', sans-serif;\">\ud83d\udda8\ufe0f Imprime et pratique autant que tu veux !<\/span><br \/>\n<span style=\"font-family: 'comic sans ms', sans-serif;\">\u2728 Possible d&rsquo;utiliser aussi dans Procreate ou n&rsquo;importe quelle appli de coloriage num\u00e9rique.<\/span><br \/>\n<span style=\"font-family: 'comic sans ms', sans-serif;\">\ud83c\udf81 Constitue un cadeau bien pens\u00e9 pour les amateurs de coloriage.<\/span><\/p>\n<p><span style=\"font-family: 'comic sans ms', sans-serif;\">**IMPORTANT**<\/span><br \/>\n<span style=\"font-family: 'comic sans ms', sans-serif;\">&#8211; Il s&rsquo;agit d&rsquo;un livre \u00e9lectronique t\u00e9l\u00e9chargeable que tu peux imprimer chez toi &#8211; aucune copie physique ne sera post\u00e9e.<\/span><br \/>\n<span style=\"font-family: 'comic sans ms', sans-serif;\">&#8211; Il n&rsquo;y a pas de filigrane sur les fichiers t\u00e9l\u00e9chargeables.<\/span><br \/>\n<span style=\"font-family: 'comic sans ms', sans-serif;\">&#8211; Utilisation PERSONNELLE\/PRIV\u00c9E SEULEMENT ! Aucune utilisation commerciale n&rsquo;est autoris\u00e9e. <\/span><br \/>\n<span style=\"font-family: 'comic sans ms', sans-serif;\">&#8211; Le livre est prot\u00e9g\u00e9 par des droits d&rsquo;auteur et il est interdit de le produire en masse ou de le revendre.<\/span><\/p>\n<p><span style=\"font-family: 'comic sans ms', sans-serif;\">Obtiens ta copie de ces pages de coloriage pratique aujourd&rsquo;hui et profite de chaque \u00e9tape de ton voyage cr\u00e9atif !<\/span><\/p>\n<p><span style=\"font-family: 'comic sans ms', sans-serif;\">\ud83d\udc8c Tu as des questions ? N&rsquo;h\u00e9site pas \u00e0 nous envoyer un message \u00e0 tout moment. <\/span><\/p>\n","protected":false},"excerpt":{"rendered":"<p>Livre amusant pour pratiquer diff\u00e9rentes techniques de coloriage.<\/p>\n","protected":false},"featured_media":26131,"template":"","meta":{"_acf_changed":false,"_glsr_average":0,"_glsr_ranking":0,"_glsr_reviews":0},"product_brand":[],"product_cat":[1528,1400,1530],"product_tag":[],"class_list":{"0":"post-26129","1":"product","2":"type-product","3":"status-publish","4":"has-post-thumbnail","6":"product_cat-activite","7":"product_cat-livres-de-coloriage","8":"product_cat-pratique","10":"first","11":"instock","12":"featured","13":"sold-individually","14":"shipping-taxable","15":"purchasable","16":"product-type-variable"},"bundled_by":[],"bundle_stock_status":"instock","bundle_stock_quantity":null,"bundle_virtual":false,"bundle_layout":"","bundle_add_to_cart_form_location":"","bundle_editable_in_cart":false,"bundle_sold_individually_context":"","bundle_item_grouping":"","bundle_min_size":"","bundle_max_size":"","bundle_price":[],"bundled_items":[],"bundle_sell_ids":[],"acf":[],"_links":{"self":[{"href":"https:\/\/www.coloredcaramel.com\/fr\/wp-json\/wp\/v2\/product\/26129","targetHints":{"allow":["GET"]}}],"collection":[{"href":"https:\/\/www.coloredcaramel.com\/fr\/wp-json\/wp\/v2\/product"}],"about":[{"href":"https:\/\/www.coloredcaramel.com\/fr\/wp-json\/wp\/v2\/types\/product"}],"wp:featuredmedia":[{"embeddable":true,"href":"https:\/\/www.coloredcaramel.com\/fr\/wp-json\/wp\/v2\/media\/26131"}],"wp:attachment":[{"href":"https:\/\/www.coloredcaramel.com\/fr\/wp-json\/wp\/v2\/media?parent=26129"}],"wp:term":[{"taxonomy":"product_brand","embeddable":true,"href":"https:\/\/www.coloredcaramel.com\/fr\/wp-json\/wp\/v2\/product_brand?post=26129"},{"taxonomy":"product_cat","embeddable":true,"href":"https:\/\/www.coloredcaramel.com\/fr\/wp-json\/wp\/v2\/product_cat?post=26129"},{"taxonomy":"product_tag","embeddable":true,"href":"https:\/\/www.coloredcaramel.com\/fr\/wp-json\/wp\/v2\/product_tag?post=26129"}],"curies":[{"name":"wp","href":"https:\/\/api.w.org\/{rel}","templated":true}]}}