{"id":25421,"date":"2025-05-24T14:33:05","date_gmt":"2025-05-24T14:33:05","guid":{"rendered":"https:\/\/www.coloredcaramel.com\/product\/livre-dexercices-de-coloriage-kawaii-daydream-cahier-dexercices-mignons-et-douillets-pour-entrainer-tes-competences\/"},"modified":"2026-04-06T08:09:25","modified_gmt":"2026-04-06T08:09:25","slug":"livre-dexercices-de-coloriage-kawaii-daydream-cahier-dexercices-mignons-et-douillets-pour-entrainer-tes-competences","status":"publish","type":"product","link":"https:\/\/www.coloredcaramel.com\/fr\/produit\/livre-dexercices-de-coloriage-kawaii-daydream-cahier-dexercices-mignons-et-douillets-pour-entrainer-tes-competences\/","title":{"rendered":"Livre d&rsquo;exercices de coloriage Kawaii Daydream : Cahier d&rsquo;exercices mignons et douillets pour entra\u00eener tes comp\u00e9tences"},"content":{"rendered":"<p><span style=\"font-family: 'comic sans ms', sans-serif;\">Chaque page est divis\u00e9e en une zone de pratique amusante avec de plus petites sections \u00e0 partir d&rsquo;une illustration compl\u00e8te, afin que tu puisses y aller doucement, explorer \u00e0 ton rythme et profiter du processus sans aucune pression. \ud83e\udde1 Lorsque tu es pr\u00eat, plonge dans la version pleine page et rassemble le tout dans ton propre style color\u00e9. <\/span><\/p>\n<p><span style=\"font-family: 'comic sans ms', sans-serif;\">Avec 16 des dessins les plus mignons et les plus r\u00eaveurs de notre livre de coloriage Kawaii Daydream original, cette \u00e9dition est parfaite pour tous ceux qui veulent se lancer facilement dans le coloriage, apprendre au fur et \u00e0 mesure et laisser libre cours \u00e0 leur imagination.<\/span><\/p>\n<p><span style=\"font-family: 'comic sans ms', sans-serif;\">En quoi ce livre d&rsquo;exercices est-il diff\u00e9rent de l'\u00a0\u00bboriginal\u00a0\u00bb ?<\/span><br \/>\n<span style=\"font-family: 'comic sans ms', sans-serif;\">\ud83e\udde1 Chaque illustration est d&rsquo;abord divis\u00e9e en plus petites parties &#8211; une mise en page d&rsquo;entra\u00eenement, o\u00f9 tu peux tester les couleurs, essayer les d\u00e9grad\u00e9s, les m\u00e9langes, et explorer des effets amusants, une partie \u00e0 la fois.<\/span><\/p>\n<p><span style=\"font-family: 'comic sans ms', sans-serif;\">\ud83e\udde1 Une fois que tu es pr\u00eat, tourne la page et rassemble le tout en pleine illustration.<\/span><\/p>\n<p><span style=\"font-family: 'comic sans ms', sans-serif;\">Comment utiliser ce livre :<\/span><br \/>\n<span style=\"font-family: 'comic sans ms', sans-serif;\">1\ufe0f\u20e3 Choisis tes couleurs : Utilise la section des \u00e9chantillons pour exp\u00e9rimenter et choisir les bonnes couleurs.<\/span><br \/>\n<span style=\"font-family: 'comic sans ms', sans-serif;\">2\ufe0f\u20e3 Colorie des morceaux : Joue \u00e0 colorier de plus petites parties de l&rsquo;illustration.<\/span><br \/>\n<span style=\"font-family: 'comic sans ms', sans-serif;\">3\ufe0f\u20e3 Rassemble le tout : Une fois que tu te sens \u00e0 l&rsquo;aise, colorie la page d&rsquo;illustration et admire ton travail.<\/span><br \/>\n<span style=\"font-family: 'comic sans ms', sans-serif;\">4\ufe0f\u20e3 Va plus loin : Transpose les comp\u00e9tences que tu as ma\u00eetris\u00e9es \u00e0 d&rsquo;autres livres et pages de coloriage.<\/span><\/p>\n<p><span style=\"font-family: 'comic sans ms', sans-serif;\">Informations g\u00e9n\u00e9rales :<\/span><br \/>\n<span style=\"font-family: 'comic sans ms', sans-serif;\">\u2728 La taille de la page est de 8,5 x 8,5 pouces &#8211; il est pr\u00e9f\u00e9rable d&rsquo;imprimer sur du papier de 8,5 x 11 pouces.<\/span><br \/>\n<span style=\"font-family: 'comic sans ms', sans-serif;\">\u2728 Parfait pour les adultes, les adolescents et ceux qui veulent apprendre ou pratiquer diff\u00e9rentes techniques de coloriage pour am\u00e9liorer leurs comp\u00e9tences.<\/span><br \/>\n<span style=\"font-family: 'comic sans ms', sans-serif;\">\u2728 Imprime, entra\u00eene-toi et colorie autant que tu veux !<\/span><br \/>\n<span style=\"font-family: 'comic sans ms', sans-serif;\">\u2728 Possible d&rsquo;utiliser aussi dans Procreate ou n&rsquo;importe quelle appli de coloriage num\u00e9rique.<\/span><br \/>\n<span style=\"font-family: 'comic sans ms', sans-serif;\">\u2728 Fait un cadeau bien pens\u00e9 pour les amateurs de coloriage.<\/span><\/p>\n<p><span style=\"font-family: 'comic sans ms', sans-serif;\">**IMPORTANT**<\/span><br \/>\n<span style=\"font-family: 'comic sans ms', sans-serif;\">&#8211; Il s&rsquo;agit d&rsquo;un livre \u00e9lectronique t\u00e9l\u00e9chargeable que tu peux imprimer chez toi &#8211; aucune copie physique ne sera post\u00e9e.<\/span><br \/>\n<span style=\"font-family: 'comic sans ms', sans-serif;\">&#8211; Il n&rsquo;y a pas de filigrane sur les fichiers t\u00e9l\u00e9chargeables.<\/span><br \/>\n<span style=\"font-family: 'comic sans ms', sans-serif;\">&#8211; Utilisation PERSONNELLE\/PRIV\u00c9E SEULEMENT ! Aucune utilisation commerciale n&rsquo;est autoris\u00e9e. <\/span><br \/>\n<span style=\"font-family: 'comic sans ms', sans-serif;\">&#8211; Le livre est prot\u00e9g\u00e9 par des droits d&rsquo;auteur et il est interdit de le produire en masse ou de le revendre.<\/span><\/p>\n<p><span style=\"font-family: 'comic sans ms', sans-serif;\">Obtiens ton exemplaire aujourd&rsquo;hui et profite de chaque \u00e9tape de ton voyage cr\u00e9atif !<\/span><\/p>\n<p><span style=\"font-family: 'comic sans ms', sans-serif;\">\ud83d\udc8c Tu as des questions ? N&rsquo;h\u00e9site pas \u00e0 nous envoyer un message \u00e0 tout moment. <\/span><\/p>\n","protected":false},"excerpt":{"rendered":"<p>Ce livre sp\u00e9cial combine le plaisir du coloriage avec un espace pour s&rsquo;exercer et jouer.<\/p>\n","protected":false},"featured_media":25423,"template":"","meta":{"_acf_changed":false,"_glsr_average":0,"_glsr_ranking":0,"_glsr_reviews":0},"product_brand":[],"product_cat":[1399,1467,1400,1530],"product_tag":[],"class_list":{"0":"post-25421","1":"product","2":"type-product","3":"status-publish","4":"has-post-thumbnail","6":"product_cat-kawaii","7":"product_cat-la-pleine-conscience","8":"product_cat-livres-de-coloriage","9":"product_cat-pratique","11":"first","12":"instock","13":"sold-individually","14":"shipping-taxable","15":"purchasable","16":"product-type-variable"},"bundled_by":[],"bundle_stock_status":"instock","bundle_stock_quantity":null,"bundle_virtual":false,"bundle_layout":"","bundle_add_to_cart_form_location":"","bundle_editable_in_cart":false,"bundle_sold_individually_context":"","bundle_item_grouping":"","bundle_min_size":"","bundle_max_size":"","bundle_price":[],"bundled_items":[],"bundle_sell_ids":[],"acf":[],"_links":{"self":[{"href":"https:\/\/www.coloredcaramel.com\/fr\/wp-json\/wp\/v2\/product\/25421","targetHints":{"allow":["GET"]}}],"collection":[{"href":"https:\/\/www.coloredcaramel.com\/fr\/wp-json\/wp\/v2\/product"}],"about":[{"href":"https:\/\/www.coloredcaramel.com\/fr\/wp-json\/wp\/v2\/types\/product"}],"wp:featuredmedia":[{"embeddable":true,"href":"https:\/\/www.coloredcaramel.com\/fr\/wp-json\/wp\/v2\/media\/25423"}],"wp:attachment":[{"href":"https:\/\/www.coloredcaramel.com\/fr\/wp-json\/wp\/v2\/media?parent=25421"}],"wp:term":[{"taxonomy":"product_brand","embeddable":true,"href":"https:\/\/www.coloredcaramel.com\/fr\/wp-json\/wp\/v2\/product_brand?post=25421"},{"taxonomy":"product_cat","embeddable":true,"href":"https:\/\/www.coloredcaramel.com\/fr\/wp-json\/wp\/v2\/product_cat?post=25421"},{"taxonomy":"product_tag","embeddable":true,"href":"https:\/\/www.coloredcaramel.com\/fr\/wp-json\/wp\/v2\/product_tag?post=25421"}],"curies":[{"name":"wp","href":"https:\/\/api.w.org\/{rel}","templated":true}]}}