{"id":24453,"date":"2025-07-19T17:30:02","date_gmt":"2025-07-19T17:30:02","guid":{"rendered":"https:\/\/www.coloredcaramel.com\/product\/livre-de-coloriage-kawaii-pastel-goth\/"},"modified":"2026-04-06T08:08:43","modified_gmt":"2026-04-06T08:08:43","slug":"livre-de-coloriage-kawaii-pastel-goth","status":"publish","type":"product","link":"https:\/\/www.coloredcaramel.com\/fr\/produit\/livre-de-coloriage-kawaii-pastel-goth\/","title":{"rendered":"Livre de coloriage Kawaii Pastel Goth"},"content":{"rendered":"<p><span style=\"font-family: 'comic sans ms', sans-serif;\">Pr\u00e9pare-toi \u00e0 colorier le plus adorable des Halloween avec notre livre de coloriage Kawaii Pastel Goth Halloween ! Ce livre de coloriage PDF t\u00e9l\u00e9chargeable combine des coloriages gothiques pastel et des motifs d&rsquo;Halloween que les enfants et les adultes vont adorer. <\/span><\/p>\n<p><span style=\"font-family: 'comic sans ms', sans-serif;\">\u00c0 l&rsquo;int\u00e9rieur, tu trouveras 26 pages de coloriage originales avec des cr\u00e9atures mignonnes, des citrouilles d&rsquo;horreur, des bonbons gothiques et des animaux inqui\u00e9tants, le tout dans un style kawaii gothique. Que tu te d\u00e9tendes lors d&rsquo;une soir\u00e9e tranquille ou que tu pr\u00e9pares une activit\u00e9 pour la f\u00eate d&rsquo;Halloween, ces pages de coloriage sont parfaites pour l&rsquo;ambiance. <\/span><\/p>\n<p><span style=\"font-family: 'comic sans ms', sans-serif;\"><strong>Ce qu&rsquo;il y a \u00e0 l&rsquo;int\u00e9rieur :<\/strong><\/span><\/p>\n<p><span style=\"font-family: 'comic sans ms', sans-serif;\">&#8211; Illustrations uniques inspir\u00e9es du gothique pastel kawaii et de l&rsquo;Halloween<br \/>\n&#8211; 26 Kawaii Goth Coloring Pages<\/span><br \/>\n<span style=\"font-family: 'comic sans ms', sans-serif;\">&#8211; Des \u00e9l\u00e9ments effrayants et mignons comme des fant\u00f4mes, des citrouilles, des bonbons et des animaux magiques.<\/span><br \/>\n<span style=\"font-family: 'comic sans ms', sans-serif;\">&#8211; 8.5 x 11 pouces \u00e0 imprimer \u00e0 la maison<\/span><br \/>\n<span style=\"font-family: 'comic sans ms', sans-serif;\">&#8211; Comprend une page \u00ab\u00a0Ce livre de coloriage appartient \u00e0\u00a0\u00bb.<\/span><\/p>\n<p><span style=\"font-family: 'comic sans ms', sans-serif;\"><strong>Parfait pour :<\/strong><\/span><\/p>\n<p><span style=\"font-family: 'comic sans ms', sans-serif;\">&#8211; Adultes et enfants<\/span><br \/>\n<span style=\"font-family: 'comic sans ms', sans-serif;\">&#8211; T\u00e9l\u00e9chargement instantan\u00e9 d&rsquo;un PDF haute r\u00e9solution<\/span><br \/>\n<span style=\"font-family: 'comic sans ms', sans-serif;\">&#8211; Superbe cadeau pour les fans de gothique pastel et d&rsquo;alternatif.<\/span><\/p>\n<p><span style=\"font-family: 'comic sans ms', sans-serif;\"><strong>Remarque :<\/strong> ce livre de coloriage est r\u00e9serv\u00e9 \u00e0 un usage priv\u00e9. L&rsquo;utilisation commerciale, la revente ou la production de masse ne sont pas autoris\u00e9es. Les fichiers t\u00e9l\u00e9charg\u00e9s n&rsquo;auront pas de filigrane.  <\/span><\/p>\n","protected":false},"excerpt":{"rendered":"<p>Pr\u00e9pare-toi \u00e0 colorier le plus adorable des Halloween avec notre livre de coloriage Kawaii Pastel Goth Halloween ! Ce livre de coloriage PDF t\u00e9l\u00e9chargeable combine des coloriages gothiques pastel et des motifs d&rsquo;Halloween que les enfants et les adultes vont adorer. \u00c0 l&rsquo;int\u00e9rieur, tu trouveras 26 pages de coloriage originales avec des cr\u00e9atures mignonnes, des<\/p>\n<div class=\"klb-readmore button\"><a class=\"btn link\" href=\"https:\/\/www.coloredcaramel.com\/fr\/produit\/livre-de-coloriage-kawaii-pastel-goth\/\">Read More <i class=\"klbth-icon-right-arrow\"><\/i><\/a><\/div>\n","protected":false},"featured_media":24463,"template":"","meta":{"_acf_changed":false,"_glsr_average":0,"_glsr_ranking":0,"_glsr_reviews":0},"product_brand":[],"product_cat":[1477,1501,1399,1400],"product_tag":[],"class_list":{"0":"post-24453","1":"product","2":"type-product","3":"status-publish","4":"has-post-thumbnail","6":"product_cat-halloween","7":"product_cat-goth-pastel","8":"product_cat-kawaii","9":"product_cat-livres-de-coloriage","11":"first","12":"instock","13":"sold-individually","14":"shipping-taxable","15":"purchasable","16":"product-type-variable"},"bundled_by":[],"bundle_stock_status":"instock","bundle_stock_quantity":null,"bundle_virtual":false,"bundle_layout":"","bundle_add_to_cart_form_location":"","bundle_editable_in_cart":false,"bundle_sold_individually_context":"","bundle_item_grouping":"","bundle_min_size":"","bundle_max_size":"","bundle_price":[],"bundled_items":[],"bundle_sell_ids":[],"acf":[],"_links":{"self":[{"href":"https:\/\/www.coloredcaramel.com\/fr\/wp-json\/wp\/v2\/product\/24453","targetHints":{"allow":["GET"]}}],"collection":[{"href":"https:\/\/www.coloredcaramel.com\/fr\/wp-json\/wp\/v2\/product"}],"about":[{"href":"https:\/\/www.coloredcaramel.com\/fr\/wp-json\/wp\/v2\/types\/product"}],"wp:featuredmedia":[{"embeddable":true,"href":"https:\/\/www.coloredcaramel.com\/fr\/wp-json\/wp\/v2\/media\/24463"}],"wp:attachment":[{"href":"https:\/\/www.coloredcaramel.com\/fr\/wp-json\/wp\/v2\/media?parent=24453"}],"wp:term":[{"taxonomy":"product_brand","embeddable":true,"href":"https:\/\/www.coloredcaramel.com\/fr\/wp-json\/wp\/v2\/product_brand?post=24453"},{"taxonomy":"product_cat","embeddable":true,"href":"https:\/\/www.coloredcaramel.com\/fr\/wp-json\/wp\/v2\/product_cat?post=24453"},{"taxonomy":"product_tag","embeddable":true,"href":"https:\/\/www.coloredcaramel.com\/fr\/wp-json\/wp\/v2\/product_tag?post=24453"}],"curies":[{"name":"wp","href":"https:\/\/api.w.org\/{rel}","templated":true}]}}