{"id":24367,"date":"2025-07-19T18:44:49","date_gmt":"2025-07-19T18:44:49","guid":{"rendered":"https:\/\/www.coloredcaramel.com\/product\/livre-de-coloriage-dhalloween-stoner-citrouilles-hantees-et-fantomes-glaces\/"},"modified":"2025-07-19T18:44:49","modified_gmt":"2025-07-19T18:44:49","slug":"livre-de-coloriage-dhalloween-stoner-citrouilles-hantees-et-fantomes-glaces","status":"publish","type":"product","link":"https:\/\/www.coloredcaramel.com\/fr\/produit\/livre-de-coloriage-dhalloween-stoner-citrouilles-hantees-et-fantomes-glaces\/","title":{"rendered":"Livre de coloriage d&rsquo;Halloween Stoner : Citrouilles hant\u00e9es et fant\u00f4mes glac\u00e9s"},"content":{"rendered":"<p><span style=\"font-family: 'comic sans ms', sans-serif;\">Apporte de bonnes vibrations \u00e0 ta saison effrayante avec ce livre de coloriage trippy stoner ! Parfait pour les adultes qui adorent Halloween, ce m\u00e9lange associe des \u00e9l\u00e9ments d&rsquo;horreur d\u00e9cal\u00e9s \u00e0 des motifs ludiques inspir\u00e9s de la weed. Des citrouilles, des fant\u00f4mes, des cr\u00e2nes et d&rsquo;autres personnages inqui\u00e9tants prennent vie sur 25 pages uniques, t&rsquo;offrant ainsi l&rsquo;activit\u00e9 ultime pour soulager ton stress.  <\/span><\/p>\n<p><span style=\"font-family: 'comic sans ms', sans-serif;\">Que tu veuilles te d\u00e9tendre apr\u00e8s une journ\u00e9e bien remplie, ajouter de la couleur \u00e0 ta vie ou profiter d&rsquo;une s\u00e9ance de coloriage amusante, ce livre est fait pour la pure relaxation.<\/span><\/p>\n<p><span style=\"font-family: 'comic sans ms', sans-serif;\"><strong>Ce qu&rsquo;il y a \u00e0 l&rsquo;int\u00e9rieur :<\/strong><\/span><\/p>\n<p><span style=\"font-family: 'comic sans ms', sans-serif;\">&#8211; 25 illustrations originales sur le th\u00e8me d&rsquo;Halloween avec une touche de stoner.<\/span><br \/>\n<span style=\"font-family: 'comic sans ms', sans-serif;\">&#8211; M\u00e9lange amusant de motifs effrayants, bizarres et mignons de citrouilles, de chats, de squelettes, de fant\u00f4mes et plus encore.<\/span><br \/>\n<span style=\"font-family: 'comic sans ms', sans-serif;\">&#8211; Pages imprimables de haute qualit\u00e9 (8.5 x 11 pouces)<\/span><br \/>\n<span style=\"font-family: 'comic sans ms', sans-serif;\">&#8211; Comprend une page \u00ab\u00a0Ce livre de coloriage appartient \u00e0\u00a0\u00bb.<\/span><\/p>\n<p><span style=\"font-family: 'comic sans ms', sans-serif;\"><strong>Parfait pour :<\/strong><\/span><\/p>\n<p><span style=\"font-family: 'comic sans ms', sans-serif;\">&#8211; Adultes \u00e0 la recherche d&rsquo;un soulagement cr\u00e9atif du stress<\/span><br \/>\n<span style=\"font-family: 'comic sans ms', sans-serif;\">&#8211; Les fans d&rsquo;Halloween qui aiment l&rsquo;art amusant, bizarre et trippant.<\/span><br \/>\n<span style=\"font-family: 'comic sans ms', sans-serif;\">&#8211; Tous ceux qui aiment les cadeaux excentriques ou qui veulent simplement colorier pour se d\u00e9tendre.<\/span><\/p>\n<p><span style=\"font-family: 'comic sans ms', sans-serif;\"><strong>Remarques importantes :<\/strong><\/span><\/p>\n<p><span style=\"font-family: 'comic sans ms', sans-serif;\">&#8211; T\u00e9l\u00e9chargement d&rsquo;un PDF num\u00e9rique, impression \u00e0 la maison, aucune copie physique n&rsquo;est exp\u00e9di\u00e9e.<\/span><br \/>\n<span style=\"font-family: 'comic sans ms', sans-serif;\">&#8211; Utilisation personnelle uniquement, pas d&rsquo;utilisation commerciale, de revente ou de production de masse autoris\u00e9e.<\/span><br \/>\n<span style=\"font-family: 'comic sans ms', sans-serif;\">&#8211; Pas de filigrane sur le fichier imprimable<\/span><\/p>\n<p><span style=\"font-family: 'comic sans ms', sans-serif;\">Commande maintenant et profite d&rsquo;un Halloween glacial, effrayant et color\u00e9 !<\/span><\/p>\n<p>&nbsp;<\/p>\n","protected":false},"excerpt":{"rendered":"<p>Apporte de bonnes vibrations \u00e0 ta saison effrayante avec ce livre de coloriage trippy stoner ! Parfait pour les adultes qui adorent Halloween, ce m\u00e9lange associe des \u00e9l\u00e9ments d&rsquo;horreur d\u00e9cal\u00e9s \u00e0 des motifs ludiques inspir\u00e9s de la weed. Des citrouilles, des fant\u00f4mes, des cr\u00e2nes et d&rsquo;autres personnages inqui\u00e9tants prennent vie sur 25 pages uniques, t&rsquo;offrant<\/p>\n<div class=\"klb-readmore button\"><a class=\"btn link\" href=\"https:\/\/www.coloredcaramel.com\/fr\/produit\/livre-de-coloriage-dhalloween-stoner-citrouilles-hantees-et-fantomes-glaces\/\">Read More <i class=\"klbth-icon-right-arrow\"><\/i><\/a><\/div>\n","protected":false},"featured_media":16610,"template":"","meta":{"_acf_changed":false,"_glsr_average":0,"_glsr_ranking":0,"_glsr_reviews":0},"product_brand":[],"product_cat":[1508,1477],"product_tag":[],"class_list":{"0":"post-24367","1":"product","2":"type-product","3":"status-publish","4":"has-post-thumbnail","6":"product_cat-stoners","7":"product_cat-halloween","9":"first","10":"instock","11":"sale","12":"sold-individually","13":"shipping-taxable","14":"purchasable","15":"product-type-variable"},"bundled_by":[],"bundle_stock_status":"instock","bundle_stock_quantity":null,"bundle_virtual":false,"bundle_layout":"","bundle_add_to_cart_form_location":"","bundle_editable_in_cart":false,"bundle_sold_individually_context":"","bundle_item_grouping":"","bundle_min_size":"","bundle_max_size":"","bundle_price":[],"bundled_items":[],"bundle_sell_ids":[],"acf":[],"_links":{"self":[{"href":"https:\/\/www.coloredcaramel.com\/fr\/wp-json\/wp\/v2\/product\/24367","targetHints":{"allow":["GET"]}}],"collection":[{"href":"https:\/\/www.coloredcaramel.com\/fr\/wp-json\/wp\/v2\/product"}],"about":[{"href":"https:\/\/www.coloredcaramel.com\/fr\/wp-json\/wp\/v2\/types\/product"}],"wp:featuredmedia":[{"embeddable":true,"href":"https:\/\/www.coloredcaramel.com\/fr\/wp-json\/wp\/v2\/media\/16610"}],"wp:attachment":[{"href":"https:\/\/www.coloredcaramel.com\/fr\/wp-json\/wp\/v2\/media?parent=24367"}],"wp:term":[{"taxonomy":"product_brand","embeddable":true,"href":"https:\/\/www.coloredcaramel.com\/fr\/wp-json\/wp\/v2\/product_brand?post=24367"},{"taxonomy":"product_cat","embeddable":true,"href":"https:\/\/www.coloredcaramel.com\/fr\/wp-json\/wp\/v2\/product_cat?post=24367"},{"taxonomy":"product_tag","embeddable":true,"href":"https:\/\/www.coloredcaramel.com\/fr\/wp-json\/wp\/v2\/product_tag?post=24367"}],"curies":[{"name":"wp","href":"https:\/\/api.w.org\/{rel}","templated":true}]}}