{"id":23563,"date":"2025-09-25T12:09:35","date_gmt":"2025-09-25T12:09:35","guid":{"rendered":"https:\/\/www.coloredcaramel.com\/product\/livre-de-coloriage-girly-vibes-illustrations-audacieuses-faciles-et-mignonnes\/"},"modified":"2026-04-06T08:08:08","modified_gmt":"2026-04-06T08:08:08","slug":"livre-de-coloriage-girly-vibes-illustrations-audacieuses-faciles-et-mignonnes","status":"publish","type":"product","link":"https:\/\/www.coloredcaramel.com\/fr\/produit\/livre-de-coloriage-girly-vibes-illustrations-audacieuses-faciles-et-mignonnes\/","title":{"rendered":"Livre de coloriage Girly Vibes : Illustrations audacieuses, faciles et mignonnes"},"content":{"rendered":"<p><span style=\"font-family: 'comic sans ms', sans-serif;\">Tu aimes colorier des pages de coloriage mignonnes, girly, douillettes et faciles ?<\/span><br \/>\n<span style=\"font-family: 'comic sans ms', sans-serif;\">Alors tu vas certainement adorer celui-ci !<\/span><\/p>\n<p><span style=\"font-family: 'comic sans ms', sans-serif;\">Nous n&rsquo;aimons pas seulement ce livre de coloriage, nous en sommes obs\u00e9d\u00e9s !<\/span><br \/>\n<span style=\"font-family: 'comic sans ms', sans-serif;\">&#8211; Il est rempli d&rsquo;illustrations super mignonnes, audacieuses et faciles \u00e0 r\u00e9aliser.<\/span><br \/>\n<span style=\"font-family: 'comic sans ms', sans-serif;\">&#8211; Comprend des pages adorables qui sont parfaites pour le coloriage entre copains !<\/span><br \/>\n<span style=\"font-family: 'comic sans ms', sans-serif;\">&#8211; Un PDF complet avec 55 dessins uniques &#8211; pas de r\u00e9p\u00e9tition !<\/span><br \/>\n<span style=\"font-family: 'comic sans ms', sans-serif;\">&#8211; La taille de la page est de 8,5 x 8,5 pouces &#8211; il est pr\u00e9f\u00e9rable d&rsquo;imprimer sur du papier 8,5 x 11 pouces ou A4.<\/span><br \/>\n<span style=\"font-family: 'comic sans ms', sans-serif;\">&#8211; Parfait pour les adultes et les adolescents.<\/span><br \/>\n<span style=\"font-family: 'comic sans ms', sans-serif;\">&#8211; D\u00e9tends-toi !<\/span><br \/>\n<span style=\"font-family: 'comic sans ms', sans-serif;\">&#8211; Un beau cadeau.<\/span><\/p>\n<p><span style=\"font-family: 'comic sans ms', sans-serif;\">**IMPORTANT**<\/span><br \/>\n<span style=\"font-family: 'comic sans ms', sans-serif;\">&#8211; Il s&rsquo;agit d&rsquo;un livre \u00e9lectronique t\u00e9l\u00e9chargeable que tu peux imprimer chez toi &#8211; aucune copie physique ne sera post\u00e9e.<\/span><br \/>\n<span style=\"font-family: 'comic sans ms', sans-serif;\">&#8211; Il n&rsquo;y a pas de filigrane sur les fichiers t\u00e9l\u00e9chargeables.<\/span><br \/>\n<span style=\"font-family: 'comic sans ms', sans-serif;\">&#8211; Utilisation PERSONNELLE\/PRIV\u00c9E SEULEMENT ! Aucune utilisation commerciale n&rsquo;est autoris\u00e9e. <\/span><br \/>\n<span style=\"font-family: 'comic sans ms', sans-serif;\">&#8211; Le livre est prot\u00e9g\u00e9 par des droits d&rsquo;auteur et il est interdit de le produire en masse ou de le revendre.<\/span><\/p>\n<p><span style=\"font-family: 'comic sans ms', sans-serif;\">Commande ce joli LIVRE DE COLORAGE pour t&rsquo;amuser et te lib\u00e9rer du stress !<\/span><\/p>\n<p><span style=\"font-family: 'comic sans ms', sans-serif;\">Si tu as des questions, envoie-nous un message \ud83d\ude42<\/span><\/p>\n","protected":false},"excerpt":{"rendered":"<p>Tu aimes colorier des pages de coloriage mignonnes, girly, douillettes et faciles ? Alors tu vas certainement adorer celui-ci ! Nous n&rsquo;aimons pas seulement ce livre de coloriage, nous en sommes obs\u00e9d\u00e9s ! &#8211; Il est rempli d&rsquo;illustrations super mignonnes, audacieuses et faciles \u00e0 r\u00e9aliser. &#8211; Comprend des pages adorables qui sont parfaites pour le<\/p>\n<div class=\"klb-readmore button\"><a class=\"btn link\" href=\"https:\/\/www.coloredcaramel.com\/fr\/produit\/livre-de-coloriage-girly-vibes-illustrations-audacieuses-faciles-et-mignonnes\/\">Read More <i class=\"klbth-icon-right-arrow\"><\/i><\/a><\/div>\n","protected":false},"featured_media":23574,"template":"","meta":{"_acf_changed":false,"_glsr_average":0,"_glsr_ranking":0,"_glsr_reviews":0},"product_brand":[],"product_cat":[1446,1467,1400],"product_tag":[],"class_list":{"0":"post-23563","1":"product","2":"type-product","3":"status-publish","4":"has-post-thumbnail","6":"product_cat-detente","7":"product_cat-la-pleine-conscience","8":"product_cat-livres-de-coloriage","10":"first","11":"instock","12":"sold-individually","13":"shipping-taxable","14":"purchasable","15":"product-type-variable"},"bundled_by":[],"bundle_stock_status":"instock","bundle_stock_quantity":null,"bundle_virtual":false,"bundle_layout":"","bundle_add_to_cart_form_location":"","bundle_editable_in_cart":false,"bundle_sold_individually_context":"","bundle_item_grouping":"","bundle_min_size":"","bundle_max_size":"","bundle_price":[],"bundled_items":[],"bundle_sell_ids":[],"acf":[],"_links":{"self":[{"href":"https:\/\/www.coloredcaramel.com\/fr\/wp-json\/wp\/v2\/product\/23563","targetHints":{"allow":["GET"]}}],"collection":[{"href":"https:\/\/www.coloredcaramel.com\/fr\/wp-json\/wp\/v2\/product"}],"about":[{"href":"https:\/\/www.coloredcaramel.com\/fr\/wp-json\/wp\/v2\/types\/product"}],"wp:featuredmedia":[{"embeddable":true,"href":"https:\/\/www.coloredcaramel.com\/fr\/wp-json\/wp\/v2\/media\/23574"}],"wp:attachment":[{"href":"https:\/\/www.coloredcaramel.com\/fr\/wp-json\/wp\/v2\/media?parent=23563"}],"wp:term":[{"taxonomy":"product_brand","embeddable":true,"href":"https:\/\/www.coloredcaramel.com\/fr\/wp-json\/wp\/v2\/product_brand?post=23563"},{"taxonomy":"product_cat","embeddable":true,"href":"https:\/\/www.coloredcaramel.com\/fr\/wp-json\/wp\/v2\/product_cat?post=23563"},{"taxonomy":"product_tag","embeddable":true,"href":"https:\/\/www.coloredcaramel.com\/fr\/wp-json\/wp\/v2\/product_tag?post=23563"}],"curies":[{"name":"wp","href":"https:\/\/api.w.org\/{rel}","templated":true}]}}